{"id":5287,"date":"2022-04-25T14:10:19","date_gmt":"2022-04-25T12:10:19","guid":{"rendered":"https:\/\/martegaou.eldapps.com\/mentions-legales\/"},"modified":"2022-10-11T16:33:39","modified_gmt":"2022-10-11T14:33:39","slug":"vermeldingen","status":"publish","type":"page","link":"https:\/\/martegaou.eldapps.com\/nl\/vermeldingen\/","title":{"rendered":"Mentions l\u00e9gales"},"content":{"rendered":"<section id=\"ls-section-block_621cee06062a8\" class=\"ls-section  page-one m-b-0 has-p-t p-t-10\" >\r\n        <div class=\"container container--wide\">\r\n        \n\n<h1 class=\"ls__heading has-text-align-center wp-block-heading\">Wettelijke informatie<\/h1>\n\n\r\n    <\/div>\r\n<\/section>\n\n<section id=\"ls-section-block_6229db2645d2a\" class=\"ls-section  page-two has-background has-color-3-background-color\" >\r\n        <div class=\"container \">\r\n        \n\n<div class=\"wp-block-columns has-color-white-color has-text-color is-layout-flex wp-container-core-columns-is-layout-9d6595d7 wp-block-columns-is-layout-flex\">\n<div class=\"wp-block-column is-vertically-aligned-center is-layout-flow wp-block-column-is-layout-flow\">\n<h2 class=\"ls__heading has-color-black-color has-text-color wp-block-heading\" id=\"editeur-du-site\"><mark style=\"background-color:rgba(0, 0, 0, 0)\" class=\"has-inline-color has-color-black-color\">SITE EDITOR<\/mark><\/h2>\n\n\n\n<p class=\"ls-paragraph\">Sodistour<\/p>\n\n\n\n<p class=\"ls-paragraph\">Adres : 10 rue du Faubourg Montmartre 75009 Paris<\/p>\n\n\n\n<p class=\"ls-paragraph\">AGENCE TOURISTRA VACANCES LYON<br>Tel : 04 72 41 75 31<br><br>TOURISTRA VACANCES EST<br>T\u00e9l. : 03 87 71 66 10<\/p>\n\n\n\n<p class=\"ls-paragraph\">Fax : 01 44 83 43 74&nbsp;<\/p>\n\n\n\n<p class=\"ls-paragraph\">E-mail : contact@touristravacances.com<\/p>\n\n\n\n<p class=\"ls-paragraph\">SIRET : 33823489100327<\/p>\n\n\n\n<p class=\"ls-paragraph\">Tva Intracommunautair : FR04338234891<\/p>\n\n\n\n<p class=\"ls-paragraph\">Verantwoordelijk voor publicatie : M Pierre TOUCHET<\/p>\n\n\n\n<h2 class=\"ls-heading wp-block-heading\" id=\"realisation\"><mark style=\"background-color:rgba(0, 0, 0, 0)\" class=\"has-inline-color has-color-black-color\">REALISATIE<\/mark><\/h2>\n\n\n\n<p class=\"ls-paragraph\">GEEK TONIC <br>Repr\u00e9sent\u00e9e par M. Yohan Darmayan en sa qualit\u00e9 de G\u00e9rant<br>Si\u00e8ge social : 1 All\u00e9e Pierre Lat\u00e9co\u00e8re, 64200 Biarritz<br>T\u00e9l : 05 32 74 11 52 <br>E-mail : support@geek-tonic.com <br>Site web : <a href=\"https:\/\/www.geek-tonic.com\" target=\"_blank\" rel=\"noreferrer noopener\">www.geek-tonic.com<\/a> <br>SIRET : 89746755100015 APE : 6201Z<\/p>\n\n\n\n<h2 class=\"ls-heading wp-block-heading\" id=\"droits-d-auteur-et-copyright\"><mark style=\"background-color:rgba(0, 0, 0, 0)\" class=\"has-inline-color has-color-black-color\">AUTEURSRECHT EN AUTEURSCHAP<\/mark><\/h2>\n\n\n\n<p class=\"ls-paragraph\">Het geheel van de inhoud van deze site hangt af van de royalty&#8217;s zoals op het intellectuele eigendom van de Franse wetgeving Elke reproductie (met inbegrip van de foto&#8217;s, de pictogrammen en de downloadbare documenten) is verboden zonder voorafgaande toestemming van GEEKTONIC. De reproductie op een elektronische drager van het geheel of een gedeelte van de site op papier of in elektronische vorm is verboden. GeekTonic wijst elke verantwoordelijkheid voor de inhoud van de website af. Geektonic wijst ook elke verantwoordelijkheid af voor externe links naar deze site.<\/p>\n\n\n\n<h2 class=\"ls-heading wp-block-heading\" id=\"donnees-personnelles-et-informations-nominatives\"><mark style=\"background-color:rgba(0, 0, 0, 0)\" class=\"has-inline-color has-color-black-color\">PERSOONSGEGEVENS EN NOMINATIEVE INFORMATIE<\/mark><\/h2>\n\n\n\n<p class=\"ls-paragraph\">U hebt recht op toegang tot, wijziging, rechtzetting en verwijdering van de gegevens die u betreffen, overeenkomstig artikel 34 van de Franse wet op de bescherming van persoonsgegevens (Loi &#8221; Informatique et Libert\u00e9s &#8221; n\u00b0 78-17 van 6 januari 1978, gewijzigd op 6 augustus 2018). Om dit recht op toegang uit te oefenen, kunt u een schriftelijk verzoek richten aan de redacteur van de site.<\/p>\n\n\n\n<h2 class=\"ls-heading wp-block-heading\" id=\"legislation\"><mark style=\"background-color:rgba(0, 0, 0, 0)\" class=\"has-inline-color has-color-black-color\">WETGEVING<\/mark><\/h2>\n\n\n\n<p class=\"ls-paragraph\">Volgens de wet van 11 maart 1957 (art. 41) en het wetboek van intellectuele eigendom van 1 juli 1992 is het verboden delen van de site, geheel of gedeeltelijk, te reproduceren zonder voorafgaande toestemming van de uitgever van de site. Logo&#8217;s, beeldmateriaal, foto&#8217;s, video&#8217;s, grafische kaarten en teksten zijn eigendom van hun respectieve eigenaars. Deze site kan, zonder dat zij daarvan op de hoogte is, door middel van hypermedia-links met andere sites zijn verbonden. De redacteur van deze site wijst alle verantwoordelijkheid af voor de informatie die op deze andere sites wordt gepresenteerd. De internetgebruiker erkent dat het gebruik van deze site valt onder het Franse recht.<\/p>\n<\/div>\n<\/div>\n\n\r\n    <\/div>\r\n<\/section>","protected":false},"excerpt":{"rendered":"","protected":false},"author":1,"featured_media":7654,"parent":0,"menu_order":0,"comment_status":"closed","ping_status":"closed","template":"","meta":{"_acf_changed":false,"footnotes":""},"sujet":[],"class_list":["post-5287","page","type-page","status-publish","has-post-thumbnail","hentry"],"acf":[],"yoast_head":"<!-- This site is optimized with the Yoast SEO plugin v26.7 - https:\/\/yoast.com\/wordpress\/plugins\/seo\/ -->\n<title>Wettelijke informatie | Ctoncamping<\/title>\n<meta name=\"robots\" content=\"noindex, nofollow\" \/>\n<meta property=\"og:locale\" content=\"nl_NL\" \/>\n<meta property=\"og:type\" content=\"article\" \/>\n<meta property=\"og:title\" content=\"Wettelijke informatie | Ctoncamping\" \/>\n<meta property=\"og:url\" content=\"https:\/\/martegaou.eldapps.com\/nl\/vermeldingen\/\" \/>\n<meta property=\"og:site_name\" content=\"Martegaou\" \/>\n<meta property=\"article:modified_time\" content=\"2022-10-11T14:33:39+00:00\" \/>\n<meta property=\"og:image\" content=\"https:\/\/martegaou.eldapps.com\/wp-content\/uploads\/2022\/06\/camping-ctoncamping.jpg\" \/>\n\t<meta property=\"og:image:width\" content=\"1901\" \/>\n\t<meta property=\"og:image:height\" content=\"550\" \/>\n\t<meta property=\"og:image:type\" content=\"image\/jpeg\" \/>\n<meta name=\"twitter:card\" content=\"summary_large_image\" \/>\n<meta name=\"twitter:label1\" content=\"Geschatte leestijd\" \/>\n\t<meta name=\"twitter:data1\" content=\"2 minuten\" \/>\n<script type=\"application\/ld+json\" class=\"yoast-schema-graph\">{\"@context\":\"https:\/\/schema.org\",\"@graph\":[{\"@type\":\"WebPage\",\"@id\":\"https:\/\/martegaou.eldapps.com\/nl\/vermeldingen\/\",\"url\":\"https:\/\/martegaou.eldapps.com\/nl\/vermeldingen\/\",\"name\":\"Wettelijke informatie | Ctoncamping\",\"isPartOf\":{\"@id\":\"https:\/\/martegaou.eldapps.com\/#website\"},\"primaryImageOfPage\":{\"@id\":\"https:\/\/martegaou.eldapps.com\/nl\/vermeldingen\/#primaryimage\"},\"image\":{\"@id\":\"https:\/\/martegaou.eldapps.com\/nl\/vermeldingen\/#primaryimage\"},\"thumbnailUrl\":\"https:\/\/martegaou.eldapps.com\/wp-content\/uploads\/2022\/06\/camping-ctoncamping.jpg\",\"datePublished\":\"2022-04-25T12:10:19+00:00\",\"dateModified\":\"2022-10-11T14:33:39+00:00\",\"breadcrumb\":{\"@id\":\"https:\/\/martegaou.eldapps.com\/nl\/vermeldingen\/#breadcrumb\"},\"inLanguage\":\"nl-NL\",\"potentialAction\":[{\"@type\":\"ReadAction\",\"target\":[\"https:\/\/martegaou.eldapps.com\/nl\/vermeldingen\/\"]}]},{\"@type\":\"ImageObject\",\"inLanguage\":\"nl-NL\",\"@id\":\"https:\/\/martegaou.eldapps.com\/nl\/vermeldingen\/#primaryimage\",\"url\":\"https:\/\/martegaou.eldapps.com\/wp-content\/uploads\/2022\/06\/camping-ctoncamping.jpg\",\"contentUrl\":\"https:\/\/martegaou.eldapps.com\/wp-content\/uploads\/2022\/06\/camping-ctoncamping.jpg\",\"width\":1901,\"height\":550,\"caption\":\"camping ctoncamping\"},{\"@type\":\"BreadcrumbList\",\"@id\":\"https:\/\/martegaou.eldapps.com\/nl\/vermeldingen\/#breadcrumb\",\"itemListElement\":[{\"@type\":\"ListItem\",\"position\":1,\"name\":\"Camping Bouches-du-Rh\u00f4ne\",\"item\":\"https:\/\/martegaou.eldapps.com\/nl\/\"},{\"@type\":\"ListItem\",\"position\":2,\"name\":\"Wettelijke informatie\"}]},{\"@type\":\"WebSite\",\"@id\":\"https:\/\/martegaou.eldapps.com\/#website\",\"url\":\"https:\/\/martegaou.eldapps.com\/\",\"name\":\"Martegaou\",\"description\":\"\",\"publisher\":{\"@id\":\"https:\/\/martegaou.eldapps.com\/#organization\"},\"potentialAction\":[{\"@type\":\"SearchAction\",\"target\":{\"@type\":\"EntryPoint\",\"urlTemplate\":\"https:\/\/martegaou.eldapps.com\/?s={search_term_string}\"},\"query-input\":{\"@type\":\"PropertyValueSpecification\",\"valueRequired\":true,\"valueName\":\"search_term_string\"}}],\"inLanguage\":\"nl-NL\"},{\"@type\":\"Organization\",\"@id\":\"https:\/\/martegaou.eldapps.com\/#organization\",\"name\":\"Ctoncamping\",\"url\":\"https:\/\/martegaou.eldapps.com\/\",\"logo\":{\"@type\":\"ImageObject\",\"inLanguage\":\"nl-NL\",\"@id\":\"https:\/\/martegaou.eldapps.com\/#\/schema\/logo\/image\/\",\"url\":\"https:\/\/martegaou.eldapps.com\/wp-content\/uploads\/2022\/03\/logo-alt-ctoncamping.png\",\"contentUrl\":\"https:\/\/martegaou.eldapps.com\/wp-content\/uploads\/2022\/03\/logo-alt-ctoncamping.png\",\"width\":402,\"height\":72,\"caption\":\"Ctoncamping\"},\"image\":{\"@id\":\"https:\/\/martegaou.eldapps.com\/#\/schema\/logo\/image\/\"}}]}<\/script>\n<!-- \/ Yoast SEO plugin. -->","yoast_head_json":{"title":"Wettelijke informatie | Ctoncamping","robots":{"index":"noindex","follow":"nofollow"},"og_locale":"nl_NL","og_type":"article","og_title":"Wettelijke informatie | Ctoncamping","og_url":"https:\/\/martegaou.eldapps.com\/nl\/vermeldingen\/","og_site_name":"Martegaou","article_modified_time":"2022-10-11T14:33:39+00:00","og_image":[{"width":1901,"height":550,"url":"https:\/\/martegaou.eldapps.com\/wp-content\/uploads\/2022\/06\/camping-ctoncamping.jpg","type":"image\/jpeg"}],"twitter_card":"summary_large_image","twitter_misc":{"Geschatte leestijd":"2 minuten"},"schema":{"@context":"https:\/\/schema.org","@graph":[{"@type":"WebPage","@id":"https:\/\/martegaou.eldapps.com\/nl\/vermeldingen\/","url":"https:\/\/martegaou.eldapps.com\/nl\/vermeldingen\/","name":"Wettelijke informatie | Ctoncamping","isPartOf":{"@id":"https:\/\/martegaou.eldapps.com\/#website"},"primaryImageOfPage":{"@id":"https:\/\/martegaou.eldapps.com\/nl\/vermeldingen\/#primaryimage"},"image":{"@id":"https:\/\/martegaou.eldapps.com\/nl\/vermeldingen\/#primaryimage"},"thumbnailUrl":"https:\/\/martegaou.eldapps.com\/wp-content\/uploads\/2022\/06\/camping-ctoncamping.jpg","datePublished":"2022-04-25T12:10:19+00:00","dateModified":"2022-10-11T14:33:39+00:00","breadcrumb":{"@id":"https:\/\/martegaou.eldapps.com\/nl\/vermeldingen\/#breadcrumb"},"inLanguage":"nl-NL","potentialAction":[{"@type":"ReadAction","target":["https:\/\/martegaou.eldapps.com\/nl\/vermeldingen\/"]}]},{"@type":"ImageObject","inLanguage":"nl-NL","@id":"https:\/\/martegaou.eldapps.com\/nl\/vermeldingen\/#primaryimage","url":"https:\/\/martegaou.eldapps.com\/wp-content\/uploads\/2022\/06\/camping-ctoncamping.jpg","contentUrl":"https:\/\/martegaou.eldapps.com\/wp-content\/uploads\/2022\/06\/camping-ctoncamping.jpg","width":1901,"height":550,"caption":"camping ctoncamping"},{"@type":"BreadcrumbList","@id":"https:\/\/martegaou.eldapps.com\/nl\/vermeldingen\/#breadcrumb","itemListElement":[{"@type":"ListItem","position":1,"name":"Camping Bouches-du-Rh\u00f4ne","item":"https:\/\/martegaou.eldapps.com\/nl\/"},{"@type":"ListItem","position":2,"name":"Wettelijke informatie"}]},{"@type":"WebSite","@id":"https:\/\/martegaou.eldapps.com\/#website","url":"https:\/\/martegaou.eldapps.com\/","name":"Martegaou","description":"","publisher":{"@id":"https:\/\/martegaou.eldapps.com\/#organization"},"potentialAction":[{"@type":"SearchAction","target":{"@type":"EntryPoint","urlTemplate":"https:\/\/martegaou.eldapps.com\/?s={search_term_string}"},"query-input":{"@type":"PropertyValueSpecification","valueRequired":true,"valueName":"search_term_string"}}],"inLanguage":"nl-NL"},{"@type":"Organization","@id":"https:\/\/martegaou.eldapps.com\/#organization","name":"Ctoncamping","url":"https:\/\/martegaou.eldapps.com\/","logo":{"@type":"ImageObject","inLanguage":"nl-NL","@id":"https:\/\/martegaou.eldapps.com\/#\/schema\/logo\/image\/","url":"https:\/\/martegaou.eldapps.com\/wp-content\/uploads\/2022\/03\/logo-alt-ctoncamping.png","contentUrl":"https:\/\/martegaou.eldapps.com\/wp-content\/uploads\/2022\/03\/logo-alt-ctoncamping.png","width":402,"height":72,"caption":"Ctoncamping"},"image":{"@id":"https:\/\/martegaou.eldapps.com\/#\/schema\/logo\/image\/"}}]}},"_links":{"self":[{"href":"https:\/\/martegaou.eldapps.com\/nl\/wp-json\/wp\/v2\/pages\/5287","targetHints":{"allow":["GET"]}}],"collection":[{"href":"https:\/\/martegaou.eldapps.com\/nl\/wp-json\/wp\/v2\/pages"}],"about":[{"href":"https:\/\/martegaou.eldapps.com\/nl\/wp-json\/wp\/v2\/types\/page"}],"author":[{"embeddable":true,"href":"https:\/\/martegaou.eldapps.com\/nl\/wp-json\/wp\/v2\/users\/1"}],"replies":[{"embeddable":true,"href":"https:\/\/martegaou.eldapps.com\/nl\/wp-json\/wp\/v2\/comments?post=5287"}],"version-history":[{"count":0,"href":"https:\/\/martegaou.eldapps.com\/nl\/wp-json\/wp\/v2\/pages\/5287\/revisions"}],"wp:featuredmedia":[{"embeddable":true,"href":"https:\/\/martegaou.eldapps.com\/nl\/wp-json\/wp\/v2\/media\/7654"}],"wp:attachment":[{"href":"https:\/\/martegaou.eldapps.com\/nl\/wp-json\/wp\/v2\/media?parent=5287"}],"wp:term":[{"taxonomy":"sujet","embeddable":true,"href":"https:\/\/martegaou.eldapps.com\/nl\/wp-json\/wp\/v2\/sujet?post=5287"}],"curies":[{"name":"wp","href":"https:\/\/api.w.org\/{rel}","templated":true}]}}