{"id":7004,"date":"2022-04-25T14:10:19","date_gmt":"2022-04-25T12:10:19","guid":{"rendered":"https:\/\/martegaou.eldapps.com\/mentions-legales\/"},"modified":"2022-10-11T16:31:34","modified_gmt":"2022-10-11T14:31:34","slug":"avvisi-legali","status":"publish","type":"page","link":"https:\/\/martegaou.eldapps.com\/it\/avvisi-legali\/","title":{"rendered":"Mentions l\u00e9gales"},"content":{"rendered":"<section id=\"ls-section-block_621cee06062a8\" class=\"ls-section  page-one m-b-0 has-p-t p-t-10\" >\r\n        <div class=\"container container--wide\">\r\n        \n\n<h1 class=\"ls__heading has-text-align-center wp-block-heading\">Informazioni legali<\/h1>\n\n\r\n    <\/div>\r\n<\/section>\n\n<section id=\"ls-section-block_6229db2645d2a\" class=\"ls-section  page-two has-background has-color-3-background-color\" >\r\n        <div class=\"container \">\r\n        \n\n<div class=\"wp-block-columns has-color-white-color has-text-color is-layout-flex wp-container-core-columns-is-layout-9d6595d7 wp-block-columns-is-layout-flex\">\n<div class=\"wp-block-column is-vertically-aligned-center is-layout-flow wp-block-column-is-layout-flow\">\n<h2 class=\"ls__heading has-color-black-color has-text-color wp-block-heading\" id=\"editeur-du-site\"><mark style=\"background-color:rgba(0, 0, 0, 0)\" class=\"has-inline-color has-color-black-color\">REDATTORE DEL SITO<\/mark><\/h2>\n\n\n\n<p class=\"ls-paragraph\">Sodistour<\/p>\n\n\n\n<p class=\"ls-paragraph\">Indirizzo : 10 rue du Faubourg Montmartre 75009 Paris<\/p>\n\n\n\n<p class=\"ls-paragraph\">AGENCE TOURISTRA VACANCES LYON<br>Tel : 04 72 41 75 31<br><br>TOURISTRA VACANCES EST<br>T\u00e9l. : 03 87 71 66 10<\/p>\n\n\n\n<p class=\"ls-paragraph\">Fax : 01 44 83 43 74&nbsp;<\/p>\n\n\n\n<p class=\"ls-paragraph\">E-mail : contact@touristravacances.com<\/p>\n\n\n\n<p class=\"ls-paragraph\">SIRET : 33823489100327<\/p>\n\n\n\n<p class=\"ls-paragraph\">Tva Intracomunitario : FR04338234891<\/p>\n\n\n\n<p class=\"ls-paragraph\">Responsabile della pubblicazione : M Pierre TOUCHET<\/p>\n\n\n\n<h2 class=\"ls-heading wp-block-heading\" id=\"realisation\"><mark style=\"background-color:rgba(0, 0, 0, 0)\" class=\"has-inline-color has-color-black-color\">REALIZZAZIONE<\/mark><\/h2>\n\n\n\n<p class=\"ls-paragraph\">GEEK TONIC <br>Repr\u00e9sent\u00e9e par M. Yohan Darmayan en sa qualit\u00e9 de G\u00e9rant<br>Si\u00e8ge social : 1 All\u00e9e Pierre Lat\u00e9co\u00e8re, 64200 Biarritz<br>T\u00e9l : 05 32 74 11 52 <br>E-mail : support@geek-tonic.com <br>Site web : <a href=\"https:\/\/www.geek-tonic.com\" target=\"_blank\" rel=\"noreferrer noopener\">www.geek-tonic.com<\/a> <br>SIRET : 89746755100015 APE : 6201Z<\/p>\n\n\n\n<h2 class=\"ls-heading wp-block-heading\" id=\"droits-d-auteur-et-copyright\"><mark style=\"background-color:rgba(0, 0, 0, 0)\" class=\"has-inline-color has-color-black-color\">COPYRIGHT E PATERNIT\u00c0<\/mark><\/h2>\n\n\n\n<p class=\"ls-paragraph\">L&#8217;insieme dei contenuti di questo sito dipende dai diritti d&#8217;autore come dalla propriet\u00e0 intellettuale della legislazione francese Qualsiasi riproduzione (comprese le fotografie, le icone e i documenti scaricabili) \u00e8 vietata senza l&#8217;accordo preliminare di GEEKTONIC. \u00c8 vietata la riproduzione su supporto elettronico di tutto o parte del sito in formato cartaceo o elettronico. GeekTonic declina ogni responsabilit\u00e0 per il contenuto del sito web. Geektonic declina inoltre ogni responsabilit\u00e0 per i collegamenti esterni a questo sito.<\/p>\n\n\n\n<h2 class=\"ls-heading wp-block-heading\" id=\"donnees-personnelles-et-informations-nominatives\"><mark style=\"background-color:rgba(0, 0, 0, 0)\" class=\"has-inline-color has-color-black-color\">DATI PERSONALI E INFORMAZIONI NOMINATIVE<\/mark><\/h2>\n\n\n\n<p class=\"ls-paragraph\">Avete il diritto di accedere, modificare, rettificare e cancellare i dati che vi riguardano ai sensi dell&#8217;articolo 34 della legge francese sulla protezione dei dati (Loi &#8221; Informatique et Libert\u00e9s &#8221; n\u00b0 78-17 del 6 gennaio 1978, modificata il 6 agosto 2004). Per esercitare questo diritto di accesso, \u00e8 possibile presentare una richiesta scritta all&#8217;editore del sito.<\/p>\n\n\n\n<h2 class=\"ls-heading wp-block-heading\" id=\"legislation\"><mark style=\"background-color:rgba(0, 0, 0, 0)\" class=\"has-inline-color has-color-black-color\">LEGISLAZIONE<\/mark><\/h2>\n\n\n\n<p class=\"ls-paragraph\">Ai sensi della legge dell&#8217;11 marzo 1957 (art. 41) e del codice della propriet\u00e0 intellettuale del 1\u00b0 luglio 1992, \u00e8 vietata la riproduzione totale o parziale del sito senza la preventiva autorizzazione dell&#8217;editore del sito. Loghi, immagini, foto, video, grafici e testi sono di propriet\u00e0 dei rispettivi titolari. Questo sito pu\u00f2 essere collegato, a sua insaputa, ad altri siti mediante link ipermediali. L&#8217;editore del sito declina ogni responsabilit\u00e0 per le informazioni presentate in questi siti. L&#8217;utente di Internet riconosce che l&#8217;uso di questo sito \u00e8 regolato dalla legge francese.<\/p>\n<\/div>\n<\/div>\n\n\r\n    <\/div>\r\n<\/section>","protected":false},"excerpt":{"rendered":"","protected":false},"author":1,"featured_media":7657,"parent":0,"menu_order":0,"comment_status":"closed","ping_status":"closed","template":"","meta":{"_acf_changed":false,"footnotes":""},"sujet":[],"class_list":["post-7004","page","type-page","status-publish","has-post-thumbnail","hentry"],"acf":[],"yoast_head":"<!-- This site is optimized with the Yoast SEO plugin v26.7 - https:\/\/yoast.com\/wordpress\/plugins\/seo\/ -->\n<title>Informazioni legali | Ctoncamping<\/title>\n<meta name=\"robots\" content=\"noindex, nofollow\" \/>\n<meta property=\"og:locale\" content=\"it_IT\" \/>\n<meta property=\"og:type\" content=\"article\" \/>\n<meta property=\"og:title\" content=\"Informazioni legali | Ctoncamping\" \/>\n<meta property=\"og:url\" content=\"https:\/\/martegaou.eldapps.com\/it\/avvisi-legali\/\" \/>\n<meta property=\"og:site_name\" content=\"Martegaou\" \/>\n<meta property=\"article:modified_time\" content=\"2022-10-11T14:31:34+00:00\" \/>\n<meta property=\"og:image\" content=\"https:\/\/martegaou.eldapps.com\/wp-content\/uploads\/2022\/06\/camping-ctoncamping.jpg\" \/>\n\t<meta property=\"og:image:width\" content=\"1901\" \/>\n\t<meta property=\"og:image:height\" content=\"550\" \/>\n\t<meta property=\"og:image:type\" content=\"image\/jpeg\" \/>\n<meta name=\"twitter:card\" content=\"summary_large_image\" \/>\n<meta name=\"twitter:label1\" content=\"Tempo di lettura stimato\" \/>\n\t<meta name=\"twitter:data1\" content=\"2 minuti\" \/>\n<script type=\"application\/ld+json\" class=\"yoast-schema-graph\">{\"@context\":\"https:\/\/schema.org\",\"@graph\":[{\"@type\":\"WebPage\",\"@id\":\"https:\/\/martegaou.eldapps.com\/it\/avvisi-legali\/\",\"url\":\"https:\/\/martegaou.eldapps.com\/it\/avvisi-legali\/\",\"name\":\"Informazioni legali | Ctoncamping\",\"isPartOf\":{\"@id\":\"https:\/\/martegaou.eldapps.com\/#website\"},\"primaryImageOfPage\":{\"@id\":\"https:\/\/martegaou.eldapps.com\/it\/avvisi-legali\/#primaryimage\"},\"image\":{\"@id\":\"https:\/\/martegaou.eldapps.com\/it\/avvisi-legali\/#primaryimage\"},\"thumbnailUrl\":\"https:\/\/martegaou.eldapps.com\/wp-content\/uploads\/2022\/06\/camping-ctoncamping.jpg\",\"datePublished\":\"2022-04-25T12:10:19+00:00\",\"dateModified\":\"2022-10-11T14:31:34+00:00\",\"breadcrumb\":{\"@id\":\"https:\/\/martegaou.eldapps.com\/it\/avvisi-legali\/#breadcrumb\"},\"inLanguage\":\"it-IT\",\"potentialAction\":[{\"@type\":\"ReadAction\",\"target\":[\"https:\/\/martegaou.eldapps.com\/it\/avvisi-legali\/\"]}]},{\"@type\":\"ImageObject\",\"inLanguage\":\"it-IT\",\"@id\":\"https:\/\/martegaou.eldapps.com\/it\/avvisi-legali\/#primaryimage\",\"url\":\"https:\/\/martegaou.eldapps.com\/wp-content\/uploads\/2022\/06\/camping-ctoncamping.jpg\",\"contentUrl\":\"https:\/\/martegaou.eldapps.com\/wp-content\/uploads\/2022\/06\/camping-ctoncamping.jpg\",\"width\":1901,\"height\":550,\"caption\":\"camping ctoncamping\"},{\"@type\":\"BreadcrumbList\",\"@id\":\"https:\/\/martegaou.eldapps.com\/it\/avvisi-legali\/#breadcrumb\",\"itemListElement\":[{\"@type\":\"ListItem\",\"position\":1,\"name\":\"Camping Bouches-du-Rh\u00f4ne\",\"item\":\"https:\/\/martegaou.eldapps.com\/it\/\"},{\"@type\":\"ListItem\",\"position\":2,\"name\":\"Informazioni legali\"}]},{\"@type\":\"WebSite\",\"@id\":\"https:\/\/martegaou.eldapps.com\/#website\",\"url\":\"https:\/\/martegaou.eldapps.com\/\",\"name\":\"Martegaou\",\"description\":\"\",\"publisher\":{\"@id\":\"https:\/\/martegaou.eldapps.com\/#organization\"},\"potentialAction\":[{\"@type\":\"SearchAction\",\"target\":{\"@type\":\"EntryPoint\",\"urlTemplate\":\"https:\/\/martegaou.eldapps.com\/?s={search_term_string}\"},\"query-input\":{\"@type\":\"PropertyValueSpecification\",\"valueRequired\":true,\"valueName\":\"search_term_string\"}}],\"inLanguage\":\"it-IT\"},{\"@type\":\"Organization\",\"@id\":\"https:\/\/martegaou.eldapps.com\/#organization\",\"name\":\"Ctoncamping\",\"url\":\"https:\/\/martegaou.eldapps.com\/\",\"logo\":{\"@type\":\"ImageObject\",\"inLanguage\":\"it-IT\",\"@id\":\"https:\/\/martegaou.eldapps.com\/#\/schema\/logo\/image\/\",\"url\":\"https:\/\/martegaou.eldapps.com\/wp-content\/uploads\/2022\/03\/logo-alt-ctoncamping.png\",\"contentUrl\":\"https:\/\/martegaou.eldapps.com\/wp-content\/uploads\/2022\/03\/logo-alt-ctoncamping.png\",\"width\":402,\"height\":72,\"caption\":\"Ctoncamping\"},\"image\":{\"@id\":\"https:\/\/martegaou.eldapps.com\/#\/schema\/logo\/image\/\"}}]}<\/script>\n<!-- \/ Yoast SEO plugin. -->","yoast_head_json":{"title":"Informazioni legali | Ctoncamping","robots":{"index":"noindex","follow":"nofollow"},"og_locale":"it_IT","og_type":"article","og_title":"Informazioni legali | Ctoncamping","og_url":"https:\/\/martegaou.eldapps.com\/it\/avvisi-legali\/","og_site_name":"Martegaou","article_modified_time":"2022-10-11T14:31:34+00:00","og_image":[{"width":1901,"height":550,"url":"https:\/\/martegaou.eldapps.com\/wp-content\/uploads\/2022\/06\/camping-ctoncamping.jpg","type":"image\/jpeg"}],"twitter_card":"summary_large_image","twitter_misc":{"Tempo di lettura stimato":"2 minuti"},"schema":{"@context":"https:\/\/schema.org","@graph":[{"@type":"WebPage","@id":"https:\/\/martegaou.eldapps.com\/it\/avvisi-legali\/","url":"https:\/\/martegaou.eldapps.com\/it\/avvisi-legali\/","name":"Informazioni legali | Ctoncamping","isPartOf":{"@id":"https:\/\/martegaou.eldapps.com\/#website"},"primaryImageOfPage":{"@id":"https:\/\/martegaou.eldapps.com\/it\/avvisi-legali\/#primaryimage"},"image":{"@id":"https:\/\/martegaou.eldapps.com\/it\/avvisi-legali\/#primaryimage"},"thumbnailUrl":"https:\/\/martegaou.eldapps.com\/wp-content\/uploads\/2022\/06\/camping-ctoncamping.jpg","datePublished":"2022-04-25T12:10:19+00:00","dateModified":"2022-10-11T14:31:34+00:00","breadcrumb":{"@id":"https:\/\/martegaou.eldapps.com\/it\/avvisi-legali\/#breadcrumb"},"inLanguage":"it-IT","potentialAction":[{"@type":"ReadAction","target":["https:\/\/martegaou.eldapps.com\/it\/avvisi-legali\/"]}]},{"@type":"ImageObject","inLanguage":"it-IT","@id":"https:\/\/martegaou.eldapps.com\/it\/avvisi-legali\/#primaryimage","url":"https:\/\/martegaou.eldapps.com\/wp-content\/uploads\/2022\/06\/camping-ctoncamping.jpg","contentUrl":"https:\/\/martegaou.eldapps.com\/wp-content\/uploads\/2022\/06\/camping-ctoncamping.jpg","width":1901,"height":550,"caption":"camping ctoncamping"},{"@type":"BreadcrumbList","@id":"https:\/\/martegaou.eldapps.com\/it\/avvisi-legali\/#breadcrumb","itemListElement":[{"@type":"ListItem","position":1,"name":"Camping Bouches-du-Rh\u00f4ne","item":"https:\/\/martegaou.eldapps.com\/it\/"},{"@type":"ListItem","position":2,"name":"Informazioni legali"}]},{"@type":"WebSite","@id":"https:\/\/martegaou.eldapps.com\/#website","url":"https:\/\/martegaou.eldapps.com\/","name":"Martegaou","description":"","publisher":{"@id":"https:\/\/martegaou.eldapps.com\/#organization"},"potentialAction":[{"@type":"SearchAction","target":{"@type":"EntryPoint","urlTemplate":"https:\/\/martegaou.eldapps.com\/?s={search_term_string}"},"query-input":{"@type":"PropertyValueSpecification","valueRequired":true,"valueName":"search_term_string"}}],"inLanguage":"it-IT"},{"@type":"Organization","@id":"https:\/\/martegaou.eldapps.com\/#organization","name":"Ctoncamping","url":"https:\/\/martegaou.eldapps.com\/","logo":{"@type":"ImageObject","inLanguage":"it-IT","@id":"https:\/\/martegaou.eldapps.com\/#\/schema\/logo\/image\/","url":"https:\/\/martegaou.eldapps.com\/wp-content\/uploads\/2022\/03\/logo-alt-ctoncamping.png","contentUrl":"https:\/\/martegaou.eldapps.com\/wp-content\/uploads\/2022\/03\/logo-alt-ctoncamping.png","width":402,"height":72,"caption":"Ctoncamping"},"image":{"@id":"https:\/\/martegaou.eldapps.com\/#\/schema\/logo\/image\/"}}]}},"_links":{"self":[{"href":"https:\/\/martegaou.eldapps.com\/it\/wp-json\/wp\/v2\/pages\/7004","targetHints":{"allow":["GET"]}}],"collection":[{"href":"https:\/\/martegaou.eldapps.com\/it\/wp-json\/wp\/v2\/pages"}],"about":[{"href":"https:\/\/martegaou.eldapps.com\/it\/wp-json\/wp\/v2\/types\/page"}],"author":[{"embeddable":true,"href":"https:\/\/martegaou.eldapps.com\/it\/wp-json\/wp\/v2\/users\/1"}],"replies":[{"embeddable":true,"href":"https:\/\/martegaou.eldapps.com\/it\/wp-json\/wp\/v2\/comments?post=7004"}],"version-history":[{"count":0,"href":"https:\/\/martegaou.eldapps.com\/it\/wp-json\/wp\/v2\/pages\/7004\/revisions"}],"wp:featuredmedia":[{"embeddable":true,"href":"https:\/\/martegaou.eldapps.com\/it\/wp-json\/wp\/v2\/media\/7657"}],"wp:attachment":[{"href":"https:\/\/martegaou.eldapps.com\/it\/wp-json\/wp\/v2\/media?parent=7004"}],"wp:term":[{"taxonomy":"sujet","embeddable":true,"href":"https:\/\/martegaou.eldapps.com\/it\/wp-json\/wp\/v2\/sujet?post=7004"}],"curies":[{"name":"wp","href":"https:\/\/api.w.org\/{rel}","templated":true}]}}