{"id":7002,"date":"2022-03-04T16:08:26","date_gmt":"2022-03-04T15:08:26","guid":{"rendered":"https:\/\/martegaou.eldapps.com\/politique-de-confidentialite\/"},"modified":"2022-06-17T11:03:42","modified_gmt":"2022-06-17T09:03:42","slug":"informativa-sulla-privacy","status":"publish","type":"page","link":"https:\/\/martegaou.eldapps.com\/it\/informativa-sulla-privacy\/","title":{"rendered":"Politique de confidentialit\u00e9"},"content":{"rendered":"<section id=\"ls-section-block_621cee06062a8\" class=\"ls-section  page-one p-b-0 has-m-b m-b-10 has-p-t p-t-10\" >\r\n        <div class=\"container container--wide\">\r\n        \n\n<h1 class=\"ls__heading has-text-align-center wp-block-heading\">INFORMATIVA SULLA PRIVACY<\/h1>\n\n\r\n    <\/div>\r\n<\/section>\n\n<section id=\"ls-section-block_6229db2645d2a\" class=\"ls-section  page-two  has-background has-color-3-background-color\" >\r\n        <div class=\"container \">\r\n        \n\n<div class=\"wp-block-columns is-layout-flex wp-container-core-columns-is-layout-9d6595d7 wp-block-columns-is-layout-flex\">\n<div class=\"wp-block-column is-vertically-aligned-center is-layout-flow wp-block-column-is-layout-flow\">\n<p class=\"ls-paragraph has-color-black-color has-text-color\">La presente informativa sulla privacy descrive i dati personali che vengono raccolti o generati (elaborati) quando si utilizza il sito web. La presente Informativa sulla privacy descrive i tipi di dati personali raccolti quando si utilizza il nostro sito e le modalit\u00e0 di utilizzo, condivisione e protezione dei dati personali. Inoltre, spiega le possibilit\u00e0 di scelta dell&#8217;utente in merito ai propri dati personali e le modalit\u00e0 di contatto con noi.<\/p>\n<\/div>\n<\/div>\n\n\r\n    <\/div>\r\n<\/section>\n\n<section id=\"ls-section-block_6229df0445d2c\" class=\"ls-section \" >\r\n        <div class=\"container container--wide\">\r\n        \n\n<div class=\"wp-block-columns is-layout-flex wp-container-core-columns-is-layout-9d6595d7 wp-block-columns-is-layout-flex\">\n<div class=\"wp-block-column is-layout-flow wp-block-column-is-layout-flow\">\n<h2 class=\"ls-heading wp-block-heading\">Indice dei contenuti<\/h2>\n\n\n\n<ol class=\"ls-list wp-block-list\"><li><a href=\"#gdpr-1\">Chi siamo?<\/a><\/li><li><a href=\"#gdpr-2\">Utilizzo dei dati personali raccolti<\/a><\/li><li><a href=\"#gdpr-3\">Commenti<\/a><\/li><li><a href=\"#gdpr-4\">Media<\/a><\/li><li><a href=\"#gdpr-5\">Moduli di contatto<\/a><\/li><li><a href=\"#gdpr-6\">Utilizzo dei cookie<\/a><\/li><li><a href=\"#gdpr-7\">Statistiche e misurazione dell&#8217;audience<\/a><\/li><li><a href=\"#gdpr-8\">Per quanto tempo vengono conservati i vostri dati<\/a><\/li><li><a href=\"#gdpr-9\">I diritti che avete sui vostri dati<\/a><\/li><li><a href=\"#gdpr-10\">Trasmissione dei dati personali<\/a><\/li><li><a href=\"#gdpr-11\">Come proteggiamo i vostri dati<\/a><\/li><li><a href=\"#gdpr-12\">Informazioni di contatto<\/a><\/li><\/ol>\n\n\n\n<h2 class=\"ls-heading wp-block-heading\" id=\"gdpr-1\">Chi siamo?<\/h2>\n\n\n\n<p class=\"ls-paragraph\">Scoprite tutte le nostre informazioni sulla pagina<a href=\"http:\/\/thesauque.geek-tonic.com\/mentions-legales\/\">avvisi legali<\/a>.<\/p>\n\n\n\n<h2 class=\"ls-heading wp-block-heading\" id=\"gdpr-2\">Utilizzo dei dati personali raccolti<\/h2>\n\n\n\n<p class=\"ls-paragraph\">Non raccogliamo automaticamente e direttamente alcun dato su di voi.<\/p>\n\n\n\n<p class=\"ls-paragraph\">Ciononostante, possiamo raccogliere informazioni, anche personali, da terze parti (vedi sezione<a href=\"#gdpr-5\">Cookies<\/a>).<\/p>\n\n\n\n<h2 class=\"ls-heading wp-block-heading\" id=\"gdpr-3\">Commenti<\/h2>\n\n\n\n<p class=\"ls-paragraph\">Quando lasciate un commento sul nostro sito web, vengono raccolti i dati inseriti nel modulo di commento, ma anche il vostro indirizzo IP e l&#8217;user agent del vostro browser per aiutarci a individuare i commenti indesiderati.<\/p>\n\n\n\n<p class=\"ls-paragraph\">Una stringa anonima creata dal vostro indirizzo e-mail (nota anche come hash) pu\u00f2 essere inviata al servizio Gravatar per verificare se state utilizzando il servizio. L&#8217;informativa sulla privacy del servizio <a href=\"https:\/\/automattic.com\/privacy\/\">Gravatar<\/a> sono disponibili. Dopo la convalida del commento, la foto del profilo sar\u00e0 visibile pubblicamente accanto al commento.<\/p>\n\n\n\n<h2 class=\"ls-heading wp-block-heading\" id=\"gdpr-4\">Media<\/h2>\n\n\n\n<p class=\"ls-paragraph\">Se siete utenti registrati e caricate immagini sul sito, vi consigliamo di evitare di caricare immagini contenenti dati EXIF di coordinate GPS. I visitatori del vostro sito web possono scaricare ed estrarre i dati di localizzazione da queste immagini.<\/p>\n\n\n\n<h2 class=\"ls-heading wp-block-heading\" id=\"gdpr-5\">Moduli di contatto<\/h2>\n\n\n\n<p class=\"ls-paragraph\">Potete scegliere di fornirci informazioni quando compilate un modulo; tali informazioni ci saranno inviate via e-mail e non saranno memorizzate in nessun altro luogo se non nel nostro servizio di posta elettronica, e saranno utilizzate al solo scopo di rispondere alla vostra richiesta. Se le informazioni possono essere utilizzate per scopi commerciali, ci\u00f2 sar\u00e0 indicato alla fine del modulo. Quando raccogliamo informazioni tramite un modulo, chiediamo sempre il vostro consenso.<\/p>\n\n\n\n<h2 class=\"ls-heading wp-block-heading\" id=\"gdpr-6\">Utilizzo dei cookie<\/h2>\n\n\n\n<p class=\"ls-paragraph\"><strong><mark style=\"background-color:rgba(0, 0, 0, 0)\" class=\"has-inline-color has-color-1-color\">Che cos&#8217;\u00e8 un biscotto?<\/mark><\/strong><\/p>\n\n\n\n<p class=\"ls-paragraph\">Un cookie \u00e8 un piccolo file di dati che viene trasferito e memorizzato sul vostro dispositivo. In pratica, un cookie ci permette, ad esempio, di riconoscere il vostro browser, la vostra lingua o di memorizzare le vostre preferenze. Sul nostro sito vengono utilizzati due tipi di cookie: &#8220;cookie di sessione&#8221; e &#8220;cookie persistenti&#8221;. I cookie di sessione scadono quando si chiude il browser, mentre i cookie persistenti rimangono sul dispositivo anche dopo la chiusura del browser e possono essere riutilizzati alla successiva visita del sito.<\/p>\n\n\n\n<p class=\"ls-paragraph\">Maggiori informazioni su <a href=\"https:\/\/www.allaboutcookies.org\/fr\/\" target=\"_blank\" rel=\"noreferrer noopener\">allaboutcookies.org<\/a>.<\/p>\n\n\n\n<p class=\"ls-paragraph\"><strong><mark style=\"background-color:rgba(0, 0, 0, 0)\" class=\"has-inline-color has-color-1-color\">Cookie Nos<\/mark><\/strong><\/p>\n\n\n\n<p class=\"ls-paragraph\">Se lasciate un commento sul nostro sito, vi verr\u00e0 chiesto di salvare il vostro nome, indirizzo e-mail e sito web nei cookie. Questo \u00e8 solo per comodit\u00e0, in modo da non dover inserire queste informazioni se si lascia un altro commento in seguito. Questi cookie scadono dopo un anno.<\/p>\n\n\n\n<p class=\"ls-paragraph\">Se si dispone di un account e si accede a questo sito, verr\u00e0 creato un cookie temporaneo per determinare se il browser accetta i cookie. Non contiene dati personali e verr\u00e0 cancellato automaticamente alla chiusura del browser.<\/p>\n\n\n\n<p class=\"ls-paragraph\">Quando l&#8217;utente accede, vengono impostati alcuni cookie per registrare le informazioni di accesso e le preferenze dello schermo. La durata di un cookie di accesso \u00e8 di due giorni, mentre la durata di un cookie di preferenza dello schermo \u00e8 di un anno. Se si seleziona &#8220;Ricordami&#8221;, il cookie di accesso verr\u00e0 conservato per quindici giorni. Se si esce dal proprio account, il cookie di accesso viene cancellato.<\/p>\n\n\n\n<p class=\"ls-paragraph\">Quando si modifica o si pubblica un articolo, nel browser dell&#8217;utente viene memorizzato un ulteriore cookie. Questo cookie non contiene dati personali. Indica semplicemente l&#8217;identificatore dell&#8217;articolo appena modificato. Scade dopo un giorno.<\/p>\n\n\n\n<p class=\"ls-paragraph\"><strong><mark style=\"background-color:rgba(0, 0, 0, 0)\" class=\"has-inline-color has-color-1-color\">I cookie tiers<\/mark><\/strong><\/p>\n\n\n\n<p class=\"ls-paragraph\">Gli articoli di questo sito possono includere contenuti incorporati (ad esempio video, immagini, articoli\u2026). I contenuti incorporati di altri siti si comportano come se il visitatore si trovasse su quell&#8217;altro sito.<\/p>\n\n\n\n<p class=\"ls-paragraph\">Questi siti web possono raccogliere dati sull&#8217;utente, utilizzare cookie, incorporare strumenti di tracciamento di terze parti, tracciare le interazioni dell&#8217;utente con questi contenuti incorporati se l&#8217;utente ha un account registrato sul loro sito web.<\/p>\n\n\n\n<p class=\"ls-paragraph\">Possiamo consentire ad alcuni partner commerciali di installare tecnologie sul nostro sito. Questi partner utilizzano queste tecnologie per aiutarci ad analizzare il modo in cui l&#8217;utente utilizza il sito, ad esempio annotando i servizi di terze parti attraverso i quali l&#8217;utente \u00e8 arrivato alla Piattaforma, per commercializzare e promuovere i nostri servizi sul nostro sito e su siti web di terze parti, per aiutarci a rilevare e prevenire le frodi o a condurre valutazioni del rischio, o per raccogliere informazioni sulle vostre attivit\u00e0 sul sito web.<\/p>\n\n\n\n<p class=\"ls-paragraph\">Il nostro sito web pu\u00f2 utilizzare social plugin forniti e gestiti da societ\u00e0 terze, come il pulsante &#8220;Mi piace&#8221; di Facebook. Di conseguenza, l&#8217;utente pu\u00f2 inviare a terzi le informazioni visualizzate in una particolare area del nostro sito. Se l&#8217;utente non ha effettuato l&#8217;accesso al proprio account presso la terza parte, quest&#8217;ultima non sapr\u00e0 chi \u00e8 l&#8217;utente. Se l&#8217;utente ha effettuato l&#8217;accesso al proprio account con la terza parte, quest&#8217;ultima pu\u00f2 collegare le informazioni o le azioni relative alle interazioni dell&#8217;utente con il nostro sito al suo account con la terza parte. Si prega di consultare l&#8217;informativa sulla privacy della terza parte per saperne di pi\u00f9 sulle sue pratiche di trattamento dei dati.<\/p>\n\n\n\n<p class=\"ls-paragraph\">L&#8217;elenco dei cookie di terze parti utilizzati in questo sito \u00e8 disponibile presso la pagina <a href=\"\/#moove_gdpr_cookie_modal\">pannello di gestione dei cookie<\/a>.<\/p>\n\n\n\n<h2 class=\"ls-heading wp-block-heading\" id=\"gdpr-7\">Statistiche e misurazione dell&#8217;audience<\/h2>\n\n\n\n<p class=\"ls-paragraph\">In termini di analisi, utilizziamo Google Analytics per ottenere informazioni sull&#8217;utilizzo del nostro sito web al fine di migliorarlo. Si pu\u00f2 disattivare dal menu pannello di gestione dei cookie.<\/p>\n\n\n\n<p class=\"ls-paragraph\">Per impedire a Google Analytics di utilizzare i vostri dati per l&#8217;analisi, potete anche installare il componente aggiuntivo del browser Google Analytics Opt-out facendo clic su <a href=\"https:\/\/tools.google.com\/dlpage\/gaoptout\" target=\"_blank\" rel=\"noreferrer noopener\">qui<\/a>. Si noti che non abbiamo alcun controllo su questo link di disattivazione e non siamo responsabili della disponibilit\u00e0 o dell&#8217;accuratezza di questo meccanismo. Visita <a href=\"https:\/\/support.google.com\/analytics\/answer\/6004245\" target=\"_blank\" rel=\"noreferrer noopener\">questa documentazione<\/a>per maggiori informazioni.<\/p>\n\n\n\n<h2 class=\"ls-heading wp-block-heading\" id=\"gdpr-8\">Per quanto tempo vengono conservati i vostri dati<\/h2>\n\n\n\n<p class=\"ls-paragraph\">Se si lascia un commento, il commento e i relativi metadati vengono conservati a tempo indeterminato. In questo modo i commenti successivi vengono automaticamente riconosciuti e approvati, anzich\u00e9 rimanere nella coda di moderazione.<\/p>\n\n\n\n<p class=\"ls-paragraph\">Per gli utenti che si registrano sul nostro sito (se possibile), memorizziamo anche i dati personali indicati nel loro profilo. Tutti gli utenti possono visualizzare, modificare o cancellare le proprie informazioni personali in qualsiasi momento (ad eccezione del nome utente). Anche i responsabili del sito possono visualizzare e modificare queste informazioni.<\/p>\n\n\n\n<h2 class=\"ls-heading wp-block-heading\" id=\"gdpr-9\">I diritti che avete sui vostri dati<\/h2>\n\n\n\n<p class=\"ls-paragraph\">Se avete un account o avete lasciato commenti sul sito, potete richiedere di ricevere un file contenente tutti i dati personali in nostro possesso, compresi quelli che ci avete fornito. \u00c8 inoltre possibile richiedere la cancellazione dei propri dati personali. Non sono compresi i dati memorizzati per scopi amministrativi, legali o di sicurezza.<\/p>\n\n\n\n<h2 class=\"ls-heading wp-block-heading\" id=\"gdpr-10\">Trasmissione dei dati personali<\/h2>\n\n\n\n<p class=\"ls-paragraph\">I commenti dei visitatori possono essere controllati tramite un servizio automatizzato per individuare i commenti indesiderati. Tutti i dati personali che trattiamo sono elaborati nell&#8217;Unione Europea.<\/p>\n\n\n\n<h2 class=\"ls-heading wp-block-heading\" id=\"gdpr-11\">Come proteggiamo i vostri dati<\/h2>\n\n\n\n<p class=\"ls-paragraph\">Implementiamo e aggiorniamo continuamente la sicurezza del sito per proteggere le vostre informazioni da accessi non autorizzati, perdita, distruzione o alterazione. Per questo motivo lavoriamo per rendere i vostri dati il pi\u00f9 invulnerabili possibile. Poich\u00e9 Internet non \u00e8 un ambiente sicuro al 100%, non possiamo garantire completamente la sicurezza della trasmissione o dell&#8217;archiviazione delle vostre informazioni.<\/p>\n\n\n\n<h2 class=\"ls-heading wp-block-heading\" id=\"gdpr-12\">Informazioni di contatto<\/h2>\n\n\n\n<p class=\"ls-paragraph\">Per qualsiasi richiesta o domanda sui vostri dati personali, vi preghiamo di contattarci all&#8217;indirizzo rgpd@geek-tonic.com; ulteriori informazioni di contatto sono disponibili nella nostra nota legale. Prima di dare seguito alla vostra richiesta, potremmo chiedervi di verificare la vostra identit\u00e0.<\/p>\n<\/div>\n<\/div>\n\n\r\n    <\/div>\r\n<\/section>","protected":false},"excerpt":{"rendered":"","protected":false},"author":1,"featured_media":7657,"parent":0,"menu_order":0,"comment_status":"closed","ping_status":"closed","template":"","meta":{"_acf_changed":false,"footnotes":""},"sujet":[],"class_list":["post-7002","page","type-page","status-publish","has-post-thumbnail","hentry"],"acf":[],"yoast_head":"<!-- This site is optimized with the Yoast SEO plugin v26.7 - https:\/\/yoast.com\/wordpress\/plugins\/seo\/ -->\n<title>Informativa sulla privacy | Ctoncamping<\/title>\n<meta name=\"robots\" content=\"noindex, nofollow\" \/>\n<meta property=\"og:locale\" content=\"it_IT\" \/>\n<meta property=\"og:type\" content=\"article\" \/>\n<meta property=\"og:title\" content=\"Informativa sulla privacy | Ctoncamping\" \/>\n<meta property=\"og:url\" content=\"https:\/\/martegaou.eldapps.com\/it\/informativa-sulla-privacy\/\" \/>\n<meta property=\"og:site_name\" content=\"Martegaou\" \/>\n<meta property=\"article:modified_time\" content=\"2022-06-17T09:03:42+00:00\" \/>\n<meta property=\"og:image\" content=\"https:\/\/martegaou.eldapps.com\/wp-content\/uploads\/2022\/06\/camping-ctoncamping.jpg\" \/>\n\t<meta property=\"og:image:width\" content=\"1901\" \/>\n\t<meta property=\"og:image:height\" content=\"550\" \/>\n\t<meta property=\"og:image:type\" content=\"image\/jpeg\" \/>\n<meta name=\"twitter:card\" content=\"summary_large_image\" \/>\n<meta name=\"twitter:label1\" content=\"Tempo di lettura stimato\" \/>\n\t<meta name=\"twitter:data1\" content=\"7 minuti\" \/>\n<script type=\"application\/ld+json\" class=\"yoast-schema-graph\">{\"@context\":\"https:\/\/schema.org\",\"@graph\":[{\"@type\":\"WebPage\",\"@id\":\"https:\/\/martegaou.eldapps.com\/it\/informativa-sulla-privacy\/\",\"url\":\"https:\/\/martegaou.eldapps.com\/it\/informativa-sulla-privacy\/\",\"name\":\"Informativa sulla privacy | Ctoncamping\",\"isPartOf\":{\"@id\":\"https:\/\/martegaou.eldapps.com\/#website\"},\"primaryImageOfPage\":{\"@id\":\"https:\/\/martegaou.eldapps.com\/it\/informativa-sulla-privacy\/#primaryimage\"},\"image\":{\"@id\":\"https:\/\/martegaou.eldapps.com\/it\/informativa-sulla-privacy\/#primaryimage\"},\"thumbnailUrl\":\"https:\/\/martegaou.eldapps.com\/wp-content\/uploads\/2022\/06\/camping-ctoncamping.jpg\",\"datePublished\":\"2022-03-04T15:08:26+00:00\",\"dateModified\":\"2022-06-17T09:03:42+00:00\",\"breadcrumb\":{\"@id\":\"https:\/\/martegaou.eldapps.com\/it\/informativa-sulla-privacy\/#breadcrumb\"},\"inLanguage\":\"it-IT\",\"potentialAction\":[{\"@type\":\"ReadAction\",\"target\":[\"https:\/\/martegaou.eldapps.com\/it\/informativa-sulla-privacy\/\"]}]},{\"@type\":\"ImageObject\",\"inLanguage\":\"it-IT\",\"@id\":\"https:\/\/martegaou.eldapps.com\/it\/informativa-sulla-privacy\/#primaryimage\",\"url\":\"https:\/\/martegaou.eldapps.com\/wp-content\/uploads\/2022\/06\/camping-ctoncamping.jpg\",\"contentUrl\":\"https:\/\/martegaou.eldapps.com\/wp-content\/uploads\/2022\/06\/camping-ctoncamping.jpg\",\"width\":1901,\"height\":550,\"caption\":\"camping ctoncamping\"},{\"@type\":\"BreadcrumbList\",\"@id\":\"https:\/\/martegaou.eldapps.com\/it\/informativa-sulla-privacy\/#breadcrumb\",\"itemListElement\":[{\"@type\":\"ListItem\",\"position\":1,\"name\":\"Camping Bouches-du-Rh\u00f4ne\",\"item\":\"https:\/\/martegaou.eldapps.com\/it\/\"},{\"@type\":\"ListItem\",\"position\":2,\"name\":\"Informativa sulla privacy\"}]},{\"@type\":\"WebSite\",\"@id\":\"https:\/\/martegaou.eldapps.com\/#website\",\"url\":\"https:\/\/martegaou.eldapps.com\/\",\"name\":\"Martegaou\",\"description\":\"\",\"publisher\":{\"@id\":\"https:\/\/martegaou.eldapps.com\/#organization\"},\"potentialAction\":[{\"@type\":\"SearchAction\",\"target\":{\"@type\":\"EntryPoint\",\"urlTemplate\":\"https:\/\/martegaou.eldapps.com\/?s={search_term_string}\"},\"query-input\":{\"@type\":\"PropertyValueSpecification\",\"valueRequired\":true,\"valueName\":\"search_term_string\"}}],\"inLanguage\":\"it-IT\"},{\"@type\":\"Organization\",\"@id\":\"https:\/\/martegaou.eldapps.com\/#organization\",\"name\":\"Ctoncamping\",\"url\":\"https:\/\/martegaou.eldapps.com\/\",\"logo\":{\"@type\":\"ImageObject\",\"inLanguage\":\"it-IT\",\"@id\":\"https:\/\/martegaou.eldapps.com\/#\/schema\/logo\/image\/\",\"url\":\"https:\/\/martegaou.eldapps.com\/wp-content\/uploads\/2022\/03\/logo-alt-ctoncamping.png\",\"contentUrl\":\"https:\/\/martegaou.eldapps.com\/wp-content\/uploads\/2022\/03\/logo-alt-ctoncamping.png\",\"width\":402,\"height\":72,\"caption\":\"Ctoncamping\"},\"image\":{\"@id\":\"https:\/\/martegaou.eldapps.com\/#\/schema\/logo\/image\/\"}}]}<\/script>\n<!-- \/ Yoast SEO plugin. -->","yoast_head_json":{"title":"Informativa sulla privacy | Ctoncamping","robots":{"index":"noindex","follow":"nofollow"},"og_locale":"it_IT","og_type":"article","og_title":"Informativa sulla privacy | Ctoncamping","og_url":"https:\/\/martegaou.eldapps.com\/it\/informativa-sulla-privacy\/","og_site_name":"Martegaou","article_modified_time":"2022-06-17T09:03:42+00:00","og_image":[{"width":1901,"height":550,"url":"https:\/\/martegaou.eldapps.com\/wp-content\/uploads\/2022\/06\/camping-ctoncamping.jpg","type":"image\/jpeg"}],"twitter_card":"summary_large_image","twitter_misc":{"Tempo di lettura stimato":"7 minuti"},"schema":{"@context":"https:\/\/schema.org","@graph":[{"@type":"WebPage","@id":"https:\/\/martegaou.eldapps.com\/it\/informativa-sulla-privacy\/","url":"https:\/\/martegaou.eldapps.com\/it\/informativa-sulla-privacy\/","name":"Informativa sulla privacy | Ctoncamping","isPartOf":{"@id":"https:\/\/martegaou.eldapps.com\/#website"},"primaryImageOfPage":{"@id":"https:\/\/martegaou.eldapps.com\/it\/informativa-sulla-privacy\/#primaryimage"},"image":{"@id":"https:\/\/martegaou.eldapps.com\/it\/informativa-sulla-privacy\/#primaryimage"},"thumbnailUrl":"https:\/\/martegaou.eldapps.com\/wp-content\/uploads\/2022\/06\/camping-ctoncamping.jpg","datePublished":"2022-03-04T15:08:26+00:00","dateModified":"2022-06-17T09:03:42+00:00","breadcrumb":{"@id":"https:\/\/martegaou.eldapps.com\/it\/informativa-sulla-privacy\/#breadcrumb"},"inLanguage":"it-IT","potentialAction":[{"@type":"ReadAction","target":["https:\/\/martegaou.eldapps.com\/it\/informativa-sulla-privacy\/"]}]},{"@type":"ImageObject","inLanguage":"it-IT","@id":"https:\/\/martegaou.eldapps.com\/it\/informativa-sulla-privacy\/#primaryimage","url":"https:\/\/martegaou.eldapps.com\/wp-content\/uploads\/2022\/06\/camping-ctoncamping.jpg","contentUrl":"https:\/\/martegaou.eldapps.com\/wp-content\/uploads\/2022\/06\/camping-ctoncamping.jpg","width":1901,"height":550,"caption":"camping ctoncamping"},{"@type":"BreadcrumbList","@id":"https:\/\/martegaou.eldapps.com\/it\/informativa-sulla-privacy\/#breadcrumb","itemListElement":[{"@type":"ListItem","position":1,"name":"Camping Bouches-du-Rh\u00f4ne","item":"https:\/\/martegaou.eldapps.com\/it\/"},{"@type":"ListItem","position":2,"name":"Informativa sulla privacy"}]},{"@type":"WebSite","@id":"https:\/\/martegaou.eldapps.com\/#website","url":"https:\/\/martegaou.eldapps.com\/","name":"Martegaou","description":"","publisher":{"@id":"https:\/\/martegaou.eldapps.com\/#organization"},"potentialAction":[{"@type":"SearchAction","target":{"@type":"EntryPoint","urlTemplate":"https:\/\/martegaou.eldapps.com\/?s={search_term_string}"},"query-input":{"@type":"PropertyValueSpecification","valueRequired":true,"valueName":"search_term_string"}}],"inLanguage":"it-IT"},{"@type":"Organization","@id":"https:\/\/martegaou.eldapps.com\/#organization","name":"Ctoncamping","url":"https:\/\/martegaou.eldapps.com\/","logo":{"@type":"ImageObject","inLanguage":"it-IT","@id":"https:\/\/martegaou.eldapps.com\/#\/schema\/logo\/image\/","url":"https:\/\/martegaou.eldapps.com\/wp-content\/uploads\/2022\/03\/logo-alt-ctoncamping.png","contentUrl":"https:\/\/martegaou.eldapps.com\/wp-content\/uploads\/2022\/03\/logo-alt-ctoncamping.png","width":402,"height":72,"caption":"Ctoncamping"},"image":{"@id":"https:\/\/martegaou.eldapps.com\/#\/schema\/logo\/image\/"}}]}},"_links":{"self":[{"href":"https:\/\/martegaou.eldapps.com\/it\/wp-json\/wp\/v2\/pages\/7002","targetHints":{"allow":["GET"]}}],"collection":[{"href":"https:\/\/martegaou.eldapps.com\/it\/wp-json\/wp\/v2\/pages"}],"about":[{"href":"https:\/\/martegaou.eldapps.com\/it\/wp-json\/wp\/v2\/types\/page"}],"author":[{"embeddable":true,"href":"https:\/\/martegaou.eldapps.com\/it\/wp-json\/wp\/v2\/users\/1"}],"replies":[{"embeddable":true,"href":"https:\/\/martegaou.eldapps.com\/it\/wp-json\/wp\/v2\/comments?post=7002"}],"version-history":[{"count":0,"href":"https:\/\/martegaou.eldapps.com\/it\/wp-json\/wp\/v2\/pages\/7002\/revisions"}],"wp:featuredmedia":[{"embeddable":true,"href":"https:\/\/martegaou.eldapps.com\/it\/wp-json\/wp\/v2\/media\/7657"}],"wp:attachment":[{"href":"https:\/\/martegaou.eldapps.com\/it\/wp-json\/wp\/v2\/media?parent=7002"}],"wp:term":[{"taxonomy":"sujet","embeddable":true,"href":"https:\/\/martegaou.eldapps.com\/it\/wp-json\/wp\/v2\/sujet?post=7002"}],"curies":[{"name":"wp","href":"https:\/\/api.w.org\/{rel}","templated":true}]}}