{"id":6925,"date":"2022-03-04T16:34:25","date_gmt":"2022-03-04T15:34:25","guid":{"rendered":"https:\/\/martegaou.eldapps.com\/accueil\/"},"modified":"2022-06-30T15:34:02","modified_gmt":"2022-06-30T13:34:02","slug":"accueil","status":"publish","type":"page","link":"https:\/\/martegaou.eldapps.com\/it\/","title":{"rendered":"Accueil"},"content":{"rendered":"<section id=\"ls-section-block_6225c7b66689d\" class=\"ls-section  home-first\" >\r\n        <div class=\"container \">\r\n        \n\n<h1 class=\"ls__heading has-text-align-center wp-block-heading\">Scoprire i diversi luoghi<br><span>CTonCamping<\/span><\/h1>\n\n\n\r\n<div id=\"ls-campings-block_6229fdaa8f0ce\" class=\"ls-campings\">\r\n                <div class=\"ls-campings__results\">\r\n                                            <div class=\"ls-camping\" data-id-site=\"4897\">\r\n                    <a href=\"https:\/\/martegaou.eldapps.com\/camping-4-etoiles-martigues\/\" title=\"L&#8217;Arquet\">\r\n                        <div class=\"ls-camping__thumbnail\">\r\n                                                            <img loading=\"lazy\" decoding=\"async\" width=\"480\" height=\"530\" src=\"https:\/\/martegaou.eldapps.com\/wp-content\/uploads\/2022\/03\/camping-arquet-martigues.jpg\" class=\"attachment-large size-large wp-post-image\" alt=\"camping arquet martigues\" srcset=\"https:\/\/martegaou.eldapps.com\/wp-content\/uploads\/2022\/03\/camping-arquet-martigues.jpg 480w, https:\/\/martegaou.eldapps.com\/wp-content\/uploads\/2022\/03\/camping-arquet-martigues-272x300.jpg 272w\" sizes=\"auto, (max-width: 480px) 100vw, 480px\" \/>                            \r\n                        <\/div>\r\n                        <div class=\"ls-camping__content\">\r\n                            <div class=\"ls-camping__content__wrap\">\r\n                                <div class=\"ls-camping__description\">\r\n                                                                                                                    <img decoding=\"async\" src=\"https:\/\/martegaou.eldapps.com\/wp-content\/uploads\/2022\/03\/logo-arquet-ctoncamping.png\" alt=\"L&#8217;Arquet\">\r\n                                                                        4 stelle in MARTIGUES                                <\/div>\r\n                            <\/div>\r\n                        <\/div>\r\n                    <\/a>\r\n                <\/div>\r\n                                            <div class=\"ls-camping\" data-id-site=\"4889\">\r\n                    <a href=\"https:\/\/martegaou.eldapps.com\/residence-vacances-martigues\/\" title=\"Chalets de la Mer\">\r\n                        <div class=\"ls-camping__thumbnail\">\r\n                                                            <img loading=\"lazy\" decoding=\"async\" width=\"1024\" height=\"683\" src=\"https:\/\/martegaou.eldapps.com\/wp-content\/uploads\/2022\/05\/chalet-en-ete-1024x683.png\" class=\"attachment-large size-large wp-post-image\" alt=\"terrasse de chalet\" srcset=\"https:\/\/martegaou.eldapps.com\/wp-content\/uploads\/2022\/05\/chalet-en-ete-1024x683.png 1024w, https:\/\/martegaou.eldapps.com\/wp-content\/uploads\/2022\/05\/chalet-en-ete-300x200.png 300w, https:\/\/martegaou.eldapps.com\/wp-content\/uploads\/2022\/05\/chalet-en-ete-768x512.png 768w, https:\/\/martegaou.eldapps.com\/wp-content\/uploads\/2022\/05\/chalet-en-ete.png 1200w\" sizes=\"auto, (max-width: 1024px) 100vw, 1024px\" \/>                            \r\n                        <\/div>\r\n                        <div class=\"ls-camping__content\">\r\n                            <div class=\"ls-camping__content__wrap\">\r\n                                <div class=\"ls-camping__description\">\r\n                                                                                                                    <img decoding=\"async\" src=\"https:\/\/martegaou.eldapps.com\/wp-content\/uploads\/2022\/03\/logo-les-chalets-de-la-mer-ctoncamping-2.png\" alt=\"Chalets de la Mer\">\r\n                                                                        4 stelle a Martigues                                <\/div>\r\n                            <\/div>\r\n                        <\/div>\r\n                    <\/a>\r\n                <\/div>\r\n                                <\/div>\r\n    \r\n<\/div>\n\n\n<h2 class=\"ls__heading has-text-align-center wp-block-heading\">Campeggio Martigues sulla costa mediterranea<\/h2>\n\n\n\n<p class=\"ls-paragraph has-text-align-center\">In riva al mare, nelle Bouches-du-Rh\u00f4ne, Ctoncamping vi accoglie nei suoi campeggi vicino a Martigues &#8220;La Venise Proven\u00e7ale&#8221; per un soggiorno unico in un ambiente naturale. Vicino a Marsiglia, la citt\u00e0 focese, e ad Aix-En-Provence. Venite a godervi la costa mediterranea e le sue aree naturali ancora preservate.<br>L&#8217;<a href=\"\/it\/campeggio-4-etoiles-martigues\/\">Arquet<\/a> gode di un <a href=\"\/it\/campeggio-4-etoiles-martigues\/\">accesso diretto alle insenature della C\u00f4te Bleue<\/a> e di una sublime vista panoramica dalla piscina a sfioro, con numerose attivit\u00e0 per le famiglie.<br>Les <a href=\"\/it\/residenza-vacanze-martigues\/\">Chalets de la Mer<\/a> offre un ambiente tranquillo e verde, vicino al porto di pesca di Carro, in un&#8217;atmosfera calda e accogliente.<\/p>\n\n\r\n    <\/div>\r\n<\/section>\n\n<section id=\"ls-section-block_6225ca26668a1\" class=\"ls-section  home-second container-super-wide\" >\r\n        <div class=\"container container--full\">\r\n        \n\n<div class=\"wp-block-columns wp-block-columns-3 is-layout-flex wp-container-core-columns-is-layout-9d6595d7 wp-block-columns-is-layout-flex\">\n<div class=\"wp-block-column column-description column-description__piscine is-layout-flow wp-block-column-is-layout-flow\">\n<h2 class=\"ls-heading wp-block-heading\">Le nostre piscine e gli spazi acquatici sulla costa azzurra<\/h2>\n\n\n\n<p class=\"ls-paragraph\">Le aree acquatiche di Arquet e <a href=\"\/it\/residenza-vacanze-martigues\/residenza-vacanza-parco-aquatico-martigues\/\">Chalets de la Mer<\/a> offrono momenti di nuoto e relax.&nbsp;<\/p>\n\n\n\n<p class=\"ls-paragraph\">Potrete poi assistere a feste e olimpiadi in piscina, partite di pallanuoto, risvegli acquatici e iniziazioni ai tuffi nella <a href=\"\/it\/campeggio-4-etoiles-martigues\/campeggio-piscina-martigues\/\">piscina Arquet<\/a> con la squadra del club Plein Bleu Plong\u00e9e.<\/p>\n<\/div>\n\n\n\n<div class=\"wp-block-column no-margin-respo is-layout-flow wp-block-column-is-layout-flow\">\r\n<div id=\"ls-cta-block_6225dd88668a2\" class=\"ls-cta\">  \r\n    \n\n<a href=\"\/it\/campeggio-4-etoiles-martigues\/campeggio-piscina-martigues\/\" target=\"\" rel=\"noopener\" class=\"ls-cta__link\">\n\n\t<div class=\"ls-cta__image\"><img decoding=\"async\" src=\"https:\/\/martegaou.eldapps.com\/wp-content\/uploads\/2022\/05\/piscine-chalets-de-la-mer-ctoncamping-768x488.jpg\" alt=\"piscine chalets de la mer ctoncamping\"><\/div>\n\t<div class=\"ls-cta__text\">\n\t\t<div class=\"ls-cta__title\">\n\t\t\tLa piscina\t\t<\/div>\n\n\t\t\t\t\t<div class=\"ls-cta__description\">\n\t\t\t\tL&#8217;Arquet\t\t\t<\/div>\n\t\t\t<\/div>\n\n<\/a><\/div><\/div>\n\n\n\n<div class=\"wp-block-column is-layout-flow wp-block-column-is-layout-flow\">\r\n<div id=\"ls-cta-block_6225ddc1668a3\" class=\"ls-cta\">  \r\n    \n\n<a href=\"\/it\/residenza-vacanze-martigues\/residenza-vacanza-parco-aquatico-martigues\/\" target=\"\" rel=\"noopener\" class=\"ls-cta__link\">\n\n\t<div class=\"ls-cta__image\"><img decoding=\"async\" src=\"https:\/\/martegaou.eldapps.com\/wp-content\/uploads\/2022\/03\/piscine-l-arquet-ctoncamping-768x576.jpg\" alt=\"piscine l arquet ctoncamping\"><\/div>\n\t<div class=\"ls-cta__text\">\n\t\t<div class=\"ls-cta__title\">\n\t\t\tLa piscina\t\t<\/div>\n\n\t\t\t\t\t<div class=\"ls-cta__description\">\n\t\t\t\tLes Chalets de la Mer\t\t\t<\/div>\n\t\t\t<\/div>\n\n<\/a><\/div><\/div>\n<\/div>\n\n\r\n    <\/div>\r\n<\/section>\n\n<section id=\"ls-section-block_6225de5b668a4\" class=\"ls-section  home-third p-b-4 m-b-10 container-super-wide\" >\r\n        <div class=\"container container--full\">\r\n        \n\n<div class=\"wp-block-columns wp-block-columns-3 is-layout-flex wp-container-core-columns-is-layout-9d6595d7 wp-block-columns-is-layout-flex\">\n<div class=\"wp-block-column is-layout-flow wp-block-column-is-layout-flow\">\r\n<div id=\"ls-cta-block_62276ed0d5a27\" class=\"ls-cta\">  \r\n    \n\n<a href=\"https:\/\/martegaou.eldapps.com\/it\/campeggio-4-etoiles-martigues\/posizione-mobil-casa-martigues\/\" target=\"\" rel=\"noopener\" class=\"ls-cta__link\">\n\n\t<div class=\"ls-cta__image\"><img decoding=\"async\" src=\"https:\/\/martegaou.eldapps.com\/wp-content\/uploads\/2022\/05\/mobil-home-arquet-ctoncamping-768x687.jpg\" alt=\"mobil home arquet ctoncamping\"><\/div>\n\t<div class=\"ls-cta__text\">\n\t\t<div class=\"ls-cta__title\">\n\t\t\tCase mobili\t\t<\/div>\n\n\t\t\t\t\t<div class=\"ls-cta__description\">\n\t\t\t\tL&#8217;Arquet\t\t\t<\/div>\n\t\t\t<\/div>\n\n<\/a><\/div><\/div>\n\n\n\n<div class=\"wp-block-column is-layout-flow wp-block-column-is-layout-flow\">\r\n<div id=\"ls-cta-block_62276ee6d5a28\" class=\"ls-cta\">  \r\n    \n\n<a href=\"\/it\/residenza-vacanze-martigues\/posizione-chalet-martigues\/\" target=\"\" rel=\"noopener\" class=\"ls-cta__link\">\n\n\t<div class=\"ls-cta__image\"><img decoding=\"async\" src=\"https:\/\/martegaou.eldapps.com\/wp-content\/uploads\/2022\/05\/chalet-les-chalets-de-la-mer-ctoncamping-768x730.jpg\" alt=\"chalet les chalets de la mer ctoncamping\"><\/div>\n\t<div class=\"ls-cta__text\">\n\t\t<div class=\"ls-cta__title\">\n\t\t\tGli chalet\t\t<\/div>\n\n\t\t\t\t\t<div class=\"ls-cta__description\">\n\t\t\t\tLes Chalets de la Mer\t\t\t<\/div>\n\t\t\t<\/div>\n\n<\/a><\/div><\/div>\n\n\n\n<div class=\"wp-block-column column-description column-description__hebergement is-layout-flow wp-block-column-is-layout-flow\">\n<h2 class=\"ls-heading wp-block-heading\">I nostri alloggi in Ctoncamping<\/h2>\n\n\n\n<p class=\"ls-paragraph\">Gli stabilimenti Ctoncamping vi offrono diversi tipi di alloggi completamente attrezzati per rendere indimenticabile il vostro soggiorno nel sud della Francia, nei dintorni di Martigues.<br>Per i campeggiatori tradizionali, benvenuti a l&#8217;Arquet con la vostra tenda, roulotte o camper. Scoprite le nostre piazzole in mezzo ai pini.<\/p>\n\n\n\n<p class=\"ls-paragraph\">Potete anche optare per un maggiore comfort con <a href=\"\/it\/campeggio-4-etoiles-martigues\/posizione-mobil-casa-martigues\/\">l&#8217;affitto di una casa mobile e la sua terrazza ombreggiata<\/a>. Les Chalets de la Mer dispone di 6 categorie di <a href=\"https:\/\/martegaou.eldapps.com\/it\/residenza-vacanze-martigues\/posizione-chalet-martigues\/\">chalet in affitto<\/a>, che potrete prenotare in base alle vostre esigenze.<\/p>\n\n\n\n<p class=\"ls-paragraph\">I nostri team sono a vostra disposizione per aiutarvi nelle vostre vacanze o nell&#8217;<a href=\"\/it\/campeggio-evento-martigues\/\">organizzazione di eventi<\/a>, matrimoni o seminari.<\/p>\n<\/div>\n<\/div>\n\n\r\n    <\/div>\r\n<\/section>\n\n<section id=\"ls-section-block_6225ded2668a5\" class=\"ls-section  home-fourth p-b-5 m-b-0 has-background has-color-3-background-color\" >\r\n        <div class=\"container container--wide\">\r\n        \n\n<h2 class=\"ls__heading has-text-align-center wp-block-heading\">Scoprire i dintorni<\/h2>\n\n\n\n<p class=\"ls-paragraph has-text-align-center\">Benvenuti nelle <a href=\"\/it\/turismo-bouches-du-rhone\/\">Bouches-du-Rh\u00f4ne<\/a>, una regione situata in posizione ideale tra Marsiglia, il Verdon, Aix en Provence e la Camargue, che offre una variet\u00e0 di paesaggi da non perdere.<\/p>\n\n\n\n<p class=\"ls-paragraph has-text-align-center\"><br>Godetevi il clima mediterraneo, la gastronomia e le <a href=\"\/it\/eventi-regionali-martigues\/\">attivit\u00e0 locali di questa regione<\/a>.<\/p>\n\n\r\n    <\/div>\r\n<\/section>\n\n<section id=\"ls-section-block_622b4a2d9ea98\" class=\"ls-section  home-fifth cta-galerie m-t-0 p-t-0 container-super-wide has-background has-color-3-background-color\" >\r\n        <div class=\"container container--full\">\r\n        \n\n<div class=\"wp-block-columns is-layout-flex wp-container-core-columns-is-layout-9d6595d7 wp-block-columns-is-layout-flex\">\n<div class=\"wp-block-column is-layout-flow wp-block-column-is-layout-flow\">\r\n<div id=\"ls-cta-block_622b035d4ccde\" class=\"ls-cta animated fadeInUp slow\">  \r\n    \n\n<a href=\"\/it\/turismo-bouches-du-rhone\/\/#section-aix-en-provence\" target=\"\" rel=\"noopener\" class=\"ls-cta__link\">\n\n\t<div class=\"ls-cta__image\"><img decoding=\"async\" src=\"https:\/\/martegaou.eldapps.com\/wp-content\/uploads\/2022\/04\/visiter-aix-en-provence.jpg\" alt=\"visiter aix en provence\"><\/div>\n\t<div class=\"ls-cta__text\">\n\t\t<div class=\"ls-cta__title\">\n\t\t\tAix-en-Provence\t\t<\/div>\n\n\t\t\t\t\t<div class=\"ls-cta__description\">\n\t\t\t\tScoprire +\t\t\t<\/div>\n\t\t\t<\/div>\n\n<\/a><\/div>\n\n\r\n<div id=\"ls-cta-block_622b03c64cce1\" class=\"ls-cta animated fadeInUp slow\">  \r\n    \n\n<a href=\"\/it\/turismo-bouches-du-rhone\/\/#section-verdon\" target=\"\" rel=\"noopener\" class=\"ls-cta__link\">\n\n\t<div class=\"ls-cta__image\"><img decoding=\"async\" src=\"https:\/\/martegaou.eldapps.com\/wp-content\/uploads\/2022\/03\/gordes-ctoncamping.jpg\" alt=\"gordes ctoncamping\"><\/div>\n\t<div class=\"ls-cta__text\">\n\t\t<div class=\"ls-cta__title\">\n\t\t\tVerdon\t\t<\/div>\n\n\t\t\t\t\t<div class=\"ls-cta__description\">\n\t\t\t\tScoprire +\t\t\t<\/div>\n\t\t\t<\/div>\n\n<\/a><\/div><\/div>\n\n\n\n<div class=\"wp-block-column is-layout-flow wp-block-column-is-layout-flow\">\r\n<div id=\"ls-cta-block_622b03b94ccdf\" class=\"ls-cta animated fadeInUp delay-100ms slow\">  \r\n    \n\n<a href=\"\/it\/turismo-bouches-du-rhone\/\/#section-martigues\" target=\"\" rel=\"noopener\" class=\"ls-cta__link\">\n\n\t<div class=\"ls-cta__image\"><img decoding=\"async\" src=\"https:\/\/martegaou.eldapps.com\/wp-content\/uploads\/2022\/03\/martigues-ctoncaming.jpg\" alt=\"martigues ctoncaming\"><\/div>\n\t<div class=\"ls-cta__text\">\n\t\t<div class=\"ls-cta__title\">\n\t\t\tFesta della musica a Martigues\t\t<\/div>\n\n\t\t\t\t\t<div class=\"ls-cta__description\">\n\t\t\t\tScoprire +\t\t\t<\/div>\n\t\t\t<\/div>\n\n<\/a><\/div>\n\n\r\n<div id=\"ls-cta-block_622b03ce4cce2\" class=\"ls-cta animated fadeInUp delay-100ms slow\">  \r\n    \n\n<a href=\"\/it\/turismo-bouches-du-rhone\/\/#section-delta-festival\" target=\"\" rel=\"noopener\" class=\"ls-cta__link\">\n\n\t<div class=\"ls-cta__image\"><img decoding=\"async\" src=\"https:\/\/martegaou.eldapps.com\/wp-content\/uploads\/2022\/04\/visiter-marseille.jpg\" alt=\"visiter marseille\"><\/div>\n\t<div class=\"ls-cta__text\">\n\t\t<div class=\"ls-cta__title\">\n\t\t\tFestival del Delta a Marsiglia\t\t<\/div>\n\n\t\t\t\t\t<div class=\"ls-cta__description\">\n\t\t\t\tScoprire +\t\t\t<\/div>\n\t\t\t<\/div>\n\n<\/a><\/div><\/div>\n\n\n\n<div class=\"wp-block-column is-layout-flow wp-block-column-is-layout-flow\">\r\n<div id=\"ls-cta-block_622b03c14cce0\" class=\"ls-cta animated fadeInUp delay-200ms slow\">  \r\n    \n\n<a href=\"\/it\/turismo-bouches-du-rhone\/\/#section-marseille\" target=\"\" rel=\"noopener\" class=\"ls-cta__link\">\n\n\t<div class=\"ls-cta__image\"><img decoding=\"async\" src=\"https:\/\/martegaou.eldapps.com\/wp-content\/uploads\/2022\/03\/marseille-ctoncamping.jpg\" alt=\"marseille ctoncamping\"><\/div>\n\t<div class=\"ls-cta__text\">\n\t\t<div class=\"ls-cta__title\">\n\t\t\tMarseille\t\t<\/div>\n\n\t\t\t\t\t<div class=\"ls-cta__description\">\n\t\t\t\tScoprire +\t\t\t<\/div>\n\t\t\t<\/div>\n\n<\/a><\/div>\n\n\r\n<div id=\"ls-cta-block_622b03d44cce3\" class=\"ls-cta animated fadeInUp delay-200ms slow\">  \r\n    \n\n<a href=\"\/it\/turismo-bouches-du-rhone\/\/#section-sardinades\" target=\"\" rel=\"noopener\" class=\"ls-cta__link\">\n\n\t<div class=\"ls-cta__image\"><img decoding=\"async\" src=\"https:\/\/martegaou.eldapps.com\/wp-content\/uploads\/2022\/04\/sejour-martigues.jpg\" alt=\"sejour martigues\"><\/div>\n\t<div class=\"ls-cta__text\">\n\t\t<div class=\"ls-cta__title\">\n\t\t\tSardinades a Martigues\t\t<\/div>\n\n\t\t\t\t\t<div class=\"ls-cta__description\">\n\t\t\t\tScoprire +\t\t\t<\/div>\n\t\t\t<\/div>\n\n<\/a><\/div><\/div>\n<\/div>\n\n\r\n    <\/div>\r\n<\/section>","protected":false},"excerpt":{"rendered":"","protected":false},"author":1,"featured_media":0,"parent":0,"menu_order":0,"comment_status":"closed","ping_status":"closed","template":"","meta":{"_acf_changed":false,"footnotes":""},"sujet":[],"class_list":["post-6925","page","type-page","status-publish","hentry"],"acf":[],"yoast_head":"<!-- This site is optimized with the Yoast SEO plugin v26.7 - https:\/\/yoast.com\/wordpress\/plugins\/seo\/ -->\n<title>Campeggi Bouches-du-Rh\u00f4ne | Ctoncamping Martigues | Touristra vacances<\/title>\n<meta name=\"robots\" content=\"index, follow, max-snippet:-1, max-image-preview:large, max-video-preview:-1\" \/>\n<link rel=\"canonical\" href=\"https:\/\/martegaou.eldapps.com\/it\/\" \/>\n<meta property=\"og:locale\" content=\"it_IT\" \/>\n<meta property=\"og:type\" content=\"article\" \/>\n<meta property=\"og:title\" content=\"Campeggi Bouches-du-Rh\u00f4ne | Ctoncamping Martigues | Touristra vacances\" \/>\n<meta property=\"og:url\" content=\"https:\/\/martegaou.eldapps.com\/it\/\" \/>\n<meta property=\"og:site_name\" content=\"Martegaou\" \/>\n<meta property=\"article:modified_time\" content=\"2022-06-30T13:34:02+00:00\" \/>\n<meta name=\"twitter:card\" content=\"summary_large_image\" \/>\n<meta name=\"twitter:label1\" content=\"Tempo di lettura stimato\" \/>\n\t<meta name=\"twitter:data1\" content=\"2 minuti\" \/>\n<script type=\"application\/ld+json\" class=\"yoast-schema-graph\">{\"@context\":\"https:\/\/schema.org\",\"@graph\":[{\"@type\":\"WebPage\",\"@id\":\"https:\/\/martegaou.eldapps.com\/it\/\",\"url\":\"https:\/\/martegaou.eldapps.com\/it\/\",\"name\":\"Campeggi Bouches-du-Rh\u00f4ne | Ctoncamping Martigues | Touristra vacances\",\"isPartOf\":{\"@id\":\"https:\/\/martegaou.eldapps.com\/#website\"},\"datePublished\":\"2022-03-04T15:34:25+00:00\",\"dateModified\":\"2022-06-30T13:34:02+00:00\",\"breadcrumb\":{\"@id\":\"https:\/\/martegaou.eldapps.com\/it\/#breadcrumb\"},\"inLanguage\":\"it-IT\",\"potentialAction\":[{\"@type\":\"ReadAction\",\"target\":[\"https:\/\/martegaou.eldapps.com\/it\/\"]}]},{\"@type\":\"BreadcrumbList\",\"@id\":\"https:\/\/martegaou.eldapps.com\/it\/#breadcrumb\",\"itemListElement\":[{\"@type\":\"ListItem\",\"position\":1,\"name\":\"Camping Bouches-du-Rh\u00f4ne\",\"item\":\"https:\/\/martegaou.eldapps.com\/it\/\"},{\"@type\":\"ListItem\",\"position\":2,\"name\":\"Accueil\"}]},{\"@type\":\"WebSite\",\"@id\":\"https:\/\/martegaou.eldapps.com\/#website\",\"url\":\"https:\/\/martegaou.eldapps.com\/\",\"name\":\"Martegaou\",\"description\":\"\",\"publisher\":{\"@id\":\"https:\/\/martegaou.eldapps.com\/#organization\"},\"potentialAction\":[{\"@type\":\"SearchAction\",\"target\":{\"@type\":\"EntryPoint\",\"urlTemplate\":\"https:\/\/martegaou.eldapps.com\/?s={search_term_string}\"},\"query-input\":{\"@type\":\"PropertyValueSpecification\",\"valueRequired\":true,\"valueName\":\"search_term_string\"}}],\"inLanguage\":\"it-IT\"},{\"@type\":\"Organization\",\"@id\":\"https:\/\/martegaou.eldapps.com\/#organization\",\"name\":\"Ctoncamping\",\"url\":\"https:\/\/martegaou.eldapps.com\/\",\"logo\":{\"@type\":\"ImageObject\",\"inLanguage\":\"it-IT\",\"@id\":\"https:\/\/martegaou.eldapps.com\/#\/schema\/logo\/image\/\",\"url\":\"https:\/\/martegaou.eldapps.com\/wp-content\/uploads\/2022\/03\/logo-alt-ctoncamping.png\",\"contentUrl\":\"https:\/\/martegaou.eldapps.com\/wp-content\/uploads\/2022\/03\/logo-alt-ctoncamping.png\",\"width\":402,\"height\":72,\"caption\":\"Ctoncamping\"},\"image\":{\"@id\":\"https:\/\/martegaou.eldapps.com\/#\/schema\/logo\/image\/\"}}]}<\/script>\n<!-- \/ Yoast SEO plugin. -->","yoast_head_json":{"title":"Campeggi Bouches-du-Rh\u00f4ne | Ctoncamping Martigues | Touristra vacances","robots":{"index":"index","follow":"follow","max-snippet":"max-snippet:-1","max-image-preview":"max-image-preview:large","max-video-preview":"max-video-preview:-1"},"canonical":"https:\/\/martegaou.eldapps.com\/it\/","og_locale":"it_IT","og_type":"article","og_title":"Campeggi Bouches-du-Rh\u00f4ne | Ctoncamping Martigues | Touristra vacances","og_url":"https:\/\/martegaou.eldapps.com\/it\/","og_site_name":"Martegaou","article_modified_time":"2022-06-30T13:34:02+00:00","twitter_card":"summary_large_image","twitter_misc":{"Tempo di lettura stimato":"2 minuti"},"schema":{"@context":"https:\/\/schema.org","@graph":[{"@type":"WebPage","@id":"https:\/\/martegaou.eldapps.com\/it\/","url":"https:\/\/martegaou.eldapps.com\/it\/","name":"Campeggi Bouches-du-Rh\u00f4ne | Ctoncamping Martigues | Touristra vacances","isPartOf":{"@id":"https:\/\/martegaou.eldapps.com\/#website"},"datePublished":"2022-03-04T15:34:25+00:00","dateModified":"2022-06-30T13:34:02+00:00","breadcrumb":{"@id":"https:\/\/martegaou.eldapps.com\/it\/#breadcrumb"},"inLanguage":"it-IT","potentialAction":[{"@type":"ReadAction","target":["https:\/\/martegaou.eldapps.com\/it\/"]}]},{"@type":"BreadcrumbList","@id":"https:\/\/martegaou.eldapps.com\/it\/#breadcrumb","itemListElement":[{"@type":"ListItem","position":1,"name":"Camping Bouches-du-Rh\u00f4ne","item":"https:\/\/martegaou.eldapps.com\/it\/"},{"@type":"ListItem","position":2,"name":"Accueil"}]},{"@type":"WebSite","@id":"https:\/\/martegaou.eldapps.com\/#website","url":"https:\/\/martegaou.eldapps.com\/","name":"Martegaou","description":"","publisher":{"@id":"https:\/\/martegaou.eldapps.com\/#organization"},"potentialAction":[{"@type":"SearchAction","target":{"@type":"EntryPoint","urlTemplate":"https:\/\/martegaou.eldapps.com\/?s={search_term_string}"},"query-input":{"@type":"PropertyValueSpecification","valueRequired":true,"valueName":"search_term_string"}}],"inLanguage":"it-IT"},{"@type":"Organization","@id":"https:\/\/martegaou.eldapps.com\/#organization","name":"Ctoncamping","url":"https:\/\/martegaou.eldapps.com\/","logo":{"@type":"ImageObject","inLanguage":"it-IT","@id":"https:\/\/martegaou.eldapps.com\/#\/schema\/logo\/image\/","url":"https:\/\/martegaou.eldapps.com\/wp-content\/uploads\/2022\/03\/logo-alt-ctoncamping.png","contentUrl":"https:\/\/martegaou.eldapps.com\/wp-content\/uploads\/2022\/03\/logo-alt-ctoncamping.png","width":402,"height":72,"caption":"Ctoncamping"},"image":{"@id":"https:\/\/martegaou.eldapps.com\/#\/schema\/logo\/image\/"}}]}},"_links":{"self":[{"href":"https:\/\/martegaou.eldapps.com\/it\/wp-json\/wp\/v2\/pages\/6925","targetHints":{"allow":["GET"]}}],"collection":[{"href":"https:\/\/martegaou.eldapps.com\/it\/wp-json\/wp\/v2\/pages"}],"about":[{"href":"https:\/\/martegaou.eldapps.com\/it\/wp-json\/wp\/v2\/types\/page"}],"author":[{"embeddable":true,"href":"https:\/\/martegaou.eldapps.com\/it\/wp-json\/wp\/v2\/users\/1"}],"replies":[{"embeddable":true,"href":"https:\/\/martegaou.eldapps.com\/it\/wp-json\/wp\/v2\/comments?post=6925"}],"version-history":[{"count":0,"href":"https:\/\/martegaou.eldapps.com\/it\/wp-json\/wp\/v2\/pages\/6925\/revisions"}],"wp:attachment":[{"href":"https:\/\/martegaou.eldapps.com\/it\/wp-json\/wp\/v2\/media?parent=6925"}],"wp:term":[{"taxonomy":"sujet","embeddable":true,"href":"https:\/\/martegaou.eldapps.com\/it\/wp-json\/wp\/v2\/sujet?post=6925"}],"curies":[{"name":"wp","href":"https:\/\/api.w.org\/{rel}","templated":true}]}}