{"id":6865,"date":"2022-03-24T12:11:17","date_gmt":"2022-03-24T11:11:17","guid":{"rendered":"https:\/\/martegaou.eldapps.com\/campeggio-4-etoiles-martigues\/camping-qualite-martigues\/"},"modified":"2022-06-17T14:57:59","modified_gmt":"2022-06-17T12:57:59","slug":"campeggio-qualite-martigues","status":"publish","type":"page","link":"https:\/\/martegaou.eldapps.com\/it\/campeggio-4-etoiles-martigues\/campeggio-qualite-martigues\/","title":{"rendered":"Services &#8211; L&#8217;arquet"},"content":{"rendered":"<section id=\"ls-section-block_622f4e73b7892\" class=\"ls-section  page-one p-t-0 p-b-0\" >\r\n        <div class=\"container container--wide\">\r\n        \n\n<h1 class=\"ls__heading has-text-align-center has-color-1-color has-text-color wp-block-heading\">Campeggio familiare<br><mark style=\"background-color:rgba(0, 0, 0, 0)\" class=\"has-inline-color has-color-2-color\">a Martigues<\/mark><\/h1>\n\n\r\n    <\/div>\r\n<\/section>\n\n<section id=\"ls-section-block_622b51a7ef6b6\" class=\"ls-section  page-two p-t-0 has-background has-color-white-background-color\" >\r\n        <div class=\"container container--wide\">\r\n        \n\n<div class=\"wp-block-columns are-vertically-aligned-center is-layout-flex wp-container-core-columns-is-layout-9d6595d7 wp-block-columns-is-layout-flex\">\n<div class=\"wp-block-column is-vertically-aligned-center is-layout-flow wp-block-column-is-layout-flow\">\n<h2 class=\"ls-heading wp-block-heading\">La reception del campeggio<\/h2>\n\n\n\n<p class=\"ls-paragraph\">Vi accogliamo dal 1\u00b0 aprile al 2 ottobre.<br>Il nostro team della reception vi accoglie per un piacevole soggiorno e vi mette in contatto con i nostri partner che offrono una grande variet\u00e0 di attivit\u00e0 ed escursioni. I consigli dei nostri padroni di casa e delle nostre hostess saranno preziosi per una vacanza indimenticabile sulla C\u00f4te Bleue.<br><br>Durante il soggiorno avrete anche la possibilit\u00e0 di iscrivervi alle attivit\u00e0 del campeggio e di consultare i programmi di animazione e gli spettacoli.<br>Per qualsiasi ulteriore informazione, non esitate a contattarci, l&#8217;intero team \u00e8 a vostra disposizione per consigliarvi.<\/p>\n\n\n\n<h2 class=\"ls__heading m-t-6 wp-block-heading\">I nostri servizi<\/h2>\n\n\n\n<h3 class=\"ls__heading m-t-4 wp-block-heading\">Accesso al wifi<\/h3>\n\n\n\n<p class=\"ls-paragraph\">La connessione Wi-Fi \u00e8 gratuita e disponibile vicino alla reception.<\/p>\n<\/div>\n\n\n\n<div class=\"wp-block-column is-vertically-aligned-center column-description column-description__camping column-description__camping__arquet no-after animated fadeInRight delay-100ms slow is-layout-flow wp-block-column-is-layout-flow\">\n<figure class=\"wp-block-gallery has-nested-images columns-2 is-cropped img-page-interne wp-block-gallery-1 is-layout-flex wp-block-gallery-is-layout-flex\">\n<figure class=\"wp-block-image size-full\"><a href=\"https:\/\/martegaou.eldapps.com\/wp-content\/uploads\/2022\/03\/accueil-camping.jpg\"><img loading=\"lazy\" decoding=\"async\" width=\"768\" height=\"512\" data-id=\"5976\" src=\"https:\/\/martegaou.eldapps.com\/wp-content\/uploads\/2022\/03\/accueil-camping.jpg\" alt=\"services du camping\" class=\"wp-image-5976\" srcset=\"https:\/\/martegaou.eldapps.com\/wp-content\/uploads\/2022\/03\/accueil-camping.jpg 768w, https:\/\/martegaou.eldapps.com\/wp-content\/uploads\/2022\/03\/accueil-camping-300x200.jpg 300w\" sizes=\"auto, (max-width: 768px) 100vw, 768px\" \/><\/a><\/figure>\n\n\n\n<figure class=\"wp-block-image size-full\"><a href=\"https:\/\/martegaou.eldapps.com\/wp-content\/uploads\/2022\/03\/camping-martigues-familial.jpg\"><img loading=\"lazy\" decoding=\"async\" width=\"800\" height=\"533\" data-id=\"6092\" src=\"https:\/\/martegaou.eldapps.com\/wp-content\/uploads\/2022\/03\/camping-martigues-familial.jpg\" alt=\"camping martigues familial\" class=\"wp-image-6092\" srcset=\"https:\/\/martegaou.eldapps.com\/wp-content\/uploads\/2022\/03\/camping-martigues-familial.jpg 800w, https:\/\/martegaou.eldapps.com\/wp-content\/uploads\/2022\/03\/camping-martigues-familial-300x200.jpg 300w, https:\/\/martegaou.eldapps.com\/wp-content\/uploads\/2022\/03\/camping-martigues-familial-768x512.jpg 768w\" sizes=\"auto, (max-width: 800px) 100vw, 800px\" \/><\/a><\/figure>\n\n\n\n<figure class=\"wp-block-image size-full\"><a href=\"https:\/\/martegaou.eldapps.com\/wp-content\/uploads\/2022\/03\/camping-equipe-wifi.jpg\"><img loading=\"lazy\" decoding=\"async\" width=\"800\" height=\"533\" data-id=\"6096\" src=\"https:\/\/martegaou.eldapps.com\/wp-content\/uploads\/2022\/03\/camping-equipe-wifi.jpg\" alt=\"camping nature et famille\" class=\"wp-image-6096\" srcset=\"https:\/\/martegaou.eldapps.com\/wp-content\/uploads\/2022\/03\/camping-equipe-wifi.jpg 800w, https:\/\/martegaou.eldapps.com\/wp-content\/uploads\/2022\/03\/camping-equipe-wifi-300x200.jpg 300w, https:\/\/martegaou.eldapps.com\/wp-content\/uploads\/2022\/03\/camping-equipe-wifi-768x512.jpg 768w\" sizes=\"auto, (max-width: 800px) 100vw, 800px\" \/><\/a><\/figure>\n\n\n\n<figure class=\"wp-block-image size-full\"><a href=\"https:\/\/martegaou.eldapps.com\/wp-content\/uploads\/2022\/03\/acces-wifi-camping.jpg\"><img loading=\"lazy\" decoding=\"async\" width=\"800\" height=\"533\" data-id=\"6098\" src=\"https:\/\/martegaou.eldapps.com\/wp-content\/uploads\/2022\/03\/acces-wifi-camping.jpg\" alt=\"Acc\u00e8s au wifi gratuit\" class=\"wp-image-6098\" srcset=\"https:\/\/martegaou.eldapps.com\/wp-content\/uploads\/2022\/03\/acces-wifi-camping.jpg 800w, https:\/\/martegaou.eldapps.com\/wp-content\/uploads\/2022\/03\/acces-wifi-camping-300x200.jpg 300w, https:\/\/martegaou.eldapps.com\/wp-content\/uploads\/2022\/03\/acces-wifi-camping-768x512.jpg 768w\" sizes=\"auto, (max-width: 800px) 100vw, 800px\" \/><\/a><\/figure>\n<\/figure>\n<\/div>\n<\/div>\n\n\r\n    <\/div>\r\n<\/section>\n\n<section id=\"ls-section-block_622f504cb7894\" class=\"ls-section  page-two has-background has-color-3-background-color\" >\r\n        <div class=\"container container--wide\">\r\n        \n\n<div class=\"wp-block-columns are-vertically-aligned-center is-layout-flex wp-container-core-columns-is-layout-9d6595d7 wp-block-columns-is-layout-flex\">\n<div class=\"wp-block-column is-vertically-aligned-center column-description column-description__camping column-description__camping__arquet no-after animated fadeInLeft delay-100ms slow is-layout-flow wp-block-column-is-layout-flow\">\n<figure class=\"wp-block-gallery has-nested-images columns-2 is-cropped img-page-interne wp-block-gallery-2 is-layout-flex wp-block-gallery-is-layout-flex\">\n<figure class=\"wp-block-image size-full img-page-interne\"><a href=\"https:\/\/martegaou.eldapps.com\/wp-content\/uploads\/2022\/03\/depot-de-pain.jpg\"><img loading=\"lazy\" decoding=\"async\" width=\"800\" height=\"533\" data-id=\"6102\" src=\"https:\/\/martegaou.eldapps.com\/wp-content\/uploads\/2022\/03\/depot-de-pain.jpg\" alt=\"depot de pain frais\" class=\"wp-image-6102\" srcset=\"https:\/\/martegaou.eldapps.com\/wp-content\/uploads\/2022\/03\/depot-de-pain.jpg 800w, https:\/\/martegaou.eldapps.com\/wp-content\/uploads\/2022\/03\/depot-de-pain-300x200.jpg 300w, https:\/\/martegaou.eldapps.com\/wp-content\/uploads\/2022\/03\/depot-de-pain-768x512.jpg 768w\" sizes=\"auto, (max-width: 800px) 100vw, 800px\" \/><\/a><\/figure>\n\n\n\n<figure class=\"wp-block-image size-full\"><a href=\"https:\/\/martegaou.eldapps.com\/wp-content\/uploads\/2022\/04\/camping-depot-viennoisseries-martigues.jpg\"><img loading=\"lazy\" decoding=\"async\" width=\"800\" height=\"533\" data-id=\"6647\" src=\"https:\/\/martegaou.eldapps.com\/wp-content\/uploads\/2022\/04\/camping-depot-viennoisseries-martigues.jpg\" alt=\"camping depot viennoisseries martigues\" class=\"wp-image-6647\" srcset=\"https:\/\/martegaou.eldapps.com\/wp-content\/uploads\/2022\/04\/camping-depot-viennoisseries-martigues.jpg 800w, https:\/\/martegaou.eldapps.com\/wp-content\/uploads\/2022\/04\/camping-depot-viennoisseries-martigues-300x200.jpg 300w, https:\/\/martegaou.eldapps.com\/wp-content\/uploads\/2022\/04\/camping-depot-viennoisseries-martigues-768x512.jpg 768w\" sizes=\"auto, (max-width: 800px) 100vw, 800px\" \/><\/a><\/figure>\n\n\n\n<figure class=\"wp-block-image size-full\"><a href=\"https:\/\/martegaou.eldapps.com\/wp-content\/uploads\/2022\/03\/epicerie-proche-camping.jpg\"><img loading=\"lazy\" decoding=\"async\" width=\"800\" height=\"533\" data-id=\"6108\" src=\"https:\/\/martegaou.eldapps.com\/wp-content\/uploads\/2022\/03\/epicerie-proche-camping.jpg\" alt=\"epicerie proche du camping\" class=\"wp-image-6108\" srcset=\"https:\/\/martegaou.eldapps.com\/wp-content\/uploads\/2022\/03\/epicerie-proche-camping.jpg 800w, https:\/\/martegaou.eldapps.com\/wp-content\/uploads\/2022\/03\/epicerie-proche-camping-300x200.jpg 300w, https:\/\/martegaou.eldapps.com\/wp-content\/uploads\/2022\/03\/epicerie-proche-camping-768x512.jpg 768w\" sizes=\"auto, (max-width: 800px) 100vw, 800px\" \/><\/a><\/figure>\n\n\n\n<figure class=\"wp-block-image size-full\"><a href=\"https:\/\/martegaou.eldapps.com\/wp-content\/uploads\/2022\/03\/laverie-camping.jpg\"><img loading=\"lazy\" decoding=\"async\" width=\"800\" height=\"533\" data-id=\"6114\" src=\"https:\/\/martegaou.eldapps.com\/wp-content\/uploads\/2022\/03\/laverie-camping.jpg\" alt=\"Laverie disponible en vacances\" class=\"wp-image-6114\" srcset=\"https:\/\/martegaou.eldapps.com\/wp-content\/uploads\/2022\/03\/laverie-camping.jpg 800w, https:\/\/martegaou.eldapps.com\/wp-content\/uploads\/2022\/03\/laverie-camping-300x200.jpg 300w, https:\/\/martegaou.eldapps.com\/wp-content\/uploads\/2022\/03\/laverie-camping-768x512.jpg 768w\" sizes=\"auto, (max-width: 800px) 100vw, 800px\" \/><\/a><\/figure>\n<\/figure>\n<\/div>\n\n\n\n<div class=\"wp-block-column is-vertically-aligned-center is-layout-flow wp-block-column-is-layout-flow\">\n<h3 class=\"ls-heading wp-block-heading\">Lavanderia a gettoni<\/h3>\n\n\n\n<p class=\"ls-paragraph\">Il bucato \u00e8 ridotto al minimo, grazie alla lavanderia a gettoni che si trova all&#8217;interno del campeggio. Aperto dalle 7 alle 21, comprende lavatrici con detersivo integrato, asciugatrici e ferro e asse da stiro in prestito.<\/p>\n\n\n\n<h3 class=\"ls__heading m-t-6 wp-block-heading\">Il negozio di alimentari<\/h3>\n\n\n\n<p class=\"ls-paragraph\">Il negozio del campeggio \u00e8 aperto dalla fine di maggio alla fine di settembre, dove troverete una sezione alimentare, prodotti locali, articoli del Camping Paradis e prodotti per l&#8217;igiene.<\/p>\n\n\n\n<p class=\"ls-paragraph\">Ordinate anche il vostro pane e i vostri dolci per la colazione!<br>Il profumo del pane caldo e del caff\u00e8 appena alzati dal letto\u2026 Cosa c&#8217;\u00e8 di pi\u00f9 piacevole? Croissant, cioccolatini, pane\u2026 prenotate la vostra colazione il giorno prima alla reception o nel negozio del campeggio e venite a prenderli alle 8 del mattino.<br>Questo servizio \u00e8 disponibile da fine maggio a fine settembre.<\/p>\n\n\n\n<h3 class=\"ls__heading m-t-6 wp-block-heading\">Servizio d&#8217;asporto<\/h3>\n\n\n\n<p class=\"ls-paragraph\">Per evitare di passare il tempo in cucina, approfittate dei nostri servizi da asporto. Ordinate la vostra pizza al gusto mediterraneo al chiosco delle Terrasses de l&#8217;Arquet o il vostro pollo arrosto di fattoria cotto in loco nel girarrosto. Qualcosa che stuzzica il vostro palato e che potrete gustare direttamente nella vostra casa mobile, nella vostra piazzola o sulla spiaggia.<\/p>\n<\/div>\n<\/div>\n\n\r\n    <\/div>\r\n<\/section>\n\n<section id=\"ls-section-block_622f5091b7895\" class=\"ls-section  page-three  has-background-image has-parallax\" >\r\n    <div class=\"ls-section__background-image opacity-100\"><img decoding=\"async\" src=\"https:\/\/martegaou.eldapps.com\/wp-content\/uploads\/2022\/03\/camping-4-etoiles-martigues.jpg\" alt=\"camping 4 etoiles martigues\"><\/div>    <div class=\"container \">\r\n        \r\n    <\/div>\r\n<\/section>\n\n<section id=\"ls-section-block_6230725ede62d\" class=\"ls-section  page-four p-t-10 p-b-10 has-background has-color-3-background-color\" >\r\n        <div class=\"container container--wide\">\r\n        \n\n<div class=\"wp-block-columns is-layout-flex wp-container-core-columns-is-layout-9d6595d7 wp-block-columns-is-layout-flex\">\n<div class=\"wp-block-column is-layout-flow wp-block-column-is-layout-flow\">\n<h3 class=\"ls-heading wp-block-heading\">Prestito di attrezzature<\/h3>\n\n\n\n<p class=\"ls-paragraph\">Viaggiate con il vostro neonato? Possiamo prestarvi una culla e un seggiolone per il vostro <a href=\"\/it\/\">soggiorno al Ctoncamping<\/a>.<\/p>\n\n\n\n<p class=\"ls-paragraph\">\u00c8 inoltre possibile prendere in prestito un asciugacapelli, un ferro da stiro, una griglia, giochi da tavolo e racchette da ping pong. Un frigorifero e un televisore possono essere noleggiati tramite il nostro partner Durey Location.<\/p>\n<\/div>\n\n\n\n<div class=\"wp-block-column is-layout-flow wp-block-column-is-layout-flow\">\n<h3 class=\"ls-heading wp-block-heading\">Soggiornare in campeggio con i propri animali domestici<\/h3>\n\n\n\n<p class=\"ls-paragraph\">Il vostro animale domestico \u00e8 il benvenuto nella vostra vacanza in campeggio. \u00c8 ammesso un animale domestico per unit\u00e0 locativa o animali di 1a e 2a categoria e NAC. Anche il libretto delle vaccinazioni dell&#8217;animale deve essere aggiornato.<\/p>\n<\/div>\n<\/div>\n\n\r\n    <\/div>\r\n<\/section>\n\n<section id=\"ls-section-block_622f51c6b7896\" class=\"ls-section  bloc-cta-fin-page\" >\r\n        <div class=\"container container--wide\">\r\n        \n\n<div id=\"ls-heading ls-titre-div-block_622f5219b7897\" class=\"ls-titre-div aligncenter h2-like\" >\n    Trascorrere le vacanze al mare<\/div>\n\n\n\n<div class=\"wp-block-columns is-layout-flex wp-container-core-columns-is-layout-9d6595d7 wp-block-columns-is-layout-flex\">\n<div class=\"wp-block-column is-layout-flow wp-block-column-is-layout-flow\">\r\n<div id=\"ls-cta-block_62276ee6d5a28\" class=\"ls-cta\">  \r\n    \n\n<a href=\"https:\/\/martegaou.eldapps.com\/it\/campeggio-4-etoiles-martigues\/campeggio-piscina-martigues\/\" target=\"\" rel=\"noopener\" class=\"ls-cta__link\">\n\n\t<div class=\"ls-cta__image\"><img decoding=\"async\" src=\"https:\/\/martegaou.eldapps.com\/wp-content\/uploads\/2022\/03\/camping-martigues-familial-768x512.jpg\" alt=\"camping martigues familial\"><\/div>\n\t<div class=\"ls-cta__text\">\n\t\t<div class=\"ls-cta__title\">\n\t\t\tBagno\t\t<\/div>\n\n\t\t\t\t\t<div class=\"ls-cta__description\">\n\t\t\t\tScoprire\t\t\t<\/div>\n\t\t\t<\/div>\n\n<\/a><\/div><\/div>\n\n\n\n<div class=\"wp-block-column is-layout-flow wp-block-column-is-layout-flow\">\r\n<div id=\"ls-cta-block_6241c5cf4afcc\" class=\"ls-cta\">  \r\n    \n\n<a href=\"https:\/\/martegaou.eldapps.com\/it\/campeggio-4-etoiles-martigues\/campeggio-familiare-martigues\/\" target=\"\" rel=\"noopener\" class=\"ls-cta__link\">\n\n\t<div class=\"ls-cta__image\"><img decoding=\"async\" src=\"https:\/\/martegaou.eldapps.com\/wp-content\/uploads\/2022\/03\/animation-club-enfants-768x512.jpg\" alt=\"animation club enfants\"><\/div>\n\t<div class=\"ls-cta__text\">\n\t\t<div class=\"ls-cta__title\">\n\t\t\tattivit\u00e0\t\t<\/div>\n\n\t\t\t\t\t<div class=\"ls-cta__description\">\n\t\t\t\tScoprire\t\t\t<\/div>\n\t\t\t<\/div>\n\n<\/a><\/div><\/div>\n\n\n\n<div class=\"wp-block-column is-layout-flow wp-block-column-is-layout-flow\">\r\n<div id=\"ls-cta-block_6241c64b4afcd\" class=\"ls-cta\">  \r\n    \n\n<a href=\"https:\/\/martegaou.eldapps.com\/it\/campeggio-4-etoiles-martigues\/posizione-mobil-casa-martigues\/\" target=\"\" rel=\"noopener\" class=\"ls-cta__link\">\n\n\t<div class=\"ls-cta__image\"><img decoding=\"async\" src=\"https:\/\/martegaou.eldapps.com\/wp-content\/uploads\/2022\/03\/locations-mobil-home-768x512.jpg\" alt=\"locations mobil home\"><\/div>\n\t<div class=\"ls-cta__text\">\n\t\t<div class=\"ls-cta__title\">\n\t\t\tnoleggio\t\t<\/div>\n\n\t\t\t\t\t<div class=\"ls-cta__description\">\n\t\t\t\tScoprire\t\t\t<\/div>\n\t\t\t<\/div>\n\n<\/a><\/div><\/div>\n<\/div>\n\n\r\n    <\/div>\r\n<\/section>","protected":false},"excerpt":{"rendered":"","protected":false},"author":1,"featured_media":6090,"parent":6678,"menu_order":0,"comment_status":"closed","ping_status":"closed","template":"","meta":{"_acf_changed":false,"footnotes":""},"sujet":[],"class_list":["post-6865","page","type-page","status-publish","has-post-thumbnail","hentry"],"acf":[],"yoast_head":"<!-- This site is optimized with the Yoast SEO plugin v26.7 - https:\/\/yoast.com\/wordpress\/plugins\/seo\/ -->\n<title>Campeggio di qualit\u00e0 Martigues | Campeggio con wifi in Bouches-du-Rh\u00f4ne<\/title>\n<meta name=\"robots\" content=\"index, follow, max-snippet:-1, max-image-preview:large, max-video-preview:-1\" \/>\n<link rel=\"canonical\" href=\"https:\/\/martegaou.eldapps.com\/it\/campeggio-4-etoiles-martigues\/campeggio-qualite-martigues\/\" \/>\n<meta property=\"og:locale\" content=\"it_IT\" \/>\n<meta property=\"og:type\" content=\"article\" \/>\n<meta property=\"og:title\" content=\"Campeggio di qualit\u00e0 Martigues | Campeggio con wifi in Bouches-du-Rh\u00f4ne\" \/>\n<meta property=\"og:url\" content=\"https:\/\/martegaou.eldapps.com\/it\/campeggio-4-etoiles-martigues\/campeggio-qualite-martigues\/\" \/>\n<meta property=\"og:site_name\" content=\"Martegaou\" \/>\n<meta property=\"article:modified_time\" content=\"2022-06-17T12:57:59+00:00\" \/>\n<meta property=\"og:image\" content=\"https:\/\/martegaou.eldapps.com\/wp-content\/uploads\/2022\/03\/services-camping-1.jpg\" \/>\n\t<meta property=\"og:image:width\" content=\"1899\" \/>\n\t<meta property=\"og:image:height\" content=\"550\" \/>\n\t<meta property=\"og:image:type\" content=\"image\/jpeg\" \/>\n<meta name=\"twitter:card\" content=\"summary_large_image\" \/>\n<meta name=\"twitter:label1\" content=\"Tempo di lettura stimato\" \/>\n\t<meta name=\"twitter:data1\" content=\"4 minuti\" \/>\n<script type=\"application\/ld+json\" class=\"yoast-schema-graph\">{\"@context\":\"https:\/\/schema.org\",\"@graph\":[{\"@type\":\"WebPage\",\"@id\":\"https:\/\/martegaou.eldapps.com\/it\/campeggio-4-etoiles-martigues\/campeggio-qualite-martigues\/\",\"url\":\"https:\/\/martegaou.eldapps.com\/it\/campeggio-4-etoiles-martigues\/campeggio-qualite-martigues\/\",\"name\":\"Campeggio di qualit\u00e0 Martigues | Campeggio con wifi in Bouches-du-Rh\u00f4ne\",\"isPartOf\":{\"@id\":\"https:\/\/martegaou.eldapps.com\/#website\"},\"primaryImageOfPage\":{\"@id\":\"https:\/\/martegaou.eldapps.com\/it\/campeggio-4-etoiles-martigues\/campeggio-qualite-martigues\/#primaryimage\"},\"image\":{\"@id\":\"https:\/\/martegaou.eldapps.com\/it\/campeggio-4-etoiles-martigues\/campeggio-qualite-martigues\/#primaryimage\"},\"thumbnailUrl\":\"https:\/\/martegaou.eldapps.com\/wp-content\/uploads\/2022\/03\/services-camping-1.jpg\",\"datePublished\":\"2022-03-24T11:11:17+00:00\",\"dateModified\":\"2022-06-17T12:57:59+00:00\",\"breadcrumb\":{\"@id\":\"https:\/\/martegaou.eldapps.com\/it\/campeggio-4-etoiles-martigues\/campeggio-qualite-martigues\/#breadcrumb\"},\"inLanguage\":\"it-IT\",\"potentialAction\":[{\"@type\":\"ReadAction\",\"target\":[\"https:\/\/martegaou.eldapps.com\/it\/campeggio-4-etoiles-martigues\/campeggio-qualite-martigues\/\"]}]},{\"@type\":\"ImageObject\",\"inLanguage\":\"it-IT\",\"@id\":\"https:\/\/martegaou.eldapps.com\/it\/campeggio-4-etoiles-martigues\/campeggio-qualite-martigues\/#primaryimage\",\"url\":\"https:\/\/martegaou.eldapps.com\/wp-content\/uploads\/2022\/03\/services-camping-1.jpg\",\"contentUrl\":\"https:\/\/martegaou.eldapps.com\/wp-content\/uploads\/2022\/03\/services-camping-1.jpg\",\"width\":1899,\"height\":550,\"caption\":\"services camping\"},{\"@type\":\"BreadcrumbList\",\"@id\":\"https:\/\/martegaou.eldapps.com\/it\/campeggio-4-etoiles-martigues\/campeggio-qualite-martigues\/#breadcrumb\",\"itemListElement\":[{\"@type\":\"ListItem\",\"position\":1,\"name\":\"Camping Bouches-du-Rh\u00f4ne\",\"item\":\"https:\/\/martegaou.eldapps.com\/it\/\"},{\"@type\":\"ListItem\",\"position\":2,\"name\":\"Campeggio di qualit\u00e0 a Martigues\",\"item\":\"https:\/\/martegaou.eldapps.com\/it\/campeggio-4-etoiles-martigues\/\"},{\"@type\":\"ListItem\",\"position\":3,\"name\":\"Campeggio per famiglie a Martigues\"}]},{\"@type\":\"WebSite\",\"@id\":\"https:\/\/martegaou.eldapps.com\/#website\",\"url\":\"https:\/\/martegaou.eldapps.com\/\",\"name\":\"Martegaou\",\"description\":\"\",\"publisher\":{\"@id\":\"https:\/\/martegaou.eldapps.com\/#organization\"},\"potentialAction\":[{\"@type\":\"SearchAction\",\"target\":{\"@type\":\"EntryPoint\",\"urlTemplate\":\"https:\/\/martegaou.eldapps.com\/?s={search_term_string}\"},\"query-input\":{\"@type\":\"PropertyValueSpecification\",\"valueRequired\":true,\"valueName\":\"search_term_string\"}}],\"inLanguage\":\"it-IT\"},{\"@type\":\"Organization\",\"@id\":\"https:\/\/martegaou.eldapps.com\/#organization\",\"name\":\"Ctoncamping\",\"url\":\"https:\/\/martegaou.eldapps.com\/\",\"logo\":{\"@type\":\"ImageObject\",\"inLanguage\":\"it-IT\",\"@id\":\"https:\/\/martegaou.eldapps.com\/#\/schema\/logo\/image\/\",\"url\":\"https:\/\/martegaou.eldapps.com\/wp-content\/uploads\/2022\/03\/logo-alt-ctoncamping.png\",\"contentUrl\":\"https:\/\/martegaou.eldapps.com\/wp-content\/uploads\/2022\/03\/logo-alt-ctoncamping.png\",\"width\":402,\"height\":72,\"caption\":\"Ctoncamping\"},\"image\":{\"@id\":\"https:\/\/martegaou.eldapps.com\/#\/schema\/logo\/image\/\"}}]}<\/script>\n<!-- \/ Yoast SEO plugin. -->","yoast_head_json":{"title":"Campeggio di qualit\u00e0 Martigues | Campeggio con wifi in Bouches-du-Rh\u00f4ne","robots":{"index":"index","follow":"follow","max-snippet":"max-snippet:-1","max-image-preview":"max-image-preview:large","max-video-preview":"max-video-preview:-1"},"canonical":"https:\/\/martegaou.eldapps.com\/it\/campeggio-4-etoiles-martigues\/campeggio-qualite-martigues\/","og_locale":"it_IT","og_type":"article","og_title":"Campeggio di qualit\u00e0 Martigues | Campeggio con wifi in Bouches-du-Rh\u00f4ne","og_url":"https:\/\/martegaou.eldapps.com\/it\/campeggio-4-etoiles-martigues\/campeggio-qualite-martigues\/","og_site_name":"Martegaou","article_modified_time":"2022-06-17T12:57:59+00:00","og_image":[{"width":1899,"height":550,"url":"https:\/\/martegaou.eldapps.com\/wp-content\/uploads\/2022\/03\/services-camping-1.jpg","type":"image\/jpeg"}],"twitter_card":"summary_large_image","twitter_misc":{"Tempo di lettura stimato":"4 minuti"},"schema":{"@context":"https:\/\/schema.org","@graph":[{"@type":"WebPage","@id":"https:\/\/martegaou.eldapps.com\/it\/campeggio-4-etoiles-martigues\/campeggio-qualite-martigues\/","url":"https:\/\/martegaou.eldapps.com\/it\/campeggio-4-etoiles-martigues\/campeggio-qualite-martigues\/","name":"Campeggio di qualit\u00e0 Martigues | Campeggio con wifi in Bouches-du-Rh\u00f4ne","isPartOf":{"@id":"https:\/\/martegaou.eldapps.com\/#website"},"primaryImageOfPage":{"@id":"https:\/\/martegaou.eldapps.com\/it\/campeggio-4-etoiles-martigues\/campeggio-qualite-martigues\/#primaryimage"},"image":{"@id":"https:\/\/martegaou.eldapps.com\/it\/campeggio-4-etoiles-martigues\/campeggio-qualite-martigues\/#primaryimage"},"thumbnailUrl":"https:\/\/martegaou.eldapps.com\/wp-content\/uploads\/2022\/03\/services-camping-1.jpg","datePublished":"2022-03-24T11:11:17+00:00","dateModified":"2022-06-17T12:57:59+00:00","breadcrumb":{"@id":"https:\/\/martegaou.eldapps.com\/it\/campeggio-4-etoiles-martigues\/campeggio-qualite-martigues\/#breadcrumb"},"inLanguage":"it-IT","potentialAction":[{"@type":"ReadAction","target":["https:\/\/martegaou.eldapps.com\/it\/campeggio-4-etoiles-martigues\/campeggio-qualite-martigues\/"]}]},{"@type":"ImageObject","inLanguage":"it-IT","@id":"https:\/\/martegaou.eldapps.com\/it\/campeggio-4-etoiles-martigues\/campeggio-qualite-martigues\/#primaryimage","url":"https:\/\/martegaou.eldapps.com\/wp-content\/uploads\/2022\/03\/services-camping-1.jpg","contentUrl":"https:\/\/martegaou.eldapps.com\/wp-content\/uploads\/2022\/03\/services-camping-1.jpg","width":1899,"height":550,"caption":"services camping"},{"@type":"BreadcrumbList","@id":"https:\/\/martegaou.eldapps.com\/it\/campeggio-4-etoiles-martigues\/campeggio-qualite-martigues\/#breadcrumb","itemListElement":[{"@type":"ListItem","position":1,"name":"Camping Bouches-du-Rh\u00f4ne","item":"https:\/\/martegaou.eldapps.com\/it\/"},{"@type":"ListItem","position":2,"name":"Campeggio di qualit\u00e0 a Martigues","item":"https:\/\/martegaou.eldapps.com\/it\/campeggio-4-etoiles-martigues\/"},{"@type":"ListItem","position":3,"name":"Campeggio per famiglie a Martigues"}]},{"@type":"WebSite","@id":"https:\/\/martegaou.eldapps.com\/#website","url":"https:\/\/martegaou.eldapps.com\/","name":"Martegaou","description":"","publisher":{"@id":"https:\/\/martegaou.eldapps.com\/#organization"},"potentialAction":[{"@type":"SearchAction","target":{"@type":"EntryPoint","urlTemplate":"https:\/\/martegaou.eldapps.com\/?s={search_term_string}"},"query-input":{"@type":"PropertyValueSpecification","valueRequired":true,"valueName":"search_term_string"}}],"inLanguage":"it-IT"},{"@type":"Organization","@id":"https:\/\/martegaou.eldapps.com\/#organization","name":"Ctoncamping","url":"https:\/\/martegaou.eldapps.com\/","logo":{"@type":"ImageObject","inLanguage":"it-IT","@id":"https:\/\/martegaou.eldapps.com\/#\/schema\/logo\/image\/","url":"https:\/\/martegaou.eldapps.com\/wp-content\/uploads\/2022\/03\/logo-alt-ctoncamping.png","contentUrl":"https:\/\/martegaou.eldapps.com\/wp-content\/uploads\/2022\/03\/logo-alt-ctoncamping.png","width":402,"height":72,"caption":"Ctoncamping"},"image":{"@id":"https:\/\/martegaou.eldapps.com\/#\/schema\/logo\/image\/"}}]}},"_links":{"self":[{"href":"https:\/\/martegaou.eldapps.com\/it\/wp-json\/wp\/v2\/pages\/6865","targetHints":{"allow":["GET"]}}],"collection":[{"href":"https:\/\/martegaou.eldapps.com\/it\/wp-json\/wp\/v2\/pages"}],"about":[{"href":"https:\/\/martegaou.eldapps.com\/it\/wp-json\/wp\/v2\/types\/page"}],"author":[{"embeddable":true,"href":"https:\/\/martegaou.eldapps.com\/it\/wp-json\/wp\/v2\/users\/1"}],"replies":[{"embeddable":true,"href":"https:\/\/martegaou.eldapps.com\/it\/wp-json\/wp\/v2\/comments?post=6865"}],"version-history":[{"count":0,"href":"https:\/\/martegaou.eldapps.com\/it\/wp-json\/wp\/v2\/pages\/6865\/revisions"}],"up":[{"embeddable":true,"href":"https:\/\/martegaou.eldapps.com\/it\/wp-json\/wp\/v2\/pages\/6678"}],"wp:featuredmedia":[{"embeddable":true,"href":"https:\/\/martegaou.eldapps.com\/it\/wp-json\/wp\/v2\/media\/6090"}],"wp:attachment":[{"href":"https:\/\/martegaou.eldapps.com\/it\/wp-json\/wp\/v2\/media?parent=6865"}],"wp:term":[{"taxonomy":"sujet","embeddable":true,"href":"https:\/\/martegaou.eldapps.com\/it\/wp-json\/wp\/v2\/sujet?post=6865"}],"curies":[{"name":"wp","href":"https:\/\/api.w.org\/{rel}","templated":true}]}}