{"id":6852,"date":"2022-03-10T09:52:35","date_gmt":"2022-03-10T08:52:35","guid":{"rendered":"https:\/\/martegaou.eldapps.com\/campeggio-4-etoiles-martigues\/restaurant-martigues\/"},"modified":"2022-06-17T14:19:32","modified_gmt":"2022-06-17T12:19:32","slug":"ristorante-martigues","status":"publish","type":"page","link":"https:\/\/martegaou.eldapps.com\/it\/campeggio-4-etoiles-martigues\/ristorante-martigues\/","title":{"rendered":"Restaurant &#8211; l&#8217;arquet"},"content":{"rendered":"<section id=\"ls-section-block_623c3c45e1ca7\" class=\"ls-section  page-one p-t-0 p-b-0\" >\r\n        <div class=\"container container--wide\">\r\n        \n\n<h1 class=\"ls__heading has-text-align-center has-color-1-color has-text-color wp-block-heading\">Ristorante<br><mark style=\"background-color:rgba(0, 0, 0, 0)\" class=\"has-inline-color has-color-2-color\">Vicino a Martigues<\/mark><\/h1>\n\n\r\n    <\/div>\r\n<\/section>\n\n<section id=\"ls-section-block_622b51a7ef6b6\" class=\"ls-section  page-two p-t-0 has-background has-color-white-background-color\" >\r\n        <div class=\"container container--wide\">\r\n        \n\n<div class=\"wp-block-columns are-vertically-aligned-center is-layout-flex wp-container-core-columns-is-layout-9d6595d7 wp-block-columns-is-layout-flex\">\n<div class=\"wp-block-column is-vertically-aligned-center is-layout-flow wp-block-column-is-layout-flow\">\n<h2 class=\"ls-heading wp-block-heading\">Ristorante Les Terrasses de l&#8217;Arquet<\/h2>\n\n\n\n<p class=\"ls-paragraph\">Aperto da aprile a ottobre, venite a gustare un pranzo provenzale e vini locali a bordo piscina con vista sul grande blu. Una vista a 360\u00b0 vi attende sulla cappella di Sainte Croix, sull&#8217;isola d&#8217;Aragona o ancora su Marsigliaveyre.<\/p>\n\n\n\n<p class=\"ls-paragraph\">Pasti a tema, aperitivi, pizza e piatti \u00e0 la carte secondo i vostri desideri, per trascorrere un momento piacevole in un ambiente amichevole e di buon umore.<\/p>\n\n\n<div class=\"wp-block-image\">\n<figure class=\"aligncenter size-medium\"><img loading=\"lazy\" decoding=\"async\" width=\"300\" height=\"108\" src=\"https:\/\/martegaou.eldapps.com\/wp-content\/uploads\/2022\/04\/LOGO_TDA-300x108.png\" alt=\"logo tda\" class=\"wp-image-6722\" srcset=\"https:\/\/martegaou.eldapps.com\/wp-content\/uploads\/2022\/04\/LOGO_TDA-300x108.png 300w, https:\/\/martegaou.eldapps.com\/wp-content\/uploads\/2022\/04\/LOGO_TDA-1024x370.png 1024w, https:\/\/martegaou.eldapps.com\/wp-content\/uploads\/2022\/04\/LOGO_TDA-768x278.png 768w, https:\/\/martegaou.eldapps.com\/wp-content\/uploads\/2022\/04\/LOGO_TDA-1536x555.png 1536w, https:\/\/martegaou.eldapps.com\/wp-content\/uploads\/2022\/04\/LOGO_TDA-2048x741.png 2048w\" sizes=\"auto, (max-width: 300px) 100vw, 300px\" \/><\/figure>\n<\/div><\/div>\n\n\n\n<div class=\"wp-block-column is-vertically-aligned-center column-description column-description__camping column-description__camping__arquet no-after animated fadeInRight delay-100ms slow is-layout-flow wp-block-column-is-layout-flow\">\n<figure class=\"wp-block-gallery has-nested-images columns-2 is-cropped img-page-interne wp-block-gallery-1 is-layout-flex wp-block-gallery-is-layout-flex\">\n<figure class=\"wp-block-image size-full\"><a href=\"https:\/\/martegaou.eldapps.com\/wp-content\/uploads\/2022\/03\/plat-moule-restaurant.jpg\"><img loading=\"lazy\" decoding=\"async\" width=\"800\" height=\"533\" data-id=\"6118\" src=\"https:\/\/martegaou.eldapps.com\/wp-content\/uploads\/2022\/03\/plat-moule-restaurant.jpg\" alt=\"soir\u00e9e moule frites martigues\" class=\"wp-image-6118\" srcset=\"https:\/\/martegaou.eldapps.com\/wp-content\/uploads\/2022\/03\/plat-moule-restaurant.jpg 800w, https:\/\/martegaou.eldapps.com\/wp-content\/uploads\/2022\/03\/plat-moule-restaurant-300x200.jpg 300w, https:\/\/martegaou.eldapps.com\/wp-content\/uploads\/2022\/03\/plat-moule-restaurant-768x512.jpg 768w\" sizes=\"auto, (max-width: 800px) 100vw, 800px\" \/><\/a><\/figure>\n\n\n\n<figure class=\"wp-block-image size-full\"><a href=\"https:\/\/martegaou.eldapps.com\/wp-content\/uploads\/2022\/03\/terrasse-restaurant.jpg\"><img loading=\"lazy\" decoding=\"async\" width=\"800\" height=\"533\" data-id=\"6142\" src=\"https:\/\/martegaou.eldapps.com\/wp-content\/uploads\/2022\/03\/terrasse-restaurant.jpg\" alt=\"terrasse restaurant\" class=\"wp-image-6142\" srcset=\"https:\/\/martegaou.eldapps.com\/wp-content\/uploads\/2022\/03\/terrasse-restaurant.jpg 800w, https:\/\/martegaou.eldapps.com\/wp-content\/uploads\/2022\/03\/terrasse-restaurant-300x200.jpg 300w, https:\/\/martegaou.eldapps.com\/wp-content\/uploads\/2022\/03\/terrasse-restaurant-768x512.jpg 768w\" sizes=\"auto, (max-width: 800px) 100vw, 800px\" \/><\/a><\/figure>\n\n\n\n<figure class=\"wp-block-image size-full\"><a href=\"https:\/\/martegaou.eldapps.com\/wp-content\/uploads\/2022\/03\/apero-camping-restaurant.jpg\"><img loading=\"lazy\" decoding=\"async\" width=\"800\" height=\"533\" data-id=\"6130\" src=\"https:\/\/martegaou.eldapps.com\/wp-content\/uploads\/2022\/03\/apero-camping-restaurant.jpg\" alt=\"Ap\u00e9ritif restaurant du camping\" class=\"wp-image-6130\" srcset=\"https:\/\/martegaou.eldapps.com\/wp-content\/uploads\/2022\/03\/apero-camping-restaurant.jpg 800w, https:\/\/martegaou.eldapps.com\/wp-content\/uploads\/2022\/03\/apero-camping-restaurant-300x200.jpg 300w, https:\/\/martegaou.eldapps.com\/wp-content\/uploads\/2022\/03\/apero-camping-restaurant-768x512.jpg 768w\" sizes=\"auto, (max-width: 800px) 100vw, 800px\" \/><\/a><\/figure>\n\n\n\n<figure class=\"wp-block-image size-full\"><a href=\"https:\/\/martegaou.eldapps.com\/wp-content\/uploads\/2022\/03\/frites.jpg\"><img loading=\"lazy\" decoding=\"async\" width=\"800\" height=\"533\" data-id=\"6132\" src=\"https:\/\/martegaou.eldapps.com\/wp-content\/uploads\/2022\/03\/frites.jpg\" alt=\"camping avec animations moules frites\" class=\"wp-image-6132\" srcset=\"https:\/\/martegaou.eldapps.com\/wp-content\/uploads\/2022\/03\/frites.jpg 800w, https:\/\/martegaou.eldapps.com\/wp-content\/uploads\/2022\/03\/frites-300x200.jpg 300w, https:\/\/martegaou.eldapps.com\/wp-content\/uploads\/2022\/03\/frites-768x512.jpg 768w\" sizes=\"auto, (max-width: 800px) 100vw, 800px\" \/><\/a><\/figure>\n<\/figure>\n<\/div>\n<\/div>\n\n\r\n    <\/div>\r\n<\/section>\n\n<section id=\"ls-section-block_622f504cb7894\" class=\"ls-section  page-two has-background has-color-3-background-color has-text-color has-color-black-color\" >\r\n        <div class=\"container container--wide\">\r\n        \n\n<div class=\"wp-block-columns are-vertically-aligned-center is-layout-flex wp-container-core-columns-is-layout-9d6595d7 wp-block-columns-is-layout-flex\">\n<div class=\"wp-block-column is-vertically-aligned-center column-description column-description__camping column-description__camping__arquet no-after animated fadeInLeft delay-100ms slow is-layout-flow wp-block-column-is-layout-flow\">\n<figure class=\"wp-block-gallery has-nested-images columns-2 is-cropped img-page-interne wp-block-gallery-2 is-layout-flex wp-block-gallery-is-layout-flex\">\n<figure class=\"wp-block-image size-full img-page-interne\"><a href=\"https:\/\/martegaou.eldapps.com\/wp-content\/uploads\/2022\/03\/restaurant-vue-mer.jpg\"><img loading=\"lazy\" decoding=\"async\" width=\"800\" height=\"533\" data-id=\"6208\" src=\"https:\/\/martegaou.eldapps.com\/wp-content\/uploads\/2022\/03\/restaurant-vue-mer.jpg\" alt=\"restaurant avec vue\" class=\"wp-image-6208\" srcset=\"https:\/\/martegaou.eldapps.com\/wp-content\/uploads\/2022\/03\/restaurant-vue-mer.jpg 800w, https:\/\/martegaou.eldapps.com\/wp-content\/uploads\/2022\/03\/restaurant-vue-mer-300x200.jpg 300w, https:\/\/martegaou.eldapps.com\/wp-content\/uploads\/2022\/03\/restaurant-vue-mer-768x512.jpg 768w\" sizes=\"auto, (max-width: 800px) 100vw, 800px\" \/><\/a><\/figure>\n\n\n\n<figure class=\"wp-block-image size-full\"><a href=\"https:\/\/martegaou.eldapps.com\/wp-content\/uploads\/2022\/03\/restaurant-bar-camping.jpg\"><img loading=\"lazy\" decoding=\"async\" width=\"800\" height=\"533\" data-id=\"6210\" src=\"https:\/\/martegaou.eldapps.com\/wp-content\/uploads\/2022\/03\/restaurant-bar-camping.jpg\" alt=\"Restaurant avec terrasse\" class=\"wp-image-6210\" srcset=\"https:\/\/martegaou.eldapps.com\/wp-content\/uploads\/2022\/03\/restaurant-bar-camping.jpg 800w, https:\/\/martegaou.eldapps.com\/wp-content\/uploads\/2022\/03\/restaurant-bar-camping-300x200.jpg 300w, https:\/\/martegaou.eldapps.com\/wp-content\/uploads\/2022\/03\/restaurant-bar-camping-768x512.jpg 768w\" sizes=\"auto, (max-width: 800px) 100vw, 800px\" \/><\/a><\/figure>\n\n\n\n<figure class=\"wp-block-image size-large\"><a href=\"https:\/\/martegaou.eldapps.com\/wp-content\/uploads\/2022\/03\/boisson-soleil-camping.jpg\"><img loading=\"lazy\" decoding=\"async\" width=\"1024\" height=\"683\" data-id=\"6310\" src=\"https:\/\/martegaou.eldapps.com\/wp-content\/uploads\/2022\/03\/boisson-soleil-camping-1024x683.jpg\" alt=\"boisson soleil camping\" class=\"wp-image-6310\" srcset=\"https:\/\/martegaou.eldapps.com\/wp-content\/uploads\/2022\/03\/boisson-soleil-camping-1024x683.jpg 1024w, https:\/\/martegaou.eldapps.com\/wp-content\/uploads\/2022\/03\/boisson-soleil-camping-300x200.jpg 300w, https:\/\/martegaou.eldapps.com\/wp-content\/uploads\/2022\/03\/boisson-soleil-camping-768x512.jpg 768w, https:\/\/martegaou.eldapps.com\/wp-content\/uploads\/2022\/03\/boisson-soleil-camping.jpg 1200w\" sizes=\"auto, (max-width: 1024px) 100vw, 1024px\" \/><\/a><\/figure>\n\n\n\n<figure class=\"wp-block-image size-full\"><a href=\"https:\/\/martegaou.eldapps.com\/wp-content\/uploads\/2022\/04\/alcohol-1853327_640.jpg\"><img loading=\"lazy\" decoding=\"async\" width=\"640\" height=\"427\" data-id=\"6776\" src=\"https:\/\/martegaou.eldapps.com\/wp-content\/uploads\/2022\/04\/alcohol-1853327_640.jpg\" alt=\"aperitif\" class=\"wp-image-6776\" srcset=\"https:\/\/martegaou.eldapps.com\/wp-content\/uploads\/2022\/04\/alcohol-1853327_640.jpg 640w, https:\/\/martegaou.eldapps.com\/wp-content\/uploads\/2022\/04\/alcohol-1853327_640-300x200.jpg 300w\" sizes=\"auto, (max-width: 640px) 100vw, 640px\" \/><\/a><\/figure>\n<\/figure>\n<\/div>\n\n\n\n<div class=\"wp-block-column is-vertically-aligned-center is-layout-flow wp-block-column-is-layout-flow\">\n<h2 class=\"ls-heading wp-block-heading\">Il Tiki Bar<\/h2>\n\n\n\n<p class=\"ls-paragraph\">Scoprite il nostro concetto di cocktail bar e le tavole da aperitivo da condividere. Godetevi i nostri cocktail pi\u00f9 venduti, il moscow mule, il ma\u00efta\u00ef o il tiki.<\/p>\n\n\n\n<p class=\"ls-paragraph\">Il Tiki Bar \u00e8 aperto tutte le sere dal 1\u00b0 giugno al 31 agosto e dal venerd\u00ec sera alla domenica a pranzo dal 29 aprile e a settembre. I pasti in piedi e i barili vi permetteranno di godervi un momento con la famiglia o gli amici in un&#8217;atmosfera amichevole con una vista mozzafiato sul mare. Durante la stagione estiva, Le Tiki \u00e8 il luogo ideale per assistere a un concerto dal vivo. Scoprite il nostro ricco programma di spettacoli e concerti all&#8217;aperto.<\/p>\n\n\n<div class=\"wp-block-image\">\n<figure class=\"aligncenter size-medium is-resized\"><img loading=\"lazy\" decoding=\"async\" src=\"https:\/\/martegaou.eldapps.com\/wp-content\/uploads\/2022\/04\/LOGO_TIKI-BAR-234x300.png\" alt=\"tiki bar\" class=\"wp-image-6720\" width=\"150\" height=\"216\"\/><\/figure>\n<\/div><\/div>\n<\/div>\n\n\r\n    <\/div>\r\n<\/section>\n\n<section id=\"ls-section-block_622f5091b7895\" class=\"ls-section  page-three  has-background-image has-parallax\" >\r\n    <div class=\"ls-section__background-image opacity-100\"><img decoding=\"async\" src=\"https:\/\/martegaou.eldapps.com\/wp-content\/uploads\/2022\/03\/bar-coktail-camping.jpg\" alt=\"bar-cocktail-camping\"><\/div>    <div class=\"container \">\r\n        \r\n    <\/div>\r\n<\/section>\n\n<section id=\"ls-section-block_6230725ede62d\" class=\"ls-section  page-four p-t-10 p-b-10 has-background has-color-3-background-color\" >\r\n        <div class=\"container container--wide\">\r\n        \n\n<div class=\"wp-block-columns is-layout-flex wp-container-core-columns-is-layout-9d6595d7 wp-block-columns-is-layout-flex\">\n<div class=\"wp-block-column is-layout-flow wp-block-column-is-layout-flow\">\n<h2 class=\"ls-heading wp-block-heading\">Il chiosco delle pizze<\/h2>\n\n\n\n<p class=\"ls-paragraph\">Non avete tempo per cucinare? Volete godervi le vacanze invece di passare il tempo a preparare i pasti? Avete bisogno di mangiare in movimento?<\/p>\n\n\n\n<p class=\"ls-paragraph\">Sulle terrazze de L&#8217;<a href=\"\/it\/\">Arquet<\/a>, i vacanzieri che vi soggiornano hanno accesso al chiosco della pizza. Questa \u00e8 l&#8217;occasione per gustare una pizza da asporto e da condividere! Questo servizio vi semplifica la vita ogni sera, tranne il luned\u00ec. Da maggio a settembre.<\/p>\n<\/div>\n\n\n\n<div class=\"wp-block-column is-layout-flow wp-block-column-is-layout-flow\">\n<h2 class=\"ls-heading wp-block-heading\">Il vostro pollo arrosto da portare via<\/h2>\n\n\n\n<p class=\"ls-paragraph\">Questa \u00e8 una novit\u00e0 di quest&#8217;anno! Vi offriamo la possibilit\u00e0 di ordinare il vostro pollo ruspante da portare via, arrostito sul posto con un abbondante contorno di patate. Un modo semplice per gustare un pasto senza cucinare!<\/p>\n\n\n\n<p class=\"ls-paragraph\">Facile e veloce, recatevi alle <a href=\"\/it\/campeggio-4-etoiles-martigues\/\">Terrasses de l&#8217;Arquet<\/a> per ritirare il vostro ordine.<\/p>\n<\/div>\n<\/div>\n\n\r\n    <\/div>\r\n<\/section>\n\n<section id=\"ls-section-block_622f51c6b7896\" class=\"ls-section  bloc-cta-fin-page\" >\r\n        <div class=\"container container--wide\">\r\n        \n\n<div id=\"ls-heading ls-titre-div-block_622f5219b7897\" class=\"ls-titre-div aligncenter h2-like\" >\n    Pianificate il vostro seminario e godetevi il campeggio<\/div>\n\n\n\n<div class=\"wp-block-columns is-layout-flex wp-container-core-columns-is-layout-9d6595d7 wp-block-columns-is-layout-flex\">\n<div class=\"wp-block-column is-layout-flow wp-block-column-is-layout-flow\">\r\n<div id=\"ls-cta-block_62276ee6d5a28\" class=\"ls-cta\">  \r\n    \n\n<a href=\"\/it\/campeggio-evento-martigues\/\" target=\"\" rel=\"noopener\" class=\"ls-cta__link\">\n\n\t<div class=\"ls-cta__image\"><img decoding=\"async\" src=\"https:\/\/martegaou.eldapps.com\/wp-content\/uploads\/2022\/03\/locatif-groupe-bouches-du-rhone-1.jpg\" alt=\"locatif groupe bouches du rhone\"><\/div>\n\t<div class=\"ls-cta__text\">\n\t\t<div class=\"ls-cta__title\">\n\t\t\tSeminario\t\t<\/div>\n\n\t\t\t\t\t<div class=\"ls-cta__description\">\n\t\t\t\tScoprire\t\t\t<\/div>\n\t\t\t<\/div>\n\n<\/a><\/div><\/div>\n\n\n\n<div class=\"wp-block-column is-layout-flow wp-block-column-is-layout-flow\">\r\n<div id=\"ls-cta-block_6242f47cf7c9c\" class=\"ls-cta\">  \r\n    \n\n<a href=\"\/it\/campeggio-4-etoiles-martigues\/posizione-mobil-casa-martigues\/\" target=\"\" rel=\"noopener\" class=\"ls-cta__link\">\n\n\t<div class=\"ls-cta__image\"><img decoding=\"async\" src=\"https:\/\/martegaou.eldapps.com\/wp-content\/uploads\/2022\/03\/location-chalet-bouches-du-rhone.jpg\" alt=\"location chalet bouches du rhone\"><\/div>\n\t<div class=\"ls-cta__text\">\n\t\t<div class=\"ls-cta__title\">\n\t\t\tluoghi\t\t<\/div>\n\n\t\t\t\t\t<div class=\"ls-cta__description\">\n\t\t\t\tScoprire\t\t\t<\/div>\n\t\t\t<\/div>\n\n<\/a><\/div><\/div>\n\n\n\n<div class=\"wp-block-column is-layout-flow wp-block-column-is-layout-flow\">\r\n<div id=\"ls-cta-block_6242f4c9f7c9d\" class=\"ls-cta\">  \r\n    \n\n<a href=\"\/it\/campeggio-4-etoiles-martigues\/campeggio-familiare-martigues\/\" target=\"\" rel=\"noopener\" class=\"ls-cta__link\">\n\n\t<div class=\"ls-cta__image\"><img decoding=\"async\" src=\"https:\/\/martegaou.eldapps.com\/wp-content\/uploads\/2022\/03\/animation-club-enfants-768x512.jpg\" alt=\"animation club enfants\"><\/div>\n\t<div class=\"ls-cta__text\">\n\t\t<div class=\"ls-cta__title\">\n\t\t\tAnimations\t\t<\/div>\n\n\t\t\t\t\t<div class=\"ls-cta__description\">\n\t\t\t\tScoprire\t\t\t<\/div>\n\t\t\t<\/div>\n\n<\/a><\/div><\/div>\n<\/div>\n\n\r\n    <\/div>\r\n<\/section>","protected":false},"excerpt":{"rendered":"","protected":false},"author":1,"featured_media":6150,"parent":6678,"menu_order":0,"comment_status":"closed","ping_status":"closed","template":"","meta":{"_acf_changed":false,"footnotes":""},"sujet":[],"class_list":["post-6852","page","type-page","status-publish","has-post-thumbnail","hentry"],"acf":[],"yoast_head":"<!-- This site is optimized with the Yoast SEO plugin v26.7 - https:\/\/yoast.com\/wordpress\/plugins\/seo\/ -->\n<title>Ristorante vicino a Martigues | Cocktail bar nelle Bouches-du-Rh\u00f4ne<\/title>\n<meta name=\"robots\" content=\"index, follow, max-snippet:-1, max-image-preview:large, max-video-preview:-1\" \/>\n<link rel=\"canonical\" href=\"https:\/\/martegaou.eldapps.com\/it\/campeggio-4-etoiles-martigues\/ristorante-martigues\/\" \/>\n<meta property=\"og:locale\" content=\"it_IT\" \/>\n<meta property=\"og:type\" content=\"article\" \/>\n<meta property=\"og:title\" content=\"Ristorante vicino a Martigues | Cocktail bar nelle Bouches-du-Rh\u00f4ne\" \/>\n<meta property=\"og:url\" content=\"https:\/\/martegaou.eldapps.com\/it\/campeggio-4-etoiles-martigues\/ristorante-martigues\/\" \/>\n<meta property=\"og:site_name\" content=\"Martegaou\" \/>\n<meta property=\"article:modified_time\" content=\"2022-06-17T12:19:32+00:00\" \/>\n<meta property=\"og:image\" content=\"https:\/\/martegaou.eldapps.com\/wp-content\/uploads\/2022\/03\/restaurant-terrasse-vue-sur-mer.jpg\" \/>\n\t<meta property=\"og:image:width\" content=\"1899\" \/>\n\t<meta property=\"og:image:height\" content=\"550\" \/>\n\t<meta property=\"og:image:type\" content=\"image\/jpeg\" \/>\n<meta name=\"twitter:card\" content=\"summary_large_image\" \/>\n<meta name=\"twitter:label1\" content=\"Tempo di lettura stimato\" \/>\n\t<meta name=\"twitter:data1\" content=\"4 minuti\" \/>\n<script type=\"application\/ld+json\" class=\"yoast-schema-graph\">{\"@context\":\"https:\/\/schema.org\",\"@graph\":[{\"@type\":\"WebPage\",\"@id\":\"https:\/\/martegaou.eldapps.com\/it\/campeggio-4-etoiles-martigues\/ristorante-martigues\/\",\"url\":\"https:\/\/martegaou.eldapps.com\/it\/campeggio-4-etoiles-martigues\/ristorante-martigues\/\",\"name\":\"Ristorante vicino a Martigues | Cocktail bar nelle Bouches-du-Rh\u00f4ne\",\"isPartOf\":{\"@id\":\"https:\/\/martegaou.eldapps.com\/#website\"},\"primaryImageOfPage\":{\"@id\":\"https:\/\/martegaou.eldapps.com\/it\/campeggio-4-etoiles-martigues\/ristorante-martigues\/#primaryimage\"},\"image\":{\"@id\":\"https:\/\/martegaou.eldapps.com\/it\/campeggio-4-etoiles-martigues\/ristorante-martigues\/#primaryimage\"},\"thumbnailUrl\":\"https:\/\/martegaou.eldapps.com\/wp-content\/uploads\/2022\/03\/restaurant-terrasse-vue-sur-mer.jpg\",\"datePublished\":\"2022-03-10T08:52:35+00:00\",\"dateModified\":\"2022-06-17T12:19:32+00:00\",\"breadcrumb\":{\"@id\":\"https:\/\/martegaou.eldapps.com\/it\/campeggio-4-etoiles-martigues\/ristorante-martigues\/#breadcrumb\"},\"inLanguage\":\"it-IT\",\"potentialAction\":[{\"@type\":\"ReadAction\",\"target\":[\"https:\/\/martegaou.eldapps.com\/it\/campeggio-4-etoiles-martigues\/ristorante-martigues\/\"]}]},{\"@type\":\"ImageObject\",\"inLanguage\":\"it-IT\",\"@id\":\"https:\/\/martegaou.eldapps.com\/it\/campeggio-4-etoiles-martigues\/ristorante-martigues\/#primaryimage\",\"url\":\"https:\/\/martegaou.eldapps.com\/wp-content\/uploads\/2022\/03\/restaurant-terrasse-vue-sur-mer.jpg\",\"contentUrl\":\"https:\/\/martegaou.eldapps.com\/wp-content\/uploads\/2022\/03\/restaurant-terrasse-vue-sur-mer.jpg\",\"width\":1899,\"height\":550,\"caption\":\"restaurant terrasse vue sur mer\"},{\"@type\":\"BreadcrumbList\",\"@id\":\"https:\/\/martegaou.eldapps.com\/it\/campeggio-4-etoiles-martigues\/ristorante-martigues\/#breadcrumb\",\"itemListElement\":[{\"@type\":\"ListItem\",\"position\":1,\"name\":\"Camping Bouches-du-Rh\u00f4ne\",\"item\":\"https:\/\/martegaou.eldapps.com\/it\/\"},{\"@type\":\"ListItem\",\"position\":2,\"name\":\"Campeggio di qualit\u00e0 a Martigues\",\"item\":\"https:\/\/martegaou.eldapps.com\/it\/campeggio-4-etoiles-martigues\/\"},{\"@type\":\"ListItem\",\"position\":3,\"name\":\"Bar a Bouches-du-Rh\u00f4ne\"}]},{\"@type\":\"WebSite\",\"@id\":\"https:\/\/martegaou.eldapps.com\/#website\",\"url\":\"https:\/\/martegaou.eldapps.com\/\",\"name\":\"Martegaou\",\"description\":\"\",\"publisher\":{\"@id\":\"https:\/\/martegaou.eldapps.com\/#organization\"},\"potentialAction\":[{\"@type\":\"SearchAction\",\"target\":{\"@type\":\"EntryPoint\",\"urlTemplate\":\"https:\/\/martegaou.eldapps.com\/?s={search_term_string}\"},\"query-input\":{\"@type\":\"PropertyValueSpecification\",\"valueRequired\":true,\"valueName\":\"search_term_string\"}}],\"inLanguage\":\"it-IT\"},{\"@type\":\"Organization\",\"@id\":\"https:\/\/martegaou.eldapps.com\/#organization\",\"name\":\"Ctoncamping\",\"url\":\"https:\/\/martegaou.eldapps.com\/\",\"logo\":{\"@type\":\"ImageObject\",\"inLanguage\":\"it-IT\",\"@id\":\"https:\/\/martegaou.eldapps.com\/#\/schema\/logo\/image\/\",\"url\":\"https:\/\/martegaou.eldapps.com\/wp-content\/uploads\/2022\/03\/logo-alt-ctoncamping.png\",\"contentUrl\":\"https:\/\/martegaou.eldapps.com\/wp-content\/uploads\/2022\/03\/logo-alt-ctoncamping.png\",\"width\":402,\"height\":72,\"caption\":\"Ctoncamping\"},\"image\":{\"@id\":\"https:\/\/martegaou.eldapps.com\/#\/schema\/logo\/image\/\"}}]}<\/script>\n<!-- \/ Yoast SEO plugin. -->","yoast_head_json":{"title":"Ristorante vicino a Martigues | Cocktail bar nelle Bouches-du-Rh\u00f4ne","robots":{"index":"index","follow":"follow","max-snippet":"max-snippet:-1","max-image-preview":"max-image-preview:large","max-video-preview":"max-video-preview:-1"},"canonical":"https:\/\/martegaou.eldapps.com\/it\/campeggio-4-etoiles-martigues\/ristorante-martigues\/","og_locale":"it_IT","og_type":"article","og_title":"Ristorante vicino a Martigues | Cocktail bar nelle Bouches-du-Rh\u00f4ne","og_url":"https:\/\/martegaou.eldapps.com\/it\/campeggio-4-etoiles-martigues\/ristorante-martigues\/","og_site_name":"Martegaou","article_modified_time":"2022-06-17T12:19:32+00:00","og_image":[{"width":1899,"height":550,"url":"https:\/\/martegaou.eldapps.com\/wp-content\/uploads\/2022\/03\/restaurant-terrasse-vue-sur-mer.jpg","type":"image\/jpeg"}],"twitter_card":"summary_large_image","twitter_misc":{"Tempo di lettura stimato":"4 minuti"},"schema":{"@context":"https:\/\/schema.org","@graph":[{"@type":"WebPage","@id":"https:\/\/martegaou.eldapps.com\/it\/campeggio-4-etoiles-martigues\/ristorante-martigues\/","url":"https:\/\/martegaou.eldapps.com\/it\/campeggio-4-etoiles-martigues\/ristorante-martigues\/","name":"Ristorante vicino a Martigues | Cocktail bar nelle Bouches-du-Rh\u00f4ne","isPartOf":{"@id":"https:\/\/martegaou.eldapps.com\/#website"},"primaryImageOfPage":{"@id":"https:\/\/martegaou.eldapps.com\/it\/campeggio-4-etoiles-martigues\/ristorante-martigues\/#primaryimage"},"image":{"@id":"https:\/\/martegaou.eldapps.com\/it\/campeggio-4-etoiles-martigues\/ristorante-martigues\/#primaryimage"},"thumbnailUrl":"https:\/\/martegaou.eldapps.com\/wp-content\/uploads\/2022\/03\/restaurant-terrasse-vue-sur-mer.jpg","datePublished":"2022-03-10T08:52:35+00:00","dateModified":"2022-06-17T12:19:32+00:00","breadcrumb":{"@id":"https:\/\/martegaou.eldapps.com\/it\/campeggio-4-etoiles-martigues\/ristorante-martigues\/#breadcrumb"},"inLanguage":"it-IT","potentialAction":[{"@type":"ReadAction","target":["https:\/\/martegaou.eldapps.com\/it\/campeggio-4-etoiles-martigues\/ristorante-martigues\/"]}]},{"@type":"ImageObject","inLanguage":"it-IT","@id":"https:\/\/martegaou.eldapps.com\/it\/campeggio-4-etoiles-martigues\/ristorante-martigues\/#primaryimage","url":"https:\/\/martegaou.eldapps.com\/wp-content\/uploads\/2022\/03\/restaurant-terrasse-vue-sur-mer.jpg","contentUrl":"https:\/\/martegaou.eldapps.com\/wp-content\/uploads\/2022\/03\/restaurant-terrasse-vue-sur-mer.jpg","width":1899,"height":550,"caption":"restaurant terrasse vue sur mer"},{"@type":"BreadcrumbList","@id":"https:\/\/martegaou.eldapps.com\/it\/campeggio-4-etoiles-martigues\/ristorante-martigues\/#breadcrumb","itemListElement":[{"@type":"ListItem","position":1,"name":"Camping Bouches-du-Rh\u00f4ne","item":"https:\/\/martegaou.eldapps.com\/it\/"},{"@type":"ListItem","position":2,"name":"Campeggio di qualit\u00e0 a Martigues","item":"https:\/\/martegaou.eldapps.com\/it\/campeggio-4-etoiles-martigues\/"},{"@type":"ListItem","position":3,"name":"Bar a Bouches-du-Rh\u00f4ne"}]},{"@type":"WebSite","@id":"https:\/\/martegaou.eldapps.com\/#website","url":"https:\/\/martegaou.eldapps.com\/","name":"Martegaou","description":"","publisher":{"@id":"https:\/\/martegaou.eldapps.com\/#organization"},"potentialAction":[{"@type":"SearchAction","target":{"@type":"EntryPoint","urlTemplate":"https:\/\/martegaou.eldapps.com\/?s={search_term_string}"},"query-input":{"@type":"PropertyValueSpecification","valueRequired":true,"valueName":"search_term_string"}}],"inLanguage":"it-IT"},{"@type":"Organization","@id":"https:\/\/martegaou.eldapps.com\/#organization","name":"Ctoncamping","url":"https:\/\/martegaou.eldapps.com\/","logo":{"@type":"ImageObject","inLanguage":"it-IT","@id":"https:\/\/martegaou.eldapps.com\/#\/schema\/logo\/image\/","url":"https:\/\/martegaou.eldapps.com\/wp-content\/uploads\/2022\/03\/logo-alt-ctoncamping.png","contentUrl":"https:\/\/martegaou.eldapps.com\/wp-content\/uploads\/2022\/03\/logo-alt-ctoncamping.png","width":402,"height":72,"caption":"Ctoncamping"},"image":{"@id":"https:\/\/martegaou.eldapps.com\/#\/schema\/logo\/image\/"}}]}},"_links":{"self":[{"href":"https:\/\/martegaou.eldapps.com\/it\/wp-json\/wp\/v2\/pages\/6852","targetHints":{"allow":["GET"]}}],"collection":[{"href":"https:\/\/martegaou.eldapps.com\/it\/wp-json\/wp\/v2\/pages"}],"about":[{"href":"https:\/\/martegaou.eldapps.com\/it\/wp-json\/wp\/v2\/types\/page"}],"author":[{"embeddable":true,"href":"https:\/\/martegaou.eldapps.com\/it\/wp-json\/wp\/v2\/users\/1"}],"replies":[{"embeddable":true,"href":"https:\/\/martegaou.eldapps.com\/it\/wp-json\/wp\/v2\/comments?post=6852"}],"version-history":[{"count":0,"href":"https:\/\/martegaou.eldapps.com\/it\/wp-json\/wp\/v2\/pages\/6852\/revisions"}],"up":[{"embeddable":true,"href":"https:\/\/martegaou.eldapps.com\/it\/wp-json\/wp\/v2\/pages\/6678"}],"wp:featuredmedia":[{"embeddable":true,"href":"https:\/\/martegaou.eldapps.com\/it\/wp-json\/wp\/v2\/media\/6150"}],"wp:attachment":[{"href":"https:\/\/martegaou.eldapps.com\/it\/wp-json\/wp\/v2\/media?parent=6852"}],"wp:term":[{"taxonomy":"sujet","embeddable":true,"href":"https:\/\/martegaou.eldapps.com\/it\/wp-json\/wp\/v2\/sujet?post=6852"}],"curies":[{"name":"wp","href":"https:\/\/api.w.org\/{rel}","templated":true}]}}