{"id":6846,"date":"2022-03-24T12:17:52","date_gmt":"2022-03-24T11:17:52","guid":{"rendered":"https:\/\/martegaou.eldapps.com\/campeggio-4-etoiles-martigues\/camping-piscine-martigues\/"},"modified":"2022-06-16T16:09:46","modified_gmt":"2022-06-16T14:09:46","slug":"campeggio-piscina-martigues","status":"publish","type":"page","link":"https:\/\/martegaou.eldapps.com\/it\/campeggio-4-etoiles-martigues\/campeggio-piscina-martigues\/","title":{"rendered":"Espace aquatique &#038; bien \u00eatre &#8211; l&#8217;arquet"},"content":{"rendered":"<section id=\"ls-section-block_622f4e73b7892\" class=\"ls-section  page-one p-t-0 p-b-0\" >\r\n        <div class=\"container container--wide\">\r\n        \n\n<h1 class=\"ls__heading has-text-align-center has-color-1-color has-text-color wp-block-heading\">Campeggio con piscina a sfioro<br><mark style=\"background-color:rgba(0, 0, 0, 0)\" class=\"has-inline-color has-color-2-color\">e vista panoramica<\/mark><\/h1>\n\n\r\n    <\/div>\r\n<\/section>\n\n<section id=\"ls-section-block_622b51a7ef6b6\" class=\"ls-section  page-two p-t-0 has-background has-color-white-background-color\" >\r\n        <div class=\"container container--wide\">\r\n        \n\n<div class=\"wp-block-columns are-vertically-aligned-center is-layout-flex wp-container-core-columns-is-layout-9d6595d7 wp-block-columns-is-layout-flex\">\n<div class=\"wp-block-column is-vertically-aligned-center is-layout-flow wp-block-column-is-layout-flow\">\n<h2 class=\"ls-heading wp-block-heading\">Scoprite la nostra piscina<\/h2>\n\n\n\n<p class=\"ls-paragraph\">Rilassatevi in piscina a L&#8217;<a href=\"https:\/\/martegaou.eldapps.com\/it\/campeggio-4-etoiles-martigues\/\">Arquet<\/a>, vicino a Martigues, sulla C\u00f4te Bleue. Godetevi un momento fuori dal tempo in un ambiente eccezionale.<\/p>\n\n\n\n<p class=\"ls-paragraph\">Durante il soggiorno in campeggio potrete godere di una magnifica piscina a sfioro di 560 m\u00b2 con un&#8217;incredibile vista panoramica sul mare. L&#8217;acqua \u00e8 riscaldata naturalmente ed \u00e8 la temperatura perfetta per mantenere il fresco in estate.<\/p>\n\n\n\n<p class=\"ls-paragraph\">L&#8217;area acquatica \u00e8 sorvegliata durante il periodo estivo, in luglio e agosto. Al campeggio vengono organizzate numerose attivit\u00e0: attivit\u00e0, festa in piscina, iniziazione alle immersioni, ecc.<\/p>\n<\/div>\n\n\n\n<div class=\"wp-block-column is-vertically-aligned-center column-description column-description__camping column-description__camping__arquet no-after animated fadeInRight delay-100ms slow is-layout-flow wp-block-column-is-layout-flow\">\n<figure class=\"wp-block-gallery has-nested-images columns-2 is-cropped img-page-interne wp-block-gallery-1 is-layout-flex wp-block-gallery-is-layout-flex\">\n<figure class=\"wp-block-image size-full\"><a href=\"https:\/\/martegaou.eldapps.com\/wp-content\/uploads\/2022\/04\/piscine-pataugeoire.jpg\"><img loading=\"lazy\" decoding=\"async\" width=\"800\" height=\"533\" data-id=\"6322\" src=\"https:\/\/martegaou.eldapps.com\/wp-content\/uploads\/2022\/04\/piscine-pataugeoire.jpg\" alt=\"piscine avec pataugeoire\" class=\"wp-image-6322\" srcset=\"https:\/\/martegaou.eldapps.com\/wp-content\/uploads\/2022\/04\/piscine-pataugeoire.jpg 800w, https:\/\/martegaou.eldapps.com\/wp-content\/uploads\/2022\/04\/piscine-pataugeoire-300x200.jpg 300w, https:\/\/martegaou.eldapps.com\/wp-content\/uploads\/2022\/04\/piscine-pataugeoire-768x512.jpg 768w\" sizes=\"auto, (max-width: 800px) 100vw, 800px\" \/><\/a><\/figure>\n\n\n\n<figure class=\"wp-block-image size-full\"><a href=\"https:\/\/martegaou.eldapps.com\/wp-content\/uploads\/2022\/04\/piscine-grandi-bassin.jpg\"><img loading=\"lazy\" decoding=\"async\" width=\"800\" height=\"533\" data-id=\"6324\" src=\"https:\/\/martegaou.eldapps.com\/wp-content\/uploads\/2022\/04\/piscine-grandi-bassin.jpg\" alt=\"grand bassin de la piscine\" class=\"wp-image-6324\" srcset=\"https:\/\/martegaou.eldapps.com\/wp-content\/uploads\/2022\/04\/piscine-grandi-bassin.jpg 800w, https:\/\/martegaou.eldapps.com\/wp-content\/uploads\/2022\/04\/piscine-grandi-bassin-300x200.jpg 300w, https:\/\/martegaou.eldapps.com\/wp-content\/uploads\/2022\/04\/piscine-grandi-bassin-768x512.jpg 768w\" sizes=\"auto, (max-width: 800px) 100vw, 800px\" \/><\/a><\/figure>\n\n\n\n<figure class=\"wp-block-image size-full\"><a href=\"https:\/\/martegaou.eldapps.com\/wp-content\/uploads\/2022\/04\/pool-party-martiques.jpg\"><img loading=\"lazy\" decoding=\"async\" width=\"800\" height=\"533\" data-id=\"6320\" src=\"https:\/\/martegaou.eldapps.com\/wp-content\/uploads\/2022\/04\/pool-party-martiques.jpg\" alt=\"Pool party pour petits et grands\" class=\"wp-image-6320\" srcset=\"https:\/\/martegaou.eldapps.com\/wp-content\/uploads\/2022\/04\/pool-party-martiques.jpg 800w, https:\/\/martegaou.eldapps.com\/wp-content\/uploads\/2022\/04\/pool-party-martiques-300x200.jpg 300w, https:\/\/martegaou.eldapps.com\/wp-content\/uploads\/2022\/04\/pool-party-martiques-768x512.jpg 768w\" sizes=\"auto, (max-width: 800px) 100vw, 800px\" \/><\/a><\/figure>\n\n\n\n<figure class=\"wp-block-image size-full\"><a href=\"https:\/\/martegaou.eldapps.com\/wp-content\/uploads\/2022\/04\/parc-aquatique-bouche-du-rhone.jpg\"><img loading=\"lazy\" decoding=\"async\" width=\"800\" height=\"533\" data-id=\"6312\" src=\"https:\/\/martegaou.eldapps.com\/wp-content\/uploads\/2022\/04\/parc-aquatique-bouche-du-rhone.jpg\" alt=\"pool party \u00e0 Martigues\" class=\"wp-image-6312\" srcset=\"https:\/\/martegaou.eldapps.com\/wp-content\/uploads\/2022\/04\/parc-aquatique-bouche-du-rhone.jpg 800w, https:\/\/martegaou.eldapps.com\/wp-content\/uploads\/2022\/04\/parc-aquatique-bouche-du-rhone-300x200.jpg 300w, https:\/\/martegaou.eldapps.com\/wp-content\/uploads\/2022\/04\/parc-aquatique-bouche-du-rhone-768x512.jpg 768w\" sizes=\"auto, (max-width: 800px) 100vw, 800px\" \/><\/a><\/figure>\n<\/figure>\n<\/div>\n<\/div>\n\n\r\n    <\/div>\r\n<\/section>\n\n<section id=\"ls-section-block_622f504cb7894\" class=\"ls-section  page-two has-background has-color-3-background-color\" >\r\n        <div class=\"container container--wide\">\r\n        \n\n<div class=\"wp-block-columns are-vertically-aligned-center is-layout-flex wp-container-core-columns-is-layout-9d6595d7 wp-block-columns-is-layout-flex\">\n<div class=\"wp-block-column is-vertically-aligned-center column-description column-description__camping column-description__camping__arquet no-after animated fadeInLeft delay-100ms slow is-layout-flow wp-block-column-is-layout-flow\">\n<figure class=\"wp-block-gallery has-nested-images columns-2 is-cropped img-page-interne wp-block-gallery-2 is-layout-flex wp-block-gallery-is-layout-flex\">\n<figure class=\"wp-block-image size-full img-page-interne\"><a href=\"https:\/\/martegaou.eldapps.com\/wp-content\/uploads\/2022\/04\/bain-enfant-piscine.jpg\"><img loading=\"lazy\" decoding=\"async\" width=\"800\" height=\"533\" data-id=\"6314\" src=\"https:\/\/martegaou.eldapps.com\/wp-content\/uploads\/2022\/04\/bain-enfant-piscine.jpg\" alt=\"Pataugeoire pour les enfants\" class=\"wp-image-6314\" srcset=\"https:\/\/martegaou.eldapps.com\/wp-content\/uploads\/2022\/04\/bain-enfant-piscine.jpg 800w, https:\/\/martegaou.eldapps.com\/wp-content\/uploads\/2022\/04\/bain-enfant-piscine-300x200.jpg 300w, https:\/\/martegaou.eldapps.com\/wp-content\/uploads\/2022\/04\/bain-enfant-piscine-768x512.jpg 768w\" sizes=\"auto, (max-width: 800px) 100vw, 800px\" \/><\/a><\/figure>\n\n\n\n<figure class=\"wp-block-image size-full\"><a href=\"https:\/\/martegaou.eldapps.com\/wp-content\/uploads\/2022\/04\/piscine-vue-mer.jpg\"><img loading=\"lazy\" decoding=\"async\" width=\"800\" height=\"533\" data-id=\"6318\" src=\"https:\/\/martegaou.eldapps.com\/wp-content\/uploads\/2022\/04\/piscine-vue-mer.jpg\" alt=\"Camping avec piscine et vue sur la mer\" class=\"wp-image-6318\" srcset=\"https:\/\/martegaou.eldapps.com\/wp-content\/uploads\/2022\/04\/piscine-vue-mer.jpg 800w, https:\/\/martegaou.eldapps.com\/wp-content\/uploads\/2022\/04\/piscine-vue-mer-300x200.jpg 300w, https:\/\/martegaou.eldapps.com\/wp-content\/uploads\/2022\/04\/piscine-vue-mer-768x512.jpg 768w\" sizes=\"auto, (max-width: 800px) 100vw, 800px\" \/><\/a><\/figure>\n\n\n\n<figure class=\"wp-block-image size-large\"><a href=\"https:\/\/martegaou.eldapps.com\/wp-content\/uploads\/2022\/03\/camping-pataugeoire-enfants-martigues-1024x683.jpg\"><img loading=\"lazy\" decoding=\"async\" width=\"1024\" height=\"683\" data-id=\"5968\" src=\"https:\/\/martegaou.eldapps.com\/wp-content\/uploads\/2022\/03\/camping-pataugeoire-enfants-martigues-1024x683.jpg\" alt=\"camping pataugeoire enfants martigues\" class=\"wp-image-5968\" srcset=\"https:\/\/martegaou.eldapps.com\/wp-content\/uploads\/2022\/03\/camping-pataugeoire-enfants-martigues-1024x683.jpg 1024w, https:\/\/martegaou.eldapps.com\/wp-content\/uploads\/2022\/03\/camping-pataugeoire-enfants-martigues-300x200.jpg 300w, https:\/\/martegaou.eldapps.com\/wp-content\/uploads\/2022\/03\/camping-pataugeoire-enfants-martigues-768x512.jpg 768w, https:\/\/martegaou.eldapps.com\/wp-content\/uploads\/2022\/03\/camping-pataugeoire-enfants-martigues.jpg 1200w\" sizes=\"auto, (max-width: 1024px) 100vw, 1024px\" \/><\/a><\/figure>\n\n\n\n<figure class=\"wp-block-image size-full\"><a href=\"https:\/\/martegaou.eldapps.com\/wp-content\/uploads\/2022\/04\/pataugeoire-camping.jpg\"><img loading=\"lazy\" decoding=\"async\" width=\"800\" height=\"533\" data-id=\"6316\" src=\"https:\/\/martegaou.eldapps.com\/wp-content\/uploads\/2022\/04\/pataugeoire-camping.jpg\" alt=\"Camping avec piscine pour tous\" class=\"wp-image-6316\" srcset=\"https:\/\/martegaou.eldapps.com\/wp-content\/uploads\/2022\/04\/pataugeoire-camping.jpg 800w, https:\/\/martegaou.eldapps.com\/wp-content\/uploads\/2022\/04\/pataugeoire-camping-300x200.jpg 300w, https:\/\/martegaou.eldapps.com\/wp-content\/uploads\/2022\/04\/pataugeoire-camping-768x512.jpg 768w\" sizes=\"auto, (max-width: 800px) 100vw, 800px\" \/><\/a><\/figure>\n<\/figure>\n<\/div>\n\n\n\n<div class=\"wp-block-column is-vertically-aligned-center is-layout-flow wp-block-column-is-layout-flow\">\n<h2 class=\"ls-heading wp-block-heading\">Area nuoto<\/h2>\n\n\n\n<p class=\"ls-paragraph\">Le nostre strutture sono ideali per le vostre vacanze in famiglia con bambini piccoli.<br>Ritrovo nella grande piscina per partecipare a tutte le attivit\u00e0 acquatiche proposte dal nostro team di animazione nei mesi di luglio e agosto.<br>Rilassatevi nel bagno turco e godetevi la vista non appena la piscina viene aperta al mattino, prima di rilassarvi al sole.<br>Per i pi\u00f9 piccoli, la piscina per bambini sar\u00e0 il parco giochi ideale per godersi le vacanze.<\/p>\n<\/div>\n<\/div>\n\n\r\n    <\/div>\r\n<\/section>\n\n<section id=\"ls-section-block_622f5091b7895\" class=\"ls-section  page-three  has-background-image has-parallax\" >\r\n    <div class=\"ls-section__background-image opacity-100\"><img decoding=\"async\" src=\"https:\/\/martegaou.eldapps.com\/wp-content\/uploads\/2022\/03\/camping-bains-de-soleil-piscine-martigues.jpg\" alt=\"camping bains de soleil piscine martigues\"><\/div>    <div class=\"container \">\r\n        \r\n    <\/div>\r\n<\/section>\n\n<section id=\"ls-section-block_6230725ede62d\" class=\"ls-section  page-four p-t-10 p-b-10 has-background has-color-3-background-color\" >\r\n        <div class=\"container container--wide\">\r\n        \n\n<div class=\"wp-block-columns is-layout-flex wp-container-core-columns-is-layout-9d6595d7 wp-block-columns-is-layout-flex\">\n<div class=\"wp-block-column is-layout-flow wp-block-column-is-layout-flow\">\n<h2 class=\"ls-heading wp-block-heading\">Prendere il sole in piscina<\/h2>\n\n\n\n<p class=\"ls-paragraph\">A bordo piscina sono disponibili sedie a sdraio e ombrelloni. Approfittate dei vostri momenti di relax per perfezionare l&#8217;abbronzatura e godervi il vostro soggiorno sotto il sole del sud.<\/p>\n\n\n\n<p class=\"ls-paragraph\">L&#8217;area acquatica del <a href=\"\/it\/\">Ctoncamping di Martigues<\/a> \u00e8 interamente pensata per il benessere di tutta la famiglia: grande piscina, vasca per bambini e idromassaggio, ognuno trover\u00e0 l&#8217;attivit\u00e0 che fa per lui.<\/p>\n\n\n\n<p class=\"ls-paragraph\"><strong>Rilassarsi, prendere il sole o giocare in acqua: potete scegliere il vostro momento ideale per godervi il sole o rinfrescarvi.<\/strong><\/p>\n<\/div>\n\n\n\n<div class=\"wp-block-column is-layout-flow wp-block-column-is-layout-flow\">\n<h2 class=\"ls-heading wp-block-heading\">Imparare a immergersi nel Mediterraneo<\/h2>\n\n\n\n<p class=\"ls-paragraph\">Questa \u00e8 un&#8217;attivit\u00e0 tipica della regione! In effetti, l&#8217;immersione subacquea susciter\u00e0 sicuramente la vostra curiosit\u00e0. Recatevi alla piscina Arquet per un&#8217;introduzione alle immersioni con Gilles e il suo team per familiarizzare con l&#8217;attrezzatura.<\/p>\n\n\n\n<p class=\"ls-paragraph\">Se vi piace questa attivit\u00e0, il nostro partner Plein Bleu Plong\u00e9e sar\u00e0 lieto di accompagnarvi in una prima immersione alla scoperta della fauna del mare blu profondo.<\/p>\n<\/div>\n<\/div>\n\n\r\n    <\/div>\r\n<\/section>\n\n<section id=\"ls-section-block_622f51c6b7896\" class=\"ls-section  bloc-cta-fin-page\" >\r\n        <div class=\"container container--wide\">\r\n        \n\n<div id=\"ls-heading ls-titre-div-block_622f5219b7897\" class=\"ls-titre-div aligncenter h2-like\" >\n    Godetevi il campeggio con la vostra famiglia<\/div>\n\n\n\n<div class=\"wp-block-columns is-layout-flex wp-container-core-columns-is-layout-9d6595d7 wp-block-columns-is-layout-flex\">\n<div class=\"wp-block-column is-layout-flow wp-block-column-is-layout-flow\">\r\n<div id=\"ls-cta-block_62276ee6d5a28\" class=\"ls-cta\">  \r\n    \n\n<a href=\"https:\/\/martegaou.eldapps.com\/it\/campeggio-4-etoiles-martigues\/posizione-mobil-casa-martigues\/\" target=\"\" rel=\"noopener\" class=\"ls-cta__link\">\n\n\t<div class=\"ls-cta__image\"><img decoding=\"async\" src=\"https:\/\/martegaou.eldapps.com\/wp-content\/uploads\/2022\/03\/camping-mobil-home-arquet-768x512.jpg\" alt=\"camping mobil home arquet\"><\/div>\n\t<div class=\"ls-cta__text\">\n\t\t<div class=\"ls-cta__title\">\n\t\t\tnoleggio\t\t<\/div>\n\n\t\t\t\t\t<div class=\"ls-cta__description\">\n\t\t\t\tScoprire\t\t\t<\/div>\n\t\t\t<\/div>\n\n<\/a><\/div><\/div>\n\n\n\n<div class=\"wp-block-column is-layout-flow wp-block-column-is-layout-flow\">\r\n<div id=\"ls-cta-block_624170445f12a\" class=\"ls-cta\">  \r\n    \n\n<a href=\"https:\/\/martegaou.eldapps.com\/it\/campeggio-4-etoiles-martigues\/campeggio-qualite-martigues\/\" target=\"\" rel=\"noopener\" class=\"ls-cta__link\">\n\n\t<div class=\"ls-cta__image\"><img decoding=\"async\" src=\"https:\/\/martegaou.eldapps.com\/wp-content\/uploads\/2022\/03\/accueil-camping.jpg\" alt=\"accueil camping\"><\/div>\n\t<div class=\"ls-cta__text\">\n\t\t<div class=\"ls-cta__title\">\n\t\t\tservices\t\t<\/div>\n\n\t\t\t\t\t<div class=\"ls-cta__description\">\n\t\t\t\tScoprire\t\t\t<\/div>\n\t\t\t<\/div>\n\n<\/a><\/div><\/div>\n\n\n\n<div class=\"wp-block-column is-layout-flow wp-block-column-is-layout-flow\">\r\n<div id=\"ls-cta-block_624174455f12b\" class=\"ls-cta\">  \r\n    \n\n<a href=\"https:\/\/martegaou.eldapps.com\/camping-4-etoiles-martigues\/camping-familial-martigues\/\" target=\"\" rel=\"noopener\" class=\"ls-cta__link\">\n\n\t<div class=\"ls-cta__image\"><img decoding=\"async\" src=\"https:\/\/martegaou.eldapps.com\/wp-content\/uploads\/2022\/03\/animation-club-enfants-768x512.jpg\" alt=\"animation club enfants\"><\/div>\n\t<div class=\"ls-cta__text\">\n\t\t<div class=\"ls-cta__title\">\n\t\t\tanimations\t\t<\/div>\n\n\t\t\t\t\t<div class=\"ls-cta__description\">\n\t\t\t\tScoprire\t\t\t<\/div>\n\t\t\t<\/div>\n\n<\/a><\/div><\/div>\n<\/div>\n\n\r\n    <\/div>\r\n<\/section>","protected":false},"excerpt":{"rendered":"","protected":false},"author":1,"featured_media":5952,"parent":6678,"menu_order":0,"comment_status":"closed","ping_status":"closed","template":"","meta":{"_acf_changed":false,"footnotes":""},"sujet":[],"class_list":["post-6846","page","type-page","status-publish","has-post-thumbnail","hentry"],"acf":[],"yoast_head":"<!-- This site is optimized with the Yoast SEO plugin v26.7 - https:\/\/yoast.com\/wordpress\/plugins\/seo\/ -->\n<title>Piscina del campeggio Martigues | Piscina con vasca per bambini Bouches-du-Rh\u00f4ne<\/title>\n<meta name=\"robots\" content=\"index, follow, max-snippet:-1, max-image-preview:large, max-video-preview:-1\" \/>\n<link rel=\"canonical\" href=\"https:\/\/martegaou.eldapps.com\/it\/campeggio-4-etoiles-martigues\/campeggio-piscina-martigues\/\" \/>\n<meta property=\"og:locale\" content=\"it_IT\" \/>\n<meta property=\"og:type\" content=\"article\" \/>\n<meta property=\"og:title\" content=\"Piscina del campeggio Martigues | Piscina con vasca per bambini Bouches-du-Rh\u00f4ne\" \/>\n<meta property=\"og:url\" content=\"https:\/\/martegaou.eldapps.com\/it\/campeggio-4-etoiles-martigues\/campeggio-piscina-martigues\/\" \/>\n<meta property=\"og:site_name\" content=\"Martegaou\" \/>\n<meta property=\"article:modified_time\" content=\"2022-06-16T14:09:46+00:00\" \/>\n<meta property=\"og:image\" content=\"https:\/\/martegaou.eldapps.com\/wp-content\/uploads\/2022\/03\/piscine-chauffee-martigues.jpg\" \/>\n\t<meta property=\"og:image:width\" content=\"1899\" \/>\n\t<meta property=\"og:image:height\" content=\"550\" \/>\n\t<meta property=\"og:image:type\" content=\"image\/jpeg\" \/>\n<meta name=\"twitter:card\" content=\"summary_large_image\" \/>\n<meta name=\"twitter:label1\" content=\"Tempo di lettura stimato\" \/>\n\t<meta name=\"twitter:data1\" content=\"4 minuti\" \/>\n<script type=\"application\/ld+json\" class=\"yoast-schema-graph\">{\"@context\":\"https:\/\/schema.org\",\"@graph\":[{\"@type\":\"WebPage\",\"@id\":\"https:\/\/martegaou.eldapps.com\/it\/campeggio-4-etoiles-martigues\/campeggio-piscina-martigues\/\",\"url\":\"https:\/\/martegaou.eldapps.com\/it\/campeggio-4-etoiles-martigues\/campeggio-piscina-martigues\/\",\"name\":\"Piscina del campeggio Martigues | Piscina con vasca per bambini Bouches-du-Rh\u00f4ne\",\"isPartOf\":{\"@id\":\"https:\/\/martegaou.eldapps.com\/#website\"},\"primaryImageOfPage\":{\"@id\":\"https:\/\/martegaou.eldapps.com\/it\/campeggio-4-etoiles-martigues\/campeggio-piscina-martigues\/#primaryimage\"},\"image\":{\"@id\":\"https:\/\/martegaou.eldapps.com\/it\/campeggio-4-etoiles-martigues\/campeggio-piscina-martigues\/#primaryimage\"},\"thumbnailUrl\":\"https:\/\/martegaou.eldapps.com\/wp-content\/uploads\/2022\/03\/piscine-chauffee-martigues.jpg\",\"datePublished\":\"2022-03-24T11:17:52+00:00\",\"dateModified\":\"2022-06-16T14:09:46+00:00\",\"breadcrumb\":{\"@id\":\"https:\/\/martegaou.eldapps.com\/it\/campeggio-4-etoiles-martigues\/campeggio-piscina-martigues\/#breadcrumb\"},\"inLanguage\":\"it-IT\",\"potentialAction\":[{\"@type\":\"ReadAction\",\"target\":[\"https:\/\/martegaou.eldapps.com\/it\/campeggio-4-etoiles-martigues\/campeggio-piscina-martigues\/\"]}]},{\"@type\":\"ImageObject\",\"inLanguage\":\"it-IT\",\"@id\":\"https:\/\/martegaou.eldapps.com\/it\/campeggio-4-etoiles-martigues\/campeggio-piscina-martigues\/#primaryimage\",\"url\":\"https:\/\/martegaou.eldapps.com\/wp-content\/uploads\/2022\/03\/piscine-chauffee-martigues.jpg\",\"contentUrl\":\"https:\/\/martegaou.eldapps.com\/wp-content\/uploads\/2022\/03\/piscine-chauffee-martigues.jpg\",\"width\":1899,\"height\":550,\"caption\":\"piscine chauffee martigues\"},{\"@type\":\"BreadcrumbList\",\"@id\":\"https:\/\/martegaou.eldapps.com\/it\/campeggio-4-etoiles-martigues\/campeggio-piscina-martigues\/#breadcrumb\",\"itemListElement\":[{\"@type\":\"ListItem\",\"position\":1,\"name\":\"Camping Bouches-du-Rh\u00f4ne\",\"item\":\"https:\/\/martegaou.eldapps.com\/it\/\"},{\"@type\":\"ListItem\",\"position\":2,\"name\":\"Campeggio di qualit\u00e0 a Martigues\",\"item\":\"https:\/\/martegaou.eldapps.com\/it\/campeggio-4-etoiles-martigues\/\"},{\"@type\":\"ListItem\",\"position\":3,\"name\":\"Campeggio con parco acquatico Bouches-du-Rh\u00f4ne\"}]},{\"@type\":\"WebSite\",\"@id\":\"https:\/\/martegaou.eldapps.com\/#website\",\"url\":\"https:\/\/martegaou.eldapps.com\/\",\"name\":\"Martegaou\",\"description\":\"\",\"publisher\":{\"@id\":\"https:\/\/martegaou.eldapps.com\/#organization\"},\"potentialAction\":[{\"@type\":\"SearchAction\",\"target\":{\"@type\":\"EntryPoint\",\"urlTemplate\":\"https:\/\/martegaou.eldapps.com\/?s={search_term_string}\"},\"query-input\":{\"@type\":\"PropertyValueSpecification\",\"valueRequired\":true,\"valueName\":\"search_term_string\"}}],\"inLanguage\":\"it-IT\"},{\"@type\":\"Organization\",\"@id\":\"https:\/\/martegaou.eldapps.com\/#organization\",\"name\":\"Ctoncamping\",\"url\":\"https:\/\/martegaou.eldapps.com\/\",\"logo\":{\"@type\":\"ImageObject\",\"inLanguage\":\"it-IT\",\"@id\":\"https:\/\/martegaou.eldapps.com\/#\/schema\/logo\/image\/\",\"url\":\"https:\/\/martegaou.eldapps.com\/wp-content\/uploads\/2022\/03\/logo-alt-ctoncamping.png\",\"contentUrl\":\"https:\/\/martegaou.eldapps.com\/wp-content\/uploads\/2022\/03\/logo-alt-ctoncamping.png\",\"width\":402,\"height\":72,\"caption\":\"Ctoncamping\"},\"image\":{\"@id\":\"https:\/\/martegaou.eldapps.com\/#\/schema\/logo\/image\/\"}}]}<\/script>\n<!-- \/ Yoast SEO plugin. -->","yoast_head_json":{"title":"Piscina del campeggio Martigues | Piscina con vasca per bambini Bouches-du-Rh\u00f4ne","robots":{"index":"index","follow":"follow","max-snippet":"max-snippet:-1","max-image-preview":"max-image-preview:large","max-video-preview":"max-video-preview:-1"},"canonical":"https:\/\/martegaou.eldapps.com\/it\/campeggio-4-etoiles-martigues\/campeggio-piscina-martigues\/","og_locale":"it_IT","og_type":"article","og_title":"Piscina del campeggio Martigues | Piscina con vasca per bambini Bouches-du-Rh\u00f4ne","og_url":"https:\/\/martegaou.eldapps.com\/it\/campeggio-4-etoiles-martigues\/campeggio-piscina-martigues\/","og_site_name":"Martegaou","article_modified_time":"2022-06-16T14:09:46+00:00","og_image":[{"width":1899,"height":550,"url":"https:\/\/martegaou.eldapps.com\/wp-content\/uploads\/2022\/03\/piscine-chauffee-martigues.jpg","type":"image\/jpeg"}],"twitter_card":"summary_large_image","twitter_misc":{"Tempo di lettura stimato":"4 minuti"},"schema":{"@context":"https:\/\/schema.org","@graph":[{"@type":"WebPage","@id":"https:\/\/martegaou.eldapps.com\/it\/campeggio-4-etoiles-martigues\/campeggio-piscina-martigues\/","url":"https:\/\/martegaou.eldapps.com\/it\/campeggio-4-etoiles-martigues\/campeggio-piscina-martigues\/","name":"Piscina del campeggio Martigues | Piscina con vasca per bambini Bouches-du-Rh\u00f4ne","isPartOf":{"@id":"https:\/\/martegaou.eldapps.com\/#website"},"primaryImageOfPage":{"@id":"https:\/\/martegaou.eldapps.com\/it\/campeggio-4-etoiles-martigues\/campeggio-piscina-martigues\/#primaryimage"},"image":{"@id":"https:\/\/martegaou.eldapps.com\/it\/campeggio-4-etoiles-martigues\/campeggio-piscina-martigues\/#primaryimage"},"thumbnailUrl":"https:\/\/martegaou.eldapps.com\/wp-content\/uploads\/2022\/03\/piscine-chauffee-martigues.jpg","datePublished":"2022-03-24T11:17:52+00:00","dateModified":"2022-06-16T14:09:46+00:00","breadcrumb":{"@id":"https:\/\/martegaou.eldapps.com\/it\/campeggio-4-etoiles-martigues\/campeggio-piscina-martigues\/#breadcrumb"},"inLanguage":"it-IT","potentialAction":[{"@type":"ReadAction","target":["https:\/\/martegaou.eldapps.com\/it\/campeggio-4-etoiles-martigues\/campeggio-piscina-martigues\/"]}]},{"@type":"ImageObject","inLanguage":"it-IT","@id":"https:\/\/martegaou.eldapps.com\/it\/campeggio-4-etoiles-martigues\/campeggio-piscina-martigues\/#primaryimage","url":"https:\/\/martegaou.eldapps.com\/wp-content\/uploads\/2022\/03\/piscine-chauffee-martigues.jpg","contentUrl":"https:\/\/martegaou.eldapps.com\/wp-content\/uploads\/2022\/03\/piscine-chauffee-martigues.jpg","width":1899,"height":550,"caption":"piscine chauffee martigues"},{"@type":"BreadcrumbList","@id":"https:\/\/martegaou.eldapps.com\/it\/campeggio-4-etoiles-martigues\/campeggio-piscina-martigues\/#breadcrumb","itemListElement":[{"@type":"ListItem","position":1,"name":"Camping Bouches-du-Rh\u00f4ne","item":"https:\/\/martegaou.eldapps.com\/it\/"},{"@type":"ListItem","position":2,"name":"Campeggio di qualit\u00e0 a Martigues","item":"https:\/\/martegaou.eldapps.com\/it\/campeggio-4-etoiles-martigues\/"},{"@type":"ListItem","position":3,"name":"Campeggio con parco acquatico Bouches-du-Rh\u00f4ne"}]},{"@type":"WebSite","@id":"https:\/\/martegaou.eldapps.com\/#website","url":"https:\/\/martegaou.eldapps.com\/","name":"Martegaou","description":"","publisher":{"@id":"https:\/\/martegaou.eldapps.com\/#organization"},"potentialAction":[{"@type":"SearchAction","target":{"@type":"EntryPoint","urlTemplate":"https:\/\/martegaou.eldapps.com\/?s={search_term_string}"},"query-input":{"@type":"PropertyValueSpecification","valueRequired":true,"valueName":"search_term_string"}}],"inLanguage":"it-IT"},{"@type":"Organization","@id":"https:\/\/martegaou.eldapps.com\/#organization","name":"Ctoncamping","url":"https:\/\/martegaou.eldapps.com\/","logo":{"@type":"ImageObject","inLanguage":"it-IT","@id":"https:\/\/martegaou.eldapps.com\/#\/schema\/logo\/image\/","url":"https:\/\/martegaou.eldapps.com\/wp-content\/uploads\/2022\/03\/logo-alt-ctoncamping.png","contentUrl":"https:\/\/martegaou.eldapps.com\/wp-content\/uploads\/2022\/03\/logo-alt-ctoncamping.png","width":402,"height":72,"caption":"Ctoncamping"},"image":{"@id":"https:\/\/martegaou.eldapps.com\/#\/schema\/logo\/image\/"}}]}},"_links":{"self":[{"href":"https:\/\/martegaou.eldapps.com\/it\/wp-json\/wp\/v2\/pages\/6846","targetHints":{"allow":["GET"]}}],"collection":[{"href":"https:\/\/martegaou.eldapps.com\/it\/wp-json\/wp\/v2\/pages"}],"about":[{"href":"https:\/\/martegaou.eldapps.com\/it\/wp-json\/wp\/v2\/types\/page"}],"author":[{"embeddable":true,"href":"https:\/\/martegaou.eldapps.com\/it\/wp-json\/wp\/v2\/users\/1"}],"replies":[{"embeddable":true,"href":"https:\/\/martegaou.eldapps.com\/it\/wp-json\/wp\/v2\/comments?post=6846"}],"version-history":[{"count":0,"href":"https:\/\/martegaou.eldapps.com\/it\/wp-json\/wp\/v2\/pages\/6846\/revisions"}],"up":[{"embeddable":true,"href":"https:\/\/martegaou.eldapps.com\/it\/wp-json\/wp\/v2\/pages\/6678"}],"wp:featuredmedia":[{"embeddable":true,"href":"https:\/\/martegaou.eldapps.com\/it\/wp-json\/wp\/v2\/media\/5952"}],"wp:attachment":[{"href":"https:\/\/martegaou.eldapps.com\/it\/wp-json\/wp\/v2\/media?parent=6846"}],"wp:term":[{"taxonomy":"sujet","embeddable":true,"href":"https:\/\/martegaou.eldapps.com\/it\/wp-json\/wp\/v2\/sujet?post=6846"}],"curies":[{"name":"wp","href":"https:\/\/api.w.org\/{rel}","templated":true}]}}