{"id":5289,"date":"2022-04-25T14:10:19","date_gmt":"2022-04-25T12:10:19","guid":{"rendered":"https:\/\/martegaou.eldapps.com\/mentions-legales\/"},"modified":"2022-10-11T16:31:09","modified_gmt":"2022-10-11T14:31:09","slug":"anotaciones","status":"publish","type":"page","link":"https:\/\/martegaou.eldapps.com\/es\/anotaciones\/","title":{"rendered":"Mentions l\u00e9gales"},"content":{"rendered":"<section id=\"ls-section-block_621cee06062a8\" class=\"ls-section  page-one m-b-0 has-p-t p-t-10\" >\r\n        <div class=\"container container--wide\">\r\n        \n\n<h1 class=\"ls__heading has-text-align-center wp-block-heading\">Informaci\u00f3n legal<\/h1>\n\n\r\n    <\/div>\r\n<\/section>\n\n<section id=\"ls-section-block_6229db2645d2a\" class=\"ls-section  page-two has-background has-color-3-background-color\" >\r\n        <div class=\"container \">\r\n        \n\n<div class=\"wp-block-columns has-color-white-color has-text-color is-layout-flex wp-container-core-columns-is-layout-9d6595d7 wp-block-columns-is-layout-flex\">\n<div class=\"wp-block-column is-vertically-aligned-center is-layout-flow wp-block-column-is-layout-flow\">\n<h2 class=\"ls__heading has-color-black-color has-text-color wp-block-heading\" id=\"editeur-du-site\"><mark style=\"background-color:rgba(0, 0, 0, 0)\" class=\"has-inline-color has-color-black-color\">EDITOR DEL SITIO<\/mark><\/h2>\n\n\n\n<p class=\"ls-paragraph\">Sodistour<\/p>\n\n\n\n<p class=\"ls-paragraph\">Direcci\u00f3n : 10 rue du Faubourg Montmartre 75009 Paris<\/p>\n\n\n\n<p class=\"ls-paragraph\">AGENCE TOURISTRA VACANCES LYON<br>Tel : 04 72 41 75 31<br><br>TOURISTRA VACANCES EST<br>T\u00e9l. : 03 87 71 66 10<\/p>\n\n\n\n<p class=\"ls-paragraph\">Fax : 01 44 83 43 74&nbsp;<\/p>\n\n\n\n<p class=\"ls-paragraph\">E-mail : contact@touristravacances.com<\/p>\n\n\n\n<p class=\"ls-paragraph\">SIRET : 33823489100327<\/p>\n\n\n\n<p class=\"ls-paragraph\">Tva Intracomunitario : FR04338234891<\/p>\n\n\n\n<p class=\"ls-paragraph\">Responsable de la publicaci\u00f3n : M Pierre TOUCHET<\/p>\n\n\n\n<h2 class=\"ls-heading wp-block-heading\" id=\"realisation\"><mark style=\"background-color:rgba(0, 0, 0, 0)\" class=\"has-inline-color has-color-black-color\">REALIZACI\u00d3N<\/mark><\/h2>\n\n\n\n<p class=\"ls-paragraph\">GEEK TONIC <br>Repr\u00e9sent\u00e9e par M. Yohan Darmayan en sa qualit\u00e9 de G\u00e9rant<br>Si\u00e8ge social : 1 All\u00e9e Pierre Lat\u00e9co\u00e8re, 64200 Biarritz<br>T\u00e9l : 05 32 74 11 52 <br>E-mail : support@geek-tonic.com <br>Site web : <a href=\"https:\/\/www.geek-tonic.com\" target=\"_blank\" rel=\"noreferrer noopener\">www.geek-tonic.com<\/a> <br>SIRET : 89746755100015 APE : 6201Z<\/p>\n\n\n\n<h2 class=\"ls-heading wp-block-heading\" id=\"droits-d-auteur-et-copyright\"><mark style=\"background-color:rgba(0, 0, 0, 0)\" class=\"has-inline-color has-color-black-color\">DERECHOS DE AUTOR Y AUTOR\u00cdA<\/mark><\/h2>\n\n\n\n<p class=\"ls-paragraph\">El conjunto del contenido de este sitio depende de los derechos de autor as\u00ed como de la propiedad intelectual de la legislaci\u00f3n francesa Toda reproducci\u00f3n (incluidas las fotograf\u00edas, los iconos y los documentos descargables) est\u00e1 prohibida sin acuerdo previo de GEEKTONIC. Queda prohibida la reproducci\u00f3n en un soporte electr\u00f3nico de la totalidad o parte del sitio en papel o en formato electr\u00f3nico. GeekTonic declina toda responsabilidad por el contenido del sitio web. Geektonic tambi\u00e9n rechaza cualquier responsabilidad por los enlaces externos a este sitio.<\/p>\n\n\n\n<h2 class=\"ls-heading wp-block-heading\" id=\"donnees-personnelles-et-informations-nominatives\"><mark style=\"background-color:rgba(0, 0, 0, 0)\" class=\"has-inline-color has-color-black-color\">DATOS PERSONALES E INFORMACI\u00d3N NOMINATIVA<\/mark><\/h2>\n\n\n\n<p class=\"ls-paragraph\">Usted dispone de un derecho de acceso, modificaci\u00f3n, rectificaci\u00f3n y supresi\u00f3n de los datos que le conciernen, de conformidad con el art\u00edculo 34 de la ley francesa de protecci\u00f3n de datos (Loi \u00bb Informatique et Libert\u00e9s \u00bb n\u00b0 78-17 de 6 de enero de 1978, modificada el 6 de agosto de 2004). Para ejercer este derecho de acceso, puede presentar una solicitud por escrito al editor del sitio.<\/p>\n\n\n\n<h2 class=\"ls-heading wp-block-heading\" id=\"legislation\"><mark style=\"background-color:rgba(0, 0, 0, 0)\" class=\"has-inline-color has-color-black-color\">LEGISLACI\u00d3N<\/mark><\/h2>\n\n\n\n<p class=\"ls-paragraph\">Seg\u00fan la ley del 11 de marzo de 1957 (art. 41) y el c\u00f3digo de la propiedad intelectual del 1 de julio de 1992, est\u00e1 prohibida la reproducci\u00f3n total o parcial del sitio sin autorizaci\u00f3n previa del editor del mismo. Los logotipos, elementos visuales, fotos, v\u00eddeos, cuadros gr\u00e1ficos y textos son propiedad de sus respectivos due\u00f1os. Este sitio puede, sin su conocimiento, haber sido vinculado a otros sitios por medio de enlaces hipermedia. El editor del sitio declina toda responsabilidad por la informaci\u00f3n presentada en estos otros sitios. El internauta reconoce que la utilizaci\u00f3n de este sitio se rige por la legislaci\u00f3n francesa.<\/p>\n<\/div>\n<\/div>\n\n\r\n    <\/div>\r\n<\/section>","protected":false},"excerpt":{"rendered":"","protected":false},"author":1,"featured_media":7658,"parent":0,"menu_order":0,"comment_status":"closed","ping_status":"closed","template":"","meta":{"_acf_changed":false,"footnotes":""},"sujet":[],"class_list":["post-5289","page","type-page","status-publish","has-post-thumbnail","hentry"],"acf":[],"yoast_head":"<!-- This site is optimized with the Yoast SEO plugin v26.7 - https:\/\/yoast.com\/wordpress\/plugins\/seo\/ -->\n<title>Informaci\u00f3n legal | Ctoncamping<\/title>\n<meta name=\"robots\" content=\"noindex, nofollow\" \/>\n<meta property=\"og:locale\" content=\"es_ES\" \/>\n<meta property=\"og:type\" content=\"article\" \/>\n<meta property=\"og:title\" content=\"Informaci\u00f3n legal | Ctoncamping\" \/>\n<meta property=\"og:url\" content=\"https:\/\/martegaou.eldapps.com\/es\/anotaciones\/\" \/>\n<meta property=\"og:site_name\" content=\"Martegaou\" \/>\n<meta property=\"article:modified_time\" content=\"2022-10-11T14:31:09+00:00\" \/>\n<meta property=\"og:image\" content=\"https:\/\/martegaou.eldapps.com\/wp-content\/uploads\/2022\/06\/camping-ctoncamping.jpg\" \/>\n\t<meta property=\"og:image:width\" content=\"1901\" \/>\n\t<meta property=\"og:image:height\" content=\"550\" \/>\n\t<meta property=\"og:image:type\" content=\"image\/jpeg\" \/>\n<meta name=\"twitter:card\" content=\"summary_large_image\" \/>\n<meta name=\"twitter:label1\" content=\"Tiempo de lectura\" \/>\n\t<meta name=\"twitter:data1\" content=\"2 minutos\" \/>\n<script type=\"application\/ld+json\" class=\"yoast-schema-graph\">{\"@context\":\"https:\/\/schema.org\",\"@graph\":[{\"@type\":\"WebPage\",\"@id\":\"https:\/\/martegaou.eldapps.com\/es\/anotaciones\/\",\"url\":\"https:\/\/martegaou.eldapps.com\/es\/anotaciones\/\",\"name\":\"Informaci\u00f3n legal | Ctoncamping\",\"isPartOf\":{\"@id\":\"https:\/\/martegaou.eldapps.com\/#website\"},\"primaryImageOfPage\":{\"@id\":\"https:\/\/martegaou.eldapps.com\/es\/anotaciones\/#primaryimage\"},\"image\":{\"@id\":\"https:\/\/martegaou.eldapps.com\/es\/anotaciones\/#primaryimage\"},\"thumbnailUrl\":\"https:\/\/martegaou.eldapps.com\/wp-content\/uploads\/2022\/06\/camping-ctoncamping.jpg\",\"datePublished\":\"2022-04-25T12:10:19+00:00\",\"dateModified\":\"2022-10-11T14:31:09+00:00\",\"breadcrumb\":{\"@id\":\"https:\/\/martegaou.eldapps.com\/es\/anotaciones\/#breadcrumb\"},\"inLanguage\":\"es\",\"potentialAction\":[{\"@type\":\"ReadAction\",\"target\":[\"https:\/\/martegaou.eldapps.com\/es\/anotaciones\/\"]}]},{\"@type\":\"ImageObject\",\"inLanguage\":\"es\",\"@id\":\"https:\/\/martegaou.eldapps.com\/es\/anotaciones\/#primaryimage\",\"url\":\"https:\/\/martegaou.eldapps.com\/wp-content\/uploads\/2022\/06\/camping-ctoncamping.jpg\",\"contentUrl\":\"https:\/\/martegaou.eldapps.com\/wp-content\/uploads\/2022\/06\/camping-ctoncamping.jpg\",\"width\":1901,\"height\":550,\"caption\":\"camping ctoncamping\"},{\"@type\":\"BreadcrumbList\",\"@id\":\"https:\/\/martegaou.eldapps.com\/es\/anotaciones\/#breadcrumb\",\"itemListElement\":[{\"@type\":\"ListItem\",\"position\":1,\"name\":\"Camping Bouches-du-Rh\u00f4ne\",\"item\":\"https:\/\/martegaou.eldapps.com\/es\/\"},{\"@type\":\"ListItem\",\"position\":2,\"name\":\"Informaci\u00f3n legal\"}]},{\"@type\":\"WebSite\",\"@id\":\"https:\/\/martegaou.eldapps.com\/#website\",\"url\":\"https:\/\/martegaou.eldapps.com\/\",\"name\":\"Martegaou\",\"description\":\"\",\"publisher\":{\"@id\":\"https:\/\/martegaou.eldapps.com\/#organization\"},\"potentialAction\":[{\"@type\":\"SearchAction\",\"target\":{\"@type\":\"EntryPoint\",\"urlTemplate\":\"https:\/\/martegaou.eldapps.com\/?s={search_term_string}\"},\"query-input\":{\"@type\":\"PropertyValueSpecification\",\"valueRequired\":true,\"valueName\":\"search_term_string\"}}],\"inLanguage\":\"es\"},{\"@type\":\"Organization\",\"@id\":\"https:\/\/martegaou.eldapps.com\/#organization\",\"name\":\"Ctoncamping\",\"url\":\"https:\/\/martegaou.eldapps.com\/\",\"logo\":{\"@type\":\"ImageObject\",\"inLanguage\":\"es\",\"@id\":\"https:\/\/martegaou.eldapps.com\/#\/schema\/logo\/image\/\",\"url\":\"https:\/\/martegaou.eldapps.com\/wp-content\/uploads\/2022\/03\/logo-alt-ctoncamping.png\",\"contentUrl\":\"https:\/\/martegaou.eldapps.com\/wp-content\/uploads\/2022\/03\/logo-alt-ctoncamping.png\",\"width\":402,\"height\":72,\"caption\":\"Ctoncamping\"},\"image\":{\"@id\":\"https:\/\/martegaou.eldapps.com\/#\/schema\/logo\/image\/\"}}]}<\/script>\n<!-- \/ Yoast SEO plugin. -->","yoast_head_json":{"title":"Informaci\u00f3n legal | Ctoncamping","robots":{"index":"noindex","follow":"nofollow"},"og_locale":"es_ES","og_type":"article","og_title":"Informaci\u00f3n legal | Ctoncamping","og_url":"https:\/\/martegaou.eldapps.com\/es\/anotaciones\/","og_site_name":"Martegaou","article_modified_time":"2022-10-11T14:31:09+00:00","og_image":[{"width":1901,"height":550,"url":"https:\/\/martegaou.eldapps.com\/wp-content\/uploads\/2022\/06\/camping-ctoncamping.jpg","type":"image\/jpeg"}],"twitter_card":"summary_large_image","twitter_misc":{"Tiempo de lectura":"2 minutos"},"schema":{"@context":"https:\/\/schema.org","@graph":[{"@type":"WebPage","@id":"https:\/\/martegaou.eldapps.com\/es\/anotaciones\/","url":"https:\/\/martegaou.eldapps.com\/es\/anotaciones\/","name":"Informaci\u00f3n legal | Ctoncamping","isPartOf":{"@id":"https:\/\/martegaou.eldapps.com\/#website"},"primaryImageOfPage":{"@id":"https:\/\/martegaou.eldapps.com\/es\/anotaciones\/#primaryimage"},"image":{"@id":"https:\/\/martegaou.eldapps.com\/es\/anotaciones\/#primaryimage"},"thumbnailUrl":"https:\/\/martegaou.eldapps.com\/wp-content\/uploads\/2022\/06\/camping-ctoncamping.jpg","datePublished":"2022-04-25T12:10:19+00:00","dateModified":"2022-10-11T14:31:09+00:00","breadcrumb":{"@id":"https:\/\/martegaou.eldapps.com\/es\/anotaciones\/#breadcrumb"},"inLanguage":"es","potentialAction":[{"@type":"ReadAction","target":["https:\/\/martegaou.eldapps.com\/es\/anotaciones\/"]}]},{"@type":"ImageObject","inLanguage":"es","@id":"https:\/\/martegaou.eldapps.com\/es\/anotaciones\/#primaryimage","url":"https:\/\/martegaou.eldapps.com\/wp-content\/uploads\/2022\/06\/camping-ctoncamping.jpg","contentUrl":"https:\/\/martegaou.eldapps.com\/wp-content\/uploads\/2022\/06\/camping-ctoncamping.jpg","width":1901,"height":550,"caption":"camping ctoncamping"},{"@type":"BreadcrumbList","@id":"https:\/\/martegaou.eldapps.com\/es\/anotaciones\/#breadcrumb","itemListElement":[{"@type":"ListItem","position":1,"name":"Camping Bouches-du-Rh\u00f4ne","item":"https:\/\/martegaou.eldapps.com\/es\/"},{"@type":"ListItem","position":2,"name":"Informaci\u00f3n legal"}]},{"@type":"WebSite","@id":"https:\/\/martegaou.eldapps.com\/#website","url":"https:\/\/martegaou.eldapps.com\/","name":"Martegaou","description":"","publisher":{"@id":"https:\/\/martegaou.eldapps.com\/#organization"},"potentialAction":[{"@type":"SearchAction","target":{"@type":"EntryPoint","urlTemplate":"https:\/\/martegaou.eldapps.com\/?s={search_term_string}"},"query-input":{"@type":"PropertyValueSpecification","valueRequired":true,"valueName":"search_term_string"}}],"inLanguage":"es"},{"@type":"Organization","@id":"https:\/\/martegaou.eldapps.com\/#organization","name":"Ctoncamping","url":"https:\/\/martegaou.eldapps.com\/","logo":{"@type":"ImageObject","inLanguage":"es","@id":"https:\/\/martegaou.eldapps.com\/#\/schema\/logo\/image\/","url":"https:\/\/martegaou.eldapps.com\/wp-content\/uploads\/2022\/03\/logo-alt-ctoncamping.png","contentUrl":"https:\/\/martegaou.eldapps.com\/wp-content\/uploads\/2022\/03\/logo-alt-ctoncamping.png","width":402,"height":72,"caption":"Ctoncamping"},"image":{"@id":"https:\/\/martegaou.eldapps.com\/#\/schema\/logo\/image\/"}}]}},"_links":{"self":[{"href":"https:\/\/martegaou.eldapps.com\/es\/wp-json\/wp\/v2\/pages\/5289","targetHints":{"allow":["GET"]}}],"collection":[{"href":"https:\/\/martegaou.eldapps.com\/es\/wp-json\/wp\/v2\/pages"}],"about":[{"href":"https:\/\/martegaou.eldapps.com\/es\/wp-json\/wp\/v2\/types\/page"}],"author":[{"embeddable":true,"href":"https:\/\/martegaou.eldapps.com\/es\/wp-json\/wp\/v2\/users\/1"}],"replies":[{"embeddable":true,"href":"https:\/\/martegaou.eldapps.com\/es\/wp-json\/wp\/v2\/comments?post=5289"}],"version-history":[{"count":0,"href":"https:\/\/martegaou.eldapps.com\/es\/wp-json\/wp\/v2\/pages\/5289\/revisions"}],"wp:featuredmedia":[{"embeddable":true,"href":"https:\/\/martegaou.eldapps.com\/es\/wp-json\/wp\/v2\/media\/7658"}],"wp:attachment":[{"href":"https:\/\/martegaou.eldapps.com\/es\/wp-json\/wp\/v2\/media?parent=5289"}],"wp:term":[{"taxonomy":"sujet","embeddable":true,"href":"https:\/\/martegaou.eldapps.com\/es\/wp-json\/wp\/v2\/sujet?post=5289"}],"curies":[{"name":"wp","href":"https:\/\/api.w.org\/{rel}","templated":true}]}}