{"id":5239,"date":"2022-03-23T16:45:06","date_gmt":"2022-03-23T15:45:06","guid":{"rendered":"https:\/\/martegaou.eldapps.com\/residencia-vacaciones-martigues\/restauration-martigues\/"},"modified":"2022-09-02T11:21:32","modified_gmt":"2022-09-02T09:21:32","slug":"restauracion-martigues","status":"publish","type":"page","link":"https:\/\/martegaou.eldapps.com\/es\/residencia-vacaciones-martigues\/restauracion-martigues\/","title":{"rendered":"Snack &#8211; les chalets de la mer"},"content":{"rendered":"<section id=\"ls-section-block_622f4e73b7892\" class=\"ls-section  page-one p-t-0 p-b-0\" >\r\n        <div class=\"container container--wide\">\r\n        \n\n<h1 class=\"ls__heading has-text-align-center has-color-1-color has-text-color wp-block-heading\">Bar de aperitivos Le Bistrot Bleu<br><mark style=\"background-color:rgba(0, 0, 0, 0)\" class=\"has-inline-color has-color-2-color\">en los Chalets de la mer<\/mark><\/h1>\n\n\r\n    <\/div>\r\n<\/section>\n\n<section id=\"ls-section-block_622b51a7ef6b6\" class=\"ls-section  page-two p-t-0 has-background has-color-white-background-color\" >\r\n        <div class=\"container container--wide\">\r\n        \n\n<div class=\"wp-block-columns are-vertically-aligned-center is-layout-flex wp-container-core-columns-is-layout-9d6595d7 wp-block-columns-is-layout-flex\">\n<div class=\"wp-block-column is-vertically-aligned-center is-layout-flow wp-block-column-is-layout-flow\">\n<h2 class=\"ls__heading has-color-black-color has-text-color wp-block-heading\">El Bistrot Bleu<\/h2>\n\n\n\n<p class=\"ls-paragraph has-color-black-color has-text-color\">Visite el <strong>snack bar <\/strong>de los <a href=\"\/\">Chalets de la Mer<\/a> a cualquier hora del d\u00eda para tomar un aperitivo o un refresco. El Bistrot Bleu est\u00e1 abierto durante todo el periodo de apertura de los Chalets de la Mer. A la carta o como aperitivo, le recibimos en una terraza a <strong>la sombra junto a la piscina<\/strong>.<\/p>\n\n\n\n<p class=\"ls-paragraph\">El snack bar es un lugar acogedor en el que encontrar\u00e1 regularmente a nuestro equipo de animaci\u00f3n para las actividades familiares.<\/p>\n<\/div>\n\n\n\n<div class=\"wp-block-column is-vertically-aligned-center column-description column-description__camping column-description__camping__chalets no-after animated fadeInRight delay-100ms slow is-layout-flow wp-block-column-is-layout-flow\">\n<figure class=\"wp-block-gallery has-nested-images columns-2 is-cropped img-page-interne wp-block-gallery-1 is-layout-flex wp-block-gallery-is-layout-flex\">\n<figure class=\"wp-block-image size-large\"><a href=\"https:\/\/martegaou.eldapps.com\/wp-content\/uploads\/2022\/04\/snack-petit-dejeuner-martigues.jpg\"><img loading=\"lazy\" decoding=\"async\" width=\"1024\" height=\"683\" data-id=\"4288\" src=\"https:\/\/martegaou.eldapps.com\/wp-content\/uploads\/2022\/04\/snack-petit-dejeuner-martigues-1024x683.jpg\" alt=\"snack petit dejeuner martigues\" class=\"wp-image-4288\" srcset=\"https:\/\/martegaou.eldapps.com\/wp-content\/uploads\/2022\/04\/snack-petit-dejeuner-martigues-1024x683.jpg 1024w, https:\/\/martegaou.eldapps.com\/wp-content\/uploads\/2022\/04\/snack-petit-dejeuner-martigues-300x200.jpg 300w, https:\/\/martegaou.eldapps.com\/wp-content\/uploads\/2022\/04\/snack-petit-dejeuner-martigues-768x512.jpg 768w, https:\/\/martegaou.eldapps.com\/wp-content\/uploads\/2022\/04\/snack-petit-dejeuner-martigues.jpg 1200w\" sizes=\"auto, (max-width: 1024px) 100vw, 1024px\" \/><\/a><\/figure>\n\n\n\n<figure class=\"wp-block-image size-large\"><a href=\"https:\/\/martegaou.eldapps.com\/wp-content\/uploads\/2022\/03\/bar-bouches-du-rhone.jpg\"><img loading=\"lazy\" decoding=\"async\" width=\"1024\" height=\"683\" data-id=\"2236\" src=\"https:\/\/martegaou.eldapps.com\/wp-content\/uploads\/2022\/03\/bar-bouches-du-rhone-1024x683.jpg\" alt=\"bar bouches du rhone\" class=\"wp-image-2236\" srcset=\"https:\/\/martegaou.eldapps.com\/wp-content\/uploads\/2022\/03\/bar-bouches-du-rhone-1024x683.jpg 1024w, https:\/\/martegaou.eldapps.com\/wp-content\/uploads\/2022\/03\/bar-bouches-du-rhone-300x200.jpg 300w, https:\/\/martegaou.eldapps.com\/wp-content\/uploads\/2022\/03\/bar-bouches-du-rhone-768x512.jpg 768w, https:\/\/martegaou.eldapps.com\/wp-content\/uploads\/2022\/03\/bar-bouches-du-rhone.jpg 1200w\" sizes=\"auto, (max-width: 1024px) 100vw, 1024px\" \/><\/a><\/figure>\n\n\n\n<figure class=\"wp-block-image size-large\"><a href=\"https:\/\/martegaou.eldapps.com\/wp-content\/uploads\/2022\/04\/dejeuner-martigues.jpg\"><img loading=\"lazy\" decoding=\"async\" width=\"1024\" height=\"683\" data-id=\"4298\" src=\"https:\/\/martegaou.eldapps.com\/wp-content\/uploads\/2022\/04\/dejeuner-martigues-1024x683.jpg\" alt=\"dejeuner martigues\" class=\"wp-image-4298\" srcset=\"https:\/\/martegaou.eldapps.com\/wp-content\/uploads\/2022\/04\/dejeuner-martigues-1024x683.jpg 1024w, https:\/\/martegaou.eldapps.com\/wp-content\/uploads\/2022\/04\/dejeuner-martigues-300x200.jpg 300w, https:\/\/martegaou.eldapps.com\/wp-content\/uploads\/2022\/04\/dejeuner-martigues-768x512.jpg 768w, https:\/\/martegaou.eldapps.com\/wp-content\/uploads\/2022\/04\/dejeuner-martigues.jpg 1200w\" sizes=\"auto, (max-width: 1024px) 100vw, 1024px\" \/><\/a><\/figure>\n\n\n\n<figure class=\"wp-block-image size-large\"><a href=\"https:\/\/martegaou.eldapps.com\/wp-content\/uploads\/2022\/03\/snack-bouches-du-rhone.jpg\"><img loading=\"lazy\" decoding=\"async\" width=\"1024\" height=\"683\" data-id=\"2242\" src=\"https:\/\/martegaou.eldapps.com\/wp-content\/uploads\/2022\/03\/snack-bouches-du-rhone-1024x683.jpg\" alt=\"snack bouches du rhone\" class=\"wp-image-2242\" srcset=\"https:\/\/martegaou.eldapps.com\/wp-content\/uploads\/2022\/03\/snack-bouches-du-rhone-1024x683.jpg 1024w, https:\/\/martegaou.eldapps.com\/wp-content\/uploads\/2022\/03\/snack-bouches-du-rhone-300x200.jpg 300w, https:\/\/martegaou.eldapps.com\/wp-content\/uploads\/2022\/03\/snack-bouches-du-rhone-768x512.jpg 768w, https:\/\/martegaou.eldapps.com\/wp-content\/uploads\/2022\/03\/snack-bouches-du-rhone.jpg 1200w\" sizes=\"auto, (max-width: 1024px) 100vw, 1024px\" \/><\/a><\/figure>\n<\/figure>\n<\/div>\n<\/div>\n\n\r\n    <\/div>\r\n<\/section>\n\n<section id=\"ls-section-block_622f504cb7894\" class=\"ls-section  page-two has-background has-color-3-background-color\" >\r\n        <div class=\"container container--wide\">\r\n        \n\n<div class=\"wp-block-columns are-vertically-aligned-center is-layout-flex wp-container-core-columns-is-layout-9d6595d7 wp-block-columns-is-layout-flex\">\n<div class=\"wp-block-column is-vertically-aligned-center column-description column-description__camping column-description__camping__chalets no-after animated fadeInLeft delay-100ms slow is-layout-flow wp-block-column-is-layout-flow\">\n<figure class=\"wp-block-gallery has-nested-images columns-2 is-cropped img-page-interne wp-block-gallery-2 is-layout-flex wp-block-gallery-is-layout-flex\">\n<figure class=\"wp-block-image size-large img-page-interne\"><a href=\"https:\/\/martegaou.eldapps.com\/wp-content\/uploads\/2022\/03\/residence-vacancessoiree-theme-martigues.jpg\"><img loading=\"lazy\" decoding=\"async\" width=\"1024\" height=\"683\" data-id=\"2218\" src=\"https:\/\/martegaou.eldapps.com\/wp-content\/uploads\/2022\/03\/residence-vacancessoiree-theme-martigues-1024x683.jpg\" alt=\"residence vacances soiree theme martigues\" class=\"wp-image-2218\" srcset=\"https:\/\/martegaou.eldapps.com\/wp-content\/uploads\/2022\/03\/residence-vacancessoiree-theme-martigues-1024x683.jpg 1024w, https:\/\/martegaou.eldapps.com\/wp-content\/uploads\/2022\/03\/residence-vacancessoiree-theme-martigues-300x200.jpg 300w, https:\/\/martegaou.eldapps.com\/wp-content\/uploads\/2022\/03\/residence-vacancessoiree-theme-martigues-768x512.jpg 768w, https:\/\/martegaou.eldapps.com\/wp-content\/uploads\/2022\/03\/residence-vacancessoiree-theme-martigues.jpg 1200w\" sizes=\"auto, (max-width: 1024px) 100vw, 1024px\" \/><\/a><\/figure>\n\n\n\n<figure class=\"wp-block-image size-large\"><a href=\"https:\/\/martegaou.eldapps.com\/wp-content\/uploads\/2022\/03\/boisson-soleil-camping.jpg\"><img loading=\"lazy\" decoding=\"async\" width=\"1024\" height=\"683\" data-id=\"3056\" src=\"https:\/\/martegaou.eldapps.com\/wp-content\/uploads\/2022\/03\/boisson-soleil-camping-1024x683.jpg\" alt=\"Boisson \u00e0 disposition camping\n\" class=\"wp-image-3056\" srcset=\"https:\/\/martegaou.eldapps.com\/wp-content\/uploads\/2022\/03\/boisson-soleil-camping-1024x683.jpg 1024w, https:\/\/martegaou.eldapps.com\/wp-content\/uploads\/2022\/03\/boisson-soleil-camping-300x200.jpg 300w, https:\/\/martegaou.eldapps.com\/wp-content\/uploads\/2022\/03\/boisson-soleil-camping-768x512.jpg 768w, https:\/\/martegaou.eldapps.com\/wp-content\/uploads\/2022\/03\/boisson-soleil-camping.jpg 1200w\" sizes=\"auto, (max-width: 1024px) 100vw, 1024px\" \/><\/a><\/figure>\n\n\n\n<figure class=\"wp-block-image size-large\"><a href=\"https:\/\/martegaou.eldapps.com\/wp-content\/uploads\/2022\/03\/repas-animee-martigues.jpg\"><img loading=\"lazy\" decoding=\"async\" width=\"1024\" height=\"683\" data-id=\"2230\" src=\"https:\/\/martegaou.eldapps.com\/wp-content\/uploads\/2022\/03\/repas-animee-martigues-1024x683.jpg\" alt=\"repas animee martigues\" class=\"wp-image-2230\" srcset=\"https:\/\/martegaou.eldapps.com\/wp-content\/uploads\/2022\/03\/repas-animee-martigues-1024x683.jpg 1024w, https:\/\/martegaou.eldapps.com\/wp-content\/uploads\/2022\/03\/repas-animee-martigues-300x200.jpg 300w, https:\/\/martegaou.eldapps.com\/wp-content\/uploads\/2022\/03\/repas-animee-martigues-768x512.jpg 768w, https:\/\/martegaou.eldapps.com\/wp-content\/uploads\/2022\/03\/repas-animee-martigues.jpg 1200w\" sizes=\"auto, (max-width: 1024px) 100vw, 1024px\" \/><\/a><\/figure>\n\n\n\n<figure class=\"wp-block-image size-large\"><a href=\"https:\/\/martegaou.eldapps.com\/wp-content\/uploads\/2022\/03\/soiree-paella-martigues.jpg\"><img loading=\"lazy\" decoding=\"async\" width=\"1024\" height=\"683\" data-id=\"2221\" src=\"https:\/\/martegaou.eldapps.com\/wp-content\/uploads\/2022\/03\/soiree-paella-martigues-1024x683.jpg\" alt=\"soiree paella martigues\" class=\"wp-image-2221\" srcset=\"https:\/\/martegaou.eldapps.com\/wp-content\/uploads\/2022\/03\/soiree-paella-martigues-1024x683.jpg 1024w, https:\/\/martegaou.eldapps.com\/wp-content\/uploads\/2022\/03\/soiree-paella-martigues-300x200.jpg 300w, https:\/\/martegaou.eldapps.com\/wp-content\/uploads\/2022\/03\/soiree-paella-martigues-768x512.jpg 768w, https:\/\/martegaou.eldapps.com\/wp-content\/uploads\/2022\/03\/soiree-paella-martigues.jpg 1200w\" sizes=\"auto, (max-width: 1024px) 100vw, 1024px\" \/><\/a><\/figure>\n<\/figure>\n<\/div>\n\n\n\n<div class=\"wp-block-column is-vertically-aligned-center is-layout-flow wp-block-column-is-layout-flow\">\n<h2 class=\"ls-heading wp-block-heading\">Nuestras comidas tem\u00e1ticas en Martigues<\/h2>\n\n\n\n<p class=\"ls-paragraph\">Para variar los placeres y a\u00f1adir originalidad a sus comidas diarias, aproveche las f\u00f3rmulas tem\u00e1ticas que le propone el snack bar restaurante. Descubra las veladas con mejillones y <strong>patatas fritas <\/strong>o <strong>paella<\/strong>, conciertos en directo, espect\u00e1culos al <strong>aire libre<\/strong>, <strong>juegos de aperitivo<\/strong>\u2026<\/p>\n<\/div>\n<\/div>\n\n\r\n    <\/div>\r\n<\/section>\n\n<section id=\"ls-section-block_622f5091b7895\" class=\"ls-section  page-three  has-background-image has-parallax\" >\r\n    <div class=\"ls-section__background-image opacity-100\"><img decoding=\"async\" src=\"https:\/\/martegaou.eldapps.com\/wp-content\/uploads\/2022\/03\/restauration-martigues.jpg\" alt=\"restauration martigues\"><\/div>    <div class=\"container \">\r\n        \r\n    <\/div>\r\n<\/section>\n\n<section id=\"ls-section-block_6230725ede62d\" class=\"ls-section  page-four p-t-10 p-b-10 has-background has-color-3-background-color\" >\r\n        <div class=\"container container--wide\">\r\n        \n\n<h2 class=\"ls__heading has-text-align-center wp-block-heading\">Un lugar para vivir para nuestros veraneantes<\/h2>\n\n\n\n<div class=\"wp-block-columns is-layout-flex wp-container-core-columns-is-layout-9d6595d7 wp-block-columns-is-layout-flex\">\n<div class=\"wp-block-column is-layout-flow wp-block-column-is-layout-flow\">\n<p class=\"ls-paragraph\">Venga a disfrutar de la zona del Bistrot Bleu con varios juegos <strong>disponibles para el autoservicio<\/strong>. Billar, dardos o tejo de madera, disfruta de tus vacaciones con tu familia o amigos. Adem\u00e1s, nuestro equipo de animaci\u00f3n se reunir\u00e1 con usted todos los domingos para tomar una copa de bienvenida y presentarle las <strong>animaciones <\/strong>y <strong>espect\u00e1culos <\/strong>de la semana.<\/p>\n<\/div>\n\n\n\n<div class=\"wp-block-column is-layout-flow wp-block-column-is-layout-flow\">\n<p class=\"ls-paragraph\">El snack bar es un verdadero lugar de vida con <strong>animaciones muy apreciadas<\/strong> por los veraneantes. Situado justo enfrente de la piscina, con una terraza a la sombra, \u00a1le encantar\u00e1 este lugar de relax y convivencia!<\/p>\n<\/div>\n<\/div>\n\n\r\n    <\/div>\r\n<\/section>\n\n<section id=\"ls-section-block_622f51c6b7896\" class=\"ls-section  bloc-cta-fin-page\" >\r\n        <div class=\"container container--wide\">\r\n        \n\n<div id=\"ls-heading ls-titre-div-block_622f5219b7897\" class=\"ls-titre-div aligncenter h2-like\" >\n    Organice su evento y descubra nuestros alojamientos<\/div>\n\n\n\n<div class=\"wp-block-columns is-layout-flex wp-container-core-columns-is-layout-9d6595d7 wp-block-columns-is-layout-flex\">\n<div class=\"wp-block-column is-layout-flow wp-block-column-is-layout-flow\">\r\n<div id=\"ls-cta-block_62276ee6d5a28\" class=\"ls-cta\">  \r\n    \n\n<a href=\"https:\/\/martegaou.eldapps.com\/it\/residenza-vacanze-martigues\/posizione-chalet-martigues\/\" target=\"\" rel=\"noopener\" class=\"ls-cta__link\">\n\n\t<div class=\"ls-cta__image\"><img decoding=\"async\" src=\"https:\/\/martegaou.eldapps.com\/wp-content\/uploads\/2022\/03\/location-chalet-bouches-du-rhone.jpg\" alt=\"location chalet bouches du rhone\"><\/div>\n\t<div class=\"ls-cta__text\">\n\t\t<div class=\"ls-cta__title\">\n\t\t\tchalets\t\t<\/div>\n\n\t\t\t\t\t<div class=\"ls-cta__description\">\n\t\t\t\tDescubra\t\t\t<\/div>\n\t\t\t<\/div>\n\n<\/a><\/div><\/div>\n\n\n\n<div class=\"wp-block-column is-layout-flow wp-block-column-is-layout-flow\">\r\n<div id=\"ls-cta-block_6242ba933effe\" class=\"ls-cta\">  \r\n    \n\n<a href=\"https:\/\/martegaou.eldapps.com\/it\/residenza-vacanze-martigues\/residenza-vacanza-parco-aquatico-martigues\/\" target=\"\" rel=\"noopener\" class=\"ls-cta__link\">\n\n\t<div class=\"ls-cta__image\"><img decoding=\"async\" src=\"https:\/\/martegaou.eldapps.com\/wp-content\/uploads\/2022\/03\/residence-vacances-espace-aquatique-martigues.jpg\" alt=\"residence vacances espace aquatique martigues\"><\/div>\n\t<div class=\"ls-cta__text\">\n\t\t<div class=\"ls-cta__title\">\n\t\t\tpiscine\t\t<\/div>\n\n\t\t\t\t\t<div class=\"ls-cta__description\">\n\t\t\t\tDescubra\t\t\t<\/div>\n\t\t\t<\/div>\n\n<\/a><\/div><\/div>\n\n\n\n<div class=\"wp-block-column is-layout-flow wp-block-column-is-layout-flow\">\r\n<div id=\"ls-cta-block_6242ba943efff\" class=\"ls-cta\">  \r\n    \n\n<a href=\"https:\/\/martegaou.eldapps.com\/it\/campeggio-evento-martigues\/\" target=\"\" rel=\"noopener\" class=\"ls-cta__link\">\n\n\t<div class=\"ls-cta__image\"><img decoding=\"async\" src=\"https:\/\/martegaou.eldapps.com\/wp-content\/uploads\/2022\/03\/locatif-groupe-bouches-du-rhone-1.jpg\" alt=\"locatif groupe bouches du rhone\"><\/div>\n\t<div class=\"ls-cta__text\">\n\t\t<div class=\"ls-cta__title\">\n\t\t\tSeminario\t\t<\/div>\n\n\t\t\t\t\t<div class=\"ls-cta__description\">\n\t\t\t\tDescubra\t\t\t<\/div>\n\t\t\t<\/div>\n\n<\/a><\/div><\/div>\n<\/div>\n\n\r\n    <\/div>\r\n<\/section>","protected":false},"excerpt":{"rendered":"","protected":false},"author":1,"featured_media":2245,"parent":5158,"menu_order":0,"comment_status":"closed","ping_status":"closed","template":"","meta":{"_acf_changed":false,"footnotes":""},"sujet":[],"class_list":["post-5239","page","type-page","status-publish","has-post-thumbnail","hentry"],"acf":[],"yoast_head":"<!-- This site is optimized with the Yoast SEO plugin v26.7 - https:\/\/yoast.com\/wordpress\/plugins\/seo\/ -->\n<title>Snack bar en Martigues | Snack bar en Bouches-du-Rh\u00f4ne<\/title>\n<meta name=\"robots\" content=\"index, follow, max-snippet:-1, max-image-preview:large, max-video-preview:-1\" \/>\n<link rel=\"canonical\" href=\"https:\/\/martegaou.eldapps.com\/es\/residencia-vacaciones-martigues\/restauracion-martigues\/\" \/>\n<meta property=\"og:locale\" content=\"es_ES\" \/>\n<meta property=\"og:type\" content=\"article\" \/>\n<meta property=\"og:title\" content=\"Snack bar en Martigues | Snack bar en Bouches-du-Rh\u00f4ne\" \/>\n<meta property=\"og:url\" content=\"https:\/\/martegaou.eldapps.com\/es\/residencia-vacaciones-martigues\/restauracion-martigues\/\" \/>\n<meta property=\"og:site_name\" content=\"Martegaou\" \/>\n<meta property=\"article:modified_time\" content=\"2022-09-02T09:21:32+00:00\" \/>\n<meta property=\"og:image\" content=\"https:\/\/martegaou.eldapps.com\/wp-content\/uploads\/2022\/03\/residence-vacances-snack-martigues.jpg\" \/>\n\t<meta property=\"og:image:width\" content=\"1900\" \/>\n\t<meta property=\"og:image:height\" content=\"550\" \/>\n\t<meta property=\"og:image:type\" content=\"image\/jpeg\" \/>\n<meta name=\"twitter:card\" content=\"summary_large_image\" \/>\n<meta name=\"twitter:label1\" content=\"Tiempo de lectura\" \/>\n\t<meta name=\"twitter:data1\" content=\"3 minutos\" \/>\n<script type=\"application\/ld+json\" class=\"yoast-schema-graph\">{\"@context\":\"https:\/\/schema.org\",\"@graph\":[{\"@type\":\"WebPage\",\"@id\":\"https:\/\/martegaou.eldapps.com\/es\/residencia-vacaciones-martigues\/restauracion-martigues\/\",\"url\":\"https:\/\/martegaou.eldapps.com\/es\/residencia-vacaciones-martigues\/restauracion-martigues\/\",\"name\":\"Snack bar en Martigues | Snack bar en Bouches-du-Rh\u00f4ne\",\"isPartOf\":{\"@id\":\"https:\/\/martegaou.eldapps.com\/#website\"},\"primaryImageOfPage\":{\"@id\":\"https:\/\/martegaou.eldapps.com\/es\/residencia-vacaciones-martigues\/restauracion-martigues\/#primaryimage\"},\"image\":{\"@id\":\"https:\/\/martegaou.eldapps.com\/es\/residencia-vacaciones-martigues\/restauracion-martigues\/#primaryimage\"},\"thumbnailUrl\":\"https:\/\/martegaou.eldapps.com\/wp-content\/uploads\/2022\/03\/residence-vacances-snack-martigues.jpg\",\"datePublished\":\"2022-03-23T15:45:06+00:00\",\"dateModified\":\"2022-09-02T09:21:32+00:00\",\"breadcrumb\":{\"@id\":\"https:\/\/martegaou.eldapps.com\/es\/residencia-vacaciones-martigues\/restauracion-martigues\/#breadcrumb\"},\"inLanguage\":\"es\",\"potentialAction\":[{\"@type\":\"ReadAction\",\"target\":[\"https:\/\/martegaou.eldapps.com\/es\/residencia-vacaciones-martigues\/restauracion-martigues\/\"]}]},{\"@type\":\"ImageObject\",\"inLanguage\":\"es\",\"@id\":\"https:\/\/martegaou.eldapps.com\/es\/residencia-vacaciones-martigues\/restauracion-martigues\/#primaryimage\",\"url\":\"https:\/\/martegaou.eldapps.com\/wp-content\/uploads\/2022\/03\/residence-vacances-snack-martigues.jpg\",\"contentUrl\":\"https:\/\/martegaou.eldapps.com\/wp-content\/uploads\/2022\/03\/residence-vacances-snack-martigues.jpg\",\"width\":1900,\"height\":550,\"caption\":\"residence vacances snack martigues\"},{\"@type\":\"BreadcrumbList\",\"@id\":\"https:\/\/martegaou.eldapps.com\/es\/residencia-vacaciones-martigues\/restauracion-martigues\/#breadcrumb\",\"itemListElement\":[{\"@type\":\"ListItem\",\"position\":1,\"name\":\"Camping Bouches-du-Rh\u00f4ne\",\"item\":\"https:\/\/martegaou.eldapps.com\/es\/\"},{\"@type\":\"ListItem\",\"position\":2,\"name\":\"Residencia de vacaciones Les Chalets de la Mer\",\"item\":\"https:\/\/martegaou.eldapps.com\/es\/residencia-vacaciones-martigues\/\"},{\"@type\":\"ListItem\",\"position\":3,\"name\":\"Bar en Martigues\"}]},{\"@type\":\"WebSite\",\"@id\":\"https:\/\/martegaou.eldapps.com\/#website\",\"url\":\"https:\/\/martegaou.eldapps.com\/\",\"name\":\"Martegaou\",\"description\":\"\",\"publisher\":{\"@id\":\"https:\/\/martegaou.eldapps.com\/#organization\"},\"potentialAction\":[{\"@type\":\"SearchAction\",\"target\":{\"@type\":\"EntryPoint\",\"urlTemplate\":\"https:\/\/martegaou.eldapps.com\/?s={search_term_string}\"},\"query-input\":{\"@type\":\"PropertyValueSpecification\",\"valueRequired\":true,\"valueName\":\"search_term_string\"}}],\"inLanguage\":\"es\"},{\"@type\":\"Organization\",\"@id\":\"https:\/\/martegaou.eldapps.com\/#organization\",\"name\":\"Ctoncamping\",\"url\":\"https:\/\/martegaou.eldapps.com\/\",\"logo\":{\"@type\":\"ImageObject\",\"inLanguage\":\"es\",\"@id\":\"https:\/\/martegaou.eldapps.com\/#\/schema\/logo\/image\/\",\"url\":\"https:\/\/martegaou.eldapps.com\/wp-content\/uploads\/2022\/03\/logo-alt-ctoncamping.png\",\"contentUrl\":\"https:\/\/martegaou.eldapps.com\/wp-content\/uploads\/2022\/03\/logo-alt-ctoncamping.png\",\"width\":402,\"height\":72,\"caption\":\"Ctoncamping\"},\"image\":{\"@id\":\"https:\/\/martegaou.eldapps.com\/#\/schema\/logo\/image\/\"}}]}<\/script>\n<!-- \/ Yoast SEO plugin. -->","yoast_head_json":{"title":"Snack bar en Martigues | Snack bar en Bouches-du-Rh\u00f4ne","robots":{"index":"index","follow":"follow","max-snippet":"max-snippet:-1","max-image-preview":"max-image-preview:large","max-video-preview":"max-video-preview:-1"},"canonical":"https:\/\/martegaou.eldapps.com\/es\/residencia-vacaciones-martigues\/restauracion-martigues\/","og_locale":"es_ES","og_type":"article","og_title":"Snack bar en Martigues | Snack bar en Bouches-du-Rh\u00f4ne","og_url":"https:\/\/martegaou.eldapps.com\/es\/residencia-vacaciones-martigues\/restauracion-martigues\/","og_site_name":"Martegaou","article_modified_time":"2022-09-02T09:21:32+00:00","og_image":[{"width":1900,"height":550,"url":"https:\/\/martegaou.eldapps.com\/wp-content\/uploads\/2022\/03\/residence-vacances-snack-martigues.jpg","type":"image\/jpeg"}],"twitter_card":"summary_large_image","twitter_misc":{"Tiempo de lectura":"3 minutos"},"schema":{"@context":"https:\/\/schema.org","@graph":[{"@type":"WebPage","@id":"https:\/\/martegaou.eldapps.com\/es\/residencia-vacaciones-martigues\/restauracion-martigues\/","url":"https:\/\/martegaou.eldapps.com\/es\/residencia-vacaciones-martigues\/restauracion-martigues\/","name":"Snack bar en Martigues | Snack bar en Bouches-du-Rh\u00f4ne","isPartOf":{"@id":"https:\/\/martegaou.eldapps.com\/#website"},"primaryImageOfPage":{"@id":"https:\/\/martegaou.eldapps.com\/es\/residencia-vacaciones-martigues\/restauracion-martigues\/#primaryimage"},"image":{"@id":"https:\/\/martegaou.eldapps.com\/es\/residencia-vacaciones-martigues\/restauracion-martigues\/#primaryimage"},"thumbnailUrl":"https:\/\/martegaou.eldapps.com\/wp-content\/uploads\/2022\/03\/residence-vacances-snack-martigues.jpg","datePublished":"2022-03-23T15:45:06+00:00","dateModified":"2022-09-02T09:21:32+00:00","breadcrumb":{"@id":"https:\/\/martegaou.eldapps.com\/es\/residencia-vacaciones-martigues\/restauracion-martigues\/#breadcrumb"},"inLanguage":"es","potentialAction":[{"@type":"ReadAction","target":["https:\/\/martegaou.eldapps.com\/es\/residencia-vacaciones-martigues\/restauracion-martigues\/"]}]},{"@type":"ImageObject","inLanguage":"es","@id":"https:\/\/martegaou.eldapps.com\/es\/residencia-vacaciones-martigues\/restauracion-martigues\/#primaryimage","url":"https:\/\/martegaou.eldapps.com\/wp-content\/uploads\/2022\/03\/residence-vacances-snack-martigues.jpg","contentUrl":"https:\/\/martegaou.eldapps.com\/wp-content\/uploads\/2022\/03\/residence-vacances-snack-martigues.jpg","width":1900,"height":550,"caption":"residence vacances snack martigues"},{"@type":"BreadcrumbList","@id":"https:\/\/martegaou.eldapps.com\/es\/residencia-vacaciones-martigues\/restauracion-martigues\/#breadcrumb","itemListElement":[{"@type":"ListItem","position":1,"name":"Camping Bouches-du-Rh\u00f4ne","item":"https:\/\/martegaou.eldapps.com\/es\/"},{"@type":"ListItem","position":2,"name":"Residencia de vacaciones Les Chalets de la Mer","item":"https:\/\/martegaou.eldapps.com\/es\/residencia-vacaciones-martigues\/"},{"@type":"ListItem","position":3,"name":"Bar en Martigues"}]},{"@type":"WebSite","@id":"https:\/\/martegaou.eldapps.com\/#website","url":"https:\/\/martegaou.eldapps.com\/","name":"Martegaou","description":"","publisher":{"@id":"https:\/\/martegaou.eldapps.com\/#organization"},"potentialAction":[{"@type":"SearchAction","target":{"@type":"EntryPoint","urlTemplate":"https:\/\/martegaou.eldapps.com\/?s={search_term_string}"},"query-input":{"@type":"PropertyValueSpecification","valueRequired":true,"valueName":"search_term_string"}}],"inLanguage":"es"},{"@type":"Organization","@id":"https:\/\/martegaou.eldapps.com\/#organization","name":"Ctoncamping","url":"https:\/\/martegaou.eldapps.com\/","logo":{"@type":"ImageObject","inLanguage":"es","@id":"https:\/\/martegaou.eldapps.com\/#\/schema\/logo\/image\/","url":"https:\/\/martegaou.eldapps.com\/wp-content\/uploads\/2022\/03\/logo-alt-ctoncamping.png","contentUrl":"https:\/\/martegaou.eldapps.com\/wp-content\/uploads\/2022\/03\/logo-alt-ctoncamping.png","width":402,"height":72,"caption":"Ctoncamping"},"image":{"@id":"https:\/\/martegaou.eldapps.com\/#\/schema\/logo\/image\/"}}]}},"_links":{"self":[{"href":"https:\/\/martegaou.eldapps.com\/es\/wp-json\/wp\/v2\/pages\/5239","targetHints":{"allow":["GET"]}}],"collection":[{"href":"https:\/\/martegaou.eldapps.com\/es\/wp-json\/wp\/v2\/pages"}],"about":[{"href":"https:\/\/martegaou.eldapps.com\/es\/wp-json\/wp\/v2\/types\/page"}],"author":[{"embeddable":true,"href":"https:\/\/martegaou.eldapps.com\/es\/wp-json\/wp\/v2\/users\/1"}],"replies":[{"embeddable":true,"href":"https:\/\/martegaou.eldapps.com\/es\/wp-json\/wp\/v2\/comments?post=5239"}],"version-history":[{"count":0,"href":"https:\/\/martegaou.eldapps.com\/es\/wp-json\/wp\/v2\/pages\/5239\/revisions"}],"up":[{"embeddable":true,"href":"https:\/\/martegaou.eldapps.com\/es\/wp-json\/wp\/v2\/pages\/5158"}],"wp:featuredmedia":[{"embeddable":true,"href":"https:\/\/martegaou.eldapps.com\/es\/wp-json\/wp\/v2\/media\/2245"}],"wp:attachment":[{"href":"https:\/\/martegaou.eldapps.com\/es\/wp-json\/wp\/v2\/media?parent=5239"}],"wp:term":[{"taxonomy":"sujet","embeddable":true,"href":"https:\/\/martegaou.eldapps.com\/es\/wp-json\/wp\/v2\/sujet?post=5239"}],"curies":[{"name":"wp","href":"https:\/\/api.w.org\/{rel}","templated":true}]}}