{"id":5224,"date":"2022-03-24T11:41:42","date_gmt":"2022-03-24T10:41:42","guid":{"rendered":"https:\/\/martegaou.eldapps.com\/residencia-vacaciones-martigues\/vacances-familiale-martigues\/"},"modified":"2022-09-02T11:13:03","modified_gmt":"2022-09-02T09:13:03","slug":"vacaciones-familia-martigues","status":"publish","type":"page","link":"https:\/\/martegaou.eldapps.com\/es\/residencia-vacaciones-martigues\/vacaciones-familia-martigues\/","title":{"rendered":"Services &#8211; les chalets de la mer"},"content":{"rendered":"<section id=\"ls-section-block_622f4e73b7892\" class=\"ls-section  page-one\" >\r\n        <div class=\"container container--wide\">\r\n        \n\n<h1 class=\"ls__heading has-text-align-center has-color-2-color has-text-color wp-block-heading\">Las casitas del mar<br><mark style=\"background-color:rgba(0, 0, 0, 0)\" class=\"has-inline-color has-color-1-color\">en Martigues<\/mark><\/h1>\n\n\r\n    <\/div>\r\n<\/section>\n\n<section id=\"ls-section-block_622b51a7ef6b6\" class=\"ls-section  page-two has-background has-color-1-background-color\" >\r\n        <div class=\"container container--wide\">\r\n        \n\n<div class=\"wp-block-columns are-vertically-aligned-center is-layout-flex wp-container-core-columns-is-layout-9d6595d7 wp-block-columns-is-layout-flex\">\n<div class=\"wp-block-column is-vertically-aligned-center is-layout-flow wp-block-column-is-layout-flow\">\n<h2 class=\"ls-heading wp-block-heading\">La recepci\u00f3n de los chalets de la mer<\/h2>\n\n\n\n<p class=\"ls-paragraph\">La recepci\u00f3n est\u00e1 abierta de 09:00 a 19:00.<\/p>\n\n\n\n<p class=\"ls-paragraph\">En julio y agosto, <strong>le ofrecemos una bebida de bienvenida<\/strong> para comenzar su estancia en nuestro <a href=\"\/es\/\">establecimiento Ctoncamping<\/a>.<\/p>\n<\/div>\n\n\n\n<div class=\"wp-block-column is-vertically-aligned-center column-description column-description__camping column-description__camping__chalets no-after animated fadeInRight delay-100ms slow is-layout-flow wp-block-column-is-layout-flow\">\n<figure class=\"wp-block-gallery has-nested-images columns-2 is-cropped img-page-interne wp-block-gallery-1 is-layout-flex wp-block-gallery-is-layout-flex\">\n<figure class=\"wp-block-image size-full\"><a href=\"https:\/\/martegaou.eldapps.com\/wp-content\/uploads\/2022\/04\/accueil.jpg\"><img loading=\"lazy\" decoding=\"async\" width=\"1024\" height=\"683\" data-id=\"4744\" src=\"https:\/\/martegaou.eldapps.com\/wp-content\/uploads\/2022\/04\/accueil.jpg\" alt=\"Accueillant\" class=\"wp-image-4744\" srcset=\"https:\/\/martegaou.eldapps.com\/wp-content\/uploads\/2022\/04\/accueil.jpg 1024w, https:\/\/martegaou.eldapps.com\/wp-content\/uploads\/2022\/04\/accueil-300x200.jpg 300w, https:\/\/martegaou.eldapps.com\/wp-content\/uploads\/2022\/04\/accueil-768x512.jpg 768w\" sizes=\"auto, (max-width: 1024px) 100vw, 1024px\" \/><\/a><\/figure>\n\n\n\n<figure class=\"wp-block-image size-full\"><a href=\"https:\/\/martegaou.eldapps.com\/wp-content\/uploads\/2022\/04\/accueil1.jpg\"><img loading=\"lazy\" decoding=\"async\" width=\"1024\" height=\"683\" data-id=\"4749\" src=\"https:\/\/martegaou.eldapps.com\/wp-content\/uploads\/2022\/04\/accueil1.jpg\" alt=\"hotesse d'accueil\n\" class=\"wp-image-4749\" srcset=\"https:\/\/martegaou.eldapps.com\/wp-content\/uploads\/2022\/04\/accueil1.jpg 1024w, https:\/\/martegaou.eldapps.com\/wp-content\/uploads\/2022\/04\/accueil1-300x200.jpg 300w, https:\/\/martegaou.eldapps.com\/wp-content\/uploads\/2022\/04\/accueil1-768x512.jpg 768w\" sizes=\"auto, (max-width: 1024px) 100vw, 1024px\" \/><\/a><\/figure>\n\n\n\n<figure class=\"wp-block-image size-large\"><a href=\"https:\/\/martegaou.eldapps.com\/wp-content\/uploads\/2022\/03\/residence-vacances-familiale-martigues.jpg\"><img loading=\"lazy\" decoding=\"async\" width=\"1024\" height=\"683\" data-id=\"2386\" src=\"https:\/\/martegaou.eldapps.com\/wp-content\/uploads\/2022\/03\/residence-vacances-familiale-martigues-1024x683.jpg\" alt=\"residence vacances familiale martigues\" class=\"wp-image-2386\" srcset=\"https:\/\/martegaou.eldapps.com\/wp-content\/uploads\/2022\/03\/residence-vacances-familiale-martigues-1024x683.jpg 1024w, https:\/\/martegaou.eldapps.com\/wp-content\/uploads\/2022\/03\/residence-vacances-familiale-martigues-300x200.jpg 300w, https:\/\/martegaou.eldapps.com\/wp-content\/uploads\/2022\/03\/residence-vacances-familiale-martigues-768x512.jpg 768w, https:\/\/martegaou.eldapps.com\/wp-content\/uploads\/2022\/03\/residence-vacances-familiale-martigues.jpg 1200w\" sizes=\"auto, (max-width: 1024px) 100vw, 1024px\" \/><\/a><\/figure>\n\n\n\n<figure class=\"wp-block-image size-large\"><a href=\"https:\/\/martegaou.eldapps.com\/wp-content\/uploads\/2022\/04\/reception-camping-martigues.jpg\"><img loading=\"lazy\" decoding=\"async\" width=\"1024\" height=\"683\" data-id=\"4262\" src=\"https:\/\/martegaou.eldapps.com\/wp-content\/uploads\/2022\/04\/reception-camping-martigues-1024x683.jpg\" alt=\"reception camping martigues\" class=\"wp-image-4262\" srcset=\"https:\/\/martegaou.eldapps.com\/wp-content\/uploads\/2022\/04\/reception-camping-martigues-1024x683.jpg 1024w, https:\/\/martegaou.eldapps.com\/wp-content\/uploads\/2022\/04\/reception-camping-martigues-300x200.jpg 300w, https:\/\/martegaou.eldapps.com\/wp-content\/uploads\/2022\/04\/reception-camping-martigues-768x512.jpg 768w, https:\/\/martegaou.eldapps.com\/wp-content\/uploads\/2022\/04\/reception-camping-martigues.jpg 1200w\" sizes=\"auto, (max-width: 1024px) 100vw, 1024px\" \/><\/a><\/figure>\n<\/figure>\n<\/div>\n<\/div>\n\n\r\n    <\/div>\r\n<\/section>\n\n<section id=\"ls-section-block_622f504cb7894\" class=\"ls-section  page-two\" >\r\n        <div class=\"container container--wide\">\r\n        \n\n<div class=\"wp-block-columns are-vertically-aligned-center is-layout-flex wp-container-core-columns-is-layout-9d6595d7 wp-block-columns-is-layout-flex\">\n<div class=\"wp-block-column is-vertically-aligned-center column-description column-description__camping column-description__camping__chalets no-after animated fadeInLeft delay-100ms slow is-layout-flow wp-block-column-is-layout-flow\">\n<figure class=\"wp-block-gallery has-nested-images columns-2 is-cropped img-page-interne wp-block-gallery-2 is-layout-flex wp-block-gallery-is-layout-flex\">\n<figure class=\"wp-block-image size-large\"><a href=\"https:\/\/martegaou.eldapps.com\/wp-content\/uploads\/2022\/04\/bar-martigues-1.jpg\"><img loading=\"lazy\" decoding=\"async\" width=\"1024\" height=\"683\" data-id=\"4233\" src=\"https:\/\/martegaou.eldapps.com\/wp-content\/uploads\/2022\/04\/bar-martigues-1-1024x683.jpg\" alt=\"bar martigues\" class=\"wp-image-4233\" srcset=\"https:\/\/martegaou.eldapps.com\/wp-content\/uploads\/2022\/04\/bar-martigues-1-1024x683.jpg 1024w, https:\/\/martegaou.eldapps.com\/wp-content\/uploads\/2022\/04\/bar-martigues-1-300x200.jpg 300w, https:\/\/martegaou.eldapps.com\/wp-content\/uploads\/2022\/04\/bar-martigues-1-768x512.jpg 768w, https:\/\/martegaou.eldapps.com\/wp-content\/uploads\/2022\/04\/bar-martigues-1.jpg 1200w\" sizes=\"auto, (max-width: 1024px) 100vw, 1024px\" \/><\/a><\/figure>\n\n\n\n<figure class=\"wp-block-image size-large\"><a href=\"https:\/\/martegaou.eldapps.com\/wp-content\/uploads\/2022\/03\/residence-vacances-wifi-martigues.jpg\"><img loading=\"lazy\" decoding=\"async\" width=\"1024\" height=\"683\" data-id=\"2377\" src=\"https:\/\/martegaou.eldapps.com\/wp-content\/uploads\/2022\/03\/residence-vacances-wifi-martigues-1024x683.jpg\" alt=\"residence vacances wifi martigues\" class=\"wp-image-2377\" srcset=\"https:\/\/martegaou.eldapps.com\/wp-content\/uploads\/2022\/03\/residence-vacances-wifi-martigues-1024x683.jpg 1024w, https:\/\/martegaou.eldapps.com\/wp-content\/uploads\/2022\/03\/residence-vacances-wifi-martigues-300x200.jpg 300w, https:\/\/martegaou.eldapps.com\/wp-content\/uploads\/2022\/03\/residence-vacances-wifi-martigues-768x512.jpg 768w, https:\/\/martegaou.eldapps.com\/wp-content\/uploads\/2022\/03\/residence-vacances-wifi-martigues.jpg 1200w\" sizes=\"auto, (max-width: 1024px) 100vw, 1024px\" \/><\/a><\/figure>\n\n\n\n<figure class=\"wp-block-image size-large img-page-interne\"><a href=\"https:\/\/martegaou.eldapps.com\/wp-content\/uploads\/2022\/03\/laverie-martigues.jpg\"><img loading=\"lazy\" decoding=\"async\" width=\"1024\" height=\"683\" data-id=\"2368\" src=\"https:\/\/martegaou.eldapps.com\/wp-content\/uploads\/2022\/03\/laverie-martigues-1024x683.jpg\" alt=\"laverie martigues\" class=\"wp-image-2368\" srcset=\"https:\/\/martegaou.eldapps.com\/wp-content\/uploads\/2022\/03\/laverie-martigues-1024x683.jpg 1024w, https:\/\/martegaou.eldapps.com\/wp-content\/uploads\/2022\/03\/laverie-martigues-300x200.jpg 300w, https:\/\/martegaou.eldapps.com\/wp-content\/uploads\/2022\/03\/laverie-martigues-768x512.jpg 768w, https:\/\/martegaou.eldapps.com\/wp-content\/uploads\/2022\/03\/laverie-martigues.jpg 1200w\" sizes=\"auto, (max-width: 1024px) 100vw, 1024px\" \/><\/a><\/figure>\n\n\n\n<figure class=\"wp-block-image size-large\"><a href=\"https:\/\/martegaou.eldapps.com\/wp-content\/uploads\/2022\/03\/laverie-bouches-du-rhone.jpg\"><img loading=\"lazy\" decoding=\"async\" width=\"1024\" height=\"683\" data-id=\"2365\" src=\"https:\/\/martegaou.eldapps.com\/wp-content\/uploads\/2022\/03\/laverie-bouches-du-rhone-1024x683.jpg\" alt=\"laverie bouches du rhone\" class=\"wp-image-2365\" srcset=\"https:\/\/martegaou.eldapps.com\/wp-content\/uploads\/2022\/03\/laverie-bouches-du-rhone-1024x683.jpg 1024w, https:\/\/martegaou.eldapps.com\/wp-content\/uploads\/2022\/03\/laverie-bouches-du-rhone-300x200.jpg 300w, https:\/\/martegaou.eldapps.com\/wp-content\/uploads\/2022\/03\/laverie-bouches-du-rhone-768x512.jpg 768w, https:\/\/martegaou.eldapps.com\/wp-content\/uploads\/2022\/03\/laverie-bouches-du-rhone.jpg 1200w\" sizes=\"auto, (max-width: 1024px) 100vw, 1024px\" \/><\/a><\/figure>\n<\/figure>\n<\/div>\n\n\n\n<div class=\"wp-block-column is-vertically-aligned-center is-layout-flow wp-block-column-is-layout-flow\">\n<h2 class=\"ls-heading wp-block-heading\">Servicios disponibles<\/h2>\n\n\n\n<h3 class=\"ls-heading wp-block-heading\">Wifi gratuito<\/h3>\n\n\n\n<p class=\"ls-paragraph\">Durante su estancia en Martigues, aproveche el <strong>acceso wifi gratuito<\/strong> cerca de la recepci\u00f3n. \u00bfQuiere seguir conectado en su alquiler? Descubra adem\u00e1s todos nuestros paquetes wifi.<\/p>\n\n\n\n<h3 class=\"ls__heading m-t-6 wp-block-heading\">La lavander\u00eda<\/h3>\n\n\n\n<p class=\"ls-paragraph\">La <strong>lavander\u00eda <\/strong>dispone de lavadoras con lavadero integrado y secadoras. La tabla de planchar y la plancha est\u00e1n disponibles para su pr\u00e9stamo.<\/p>\n\n\n\n<h3 class=\"ls__heading m-t-6 wp-block-heading\">La tienda de comestibles<\/h3>\n\n\n\n<p class=\"ls-paragraph\">Todos los<strong> productos de primera necesidad<\/strong> est\u00e1n a la venta en la tienda de comestibles de Chalets de la Mer, situada en la recepci\u00f3n. \u00bfNecesita otros productos? Hay un minimercado a poca distancia de su destino de vacaciones.<\/p>\n<\/div>\n<\/div>\n\n\r\n    <\/div>\r\n<\/section>\n\n<section id=\"ls-section-block_622f5091b7895\" class=\"ls-section  page-three  has-background-image has-parallax\" >\r\n    <div class=\"ls-section__background-image opacity-100\"><img decoding=\"async\" src=\"https:\/\/martegaou.eldapps.com\/wp-content\/uploads\/2022\/03\/residence-vacances-animaux-martigues.jpg\" alt=\"residence vacances animaux martigues\"><\/div>    <div class=\"container \">\r\n        \r\n    <\/div>\r\n<\/section>\n\n<section id=\"ls-section-block_6230725ede62d\" class=\"ls-section  page-four p-t-10 p-b-10 has-background has-color-3-background-color\" >\r\n        <div class=\"container container--wide\">\r\n        \n\n<div class=\"wp-block-columns is-layout-flex wp-container-core-columns-is-layout-9d6595d7 wp-block-columns-is-layout-flex\">\n<div class=\"wp-block-column is-layout-flow wp-block-column-is-layout-flow\">\n<h3 class=\"ls-heading wp-block-heading\">Nuestro equipo en pr\u00e9stamo<\/h3>\n\n\n\n<p class=\"ls-paragraph\">Haga su estancia a\u00fan m\u00e1s c\u00f3moda eligiendo nuestro equipo de pr\u00e9stamo. Los <strong>padres j\u00f3venes<\/strong> viajan m\u00e1s ligeros si reservan una cama, una silla y una ba\u00f1era para su beb\u00e9; s\u00f3lo el colch\u00f3n, las s\u00e1banas y las mantas no se proporcionan. Tambi\u00e9n hay <strong>secador de pelo, plancha y parrilla<\/strong> para sus parrilladas de verano.<\/p>\n\n\n\n<p class=\"ls-paragraph\">Estas instalaciones est\u00e1n sujetas a disponibilidad, por lo que se debe reservar con antelaci\u00f3n.<\/p>\n<\/div>\n\n\n\n<div class=\"wp-block-column is-layout-flow wp-block-column-is-layout-flow\">\n<h3 class=\"ls-heading wp-block-heading\">Viaja con tus mascotas<\/h3>\n\n\n\n<p class=\"ls-paragraph\">\u00a1Sus fieles acompa\u00f1antes son bienvenidos en los Chalets de la Mer! Aceptamos <strong>una mascota por alquiler.<\/strong> No se admiten animales de 1\u00aa y 2\u00aa categor\u00eda ni NAC.<\/p>\n<\/div>\n<\/div>\n\n\r\n    <\/div>\r\n<\/section>\n\n<section id=\"ls-section-block_622f51c6b7896\" class=\"ls-section  bloc-cta-fin-page\" >\r\n        <div class=\"container container--wide\">\r\n        \n\n<div id=\"ls-heading ls-titre-div-block_622f5219b7897\" class=\"ls-titre-div aligncenter h2-like\" >\n    Peaufiner votre bronzage en bord de piscine et restaurez-vous au snack<\/div>\n\n\n\n<div class=\"wp-block-columns is-layout-flex wp-container-core-columns-is-layout-9d6595d7 wp-block-columns-is-layout-flex\">\n<div class=\"wp-block-column is-layout-flow wp-block-column-is-layout-flow\">\r\n<div id=\"ls-cta-block_62276ee6d5a28\" class=\"ls-cta\">  \r\n    \n\n<a href=\"\/es\/residencia-vacaciones-martigues\/restauracion-martigues\/\" target=\"\" rel=\"noopener\" class=\"ls-cta__link\">\n\n\t<div class=\"ls-cta__image\"><img decoding=\"async\" src=\"https:\/\/martegaou.eldapps.com\/wp-content\/uploads\/2022\/04\/pizza-snack-arquet.jpg\" alt=\"pizza snack arquet\"><\/div>\n\t<div class=\"ls-cta__text\">\n\t\t<div class=\"ls-cta__title\">\n\t\t\tRestaurante\t\t<\/div>\n\n\t\t\t\t\t<div class=\"ls-cta__description\">\n\t\t\t\tDescubra\t\t\t<\/div>\n\t\t\t<\/div>\n\n<\/a><\/div><\/div>\n\n\n\n<div class=\"wp-block-column is-layout-flow wp-block-column-is-layout-flow\">\r\n<div id=\"ls-cta-block_62276ed0d5a27\" class=\"ls-cta\">  \r\n    \n\n<a href=\"https:\/\/martegaou.eldapps.com\/es\/residencia-vacaciones-martigues\/residencia-vacaciones-parque-acuatico-martigues\/\" target=\"\" rel=\"noopener\" class=\"ls-cta__link\">\n\n\t<div class=\"ls-cta__image\"><img decoding=\"async\" src=\"https:\/\/martegaou.eldapps.com\/wp-content\/uploads\/2022\/03\/pisicine-les-chalets-de-la-mer-ctoncamping-768x512.jpg\" alt=\"pisicine les chalets de la mer ctoncamping\"><\/div>\n\t<div class=\"ls-cta__text\">\n\t\t<div class=\"ls-cta__title\">\n\t\t\tPiscina\t\t<\/div>\n\n\t\t\t\t\t<div class=\"ls-cta__description\">\n\t\t\t\tDescubra\t\t\t<\/div>\n\t\t\t<\/div>\n\n<\/a><\/div><\/div>\n\n\n\n<div class=\"wp-block-column is-layout-flow wp-block-column-is-layout-flow\">\r\n<div id=\"ls-cta-block_6242b976da9d7\" class=\"ls-cta\">  \r\n    \n\n<a href=\"\/es\/residencia-vacaciones-martigues\/alquiler-chalet-martigues\/\" target=\"\" rel=\"noopener\" class=\"ls-cta__link\">\n\n\t<div class=\"ls-cta__image\"><img decoding=\"async\" src=\"https:\/\/martegaou.eldapps.com\/wp-content\/uploads\/2022\/03\/location-chalet-bouches-du-rhone.jpg\" alt=\"location chalet bouches du rhone\"><\/div>\n\t<div class=\"ls-cta__text\">\n\t\t<div class=\"ls-cta__title\">\n\t\t\tChalets\t\t<\/div>\n\n\t\t\t\t\t<div class=\"ls-cta__description\">\n\t\t\t\tDescubra\t\t\t<\/div>\n\t\t\t<\/div>\n\n<\/a><\/div><\/div>\n<\/div>\n\n\r\n    <\/div>\r\n<\/section>","protected":false},"excerpt":{"rendered":"","protected":false},"author":1,"featured_media":2392,"parent":5158,"menu_order":0,"comment_status":"closed","ping_status":"closed","template":"","meta":{"_acf_changed":false,"footnotes":""},"sujet":[],"class_list":["post-5224","page","type-page","status-publish","has-post-thumbnail","hentry"],"acf":[],"yoast_head":"<!-- This site is optimized with the Yoast SEO plugin v26.7 - https:\/\/yoast.com\/wordpress\/plugins\/seo\/ -->\n<title>Los chalets de la mer en Martigues | Tienda de comestibles Martigues, en el R\u00f3dano<\/title>\n<meta name=\"robots\" content=\"index, follow, max-snippet:-1, max-image-preview:large, max-video-preview:-1\" \/>\n<link rel=\"canonical\" href=\"https:\/\/martegaou.eldapps.com\/es\/residencia-vacaciones-martigues\/vacaciones-familia-martigues\/\" \/>\n<meta property=\"og:locale\" content=\"es_ES\" \/>\n<meta property=\"og:type\" content=\"article\" \/>\n<meta property=\"og:title\" content=\"Los chalets de la mer en Martigues | Tienda de comestibles Martigues, en el R\u00f3dano\" \/>\n<meta property=\"og:url\" content=\"https:\/\/martegaou.eldapps.com\/es\/residencia-vacaciones-martigues\/vacaciones-familia-martigues\/\" \/>\n<meta property=\"og:site_name\" content=\"Martegaou\" \/>\n<meta property=\"article:modified_time\" content=\"2022-09-02T09:13:03+00:00\" \/>\n<meta property=\"og:image\" content=\"https:\/\/martegaou.eldapps.com\/wp-content\/uploads\/2022\/03\/residence-vacances-familiale-bouches-du-rhone.jpg\" \/>\n\t<meta property=\"og:image:width\" content=\"1900\" \/>\n\t<meta property=\"og:image:height\" content=\"550\" \/>\n\t<meta property=\"og:image:type\" content=\"image\/jpeg\" \/>\n<meta name=\"twitter:card\" content=\"summary_large_image\" \/>\n<meta name=\"twitter:label1\" content=\"Tiempo de lectura\" \/>\n\t<meta name=\"twitter:data1\" content=\"3 minutos\" \/>\n<script type=\"application\/ld+json\" class=\"yoast-schema-graph\">{\"@context\":\"https:\/\/schema.org\",\"@graph\":[{\"@type\":\"WebPage\",\"@id\":\"https:\/\/martegaou.eldapps.com\/es\/residencia-vacaciones-martigues\/vacaciones-familia-martigues\/\",\"url\":\"https:\/\/martegaou.eldapps.com\/es\/residencia-vacaciones-martigues\/vacaciones-familia-martigues\/\",\"name\":\"Los chalets de la mer en Martigues | Tienda de comestibles Martigues, en el R\u00f3dano\",\"isPartOf\":{\"@id\":\"https:\/\/martegaou.eldapps.com\/#website\"},\"primaryImageOfPage\":{\"@id\":\"https:\/\/martegaou.eldapps.com\/es\/residencia-vacaciones-martigues\/vacaciones-familia-martigues\/#primaryimage\"},\"image\":{\"@id\":\"https:\/\/martegaou.eldapps.com\/es\/residencia-vacaciones-martigues\/vacaciones-familia-martigues\/#primaryimage\"},\"thumbnailUrl\":\"https:\/\/martegaou.eldapps.com\/wp-content\/uploads\/2022\/03\/residence-vacances-familiale-bouches-du-rhone.jpg\",\"datePublished\":\"2022-03-24T10:41:42+00:00\",\"dateModified\":\"2022-09-02T09:13:03+00:00\",\"breadcrumb\":{\"@id\":\"https:\/\/martegaou.eldapps.com\/es\/residencia-vacaciones-martigues\/vacaciones-familia-martigues\/#breadcrumb\"},\"inLanguage\":\"es\",\"potentialAction\":[{\"@type\":\"ReadAction\",\"target\":[\"https:\/\/martegaou.eldapps.com\/es\/residencia-vacaciones-martigues\/vacaciones-familia-martigues\/\"]}]},{\"@type\":\"ImageObject\",\"inLanguage\":\"es\",\"@id\":\"https:\/\/martegaou.eldapps.com\/es\/residencia-vacaciones-martigues\/vacaciones-familia-martigues\/#primaryimage\",\"url\":\"https:\/\/martegaou.eldapps.com\/wp-content\/uploads\/2022\/03\/residence-vacances-familiale-bouches-du-rhone.jpg\",\"contentUrl\":\"https:\/\/martegaou.eldapps.com\/wp-content\/uploads\/2022\/03\/residence-vacances-familiale-bouches-du-rhone.jpg\",\"width\":1900,\"height\":550,\"caption\":\"residence vacances familiale bouches du rhone\"},{\"@type\":\"BreadcrumbList\",\"@id\":\"https:\/\/martegaou.eldapps.com\/es\/residencia-vacaciones-martigues\/vacaciones-familia-martigues\/#breadcrumb\",\"itemListElement\":[{\"@type\":\"ListItem\",\"position\":1,\"name\":\"Camping Bouches-du-Rh\u00f4ne\",\"item\":\"https:\/\/martegaou.eldapps.com\/es\/\"},{\"@type\":\"ListItem\",\"position\":2,\"name\":\"Residencia de vacaciones Les Chalets de la Mer\",\"item\":\"https:\/\/martegaou.eldapps.com\/es\/residencia-vacaciones-martigues\/\"},{\"@type\":\"ListItem\",\"position\":3,\"name\":\"Tienda de comestibles y lavander\u00eda en Martigues\"}]},{\"@type\":\"WebSite\",\"@id\":\"https:\/\/martegaou.eldapps.com\/#website\",\"url\":\"https:\/\/martegaou.eldapps.com\/\",\"name\":\"Martegaou\",\"description\":\"\",\"publisher\":{\"@id\":\"https:\/\/martegaou.eldapps.com\/#organization\"},\"potentialAction\":[{\"@type\":\"SearchAction\",\"target\":{\"@type\":\"EntryPoint\",\"urlTemplate\":\"https:\/\/martegaou.eldapps.com\/?s={search_term_string}\"},\"query-input\":{\"@type\":\"PropertyValueSpecification\",\"valueRequired\":true,\"valueName\":\"search_term_string\"}}],\"inLanguage\":\"es\"},{\"@type\":\"Organization\",\"@id\":\"https:\/\/martegaou.eldapps.com\/#organization\",\"name\":\"Ctoncamping\",\"url\":\"https:\/\/martegaou.eldapps.com\/\",\"logo\":{\"@type\":\"ImageObject\",\"inLanguage\":\"es\",\"@id\":\"https:\/\/martegaou.eldapps.com\/#\/schema\/logo\/image\/\",\"url\":\"https:\/\/martegaou.eldapps.com\/wp-content\/uploads\/2022\/03\/logo-alt-ctoncamping.png\",\"contentUrl\":\"https:\/\/martegaou.eldapps.com\/wp-content\/uploads\/2022\/03\/logo-alt-ctoncamping.png\",\"width\":402,\"height\":72,\"caption\":\"Ctoncamping\"},\"image\":{\"@id\":\"https:\/\/martegaou.eldapps.com\/#\/schema\/logo\/image\/\"}}]}<\/script>\n<!-- \/ Yoast SEO plugin. -->","yoast_head_json":{"title":"Los chalets de la mer en Martigues | Tienda de comestibles Martigues, en el R\u00f3dano","robots":{"index":"index","follow":"follow","max-snippet":"max-snippet:-1","max-image-preview":"max-image-preview:large","max-video-preview":"max-video-preview:-1"},"canonical":"https:\/\/martegaou.eldapps.com\/es\/residencia-vacaciones-martigues\/vacaciones-familia-martigues\/","og_locale":"es_ES","og_type":"article","og_title":"Los chalets de la mer en Martigues | Tienda de comestibles Martigues, en el R\u00f3dano","og_url":"https:\/\/martegaou.eldapps.com\/es\/residencia-vacaciones-martigues\/vacaciones-familia-martigues\/","og_site_name":"Martegaou","article_modified_time":"2022-09-02T09:13:03+00:00","og_image":[{"width":1900,"height":550,"url":"https:\/\/martegaou.eldapps.com\/wp-content\/uploads\/2022\/03\/residence-vacances-familiale-bouches-du-rhone.jpg","type":"image\/jpeg"}],"twitter_card":"summary_large_image","twitter_misc":{"Tiempo de lectura":"3 minutos"},"schema":{"@context":"https:\/\/schema.org","@graph":[{"@type":"WebPage","@id":"https:\/\/martegaou.eldapps.com\/es\/residencia-vacaciones-martigues\/vacaciones-familia-martigues\/","url":"https:\/\/martegaou.eldapps.com\/es\/residencia-vacaciones-martigues\/vacaciones-familia-martigues\/","name":"Los chalets de la mer en Martigues | Tienda de comestibles Martigues, en el R\u00f3dano","isPartOf":{"@id":"https:\/\/martegaou.eldapps.com\/#website"},"primaryImageOfPage":{"@id":"https:\/\/martegaou.eldapps.com\/es\/residencia-vacaciones-martigues\/vacaciones-familia-martigues\/#primaryimage"},"image":{"@id":"https:\/\/martegaou.eldapps.com\/es\/residencia-vacaciones-martigues\/vacaciones-familia-martigues\/#primaryimage"},"thumbnailUrl":"https:\/\/martegaou.eldapps.com\/wp-content\/uploads\/2022\/03\/residence-vacances-familiale-bouches-du-rhone.jpg","datePublished":"2022-03-24T10:41:42+00:00","dateModified":"2022-09-02T09:13:03+00:00","breadcrumb":{"@id":"https:\/\/martegaou.eldapps.com\/es\/residencia-vacaciones-martigues\/vacaciones-familia-martigues\/#breadcrumb"},"inLanguage":"es","potentialAction":[{"@type":"ReadAction","target":["https:\/\/martegaou.eldapps.com\/es\/residencia-vacaciones-martigues\/vacaciones-familia-martigues\/"]}]},{"@type":"ImageObject","inLanguage":"es","@id":"https:\/\/martegaou.eldapps.com\/es\/residencia-vacaciones-martigues\/vacaciones-familia-martigues\/#primaryimage","url":"https:\/\/martegaou.eldapps.com\/wp-content\/uploads\/2022\/03\/residence-vacances-familiale-bouches-du-rhone.jpg","contentUrl":"https:\/\/martegaou.eldapps.com\/wp-content\/uploads\/2022\/03\/residence-vacances-familiale-bouches-du-rhone.jpg","width":1900,"height":550,"caption":"residence vacances familiale bouches du rhone"},{"@type":"BreadcrumbList","@id":"https:\/\/martegaou.eldapps.com\/es\/residencia-vacaciones-martigues\/vacaciones-familia-martigues\/#breadcrumb","itemListElement":[{"@type":"ListItem","position":1,"name":"Camping Bouches-du-Rh\u00f4ne","item":"https:\/\/martegaou.eldapps.com\/es\/"},{"@type":"ListItem","position":2,"name":"Residencia de vacaciones Les Chalets de la Mer","item":"https:\/\/martegaou.eldapps.com\/es\/residencia-vacaciones-martigues\/"},{"@type":"ListItem","position":3,"name":"Tienda de comestibles y lavander\u00eda en Martigues"}]},{"@type":"WebSite","@id":"https:\/\/martegaou.eldapps.com\/#website","url":"https:\/\/martegaou.eldapps.com\/","name":"Martegaou","description":"","publisher":{"@id":"https:\/\/martegaou.eldapps.com\/#organization"},"potentialAction":[{"@type":"SearchAction","target":{"@type":"EntryPoint","urlTemplate":"https:\/\/martegaou.eldapps.com\/?s={search_term_string}"},"query-input":{"@type":"PropertyValueSpecification","valueRequired":true,"valueName":"search_term_string"}}],"inLanguage":"es"},{"@type":"Organization","@id":"https:\/\/martegaou.eldapps.com\/#organization","name":"Ctoncamping","url":"https:\/\/martegaou.eldapps.com\/","logo":{"@type":"ImageObject","inLanguage":"es","@id":"https:\/\/martegaou.eldapps.com\/#\/schema\/logo\/image\/","url":"https:\/\/martegaou.eldapps.com\/wp-content\/uploads\/2022\/03\/logo-alt-ctoncamping.png","contentUrl":"https:\/\/martegaou.eldapps.com\/wp-content\/uploads\/2022\/03\/logo-alt-ctoncamping.png","width":402,"height":72,"caption":"Ctoncamping"},"image":{"@id":"https:\/\/martegaou.eldapps.com\/#\/schema\/logo\/image\/"}}]}},"_links":{"self":[{"href":"https:\/\/martegaou.eldapps.com\/es\/wp-json\/wp\/v2\/pages\/5224","targetHints":{"allow":["GET"]}}],"collection":[{"href":"https:\/\/martegaou.eldapps.com\/es\/wp-json\/wp\/v2\/pages"}],"about":[{"href":"https:\/\/martegaou.eldapps.com\/es\/wp-json\/wp\/v2\/types\/page"}],"author":[{"embeddable":true,"href":"https:\/\/martegaou.eldapps.com\/es\/wp-json\/wp\/v2\/users\/1"}],"replies":[{"embeddable":true,"href":"https:\/\/martegaou.eldapps.com\/es\/wp-json\/wp\/v2\/comments?post=5224"}],"version-history":[{"count":0,"href":"https:\/\/martegaou.eldapps.com\/es\/wp-json\/wp\/v2\/pages\/5224\/revisions"}],"up":[{"embeddable":true,"href":"https:\/\/martegaou.eldapps.com\/es\/wp-json\/wp\/v2\/pages\/5158"}],"wp:featuredmedia":[{"embeddable":true,"href":"https:\/\/martegaou.eldapps.com\/es\/wp-json\/wp\/v2\/media\/2392"}],"wp:attachment":[{"href":"https:\/\/martegaou.eldapps.com\/es\/wp-json\/wp\/v2\/media?parent=5224"}],"wp:term":[{"taxonomy":"sujet","embeddable":true,"href":"https:\/\/martegaou.eldapps.com\/es\/wp-json\/wp\/v2\/sujet?post=5224"}],"curies":[{"name":"wp","href":"https:\/\/api.w.org\/{rel}","templated":true}]}}