{"id":5158,"date":"2022-03-10T09:52:12","date_gmt":"2022-03-10T08:52:12","guid":{"rendered":"https:\/\/martegaou.eldapps.com\/residence-vacances-martigues\/"},"modified":"2022-12-14T10:31:55","modified_gmt":"2022-12-14T09:31:55","slug":"residencia-vacaciones-martigues","status":"publish","type":"page","link":"https:\/\/martegaou.eldapps.com\/es\/residencia-vacaciones-martigues\/","title":{"rendered":"Camping Les Chalets de la Mer"},"content":{"rendered":"<section id=\"ls-section-block_23af529dcac9e4766236ca09edf73540\" class=\"ls-section  p-b-4 m-b-10\" >\r\n        <div class=\"container container--wide\">\r\n        \n\n<h1 class=\"ls__heading has-text-align-center has-color-1-color has-text-color wp-block-heading\">Los Chalets de la Mer<\/h1>\n\n\n\n<div class=\"wp-block-columns are-vertically-aligned-center is-layout-flex wp-container-core-columns-is-layout-9d6595d7 wp-block-columns-is-layout-flex\">\n<div class=\"wp-block-column is-vertically-aligned-center is-layout-flow wp-block-column-is-layout-flow\">\n<h2 class=\"ls-heading wp-block-heading\">Presentaci\u00f3n de los Chalets de la Mer<\/h2>\n\n\n\n<p class=\"ls-paragraph\"><strong>Arbolada con pinos <\/strong>en un tranquilo bosque de pinos en la<strong> C\u00f4te Bleue, <\/strong>la residencia de vacaciones en Martigues es el lugar perfecto para escaparse durante su estancia. Las cigarras, los pinos y el sonido del oc\u00e9ano dar\u00e1n ritmo a tus d\u00edas.<strong>&nbsp;<\/strong><\/p>\n\n\n\n<p class=\"ls-paragraph\">Desde los Chalets de la Mer, aproveche el acceso directo a las rutas de senderismo y a los <strong>paseos bot\u00e1nicos<\/strong>. Adem\u00e1s, el peque\u00f1o puerto pesquero de Carro est\u00e1 muy cerca de su alquiler de los Chalets de la Mer en Martigues, la oportunidad de descubrir su mercado de pescado fresco.<\/p>\n\n\n\n<div style=\"height:49px\" aria-hidden=\"true\" class=\"wp-block-spacer\"><\/div>\n\n\n\n<figure class=\"wp-block-embed aligncenter is-type-video is-provider-youtube wp-block-embed-youtube wp-embed-aspect-16-9 wp-has-aspect-ratio\"><div class=\"wp-block-embed__wrapper\">\n<iframe loading=\"lazy\" title=\"les Chalets de la mer martigues\" width=\"500\" height=\"281\" src=\"https:\/\/www.youtube.com\/embed\/2Z6zJ-hviHc?feature=oembed\" frameborder=\"0\" allow=\"accelerometer; autoplay; clipboard-write; encrypted-media; gyroscope; picture-in-picture; web-share\" referrerpolicy=\"strict-origin-when-cross-origin\" allowfullscreen><\/iframe>\n<\/div><\/figure>\n<\/div>\n\n\n\n<div class=\"wp-block-column is-vertically-aligned-center column-description column-description__camping column-description__camping__chalets is-layout-flow wp-block-column-is-layout-flow\">\n<div class=\"wp-block-columns are-vertically-aligned-center is-layout-flex wp-container-core-columns-is-layout-9d6595d7 wp-block-columns-is-layout-flex\">\n<div class=\"wp-block-column is-vertically-aligned-center is-layout-flow wp-block-column-is-layout-flow\">\n<figure class=\"wp-block-gallery has-nested-images columns-default is-cropped wp-block-gallery-1 is-layout-flex wp-block-gallery-is-layout-flex\">\n<figure class=\"wp-block-image size-full\"><img loading=\"lazy\" decoding=\"async\" width=\"302\" height=\"400\" data-id=\"2437\" src=\"https:\/\/martegaou.eldapps.com\/wp-content\/uploads\/2022\/03\/chalets-de-la-mer-martigues.jpg\" alt=\"chalets de la mer martigues\" class=\"wp-image-2437\" srcset=\"https:\/\/martegaou.eldapps.com\/wp-content\/uploads\/2022\/03\/chalets-de-la-mer-martigues.jpg 302w, https:\/\/martegaou.eldapps.com\/wp-content\/uploads\/2022\/03\/chalets-de-la-mer-martigues-227x300.jpg 227w\" sizes=\"auto, (max-width: 302px) 100vw, 302px\" \/><\/figure>\n<\/figure>\n<\/div>\n\n\n\n<div class=\"wp-block-column is-vertically-aligned-center is-layout-flow wp-block-column-is-layout-flow\">\n<div id=\"ls-infos-block_b23fcceac4727bd981277be9ae71f1f3\" class=\"ls-infos\">\n        <div class=\"ls-infos__content\">\n        <div class=\"ls-infos__opening\">\n            <span class='sptds-open-sign'><\/span>\n            Abierto desde 4 abril 2026 au 31 octubre 2026        <\/div>\n        <div class=\"ls-infos__adresse\">\n            <span class='sptds-pin_2'><\/span>\n            <div>\n                Rue de la Tramontane, <br \/>\n                13500                 Martigues            <\/div>\n        <\/div>\n        <div class=\"ls-infos__phone\">\n            <span class='sptds-phone-call'><\/span>\n            +33(0)4.42.80.73.46        <\/div>\n\n                    <div class=\"ls-infos__mobil-home\">\n                <span class='sptds-bungalow'><\/span>\n                68 chalets            <\/div>\n        \n        \n                <div class=\"ls-infos__hectare\">\n            <span class='sptds-area'><\/span>\n            3 hect\u00e1reas        <\/div>\n        \n                    <div class=\"ls-infos__pmr\">\n                <span class='sptds-fauteuil-roulant'><\/span>\n                Accesibilidad de la PMR            <\/div>\n        \n\n        <div class=\"ls-infos__mail\">\n            <a href=\"#\">\n                <span class='sptds-envelope'><\/span>\n                Escr\u00edbenos            <\/a>\n        <\/div>\n    <\/div>\n<\/div><\/div>\n<\/div>\n<\/div>\n<\/div>\n\n\r\n    <\/div>\r\n<\/section>\n\n<section id=\"ls-section-block_9bb428df1aaa60d9bda3e10f3b073f4e\" class=\"ls-section  page-two cta-galerie container-super-wide has-background has-color-3-background-color\" >\r\n        <div class=\"container container--full\">\r\n        \n\n<div class=\"wp-block-columns is-layout-flex wp-container-core-columns-is-layout-9d6595d7 wp-block-columns-is-layout-flex\">\n<div class=\"wp-block-column is-layout-flow wp-block-column-is-layout-flow\">\n<figure class=\"wp-block-gallery has-nested-images columns-default is-cropped wp-block-gallery-2 is-layout-flex wp-block-gallery-is-layout-flex\">\n<figure class=\"wp-block-image size-full\"><a href=\"https:\/\/martegaou.eldapps.com\/wp-content\/uploads\/2022\/04\/DSCF9749.jpg\"><img loading=\"lazy\" decoding=\"async\" width=\"800\" height=\"533\" data-id=\"4107\" src=\"https:\/\/martegaou.eldapps.com\/wp-content\/uploads\/2022\/04\/DSCF9749.jpg\" alt=\"chalet oceane vacances\" class=\"wp-image-4107\" srcset=\"https:\/\/martegaou.eldapps.com\/wp-content\/uploads\/2022\/04\/DSCF9749.jpg 800w, https:\/\/martegaou.eldapps.com\/wp-content\/uploads\/2022\/04\/DSCF9749-300x200.jpg 300w, https:\/\/martegaou.eldapps.com\/wp-content\/uploads\/2022\/04\/DSCF9749-768x512.jpg 768w\" sizes=\"auto, (max-width: 800px) 100vw, 800px\" \/><\/a><\/figure>\n<\/figure>\n\n\n\n<div style=\"height:20px\" aria-hidden=\"true\" class=\"wp-block-spacer\"><\/div>\n\n\n\n<figure class=\"wp-block-gallery has-nested-images columns-default is-cropped wp-block-gallery-3 is-layout-flex wp-block-gallery-is-layout-flex\">\n<figure class=\"wp-block-image size-large\"><a href=\"https:\/\/martegaou.eldapps.com\/wp-content\/uploads\/2022\/03\/residence-vacances-port-peche-martigues.jpg\"><img loading=\"lazy\" decoding=\"async\" width=\"1024\" height=\"683\" data-id=\"2431\" src=\"https:\/\/martegaou.eldapps.com\/wp-content\/uploads\/2022\/03\/residence-vacances-port-peche-martigues-1024x683.jpg\" alt=\"residence vacances port peche martigues\" class=\"wp-image-2431\" srcset=\"https:\/\/martegaou.eldapps.com\/wp-content\/uploads\/2022\/03\/residence-vacances-port-peche-martigues-1024x683.jpg 1024w, https:\/\/martegaou.eldapps.com\/wp-content\/uploads\/2022\/03\/residence-vacances-port-peche-martigues-300x200.jpg 300w, https:\/\/martegaou.eldapps.com\/wp-content\/uploads\/2022\/03\/residence-vacances-port-peche-martigues-768x512.jpg 768w, https:\/\/martegaou.eldapps.com\/wp-content\/uploads\/2022\/03\/residence-vacances-port-peche-martigues.jpg 1200w\" sizes=\"auto, (max-width: 1024px) 100vw, 1024px\" \/><\/a><\/figure>\n<\/figure>\n<\/div>\n\n\n\n<div class=\"wp-block-column is-layout-flow wp-block-column-is-layout-flow\">\n<figure class=\"wp-block-gallery has-nested-images columns-default is-cropped wp-block-gallery-4 is-layout-flex wp-block-gallery-is-layout-flex\">\n<figure class=\"wp-block-image size-large\"><img loading=\"lazy\" decoding=\"async\" width=\"1024\" height=\"683\" data-id=\"2416\" src=\"https:\/\/martegaou.eldapps.com\/wp-content\/uploads\/2022\/03\/residence-vacances-piscine-martigues-1024x683.jpg\" alt=\"residence vacances piscine martigues\" class=\"wp-image-2416\" srcset=\"https:\/\/martegaou.eldapps.com\/wp-content\/uploads\/2022\/03\/residence-vacances-piscine-martigues-1024x683.jpg 1024w, https:\/\/martegaou.eldapps.com\/wp-content\/uploads\/2022\/03\/residence-vacances-piscine-martigues-300x200.jpg 300w, https:\/\/martegaou.eldapps.com\/wp-content\/uploads\/2022\/03\/residence-vacances-piscine-martigues-768x512.jpg 768w, https:\/\/martegaou.eldapps.com\/wp-content\/uploads\/2022\/03\/residence-vacances-piscine-martigues.jpg 1200w\" sizes=\"auto, (max-width: 1024px) 100vw, 1024px\" \/><\/figure>\n<\/figure>\n\n\n\n<div style=\"height:20px\" aria-hidden=\"true\" class=\"wp-block-spacer\"><\/div>\n\n\n\n<figure class=\"wp-block-gallery has-nested-images columns-default is-cropped wp-block-gallery-5 is-layout-flex wp-block-gallery-is-layout-flex\">\n<figure class=\"wp-block-image size-large\"><a href=\"https:\/\/martegaou.eldapps.com\/wp-content\/uploads\/2022\/03\/residence-vacances-animations-martigues.jpg\"><img loading=\"lazy\" decoding=\"async\" width=\"1200\" height=\"800\" data-id=\"2413\" src=\"https:\/\/martegaou.eldapps.com\/wp-content\/uploads\/2022\/03\/residence-vacances-animations-martigues.jpg\" alt=\"residence vacances animations martigues\" class=\"wp-image-2413\" srcset=\"https:\/\/martegaou.eldapps.com\/wp-content\/uploads\/2022\/03\/residence-vacances-animations-martigues.jpg 1200w, https:\/\/martegaou.eldapps.com\/wp-content\/uploads\/2022\/03\/residence-vacances-animations-martigues-300x200.jpg 300w, https:\/\/martegaou.eldapps.com\/wp-content\/uploads\/2022\/03\/residence-vacances-animations-martigues-1024x683.jpg 1024w, https:\/\/martegaou.eldapps.com\/wp-content\/uploads\/2022\/03\/residence-vacances-animations-martigues-768x512.jpg 768w\" sizes=\"auto, (max-width: 1200px) 100vw, 1200px\" \/><\/a><\/figure>\n<\/figure>\n<\/div>\n\n\n\n<div class=\"wp-block-column is-layout-flow wp-block-column-is-layout-flow\">\n<figure class=\"wp-block-gallery has-nested-images columns-default is-cropped wp-block-gallery-6 is-layout-flex wp-block-gallery-is-layout-flex\">\n<figure class=\"wp-block-image size-full\"><a href=\"https:\/\/martegaou.eldapps.com\/wp-content\/uploads\/2022\/04\/DSCF9704.jpg\"><img decoding=\"async\" data-id=\"4160\" src=\"https:\/\/martegaou.eldapps.com\/wp-content\/uploads\/2022\/04\/DSCF9704.jpg\" alt=\"chalet sally vacances\" class=\"wp-image-4160\"\/><\/a><\/figure>\n<\/figure>\n\n\n\n<div style=\"height:20px\" aria-hidden=\"true\" class=\"wp-block-spacer\"><\/div>\n\n\n\n<figure class=\"wp-block-gallery has-nested-images columns-default is-cropped wp-block-gallery-7 is-layout-flex wp-block-gallery-is-layout-flex\">\n<figure class=\"wp-block-image size-large\"><a href=\"https:\/\/martegaou.eldapps.com\/wp-content\/uploads\/2022\/03\/residence-vacances-chalets-martigues.jpg\"><img loading=\"lazy\" decoding=\"async\" width=\"1200\" height=\"800\" data-id=\"2422\" src=\"https:\/\/martegaou.eldapps.com\/wp-content\/uploads\/2022\/03\/residence-vacances-chalets-martigues.jpg\" alt=\"residence vacances chalets martigues\" class=\"wp-image-2422\" srcset=\"https:\/\/martegaou.eldapps.com\/wp-content\/uploads\/2022\/03\/residence-vacances-chalets-martigues.jpg 1200w, https:\/\/martegaou.eldapps.com\/wp-content\/uploads\/2022\/03\/residence-vacances-chalets-martigues-300x200.jpg 300w, https:\/\/martegaou.eldapps.com\/wp-content\/uploads\/2022\/03\/residence-vacances-chalets-martigues-1024x683.jpg 1024w, https:\/\/martegaou.eldapps.com\/wp-content\/uploads\/2022\/03\/residence-vacances-chalets-martigues-768x512.jpg 768w\" sizes=\"auto, (max-width: 1200px) 100vw, 1200px\" \/><\/a><\/figure>\n<\/figure>\n<\/div>\n<\/div>\n\n\r\n    <\/div>\r\n<\/section>\n\n<section id=\"ls-section-block_c6052e7fdc68f90778fcabb285d66963\" class=\"ls-section  page-three p-t-4 m-t-10 container-super-wide\" >\r\n        <div class=\"container container--full\">\r\n        \n\n<div class=\"wp-block-columns wp-block-columns-3 is-layout-flex wp-container-core-columns-is-layout-9d6595d7 wp-block-columns-is-layout-flex\">\n<div class=\"wp-block-column is-layout-flow wp-block-column-is-layout-flow\">\r\n<div id=\"ls-cta-block_9911dc2b0b1c0e68d50a9e960ea1d1f2\" class=\"ls-cta\">  \r\n    \n\n<a href=\"\/es\/residencia-vacaciones-martigues\/alquiler-chalet-martigues\/\" target=\"\" rel=\"noopener\" class=\"ls-cta__link\">\n\n\t<div class=\"ls-cta__image\"><img decoding=\"async\" src=\"https:\/\/martegaou.eldapps.com\/wp-content\/uploads\/2022\/03\/location-chalet-bouches-du-rhone.jpg\" alt=\"location chalet bouches du rhone\"><\/div>\n\t<div class=\"ls-cta__text\">\n\t\t<div class=\"ls-cta__title\">\n\t\t\tChalets\t\t<\/div>\n\n\t\t\t\t\t<div class=\"ls-cta__description\">\n\t\t\t\tDescubra\t\t\t<\/div>\n\t\t\t<\/div>\n\n<\/a><\/div><\/div>\n\n\n\n<div class=\"wp-block-column is-layout-flow wp-block-column-is-layout-flow\">\r\n<div id=\"ls-cta-block_d1b5ec5197b141fd0e3e1f412166d681\" class=\"ls-cta\">  \r\n    \n\n<a href=\"https:\/\/martegaou.eldapps.com\/es\/residencia-vacaciones-martigues\/residencia-vacaciones-parque-acuatico-martigues\/\" target=\"\" rel=\"noopener\" class=\"ls-cta__link\">\n\n\t<div class=\"ls-cta__image\"><img decoding=\"async\" src=\"https:\/\/martegaou.eldapps.com\/wp-content\/uploads\/2022\/03\/residence-vacances-espace-aquatique-martigues.jpg\" alt=\"residence vacances espace aquatique martigues\"><\/div>\n\t<div class=\"ls-cta__text\">\n\t\t<div class=\"ls-cta__title\">\n\t\t\tPiscina\t\t<\/div>\n\n\t\t\t\t\t<div class=\"ls-cta__description\">\n\t\t\t\tDescubra\t\t\t<\/div>\n\t\t\t<\/div>\n\n<\/a><\/div><\/div>\n\n\n\n<div class=\"wp-block-column is-vertically-aligned-center column-description is-layout-flow wp-block-column-is-layout-flow\">\n<h2 class=\"ls-heading wp-block-heading\">Nuestros chalets en Bouches-du-Rh\u00f4ne<\/h2>\n\n\n\n<p class=\"ls-paragraph\">Al\u00f3jese en los Chalets de la Mer en un entorno arbolado con una terraza soleada.<\/p>\n\n\n\n<p class=\"ls-paragraph\">Ofrecemos <a href=\"https:\/\/martegaou.eldapps.com\/es\/residencia-vacaciones-martigues\/alquiler-chalet-martigues\/\">6 gamas de chalets de alquiler<\/a> con capacidad para 8 personas. Tambi\u00e9n disponemos de alojamientos accesibles para personas con movilidad reducida.<\/p>\n<\/div>\n<\/div>\n\n\r\n    <\/div>\r\n<\/section>","protected":false},"excerpt":{"rendered":"","protected":false},"author":1,"featured_media":4930,"parent":0,"menu_order":0,"comment_status":"closed","ping_status":"closed","template":"","meta":{"_acf_changed":false,"footnotes":""},"sujet":[],"class_list":["post-5158","page","type-page","status-publish","has-post-thumbnail","hentry"],"acf":[],"yoast_head":"<!-- This site is optimized with the Yoast SEO plugin v26.7 - https:\/\/yoast.com\/wordpress\/plugins\/seo\/ -->\n<title>Residencia de vacaciones en Martigues | Residencia de vacaciones Les Chalets de la Mer<\/title>\n<meta name=\"robots\" content=\"index, follow, max-snippet:-1, max-image-preview:large, max-video-preview:-1\" \/>\n<link rel=\"canonical\" href=\"https:\/\/martegaou.eldapps.com\/es\/residencia-vacaciones-martigues\/\" \/>\n<meta property=\"og:locale\" content=\"es_ES\" \/>\n<meta property=\"og:type\" content=\"article\" \/>\n<meta property=\"og:title\" content=\"Residencia de vacaciones en Martigues | Residencia de vacaciones Les Chalets de la Mer\" \/>\n<meta property=\"og:url\" content=\"https:\/\/martegaou.eldapps.com\/es\/residencia-vacaciones-martigues\/\" \/>\n<meta property=\"og:site_name\" content=\"Martegaou\" \/>\n<meta property=\"article:modified_time\" content=\"2022-12-14T09:31:55+00:00\" \/>\n<meta property=\"og:image\" content=\"https:\/\/martegaou.eldapps.com\/wp-content\/uploads\/2022\/05\/chalet-en-ete.png\" \/>\n\t<meta property=\"og:image:width\" content=\"1200\" \/>\n\t<meta property=\"og:image:height\" content=\"800\" \/>\n\t<meta property=\"og:image:type\" content=\"image\/png\" \/>\n<meta name=\"twitter:card\" content=\"summary_large_image\" \/>\n<meta name=\"twitter:label1\" content=\"Tiempo de lectura\" \/>\n\t<meta name=\"twitter:data1\" content=\"3 minutos\" \/>\n<script type=\"application\/ld+json\" class=\"yoast-schema-graph\">{\"@context\":\"https:\/\/schema.org\",\"@graph\":[{\"@type\":\"WebPage\",\"@id\":\"https:\/\/martegaou.eldapps.com\/es\/residencia-vacaciones-martigues\/\",\"url\":\"https:\/\/martegaou.eldapps.com\/es\/residencia-vacaciones-martigues\/\",\"name\":\"Residencia de vacaciones en Martigues | Residencia de vacaciones Les Chalets de la Mer\",\"isPartOf\":{\"@id\":\"https:\/\/martegaou.eldapps.com\/#website\"},\"primaryImageOfPage\":{\"@id\":\"https:\/\/martegaou.eldapps.com\/es\/residencia-vacaciones-martigues\/#primaryimage\"},\"image\":{\"@id\":\"https:\/\/martegaou.eldapps.com\/es\/residencia-vacaciones-martigues\/#primaryimage\"},\"thumbnailUrl\":\"https:\/\/martegaou.eldapps.com\/wp-content\/uploads\/2022\/05\/chalet-en-ete.png\",\"datePublished\":\"2022-03-10T08:52:12+00:00\",\"dateModified\":\"2022-12-14T09:31:55+00:00\",\"breadcrumb\":{\"@id\":\"https:\/\/martegaou.eldapps.com\/es\/residencia-vacaciones-martigues\/#breadcrumb\"},\"inLanguage\":\"es\",\"potentialAction\":[{\"@type\":\"ReadAction\",\"target\":[\"https:\/\/martegaou.eldapps.com\/es\/residencia-vacaciones-martigues\/\"]}]},{\"@type\":\"ImageObject\",\"inLanguage\":\"es\",\"@id\":\"https:\/\/martegaou.eldapps.com\/es\/residencia-vacaciones-martigues\/#primaryimage\",\"url\":\"https:\/\/martegaou.eldapps.com\/wp-content\/uploads\/2022\/05\/chalet-en-ete.png\",\"contentUrl\":\"https:\/\/martegaou.eldapps.com\/wp-content\/uploads\/2022\/05\/chalet-en-ete.png\",\"width\":1200,\"height\":800,\"caption\":\"terrasse de chalet\"},{\"@type\":\"BreadcrumbList\",\"@id\":\"https:\/\/martegaou.eldapps.com\/es\/residencia-vacaciones-martigues\/#breadcrumb\",\"itemListElement\":[{\"@type\":\"ListItem\",\"position\":1,\"name\":\"Camping Bouches-du-Rh\u00f4ne\",\"item\":\"https:\/\/martegaou.eldapps.com\/es\/\"},{\"@type\":\"ListItem\",\"position\":2,\"name\":\"Residencia de vacaciones Les Chalets de la Mer\"}]},{\"@type\":\"WebSite\",\"@id\":\"https:\/\/martegaou.eldapps.com\/#website\",\"url\":\"https:\/\/martegaou.eldapps.com\/\",\"name\":\"Martegaou\",\"description\":\"\",\"publisher\":{\"@id\":\"https:\/\/martegaou.eldapps.com\/#organization\"},\"potentialAction\":[{\"@type\":\"SearchAction\",\"target\":{\"@type\":\"EntryPoint\",\"urlTemplate\":\"https:\/\/martegaou.eldapps.com\/?s={search_term_string}\"},\"query-input\":{\"@type\":\"PropertyValueSpecification\",\"valueRequired\":true,\"valueName\":\"search_term_string\"}}],\"inLanguage\":\"es\"},{\"@type\":\"Organization\",\"@id\":\"https:\/\/martegaou.eldapps.com\/#organization\",\"name\":\"Ctoncamping\",\"url\":\"https:\/\/martegaou.eldapps.com\/\",\"logo\":{\"@type\":\"ImageObject\",\"inLanguage\":\"es\",\"@id\":\"https:\/\/martegaou.eldapps.com\/#\/schema\/logo\/image\/\",\"url\":\"https:\/\/martegaou.eldapps.com\/wp-content\/uploads\/2022\/03\/logo-alt-ctoncamping.png\",\"contentUrl\":\"https:\/\/martegaou.eldapps.com\/wp-content\/uploads\/2022\/03\/logo-alt-ctoncamping.png\",\"width\":402,\"height\":72,\"caption\":\"Ctoncamping\"},\"image\":{\"@id\":\"https:\/\/martegaou.eldapps.com\/#\/schema\/logo\/image\/\"}}]}<\/script>\n<!-- \/ Yoast SEO plugin. -->","yoast_head_json":{"title":"Residencia de vacaciones en Martigues | Residencia de vacaciones Les Chalets de la Mer","robots":{"index":"index","follow":"follow","max-snippet":"max-snippet:-1","max-image-preview":"max-image-preview:large","max-video-preview":"max-video-preview:-1"},"canonical":"https:\/\/martegaou.eldapps.com\/es\/residencia-vacaciones-martigues\/","og_locale":"es_ES","og_type":"article","og_title":"Residencia de vacaciones en Martigues | Residencia de vacaciones Les Chalets de la Mer","og_url":"https:\/\/martegaou.eldapps.com\/es\/residencia-vacaciones-martigues\/","og_site_name":"Martegaou","article_modified_time":"2022-12-14T09:31:55+00:00","og_image":[{"width":1200,"height":800,"url":"https:\/\/martegaou.eldapps.com\/wp-content\/uploads\/2022\/05\/chalet-en-ete.png","type":"image\/png"}],"twitter_card":"summary_large_image","twitter_misc":{"Tiempo de lectura":"3 minutos"},"schema":{"@context":"https:\/\/schema.org","@graph":[{"@type":"WebPage","@id":"https:\/\/martegaou.eldapps.com\/es\/residencia-vacaciones-martigues\/","url":"https:\/\/martegaou.eldapps.com\/es\/residencia-vacaciones-martigues\/","name":"Residencia de vacaciones en Martigues | Residencia de vacaciones Les Chalets de la Mer","isPartOf":{"@id":"https:\/\/martegaou.eldapps.com\/#website"},"primaryImageOfPage":{"@id":"https:\/\/martegaou.eldapps.com\/es\/residencia-vacaciones-martigues\/#primaryimage"},"image":{"@id":"https:\/\/martegaou.eldapps.com\/es\/residencia-vacaciones-martigues\/#primaryimage"},"thumbnailUrl":"https:\/\/martegaou.eldapps.com\/wp-content\/uploads\/2022\/05\/chalet-en-ete.png","datePublished":"2022-03-10T08:52:12+00:00","dateModified":"2022-12-14T09:31:55+00:00","breadcrumb":{"@id":"https:\/\/martegaou.eldapps.com\/es\/residencia-vacaciones-martigues\/#breadcrumb"},"inLanguage":"es","potentialAction":[{"@type":"ReadAction","target":["https:\/\/martegaou.eldapps.com\/es\/residencia-vacaciones-martigues\/"]}]},{"@type":"ImageObject","inLanguage":"es","@id":"https:\/\/martegaou.eldapps.com\/es\/residencia-vacaciones-martigues\/#primaryimage","url":"https:\/\/martegaou.eldapps.com\/wp-content\/uploads\/2022\/05\/chalet-en-ete.png","contentUrl":"https:\/\/martegaou.eldapps.com\/wp-content\/uploads\/2022\/05\/chalet-en-ete.png","width":1200,"height":800,"caption":"terrasse de chalet"},{"@type":"BreadcrumbList","@id":"https:\/\/martegaou.eldapps.com\/es\/residencia-vacaciones-martigues\/#breadcrumb","itemListElement":[{"@type":"ListItem","position":1,"name":"Camping Bouches-du-Rh\u00f4ne","item":"https:\/\/martegaou.eldapps.com\/es\/"},{"@type":"ListItem","position":2,"name":"Residencia de vacaciones Les Chalets de la Mer"}]},{"@type":"WebSite","@id":"https:\/\/martegaou.eldapps.com\/#website","url":"https:\/\/martegaou.eldapps.com\/","name":"Martegaou","description":"","publisher":{"@id":"https:\/\/martegaou.eldapps.com\/#organization"},"potentialAction":[{"@type":"SearchAction","target":{"@type":"EntryPoint","urlTemplate":"https:\/\/martegaou.eldapps.com\/?s={search_term_string}"},"query-input":{"@type":"PropertyValueSpecification","valueRequired":true,"valueName":"search_term_string"}}],"inLanguage":"es"},{"@type":"Organization","@id":"https:\/\/martegaou.eldapps.com\/#organization","name":"Ctoncamping","url":"https:\/\/martegaou.eldapps.com\/","logo":{"@type":"ImageObject","inLanguage":"es","@id":"https:\/\/martegaou.eldapps.com\/#\/schema\/logo\/image\/","url":"https:\/\/martegaou.eldapps.com\/wp-content\/uploads\/2022\/03\/logo-alt-ctoncamping.png","contentUrl":"https:\/\/martegaou.eldapps.com\/wp-content\/uploads\/2022\/03\/logo-alt-ctoncamping.png","width":402,"height":72,"caption":"Ctoncamping"},"image":{"@id":"https:\/\/martegaou.eldapps.com\/#\/schema\/logo\/image\/"}}]}},"_links":{"self":[{"href":"https:\/\/martegaou.eldapps.com\/es\/wp-json\/wp\/v2\/pages\/5158","targetHints":{"allow":["GET"]}}],"collection":[{"href":"https:\/\/martegaou.eldapps.com\/es\/wp-json\/wp\/v2\/pages"}],"about":[{"href":"https:\/\/martegaou.eldapps.com\/es\/wp-json\/wp\/v2\/types\/page"}],"author":[{"embeddable":true,"href":"https:\/\/martegaou.eldapps.com\/es\/wp-json\/wp\/v2\/users\/1"}],"replies":[{"embeddable":true,"href":"https:\/\/martegaou.eldapps.com\/es\/wp-json\/wp\/v2\/comments?post=5158"}],"version-history":[{"count":0,"href":"https:\/\/martegaou.eldapps.com\/es\/wp-json\/wp\/v2\/pages\/5158\/revisions"}],"wp:featuredmedia":[{"embeddable":true,"href":"https:\/\/martegaou.eldapps.com\/es\/wp-json\/wp\/v2\/media\/4930"}],"wp:attachment":[{"href":"https:\/\/martegaou.eldapps.com\/es\/wp-json\/wp\/v2\/media?parent=5158"}],"wp:term":[{"taxonomy":"sujet","embeddable":true,"href":"https:\/\/martegaou.eldapps.com\/es\/wp-json\/wp\/v2\/sujet?post=5158"}],"curies":[{"name":"wp","href":"https:\/\/api.w.org\/{rel}","templated":true}]}}