{"id":5131,"date":"2022-03-24T12:11:17","date_gmt":"2022-03-24T11:11:17","guid":{"rendered":"https:\/\/martegaou.eldapps.com\/acampada-4-estrellas-martigues\/camping-qualite-martigues\/"},"modified":"2022-06-17T15:19:02","modified_gmt":"2022-06-17T13:19:02","slug":"camping-calidad-martigues","status":"publish","type":"page","link":"https:\/\/martegaou.eldapps.com\/es\/acampada-4-estrellas-martigues\/camping-calidad-martigues\/","title":{"rendered":"Services &#8211; L&#8217;arquet"},"content":{"rendered":"<section id=\"ls-section-block_622f4e73b7892\" class=\"ls-section  page-one p-t-0 p-b-0\" >\r\n        <div class=\"container container--wide\">\r\n        \n\n<h1 class=\"ls__heading has-text-align-center has-color-1-color has-text-color wp-block-heading\">Acampada familiar<br><mark style=\"background-color:rgba(0, 0, 0, 0)\" class=\"has-inline-color has-color-2-color\">en Martigues<\/mark><\/h1>\n\n\r\n    <\/div>\r\n<\/section>\n\n<section id=\"ls-section-block_622b51a7ef6b6\" class=\"ls-section  page-two p-t-0 has-background has-color-white-background-color\" >\r\n        <div class=\"container container--wide\">\r\n        \n\n<div class=\"wp-block-columns are-vertically-aligned-center is-layout-flex wp-container-core-columns-is-layout-9d6595d7 wp-block-columns-is-layout-flex\">\n<div class=\"wp-block-column is-vertically-aligned-center is-layout-flow wp-block-column-is-layout-flow\">\n<h2 class=\"ls-heading wp-block-heading\">La recepci\u00f3n del camping<\/h2>\n\n\n\n<p class=\"ls-paragraph\">Le damos la bienvenida del 1 de abril al 2 de octubre.<\/p>\n\n\n\n<p class=\"ls-paragraph\">Nuestro equipo de recepci\u00f3n le dar\u00e1 la bienvenida para una estancia agradable y le pondr\u00e1 en contacto con nuestros socios que ofrecen una gran variedad de actividades y excursiones. Los consejos de nuestros anfitriones y anfitrionas ser\u00e1n inestimables para pasar unas vacaciones inolvidables en la <strong>C\u00f4te Bleue<\/strong>.<\/p>\n\n\n\n<p class=\"ls-paragraph\">Tambi\u00e9n tendr\u00e1 la oportunidad durante su estancia de inscribirse en las actividades del camping y de consultar los programas de animaci\u00f3n y los espect\u00e1culos.<br>Para cualquier informaci\u00f3n adicional, no dude en ponerse en contacto con nosotros, <strong>todo el equipo est\u00e1 a su disposici\u00f3n<\/strong> para asesorarle.<\/p>\n\n\n\n<h2 class=\"ls__heading m-t-6 wp-block-heading\">Nuestros servicios<\/h2>\n\n\n\n<h3 class=\"ls__heading m-t-4 wp-block-heading\">Acceso a wifi<\/h3>\n\n\n\n<p class=\"ls-paragraph\">El acceso a la Wi-Fi es gratuito y est\u00e1 disponible cerca de la recepci\u00f3n.<\/p>\n<\/div>\n\n\n\n<div class=\"wp-block-column is-vertically-aligned-center column-description column-description__camping column-description__camping__arquet no-after animated fadeInRight delay-100ms slow is-layout-flow wp-block-column-is-layout-flow\">\n<figure class=\"wp-block-gallery has-nested-images columns-2 is-cropped img-page-interne wp-block-gallery-1 is-layout-flex wp-block-gallery-is-layout-flex\">\n<figure class=\"wp-block-image size-full\"><a href=\"https:\/\/martegaou.eldapps.com\/wp-content\/uploads\/2022\/03\/accueil-camping.jpg\"><img loading=\"lazy\" decoding=\"async\" width=\"768\" height=\"512\" data-id=\"2140\" src=\"https:\/\/martegaou.eldapps.com\/wp-content\/uploads\/2022\/03\/accueil-camping.jpg\" alt=\"services du camping\" class=\"wp-image-2140\" srcset=\"https:\/\/martegaou.eldapps.com\/wp-content\/uploads\/2022\/03\/accueil-camping.jpg 768w, https:\/\/martegaou.eldapps.com\/wp-content\/uploads\/2022\/03\/accueil-camping-300x200.jpg 300w\" sizes=\"auto, (max-width: 768px) 100vw, 768px\" \/><\/a><\/figure>\n\n\n\n<figure class=\"wp-block-image size-full\"><a href=\"https:\/\/martegaou.eldapps.com\/wp-content\/uploads\/2022\/03\/camping-martigues-familial.jpg\"><img loading=\"lazy\" decoding=\"async\" width=\"800\" height=\"533\" data-id=\"2314\" src=\"https:\/\/martegaou.eldapps.com\/wp-content\/uploads\/2022\/03\/camping-martigues-familial.jpg\" alt=\"Camping avec piscine \u00e0 Martigues\" class=\"wp-image-2314\" srcset=\"https:\/\/martegaou.eldapps.com\/wp-content\/uploads\/2022\/03\/camping-martigues-familial.jpg 800w, https:\/\/martegaou.eldapps.com\/wp-content\/uploads\/2022\/03\/camping-martigues-familial-300x200.jpg 300w, https:\/\/martegaou.eldapps.com\/wp-content\/uploads\/2022\/03\/camping-martigues-familial-768x512.jpg 768w\" sizes=\"auto, (max-width: 800px) 100vw, 800px\" \/><\/a><\/figure>\n\n\n\n<figure class=\"wp-block-image size-full\"><a href=\"https:\/\/martegaou.eldapps.com\/wp-content\/uploads\/2022\/03\/camping-equipe-wifi.jpg\"><img loading=\"lazy\" decoding=\"async\" width=\"800\" height=\"533\" data-id=\"2320\" src=\"https:\/\/martegaou.eldapps.com\/wp-content\/uploads\/2022\/03\/camping-equipe-wifi.jpg\" alt=\"camping nature et famille\" class=\"wp-image-2320\" srcset=\"https:\/\/martegaou.eldapps.com\/wp-content\/uploads\/2022\/03\/camping-equipe-wifi.jpg 800w, https:\/\/martegaou.eldapps.com\/wp-content\/uploads\/2022\/03\/camping-equipe-wifi-300x200.jpg 300w, https:\/\/martegaou.eldapps.com\/wp-content\/uploads\/2022\/03\/camping-equipe-wifi-768x512.jpg 768w\" sizes=\"auto, (max-width: 800px) 100vw, 800px\" \/><\/a><\/figure>\n\n\n\n<figure class=\"wp-block-image size-full\"><a href=\"https:\/\/martegaou.eldapps.com\/wp-content\/uploads\/2022\/03\/acces-wifi-camping.jpg\"><img loading=\"lazy\" decoding=\"async\" width=\"800\" height=\"533\" data-id=\"2323\" src=\"https:\/\/martegaou.eldapps.com\/wp-content\/uploads\/2022\/03\/acces-wifi-camping.jpg\" alt=\"Acc\u00e8s au wifi gratuit\" class=\"wp-image-2323\" srcset=\"https:\/\/martegaou.eldapps.com\/wp-content\/uploads\/2022\/03\/acces-wifi-camping.jpg 800w, https:\/\/martegaou.eldapps.com\/wp-content\/uploads\/2022\/03\/acces-wifi-camping-300x200.jpg 300w, https:\/\/martegaou.eldapps.com\/wp-content\/uploads\/2022\/03\/acces-wifi-camping-768x512.jpg 768w\" sizes=\"auto, (max-width: 800px) 100vw, 800px\" \/><\/a><\/figure>\n<\/figure>\n<\/div>\n<\/div>\n\n\r\n    <\/div>\r\n<\/section>\n\n<section id=\"ls-section-block_622f504cb7894\" class=\"ls-section  page-two has-background has-color-3-background-color\" >\r\n        <div class=\"container container--wide\">\r\n        \n\n<div class=\"wp-block-columns are-vertically-aligned-center is-layout-flex wp-container-core-columns-is-layout-9d6595d7 wp-block-columns-is-layout-flex\">\n<div class=\"wp-block-column is-vertically-aligned-center column-description column-description__camping column-description__camping__arquet no-after animated fadeInLeft delay-100ms slow is-layout-flow wp-block-column-is-layout-flow\">\n<figure class=\"wp-block-gallery has-nested-images columns-2 is-cropped img-page-interne wp-block-gallery-2 is-layout-flex wp-block-gallery-is-layout-flex\">\n<figure class=\"wp-block-image size-full img-page-interne\"><a href=\"https:\/\/martegaou.eldapps.com\/wp-content\/uploads\/2022\/03\/depot-de-pain.jpg\"><img loading=\"lazy\" decoding=\"async\" width=\"800\" height=\"533\" data-id=\"2329\" src=\"https:\/\/martegaou.eldapps.com\/wp-content\/uploads\/2022\/03\/depot-de-pain.jpg\" alt=\"depot de pain frais\" class=\"wp-image-2329\" srcset=\"https:\/\/martegaou.eldapps.com\/wp-content\/uploads\/2022\/03\/depot-de-pain.jpg 800w, https:\/\/martegaou.eldapps.com\/wp-content\/uploads\/2022\/03\/depot-de-pain-300x200.jpg 300w, https:\/\/martegaou.eldapps.com\/wp-content\/uploads\/2022\/03\/depot-de-pain-768x512.jpg 768w\" sizes=\"auto, (max-width: 800px) 100vw, 800px\" \/><\/a><\/figure>\n\n\n\n<figure class=\"wp-block-image size-full\"><a href=\"https:\/\/martegaou.eldapps.com\/wp-content\/uploads\/2022\/04\/camping-depot-viennoisseries-martigues.jpg\"><img loading=\"lazy\" decoding=\"async\" width=\"800\" height=\"533\" data-id=\"4207\" src=\"https:\/\/martegaou.eldapps.com\/wp-content\/uploads\/2022\/04\/camping-depot-viennoisseries-martigues.jpg\" alt=\"camping depot viennoisseries martigues\" class=\"wp-image-4207\" srcset=\"https:\/\/martegaou.eldapps.com\/wp-content\/uploads\/2022\/04\/camping-depot-viennoisseries-martigues.jpg 800w, https:\/\/martegaou.eldapps.com\/wp-content\/uploads\/2022\/04\/camping-depot-viennoisseries-martigues-300x200.jpg 300w, https:\/\/martegaou.eldapps.com\/wp-content\/uploads\/2022\/04\/camping-depot-viennoisseries-martigues-768x512.jpg 768w\" sizes=\"auto, (max-width: 800px) 100vw, 800px\" \/><\/a><\/figure>\n\n\n\n<figure class=\"wp-block-image size-full\"><a href=\"https:\/\/martegaou.eldapps.com\/wp-content\/uploads\/2022\/03\/epicerie-proche-camping.jpg\"><img loading=\"lazy\" decoding=\"async\" width=\"800\" height=\"533\" data-id=\"2338\" src=\"https:\/\/martegaou.eldapps.com\/wp-content\/uploads\/2022\/03\/epicerie-proche-camping.jpg\" alt=\"epicerie proche du camping\" class=\"wp-image-2338\" srcset=\"https:\/\/martegaou.eldapps.com\/wp-content\/uploads\/2022\/03\/epicerie-proche-camping.jpg 800w, https:\/\/martegaou.eldapps.com\/wp-content\/uploads\/2022\/03\/epicerie-proche-camping-300x200.jpg 300w, https:\/\/martegaou.eldapps.com\/wp-content\/uploads\/2022\/03\/epicerie-proche-camping-768x512.jpg 768w\" sizes=\"auto, (max-width: 800px) 100vw, 800px\" \/><\/a><\/figure>\n\n\n\n<figure class=\"wp-block-image size-full\"><a href=\"https:\/\/martegaou.eldapps.com\/wp-content\/uploads\/2022\/03\/laverie-camping.jpg\"><img loading=\"lazy\" decoding=\"async\" width=\"800\" height=\"533\" data-id=\"2347\" src=\"https:\/\/martegaou.eldapps.com\/wp-content\/uploads\/2022\/03\/laverie-camping.jpg\" alt=\"Laverie disponible en vacances\" class=\"wp-image-2347\" srcset=\"https:\/\/martegaou.eldapps.com\/wp-content\/uploads\/2022\/03\/laverie-camping.jpg 800w, https:\/\/martegaou.eldapps.com\/wp-content\/uploads\/2022\/03\/laverie-camping-300x200.jpg 300w, https:\/\/martegaou.eldapps.com\/wp-content\/uploads\/2022\/03\/laverie-camping-768x512.jpg 768w\" sizes=\"auto, (max-width: 800px) 100vw, 800px\" \/><\/a><\/figure>\n<\/figure>\n<\/div>\n\n\n\n<div class=\"wp-block-column is-vertically-aligned-center is-layout-flow wp-block-column-is-layout-flow\">\n<h3 class=\"ls-heading wp-block-heading\">La lavander\u00eda<\/h3>\n\n\n\n<p class=\"ls-paragraph\">Reduzca al m\u00ednimo su ropa gracias a la lavander\u00eda situada en el recinto del camping. Abierto de 7 a 21 horas, dispone de una lavadora con detergente integrado, una secadora y una plancha y tabla de planchar en pr\u00e9stamo.<\/p>\n\n\n\n<h3 class=\"ls__heading m-t-6 wp-block-heading\">La tienda de comestibles<\/h3>\n\n\n\n<p class=\"ls-paragraph\">La tienda del camping est\u00e1 abierta de finales de mayo a finales de septiembre, donde encontrar\u00e1 alimentos, productos locales, golosinas del Camping Paradis y productos de higiene.<\/p>\n\n\n\n<p class=\"ls-paragraph\">Tambi\u00e9n puedes pedir pan y boller\u00eda para desayunar.<br>El olor a pan caliente y caf\u00e9 al salir de la cama\u2026 \u00bfQu\u00e9 puede ser m\u00e1s agradable? Croissants, chocolatinas, panes\u2026 reserve su desayuno el d\u00eda anterior en la recepci\u00f3n o en la tienda de comestibles del camping y venga a buscarlos a las 8 de la ma\u00f1ana.<br>Este servicio est\u00e1 disponible desde finales de mayo hasta finales de septiembre.<\/p>\n\n\n\n<h3 class=\"ls__heading m-t-6 wp-block-heading\">Servicio de comida para llevar<\/h3>\n\n\n\n<p class=\"ls-paragraph\">Para evitar pasar tiempo en la cocina, aproveche <strong>nuestros servicios de comida para llevar<\/strong>. Pida su pizza con sabor mediterr\u00e1neo en el quiosco de las Terrasses de l&#8217;Arquet o su pollo asado de granja cocinado in situ en el asador. Algo para deleitar su paladar y disfrutar directamente en su casa m\u00f3vil, en su parcela o en la playa.<\/p>\n<\/div>\n<\/div>\n\n\r\n    <\/div>\r\n<\/section>\n\n<section id=\"ls-section-block_622f5091b7895\" class=\"ls-section  page-three  has-background-image has-parallax\" >\r\n    <div class=\"ls-section__background-image opacity-100\"><img decoding=\"async\" src=\"https:\/\/martegaou.eldapps.com\/wp-content\/uploads\/2022\/03\/camping-4-etoiles-martigues.jpg\" alt=\"camping 4 etoiles martigues\"><\/div>    <div class=\"container \">\r\n        \r\n    <\/div>\r\n<\/section>\n\n<section id=\"ls-section-block_6230725ede62d\" class=\"ls-section  page-four p-t-10 p-b-10 has-background has-color-3-background-color\" >\r\n        <div class=\"container container--wide\">\r\n        \n\n<div class=\"wp-block-columns is-layout-flex wp-container-core-columns-is-layout-9d6595d7 wp-block-columns-is-layout-flex\">\n<div class=\"wp-block-column is-layout-flow wp-block-column-is-layout-flow\">\n<h3 class=\"ls-heading wp-block-heading\">Pr\u00e9stamo de equipos<\/h3>\n\n\n\n<p class=\"ls-paragraph\">\u00bfViaja con su beb\u00e9 reci\u00e9n nacido? Podemos prestarle una cuna y una trona para su estancia en <a href=\"\/es\/\">Ctoncamping<\/a>.<\/p>\n\n\n\n<p class=\"ls-paragraph\">Tambi\u00e9n puedes pedir prestado un secador de pelo, una plancha, una parrilla, juegos de mesa y raquetas de ping pong. Se puede alquilar una nevera y una televisi\u00f3n a trav\u00e9s de nuestro socio Durey Location.<\/p>\n<\/div>\n\n\n\n<div class=\"wp-block-column is-layout-flow wp-block-column-is-layout-flow\">\n<h3 class=\"ls-heading wp-block-heading\">Permanecer en el camping con sus animales de compa\u00f1\u00eda<\/h3>\n\n\n\n<p class=\"ls-paragraph\">Su mascota es bienvenida en sus vacaciones de camping. Se permite una mascota por unidad de alquiler o animales de 1\u00aa y 2\u00aa categor\u00eda y NAC. La cartilla de vacunaci\u00f3n de su mascota tambi\u00e9n debe estar al d\u00eda.<\/p>\n<\/div>\n<\/div>\n\n\r\n    <\/div>\r\n<\/section>\n\n<section id=\"ls-section-block_622f51c6b7896\" class=\"ls-section  bloc-cta-fin-page\" >\r\n        <div class=\"container container--wide\">\r\n        \n\n<div id=\"ls-heading ls-titre-div-block_622f5219b7897\" class=\"ls-titre-div aligncenter h2-like\" >\n    Pase sus vacaciones junto al mar<\/div>\n\n\n\n<div class=\"wp-block-columns is-layout-flex wp-container-core-columns-is-layout-9d6595d7 wp-block-columns-is-layout-flex\">\n<div class=\"wp-block-column is-layout-flow wp-block-column-is-layout-flow\">\r\n<div id=\"ls-cta-block_62276ee6d5a28\" class=\"ls-cta\">  \r\n    \n\n<a href=\"\/es\/acampada-4-estrellas-martigues\/piscina-del-camping-martigues\/\" target=\"\" rel=\"noopener\" class=\"ls-cta__link\">\n\n\t<div class=\"ls-cta__image\"><img decoding=\"async\" src=\"https:\/\/martegaou.eldapps.com\/wp-content\/uploads\/2022\/03\/camping-martigues-familial-768x512.jpg\" alt=\"camping avec piscine \u00e0 Martigues\"><\/div>\n\t<div class=\"ls-cta__text\">\n\t\t<div class=\"ls-cta__title\">\n\t\t\tBa\u00f1o\t\t<\/div>\n\n\t\t\t\t\t<div class=\"ls-cta__description\">\n\t\t\t\tDescubra\t\t\t<\/div>\n\t\t\t<\/div>\n\n<\/a><\/div><\/div>\n\n\n\n<div class=\"wp-block-column is-layout-flow wp-block-column-is-layout-flow\">\r\n<div id=\"ls-cta-block_6241c5cf4afcc\" class=\"ls-cta\">  \r\n    \n\n<a href=\"\/es\/acampada-4-estrellas-martigues\/camping-familia-martigues\/\" target=\"\" rel=\"noopener\" class=\"ls-cta__link\">\n\n\t<div class=\"ls-cta__image\"><img decoding=\"async\" src=\"https:\/\/martegaou.eldapps.com\/wp-content\/uploads\/2022\/03\/animation-club-enfants-768x512.jpg\" alt=\"animation club enfants\"><\/div>\n\t<div class=\"ls-cta__text\">\n\t\t<div class=\"ls-cta__title\">\n\t\t\tactividades\t\t<\/div>\n\n\t\t\t\t\t<div class=\"ls-cta__description\">\n\t\t\t\tDescubra\t\t\t<\/div>\n\t\t\t<\/div>\n\n<\/a><\/div><\/div>\n\n\n\n<div class=\"wp-block-column is-layout-flow wp-block-column-is-layout-flow\">\r\n<div id=\"ls-cta-block_6241c64b4afcd\" class=\"ls-cta\">  \r\n    \n\n<a href=\"https:\/\/martegaou.eldapps.com\/es\/acampada-4-estrellas-martigues\/alquiler-casas-moviles-martigues\/\" target=\"\" rel=\"noopener\" class=\"ls-cta__link\">\n\n\t<div class=\"ls-cta__image\"><img decoding=\"async\" src=\"https:\/\/martegaou.eldapps.com\/wp-content\/uploads\/2022\/03\/locations-mobil-home-768x512.jpg\" alt=\"locations mobil home\"><\/div>\n\t<div class=\"ls-cta__text\">\n\t\t<div class=\"ls-cta__title\">\n\t\t\tAlquileres\t\t<\/div>\n\n\t\t\t\t\t<div class=\"ls-cta__description\">\n\t\t\t\tDescubra\t\t\t<\/div>\n\t\t\t<\/div>\n\n<\/a><\/div><\/div>\n<\/div>\n\n\r\n    <\/div>\r\n<\/section>","protected":false},"excerpt":{"rendered":"","protected":false},"author":1,"featured_media":2311,"parent":5032,"menu_order":0,"comment_status":"closed","ping_status":"closed","template":"","meta":{"_acf_changed":false,"footnotes":""},"sujet":[],"class_list":["post-5131","page","type-page","status-publish","has-post-thumbnail","hentry"],"acf":[],"yoast_head":"<!-- This site is optimized with the Yoast SEO plugin v26.7 - https:\/\/yoast.com\/wordpress\/plugins\/seo\/ -->\n<title>Camping de calidad Martigues | Camping con wifi en Bouches-du-Rh\u00f4ne<\/title>\n<meta name=\"robots\" content=\"index, follow, max-snippet:-1, max-image-preview:large, max-video-preview:-1\" \/>\n<link rel=\"canonical\" href=\"https:\/\/martegaou.eldapps.com\/es\/acampada-4-estrellas-martigues\/camping-calidad-martigues\/\" \/>\n<meta property=\"og:locale\" content=\"es_ES\" \/>\n<meta property=\"og:type\" content=\"article\" \/>\n<meta property=\"og:title\" content=\"Camping de calidad Martigues | Camping con wifi en Bouches-du-Rh\u00f4ne\" \/>\n<meta property=\"og:url\" content=\"https:\/\/martegaou.eldapps.com\/es\/acampada-4-estrellas-martigues\/camping-calidad-martigues\/\" \/>\n<meta property=\"og:site_name\" content=\"Martegaou\" \/>\n<meta property=\"article:modified_time\" content=\"2022-06-17T13:19:02+00:00\" \/>\n<meta property=\"og:image\" content=\"https:\/\/martegaou.eldapps.com\/wp-content\/uploads\/2022\/03\/services-camping-1.jpg\" \/>\n\t<meta property=\"og:image:width\" content=\"1899\" \/>\n\t<meta property=\"og:image:height\" content=\"550\" \/>\n\t<meta property=\"og:image:type\" content=\"image\/jpeg\" \/>\n<meta name=\"twitter:card\" content=\"summary_large_image\" \/>\n<meta name=\"twitter:label1\" content=\"Tiempo de lectura\" \/>\n\t<meta name=\"twitter:data1\" content=\"4 minutos\" \/>\n<script type=\"application\/ld+json\" class=\"yoast-schema-graph\">{\"@context\":\"https:\/\/schema.org\",\"@graph\":[{\"@type\":\"WebPage\",\"@id\":\"https:\/\/martegaou.eldapps.com\/es\/acampada-4-estrellas-martigues\/camping-calidad-martigues\/\",\"url\":\"https:\/\/martegaou.eldapps.com\/es\/acampada-4-estrellas-martigues\/camping-calidad-martigues\/\",\"name\":\"Camping de calidad Martigues | Camping con wifi en Bouches-du-Rh\u00f4ne\",\"isPartOf\":{\"@id\":\"https:\/\/martegaou.eldapps.com\/#website\"},\"primaryImageOfPage\":{\"@id\":\"https:\/\/martegaou.eldapps.com\/es\/acampada-4-estrellas-martigues\/camping-calidad-martigues\/#primaryimage\"},\"image\":{\"@id\":\"https:\/\/martegaou.eldapps.com\/es\/acampada-4-estrellas-martigues\/camping-calidad-martigues\/#primaryimage\"},\"thumbnailUrl\":\"https:\/\/martegaou.eldapps.com\/wp-content\/uploads\/2022\/03\/services-camping-1.jpg\",\"datePublished\":\"2022-03-24T11:11:17+00:00\",\"dateModified\":\"2022-06-17T13:19:02+00:00\",\"breadcrumb\":{\"@id\":\"https:\/\/martegaou.eldapps.com\/es\/acampada-4-estrellas-martigues\/camping-calidad-martigues\/#breadcrumb\"},\"inLanguage\":\"es\",\"potentialAction\":[{\"@type\":\"ReadAction\",\"target\":[\"https:\/\/martegaou.eldapps.com\/es\/acampada-4-estrellas-martigues\/camping-calidad-martigues\/\"]}]},{\"@type\":\"ImageObject\",\"inLanguage\":\"es\",\"@id\":\"https:\/\/martegaou.eldapps.com\/es\/acampada-4-estrellas-martigues\/camping-calidad-martigues\/#primaryimage\",\"url\":\"https:\/\/martegaou.eldapps.com\/wp-content\/uploads\/2022\/03\/services-camping-1.jpg\",\"contentUrl\":\"https:\/\/martegaou.eldapps.com\/wp-content\/uploads\/2022\/03\/services-camping-1.jpg\",\"width\":1899,\"height\":550,\"caption\":\"services camping\"},{\"@type\":\"BreadcrumbList\",\"@id\":\"https:\/\/martegaou.eldapps.com\/es\/acampada-4-estrellas-martigues\/camping-calidad-martigues\/#breadcrumb\",\"itemListElement\":[{\"@type\":\"ListItem\",\"position\":1,\"name\":\"Camping Bouches-du-Rh\u00f4ne\",\"item\":\"https:\/\/martegaou.eldapps.com\/es\/\"},{\"@type\":\"ListItem\",\"position\":2,\"name\":\"Camping de calidad en Martigues\",\"item\":\"https:\/\/martegaou.eldapps.com\/es\/acampada-4-estrellas-martigues\/\"},{\"@type\":\"ListItem\",\"position\":3,\"name\":\"Camping familiar en Martigues\"}]},{\"@type\":\"WebSite\",\"@id\":\"https:\/\/martegaou.eldapps.com\/#website\",\"url\":\"https:\/\/martegaou.eldapps.com\/\",\"name\":\"Martegaou\",\"description\":\"\",\"publisher\":{\"@id\":\"https:\/\/martegaou.eldapps.com\/#organization\"},\"potentialAction\":[{\"@type\":\"SearchAction\",\"target\":{\"@type\":\"EntryPoint\",\"urlTemplate\":\"https:\/\/martegaou.eldapps.com\/?s={search_term_string}\"},\"query-input\":{\"@type\":\"PropertyValueSpecification\",\"valueRequired\":true,\"valueName\":\"search_term_string\"}}],\"inLanguage\":\"es\"},{\"@type\":\"Organization\",\"@id\":\"https:\/\/martegaou.eldapps.com\/#organization\",\"name\":\"Ctoncamping\",\"url\":\"https:\/\/martegaou.eldapps.com\/\",\"logo\":{\"@type\":\"ImageObject\",\"inLanguage\":\"es\",\"@id\":\"https:\/\/martegaou.eldapps.com\/#\/schema\/logo\/image\/\",\"url\":\"https:\/\/martegaou.eldapps.com\/wp-content\/uploads\/2022\/03\/logo-alt-ctoncamping.png\",\"contentUrl\":\"https:\/\/martegaou.eldapps.com\/wp-content\/uploads\/2022\/03\/logo-alt-ctoncamping.png\",\"width\":402,\"height\":72,\"caption\":\"Ctoncamping\"},\"image\":{\"@id\":\"https:\/\/martegaou.eldapps.com\/#\/schema\/logo\/image\/\"}}]}<\/script>\n<!-- \/ Yoast SEO plugin. -->","yoast_head_json":{"title":"Camping de calidad Martigues | Camping con wifi en Bouches-du-Rh\u00f4ne","robots":{"index":"index","follow":"follow","max-snippet":"max-snippet:-1","max-image-preview":"max-image-preview:large","max-video-preview":"max-video-preview:-1"},"canonical":"https:\/\/martegaou.eldapps.com\/es\/acampada-4-estrellas-martigues\/camping-calidad-martigues\/","og_locale":"es_ES","og_type":"article","og_title":"Camping de calidad Martigues | Camping con wifi en Bouches-du-Rh\u00f4ne","og_url":"https:\/\/martegaou.eldapps.com\/es\/acampada-4-estrellas-martigues\/camping-calidad-martigues\/","og_site_name":"Martegaou","article_modified_time":"2022-06-17T13:19:02+00:00","og_image":[{"width":1899,"height":550,"url":"https:\/\/martegaou.eldapps.com\/wp-content\/uploads\/2022\/03\/services-camping-1.jpg","type":"image\/jpeg"}],"twitter_card":"summary_large_image","twitter_misc":{"Tiempo de lectura":"4 minutos"},"schema":{"@context":"https:\/\/schema.org","@graph":[{"@type":"WebPage","@id":"https:\/\/martegaou.eldapps.com\/es\/acampada-4-estrellas-martigues\/camping-calidad-martigues\/","url":"https:\/\/martegaou.eldapps.com\/es\/acampada-4-estrellas-martigues\/camping-calidad-martigues\/","name":"Camping de calidad Martigues | Camping con wifi en Bouches-du-Rh\u00f4ne","isPartOf":{"@id":"https:\/\/martegaou.eldapps.com\/#website"},"primaryImageOfPage":{"@id":"https:\/\/martegaou.eldapps.com\/es\/acampada-4-estrellas-martigues\/camping-calidad-martigues\/#primaryimage"},"image":{"@id":"https:\/\/martegaou.eldapps.com\/es\/acampada-4-estrellas-martigues\/camping-calidad-martigues\/#primaryimage"},"thumbnailUrl":"https:\/\/martegaou.eldapps.com\/wp-content\/uploads\/2022\/03\/services-camping-1.jpg","datePublished":"2022-03-24T11:11:17+00:00","dateModified":"2022-06-17T13:19:02+00:00","breadcrumb":{"@id":"https:\/\/martegaou.eldapps.com\/es\/acampada-4-estrellas-martigues\/camping-calidad-martigues\/#breadcrumb"},"inLanguage":"es","potentialAction":[{"@type":"ReadAction","target":["https:\/\/martegaou.eldapps.com\/es\/acampada-4-estrellas-martigues\/camping-calidad-martigues\/"]}]},{"@type":"ImageObject","inLanguage":"es","@id":"https:\/\/martegaou.eldapps.com\/es\/acampada-4-estrellas-martigues\/camping-calidad-martigues\/#primaryimage","url":"https:\/\/martegaou.eldapps.com\/wp-content\/uploads\/2022\/03\/services-camping-1.jpg","contentUrl":"https:\/\/martegaou.eldapps.com\/wp-content\/uploads\/2022\/03\/services-camping-1.jpg","width":1899,"height":550,"caption":"services camping"},{"@type":"BreadcrumbList","@id":"https:\/\/martegaou.eldapps.com\/es\/acampada-4-estrellas-martigues\/camping-calidad-martigues\/#breadcrumb","itemListElement":[{"@type":"ListItem","position":1,"name":"Camping Bouches-du-Rh\u00f4ne","item":"https:\/\/martegaou.eldapps.com\/es\/"},{"@type":"ListItem","position":2,"name":"Camping de calidad en Martigues","item":"https:\/\/martegaou.eldapps.com\/es\/acampada-4-estrellas-martigues\/"},{"@type":"ListItem","position":3,"name":"Camping familiar en Martigues"}]},{"@type":"WebSite","@id":"https:\/\/martegaou.eldapps.com\/#website","url":"https:\/\/martegaou.eldapps.com\/","name":"Martegaou","description":"","publisher":{"@id":"https:\/\/martegaou.eldapps.com\/#organization"},"potentialAction":[{"@type":"SearchAction","target":{"@type":"EntryPoint","urlTemplate":"https:\/\/martegaou.eldapps.com\/?s={search_term_string}"},"query-input":{"@type":"PropertyValueSpecification","valueRequired":true,"valueName":"search_term_string"}}],"inLanguage":"es"},{"@type":"Organization","@id":"https:\/\/martegaou.eldapps.com\/#organization","name":"Ctoncamping","url":"https:\/\/martegaou.eldapps.com\/","logo":{"@type":"ImageObject","inLanguage":"es","@id":"https:\/\/martegaou.eldapps.com\/#\/schema\/logo\/image\/","url":"https:\/\/martegaou.eldapps.com\/wp-content\/uploads\/2022\/03\/logo-alt-ctoncamping.png","contentUrl":"https:\/\/martegaou.eldapps.com\/wp-content\/uploads\/2022\/03\/logo-alt-ctoncamping.png","width":402,"height":72,"caption":"Ctoncamping"},"image":{"@id":"https:\/\/martegaou.eldapps.com\/#\/schema\/logo\/image\/"}}]}},"_links":{"self":[{"href":"https:\/\/martegaou.eldapps.com\/es\/wp-json\/wp\/v2\/pages\/5131","targetHints":{"allow":["GET"]}}],"collection":[{"href":"https:\/\/martegaou.eldapps.com\/es\/wp-json\/wp\/v2\/pages"}],"about":[{"href":"https:\/\/martegaou.eldapps.com\/es\/wp-json\/wp\/v2\/types\/page"}],"author":[{"embeddable":true,"href":"https:\/\/martegaou.eldapps.com\/es\/wp-json\/wp\/v2\/users\/1"}],"replies":[{"embeddable":true,"href":"https:\/\/martegaou.eldapps.com\/es\/wp-json\/wp\/v2\/comments?post=5131"}],"version-history":[{"count":0,"href":"https:\/\/martegaou.eldapps.com\/es\/wp-json\/wp\/v2\/pages\/5131\/revisions"}],"up":[{"embeddable":true,"href":"https:\/\/martegaou.eldapps.com\/es\/wp-json\/wp\/v2\/pages\/5032"}],"wp:featuredmedia":[{"embeddable":true,"href":"https:\/\/martegaou.eldapps.com\/es\/wp-json\/wp\/v2\/media\/2311"}],"wp:attachment":[{"href":"https:\/\/martegaou.eldapps.com\/es\/wp-json\/wp\/v2\/media?parent=5131"}],"wp:term":[{"taxonomy":"sujet","embeddable":true,"href":"https:\/\/martegaou.eldapps.com\/es\/wp-json\/wp\/v2\/sujet?post=5131"}],"curies":[{"name":"wp","href":"https:\/\/api.w.org\/{rel}","templated":true}]}}