{"id":5032,"date":"2022-03-24T10:03:24","date_gmt":"2022-03-24T09:03:24","guid":{"rendered":"https:\/\/martegaou.eldapps.com\/camping-4-etoiles-martigues\/"},"modified":"2022-12-14T09:59:16","modified_gmt":"2022-12-14T08:59:16","slug":"acampada-4-estrellas-martigues","status":"publish","type":"page","link":"https:\/\/martegaou.eldapps.com\/es\/acampada-4-estrellas-martigues\/","title":{"rendered":"Camping l&#8217;Arquet"},"content":{"rendered":"<section id=\"ls-section-block_a47571bcda46822bebc1aabc50a7fac2\" class=\"ls-section  p-b-4 m-b-10\" >\r\n        <div class=\"container container--wide\">\r\n        \n\n<h1 class=\"ls__heading has-text-align-center has-color-1-color has-text-color wp-block-heading\">Camping 4 estrellas en Martigues<br><strong><mark style=\"background-color:rgba(0, 0, 0, 0)\" class=\"has-inline-color has-color-2-color\">en las Bouches-du-Rh\u00f4ne<\/mark><\/strong><\/h1>\n\n\n\n<div class=\"wp-block-columns are-vertically-aligned-center is-layout-flex wp-container-core-columns-is-layout-9d6595d7 wp-block-columns-is-layout-flex\">\n<div class=\"wp-block-column is-vertically-aligned-center is-layout-flow wp-block-column-is-layout-flow\">\n<h2 class=\"ls-heading wp-block-heading\">Presentaci\u00f3n del Arquet<\/h2>\n\n\n\n<p class=\"ls-paragraph\">Con una vista panor\u00e1mica del Mediterr\u00e1neo, l&#8217;Arquet le da la bienvenida en un entorno arbolado en la C\u00f4te Bleue. Situado cerca del Parque Nacional de las Calanques, en este rinc\u00f3n del para\u00edso, l&#8217;Arquet tambi\u00e9n es accesible para personas con movilidad reducida.<\/p>\n\n\n\n<p class=\"ls-paragraph\">El peque\u00f1o plus del camping:<br>Lugar de la serie Camping Paradis desde 2006, se pueden visitar los decorados en temporada alta.<\/p>\n\n\n\n<div style=\"height:49px\" aria-hidden=\"true\" class=\"wp-block-spacer\"><\/div>\n\n\n\n<figure class=\"wp-block-embed aligncenter is-type-video is-provider-youtube wp-block-embed-youtube wp-embed-aspect-16-9 wp-has-aspect-ratio\"><div class=\"wp-block-embed__wrapper\">\n<iframe loading=\"lazy\" title=\"camping de l&#039;arquet martigues\" width=\"500\" height=\"281\" src=\"https:\/\/www.youtube.com\/embed\/yCcWIlEXDJc?feature=oembed\" frameborder=\"0\" allow=\"accelerometer; autoplay; clipboard-write; encrypted-media; gyroscope; picture-in-picture; web-share\" referrerpolicy=\"strict-origin-when-cross-origin\" allowfullscreen><\/iframe>\n<\/div><\/figure>\n<\/div>\n\n\n\n<div class=\"wp-block-column is-vertically-aligned-center column-description column-description__camping column-description__camping__arquet is-layout-flow wp-block-column-is-layout-flow\">\n<div class=\"wp-block-columns are-vertically-aligned-center is-layout-flex wp-container-core-columns-is-layout-9d6595d7 wp-block-columns-is-layout-flex\">\n<div class=\"wp-block-column is-vertically-aligned-center is-layout-flow wp-block-column-is-layout-flow\">\n<figure class=\"wp-block-gallery has-nested-images columns-default is-cropped wp-block-gallery-1 is-layout-flex wp-block-gallery-is-layout-flex\">\n<figure class=\"wp-block-image size-full\"><img loading=\"lazy\" decoding=\"async\" width=\"302\" height=\"460\" data-id=\"4173\" src=\"https:\/\/martegaou.eldapps.com\/wp-content\/uploads\/2022\/04\/camping-martigues.jpg\" alt=\"camping martigues\" class=\"wp-image-4173\" srcset=\"https:\/\/martegaou.eldapps.com\/wp-content\/uploads\/2022\/04\/camping-martigues.jpg 302w, https:\/\/martegaou.eldapps.com\/wp-content\/uploads\/2022\/04\/camping-martigues-197x300.jpg 197w\" sizes=\"auto, (max-width: 302px) 100vw, 302px\" \/><\/figure>\n<\/figure>\n<\/div>\n\n\n\n<div class=\"wp-block-column is-vertically-aligned-center is-layout-flow wp-block-column-is-layout-flow\">\n<div id=\"ls-infos-block_1cfe3f7ef5faab312bb3323e72f25877\" class=\"ls-infos\">\n        <div class=\"ls-infos__content\">\n        <div class=\"ls-infos__opening\">\n            <span class='sptds-open-sign'><\/span>\n            Abierto desde 4 abril 2026 au 31 octubre 2026        <\/div>\n        <div class=\"ls-infos__adresse\">\n            <span class='sptds-pin_2'><\/span>\n            <div>\n                Chemin de La Batterie La Couronne, <br \/>\n                13500                MARTIGUES            <\/div>\n        <\/div>\n        <div class=\"ls-infos__phone\">\n            <span class='sptds-phone-call'><\/span>\n            +33(0)4.42.42.81.00        <\/div>\n\n                    <div class=\"ls-infos__mobil-home\">\n                <span class='sptds-bungalow'><\/span>\n                140 casas m\u00f3viles            <\/div>\n        \n                <div class=\"ls-infos__emplacement\">\n            <span class='sptds-tente'><\/span>\n            101 lugares        <\/div>\n        \n                <div class=\"ls-infos__hectare\">\n            <span class='sptds-area'><\/span>\n            6 hect\u00e1reas        <\/div>\n        \n                    <div class=\"ls-infos__pmr\">\n                <span class='sptds-fauteuil-roulant'><\/span>\n                Accesibilidad de la PMR            <\/div>\n        \n\n        <div class=\"ls-infos__mail\">\n            <a href=\"#\">\n                <span class='sptds-envelope'><\/span>\n                Escr\u00edbenos            <\/a>\n        <\/div>\n    <\/div>\n<\/div><\/div>\n<\/div>\n<\/div>\n<\/div>\n\n\r\n    <\/div>\r\n<\/section>\n\n<section id=\"ls-section-block_79c54744b24c111fd4f7b254fb733d88\" class=\"ls-section  page-two cta-galerie container-super-wide has-background has-color-3-background-color\" >\r\n        <div class=\"container container--full\">\r\n        \n\n<div class=\"wp-block-columns is-layout-flex wp-container-core-columns-is-layout-9d6595d7 wp-block-columns-is-layout-flex\">\n<div class=\"wp-block-column is-layout-flow wp-block-column-is-layout-flow\">\n<figure class=\"wp-block-gallery has-nested-images columns-default is-cropped wp-block-gallery-2 is-layout-flex wp-block-gallery-is-layout-flex\">\n<figure class=\"wp-block-image size-large\"><img loading=\"lazy\" decoding=\"async\" width=\"1200\" height=\"800\" data-id=\"2455\" src=\"https:\/\/martegaou.eldapps.com\/wp-content\/uploads\/2022\/03\/location-hebergement-camping-arquet.jpg\" alt=\"location hebergement camping arquet\" class=\"wp-image-2455\" srcset=\"https:\/\/martegaou.eldapps.com\/wp-content\/uploads\/2022\/03\/location-hebergement-camping-arquet.jpg 1200w, https:\/\/martegaou.eldapps.com\/wp-content\/uploads\/2022\/03\/location-hebergement-camping-arquet-300x200.jpg 300w, https:\/\/martegaou.eldapps.com\/wp-content\/uploads\/2022\/03\/location-hebergement-camping-arquet-1024x683.jpg 1024w, https:\/\/martegaou.eldapps.com\/wp-content\/uploads\/2022\/03\/location-hebergement-camping-arquet-768x512.jpg 768w\" sizes=\"auto, (max-width: 1200px) 100vw, 1200px\" \/><\/figure>\n<\/figure>\n\n\n\n<div style=\"height:20px\" aria-hidden=\"true\" class=\"wp-block-spacer\"><\/div>\n\n\n\n<figure class=\"wp-block-gallery has-nested-images columns-default is-cropped wp-block-gallery-3 is-layout-flex wp-block-gallery-is-layout-flex\">\n<figure class=\"wp-block-image size-large\"><img loading=\"lazy\" decoding=\"async\" width=\"1200\" height=\"800\" data-id=\"2443\" src=\"https:\/\/martegaou.eldapps.com\/wp-content\/uploads\/2022\/03\/camping-4-etoiles-martigues.jpg\" alt=\"camping 4 estrellas martigues\" class=\"wp-image-2443\" srcset=\"https:\/\/martegaou.eldapps.com\/wp-content\/uploads\/2022\/03\/camping-4-etoiles-martigues.jpg 1200w, https:\/\/martegaou.eldapps.com\/wp-content\/uploads\/2022\/03\/camping-4-etoiles-martigues-300x200.jpg 300w, https:\/\/martegaou.eldapps.com\/wp-content\/uploads\/2022\/03\/camping-4-etoiles-martigues-1024x683.jpg 1024w, https:\/\/martegaou.eldapps.com\/wp-content\/uploads\/2022\/03\/camping-4-etoiles-martigues-768x512.jpg 768w\" sizes=\"auto, (max-width: 1200px) 100vw, 1200px\" \/><\/figure>\n<\/figure>\n<\/div>\n\n\n\n<div class=\"wp-block-column is-layout-flow wp-block-column-is-layout-flow\">\n<figure class=\"wp-block-gallery has-nested-images columns-default is-cropped wp-block-gallery-4 is-layout-flex wp-block-gallery-is-layout-flex\">\n<figure class=\"wp-block-image size-large\"><img loading=\"lazy\" decoding=\"async\" width=\"1200\" height=\"800\" data-id=\"2449\" src=\"https:\/\/martegaou.eldapps.com\/wp-content\/uploads\/2022\/03\/camping-mobil-home-arquet.jpg\" alt=\"camping mobil home arquet\" class=\"wp-image-2449\" srcset=\"https:\/\/martegaou.eldapps.com\/wp-content\/uploads\/2022\/03\/camping-mobil-home-arquet.jpg 1200w, https:\/\/martegaou.eldapps.com\/wp-content\/uploads\/2022\/03\/camping-mobil-home-arquet-300x200.jpg 300w, https:\/\/martegaou.eldapps.com\/wp-content\/uploads\/2022\/03\/camping-mobil-home-arquet-1024x683.jpg 1024w, https:\/\/martegaou.eldapps.com\/wp-content\/uploads\/2022\/03\/camping-mobil-home-arquet-768x512.jpg 768w\" sizes=\"auto, (max-width: 1200px) 100vw, 1200px\" \/><\/figure>\n<\/figure>\n\n\n\n<div style=\"height:20px\" aria-hidden=\"true\" class=\"wp-block-spacer\"><\/div>\n\n\n\n<figure class=\"wp-block-gallery has-nested-images columns-default is-cropped wp-block-gallery-5 is-layout-flex wp-block-gallery-is-layout-flex\">\n<figure class=\"wp-block-image size-full\"><img loading=\"lazy\" decoding=\"async\" width=\"545\" height=\"545\" data-id=\"4168\" src=\"https:\/\/martegaou.eldapps.com\/wp-content\/uploads\/2022\/04\/restaurant-martigues-arquet.jpg\" alt=\"restaurant martigues arquet\" class=\"wp-image-4168\" srcset=\"https:\/\/martegaou.eldapps.com\/wp-content\/uploads\/2022\/04\/restaurant-martigues-arquet.jpg 545w, https:\/\/martegaou.eldapps.com\/wp-content\/uploads\/2022\/04\/restaurant-martigues-arquet-300x300.jpg 300w, https:\/\/martegaou.eldapps.com\/wp-content\/uploads\/2022\/04\/restaurant-martigues-arquet-150x150.jpg 150w\" sizes=\"auto, (max-width: 545px) 100vw, 545px\" \/><\/figure>\n<\/figure>\n<\/div>\n\n\n\n<div class=\"wp-block-column is-layout-flow wp-block-column-is-layout-flow\">\n<figure class=\"wp-block-gallery has-nested-images columns-default is-cropped wp-block-gallery-6 is-layout-flex wp-block-gallery-is-layout-flex\">\n<figure class=\"wp-block-image size-large\"><img loading=\"lazy\" decoding=\"async\" width=\"1200\" height=\"800\" data-id=\"2452\" src=\"https:\/\/martegaou.eldapps.com\/wp-content\/uploads\/2022\/03\/camping-piscine-arquet.jpg\" alt=\"camping piscine arquet\" class=\"wp-image-2452\" srcset=\"https:\/\/martegaou.eldapps.com\/wp-content\/uploads\/2022\/03\/camping-piscine-arquet.jpg 1200w, https:\/\/martegaou.eldapps.com\/wp-content\/uploads\/2022\/03\/camping-piscine-arquet-300x200.jpg 300w, https:\/\/martegaou.eldapps.com\/wp-content\/uploads\/2022\/03\/camping-piscine-arquet-1024x683.jpg 1024w, https:\/\/martegaou.eldapps.com\/wp-content\/uploads\/2022\/03\/camping-piscine-arquet-768x512.jpg 768w\" sizes=\"auto, (max-width: 1200px) 100vw, 1200px\" \/><\/figure>\n<\/figure>\n\n\n\n<div style=\"height:20px\" aria-hidden=\"true\" class=\"wp-block-spacer\"><\/div>\n\n\n\n<figure class=\"wp-block-gallery has-nested-images columns-default is-cropped wp-block-gallery-7 is-layout-flex wp-block-gallery-is-layout-flex\">\n<figure class=\"wp-block-image size-large\"><img loading=\"lazy\" decoding=\"async\" width=\"1200\" height=\"800\" data-id=\"2446\" src=\"https:\/\/martegaou.eldapps.com\/wp-content\/uploads\/2022\/03\/camping-location-mobil-home-arquet.jpg\" alt=\"camping location mobil home arquet\" class=\"wp-image-2446\" srcset=\"https:\/\/martegaou.eldapps.com\/wp-content\/uploads\/2022\/03\/camping-location-mobil-home-arquet.jpg 1200w, https:\/\/martegaou.eldapps.com\/wp-content\/uploads\/2022\/03\/camping-location-mobil-home-arquet-300x200.jpg 300w, https:\/\/martegaou.eldapps.com\/wp-content\/uploads\/2022\/03\/camping-location-mobil-home-arquet-1024x683.jpg 1024w, https:\/\/martegaou.eldapps.com\/wp-content\/uploads\/2022\/03\/camping-location-mobil-home-arquet-768x512.jpg 768w\" sizes=\"auto, (max-width: 1200px) 100vw, 1200px\" \/><\/figure>\n<\/figure>\n<\/div>\n<\/div>\n\n\r\n    <\/div>\r\n<\/section>\n\n<section id=\"ls-section-block_c36596611d01832aee11d7287ef6278d\" class=\"ls-section  page-three p-t-4 m-t-10 container-super-wide\" >\r\n        <div class=\"container container--full\">\r\n        \n\n<div class=\"wp-block-columns wp-block-columns-3 is-layout-flex wp-container-core-columns-is-layout-9d6595d7 wp-block-columns-is-layout-flex\">\n<div class=\"wp-block-column is-layout-flow wp-block-column-is-layout-flow\">\r\n<div id=\"ls-cta-block_36f0c13fa387c4d79e88fa47b9a97336\" class=\"ls-cta\">  \r\n    \n\n<a href=\"https:\/\/martegaou.eldapps.com\/camping-4-etoiles-martigues\/location-mobil-home-martigues\/\" target=\"\" rel=\"noopener\" class=\"ls-cta__link\">\n\n\t<div class=\"ls-cta__image\"><img decoding=\"async\" src=\"https:\/\/martegaou.eldapps.com\/wp-content\/uploads\/2022\/03\/location-ctoncamping.jpg\" alt=\"location ctoncamping\"><\/div>\n\t<div class=\"ls-cta__text\">\n\t\t<div class=\"ls-cta__title\">\n\t\t\tMovil-homes\t\t<\/div>\n\n\t\t\t\t\t<div class=\"ls-cta__description\">\n\t\t\t\tD\u00e9couvrir\t\t\t<\/div>\n\t\t\t<\/div>\n\n<\/a><\/div><\/div>\n\n\n\n<div class=\"wp-block-column is-layout-flow wp-block-column-is-layout-flow\">\r\n<div id=\"ls-cta-block_ba02060ae39d3ffb136524b0055be9c1\" class=\"ls-cta\">  \r\n    \n\n<a href=\"https:\/\/martegaou.eldapps.com\/camping-4-etoiles-martigues\/location-emplacement-martigues\/\" target=\"\" rel=\"noopener\" class=\"ls-cta__link\">\n\n\t<div class=\"ls-cta__image\"><img decoding=\"async\" src=\"https:\/\/martegaou.eldapps.com\/wp-content\/uploads\/2022\/04\/location-emplacement-martigues-1.jpg\" alt=\"location emplacement martigues\"><\/div>\n\t<div class=\"ls-cta__text\">\n\t\t<div class=\"ls-cta__title\">\n\t\t\tEmplacements\t\t<\/div>\n\n\t\t\t\t\t<div class=\"ls-cta__description\">\n\t\t\t\tD\u00e9couvrir\t\t\t<\/div>\n\t\t\t<\/div>\n\n<\/a><\/div><\/div>\n\n\n\n<div class=\"wp-block-column is-vertically-aligned-center column-description is-layout-flow wp-block-column-is-layout-flow\">\n<h2 class=\"ls-heading wp-block-heading\">alojamiento y parcelas en la costa mediterr\u00e1nea<\/h2>\n\n\n\n<p class=\"ls-paragraph\">En la C\u00f4te Bleue, <a href=\"https:\/\/martegaou.eldapps.com\/es\/acampada-4-estrellas-martigues\/alquiler-casas-moviles-martigues\/\">reserve su casa m\u00f3vil est\u00e1ndar<\/a>, confort o premium en l&#8217;Arquet. Apreciar\u00e1 su terraza semicubierta. Relajaci\u00f3n, convivencia y ba\u00f1o garantizados.<\/p>\n\n\n\n<p class=\"ls-paragraph\">\u00bfViaja con una autocaravana, una caravana o una tienda de campa\u00f1a? <a href=\"https:\/\/martegaou.eldapps.com\/es\/acampada-4-estrellas-martigues\/ubicacion-martigues\/\">Alquile una parcela<\/a> para una estancia en el campo.<\/p>\n<\/div>\n<\/div>\n\n\r\n    <\/div>\r\n<\/section>","protected":false},"excerpt":{"rendered":"","protected":false},"author":1,"featured_media":1882,"parent":0,"menu_order":0,"comment_status":"closed","ping_status":"closed","template":"","meta":{"_acf_changed":false,"footnotes":""},"sujet":[],"class_list":["post-5032","page","type-page","status-publish","has-post-thumbnail","hentry"],"acf":[],"yoast_head":"<!-- This site is optimized with the Yoast SEO plugin v26.7 - https:\/\/yoast.com\/wordpress\/plugins\/seo\/ -->\n<title>Camping 4 estrellas Martigues, Bouches-du-Rh\u00f4ne | Camping l&#039;Arquet<\/title>\n<meta name=\"robots\" content=\"index, follow, max-snippet:-1, max-image-preview:large, max-video-preview:-1\" \/>\n<link rel=\"canonical\" href=\"https:\/\/martegaou.eldapps.com\/es\/acampada-4-estrellas-martigues\/\" \/>\n<meta property=\"og:locale\" content=\"es_ES\" \/>\n<meta property=\"og:type\" content=\"article\" \/>\n<meta property=\"og:title\" content=\"Camping 4 estrellas Martigues, Bouches-du-Rh\u00f4ne | Camping l&#039;Arquet\" \/>\n<meta property=\"og:url\" content=\"https:\/\/martegaou.eldapps.com\/es\/acampada-4-estrellas-martigues\/\" \/>\n<meta property=\"og:site_name\" content=\"Martegaou\" \/>\n<meta property=\"article:modified_time\" content=\"2022-12-14T08:59:16+00:00\" \/>\n<meta property=\"og:image\" content=\"https:\/\/martegaou.eldapps.com\/wp-content\/uploads\/2022\/03\/vue-aerienne-camping-l-arquet-ctoncamping.jpg\" \/>\n\t<meta property=\"og:image:width\" content=\"1920\" \/>\n\t<meta property=\"og:image:height\" content=\"1080\" \/>\n\t<meta property=\"og:image:type\" content=\"image\/jpeg\" \/>\n<meta name=\"twitter:card\" content=\"summary_large_image\" \/>\n<meta name=\"twitter:label1\" content=\"Tiempo de lectura\" \/>\n\t<meta name=\"twitter:data1\" content=\"3 minutos\" \/>\n<script type=\"application\/ld+json\" class=\"yoast-schema-graph\">{\"@context\":\"https:\/\/schema.org\",\"@graph\":[{\"@type\":\"WebPage\",\"@id\":\"https:\/\/martegaou.eldapps.com\/es\/acampada-4-estrellas-martigues\/\",\"url\":\"https:\/\/martegaou.eldapps.com\/es\/acampada-4-estrellas-martigues\/\",\"name\":\"Camping 4 estrellas Martigues, Bouches-du-Rh\u00f4ne | Camping l'Arquet\",\"isPartOf\":{\"@id\":\"https:\/\/martegaou.eldapps.com\/#website\"},\"primaryImageOfPage\":{\"@id\":\"https:\/\/martegaou.eldapps.com\/es\/acampada-4-estrellas-martigues\/#primaryimage\"},\"image\":{\"@id\":\"https:\/\/martegaou.eldapps.com\/es\/acampada-4-estrellas-martigues\/#primaryimage\"},\"thumbnailUrl\":\"https:\/\/martegaou.eldapps.com\/wp-content\/uploads\/2022\/03\/vue-aerienne-camping-l-arquet-ctoncamping.jpg\",\"datePublished\":\"2022-03-24T09:03:24+00:00\",\"dateModified\":\"2022-12-14T08:59:16+00:00\",\"breadcrumb\":{\"@id\":\"https:\/\/martegaou.eldapps.com\/es\/acampada-4-estrellas-martigues\/#breadcrumb\"},\"inLanguage\":\"es\",\"potentialAction\":[{\"@type\":\"ReadAction\",\"target\":[\"https:\/\/martegaou.eldapps.com\/es\/acampada-4-estrellas-martigues\/\"]}]},{\"@type\":\"ImageObject\",\"inLanguage\":\"es\",\"@id\":\"https:\/\/martegaou.eldapps.com\/es\/acampada-4-estrellas-martigues\/#primaryimage\",\"url\":\"https:\/\/martegaou.eldapps.com\/wp-content\/uploads\/2022\/03\/vue-aerienne-camping-l-arquet-ctoncamping.jpg\",\"contentUrl\":\"https:\/\/martegaou.eldapps.com\/wp-content\/uploads\/2022\/03\/vue-aerienne-camping-l-arquet-ctoncamping.jpg\",\"width\":1920,\"height\":1080,\"caption\":\"vue aerienne camping larquet ctoncamping\"},{\"@type\":\"BreadcrumbList\",\"@id\":\"https:\/\/martegaou.eldapps.com\/es\/acampada-4-estrellas-martigues\/#breadcrumb\",\"itemListElement\":[{\"@type\":\"ListItem\",\"position\":1,\"name\":\"Camping Bouches-du-Rh\u00f4ne\",\"item\":\"https:\/\/martegaou.eldapps.com\/es\/\"},{\"@type\":\"ListItem\",\"position\":2,\"name\":\"Camping de calidad en Martigues\"}]},{\"@type\":\"WebSite\",\"@id\":\"https:\/\/martegaou.eldapps.com\/#website\",\"url\":\"https:\/\/martegaou.eldapps.com\/\",\"name\":\"Martegaou\",\"description\":\"\",\"publisher\":{\"@id\":\"https:\/\/martegaou.eldapps.com\/#organization\"},\"potentialAction\":[{\"@type\":\"SearchAction\",\"target\":{\"@type\":\"EntryPoint\",\"urlTemplate\":\"https:\/\/martegaou.eldapps.com\/?s={search_term_string}\"},\"query-input\":{\"@type\":\"PropertyValueSpecification\",\"valueRequired\":true,\"valueName\":\"search_term_string\"}}],\"inLanguage\":\"es\"},{\"@type\":\"Organization\",\"@id\":\"https:\/\/martegaou.eldapps.com\/#organization\",\"name\":\"Ctoncamping\",\"url\":\"https:\/\/martegaou.eldapps.com\/\",\"logo\":{\"@type\":\"ImageObject\",\"inLanguage\":\"es\",\"@id\":\"https:\/\/martegaou.eldapps.com\/#\/schema\/logo\/image\/\",\"url\":\"https:\/\/martegaou.eldapps.com\/wp-content\/uploads\/2022\/03\/logo-alt-ctoncamping.png\",\"contentUrl\":\"https:\/\/martegaou.eldapps.com\/wp-content\/uploads\/2022\/03\/logo-alt-ctoncamping.png\",\"width\":402,\"height\":72,\"caption\":\"Ctoncamping\"},\"image\":{\"@id\":\"https:\/\/martegaou.eldapps.com\/#\/schema\/logo\/image\/\"}}]}<\/script>\n<!-- \/ Yoast SEO plugin. -->","yoast_head_json":{"title":"Camping 4 estrellas Martigues, Bouches-du-Rh\u00f4ne | Camping l'Arquet","robots":{"index":"index","follow":"follow","max-snippet":"max-snippet:-1","max-image-preview":"max-image-preview:large","max-video-preview":"max-video-preview:-1"},"canonical":"https:\/\/martegaou.eldapps.com\/es\/acampada-4-estrellas-martigues\/","og_locale":"es_ES","og_type":"article","og_title":"Camping 4 estrellas Martigues, Bouches-du-Rh\u00f4ne | Camping l'Arquet","og_url":"https:\/\/martegaou.eldapps.com\/es\/acampada-4-estrellas-martigues\/","og_site_name":"Martegaou","article_modified_time":"2022-12-14T08:59:16+00:00","og_image":[{"width":1920,"height":1080,"url":"https:\/\/martegaou.eldapps.com\/wp-content\/uploads\/2022\/03\/vue-aerienne-camping-l-arquet-ctoncamping.jpg","type":"image\/jpeg"}],"twitter_card":"summary_large_image","twitter_misc":{"Tiempo de lectura":"3 minutos"},"schema":{"@context":"https:\/\/schema.org","@graph":[{"@type":"WebPage","@id":"https:\/\/martegaou.eldapps.com\/es\/acampada-4-estrellas-martigues\/","url":"https:\/\/martegaou.eldapps.com\/es\/acampada-4-estrellas-martigues\/","name":"Camping 4 estrellas Martigues, Bouches-du-Rh\u00f4ne | Camping l'Arquet","isPartOf":{"@id":"https:\/\/martegaou.eldapps.com\/#website"},"primaryImageOfPage":{"@id":"https:\/\/martegaou.eldapps.com\/es\/acampada-4-estrellas-martigues\/#primaryimage"},"image":{"@id":"https:\/\/martegaou.eldapps.com\/es\/acampada-4-estrellas-martigues\/#primaryimage"},"thumbnailUrl":"https:\/\/martegaou.eldapps.com\/wp-content\/uploads\/2022\/03\/vue-aerienne-camping-l-arquet-ctoncamping.jpg","datePublished":"2022-03-24T09:03:24+00:00","dateModified":"2022-12-14T08:59:16+00:00","breadcrumb":{"@id":"https:\/\/martegaou.eldapps.com\/es\/acampada-4-estrellas-martigues\/#breadcrumb"},"inLanguage":"es","potentialAction":[{"@type":"ReadAction","target":["https:\/\/martegaou.eldapps.com\/es\/acampada-4-estrellas-martigues\/"]}]},{"@type":"ImageObject","inLanguage":"es","@id":"https:\/\/martegaou.eldapps.com\/es\/acampada-4-estrellas-martigues\/#primaryimage","url":"https:\/\/martegaou.eldapps.com\/wp-content\/uploads\/2022\/03\/vue-aerienne-camping-l-arquet-ctoncamping.jpg","contentUrl":"https:\/\/martegaou.eldapps.com\/wp-content\/uploads\/2022\/03\/vue-aerienne-camping-l-arquet-ctoncamping.jpg","width":1920,"height":1080,"caption":"vue aerienne camping larquet ctoncamping"},{"@type":"BreadcrumbList","@id":"https:\/\/martegaou.eldapps.com\/es\/acampada-4-estrellas-martigues\/#breadcrumb","itemListElement":[{"@type":"ListItem","position":1,"name":"Camping Bouches-du-Rh\u00f4ne","item":"https:\/\/martegaou.eldapps.com\/es\/"},{"@type":"ListItem","position":2,"name":"Camping de calidad en Martigues"}]},{"@type":"WebSite","@id":"https:\/\/martegaou.eldapps.com\/#website","url":"https:\/\/martegaou.eldapps.com\/","name":"Martegaou","description":"","publisher":{"@id":"https:\/\/martegaou.eldapps.com\/#organization"},"potentialAction":[{"@type":"SearchAction","target":{"@type":"EntryPoint","urlTemplate":"https:\/\/martegaou.eldapps.com\/?s={search_term_string}"},"query-input":{"@type":"PropertyValueSpecification","valueRequired":true,"valueName":"search_term_string"}}],"inLanguage":"es"},{"@type":"Organization","@id":"https:\/\/martegaou.eldapps.com\/#organization","name":"Ctoncamping","url":"https:\/\/martegaou.eldapps.com\/","logo":{"@type":"ImageObject","inLanguage":"es","@id":"https:\/\/martegaou.eldapps.com\/#\/schema\/logo\/image\/","url":"https:\/\/martegaou.eldapps.com\/wp-content\/uploads\/2022\/03\/logo-alt-ctoncamping.png","contentUrl":"https:\/\/martegaou.eldapps.com\/wp-content\/uploads\/2022\/03\/logo-alt-ctoncamping.png","width":402,"height":72,"caption":"Ctoncamping"},"image":{"@id":"https:\/\/martegaou.eldapps.com\/#\/schema\/logo\/image\/"}}]}},"_links":{"self":[{"href":"https:\/\/martegaou.eldapps.com\/es\/wp-json\/wp\/v2\/pages\/5032","targetHints":{"allow":["GET"]}}],"collection":[{"href":"https:\/\/martegaou.eldapps.com\/es\/wp-json\/wp\/v2\/pages"}],"about":[{"href":"https:\/\/martegaou.eldapps.com\/es\/wp-json\/wp\/v2\/types\/page"}],"author":[{"embeddable":true,"href":"https:\/\/martegaou.eldapps.com\/es\/wp-json\/wp\/v2\/users\/1"}],"replies":[{"embeddable":true,"href":"https:\/\/martegaou.eldapps.com\/es\/wp-json\/wp\/v2\/comments?post=5032"}],"version-history":[{"count":0,"href":"https:\/\/martegaou.eldapps.com\/es\/wp-json\/wp\/v2\/pages\/5032\/revisions"}],"wp:featuredmedia":[{"embeddable":true,"href":"https:\/\/martegaou.eldapps.com\/es\/wp-json\/wp\/v2\/media\/1882"}],"wp:attachment":[{"href":"https:\/\/martegaou.eldapps.com\/es\/wp-json\/wp\/v2\/media?parent=5032"}],"wp:term":[{"taxonomy":"sujet","embeddable":true,"href":"https:\/\/martegaou.eldapps.com\/es\/wp-json\/wp\/v2\/sujet?post=5032"}],"curies":[{"name":"wp","href":"https:\/\/api.w.org\/{rel}","templated":true}]}}