{"id":5008,"date":"2022-03-24T11:47:10","date_gmt":"2022-03-24T10:47:10","guid":{"rendered":"https:\/\/martegaou.eldapps.com\/camping-bord-de-mer-martigues\/"},"modified":"2022-06-17T15:29:31","modified_gmt":"2022-06-17T13:29:31","slug":"camping-junto-al-mar-martigues","status":"publish","type":"page","link":"https:\/\/martegaou.eldapps.com\/es\/camping-junto-al-mar-martigues\/","title":{"rendered":"Bord de mer"},"content":{"rendered":"<section id=\"ls-section-block_622f4e73b7892\" class=\"ls-section  page-one p-t-0 p-b-0\" >\r\n        <div class=\"container container--wide\">\r\n        \n\n<h1 class=\"ls__heading has-text-align-center wp-block-heading\">Camping junto al mar en Martigues<br><mark style=\"background-color:rgba(0, 0, 0, 0)\" class=\"has-inline-color has-color-2-color\">en las Bouches-du-Rh\u00f4ne<\/mark><\/h1>\n\n\r\n    <\/div>\r\n<\/section>\n\n<section id=\"ls-section-block_622b51a7ef6b6\" class=\"ls-section  page-two p-t-0 has-background has-color-white-background-color\" >\r\n        <div class=\"container container--wide\">\r\n        \n\n<div class=\"wp-block-columns are-vertically-aligned-center is-layout-flex wp-container-core-columns-is-layout-9d6595d7 wp-block-columns-is-layout-flex\">\n<div class=\"wp-block-column is-vertically-aligned-center is-layout-flow wp-block-column-is-layout-flow\">\n<h2 class=\"ls-heading wp-block-heading\">Camping L&#8217;Arquet con acceso directo a la playa<\/h2>\n\n\n\n<p class=\"ls-paragraph\">Elija L&#8217;<a href=\"https:\/\/martegaou.eldapps.com\/es\/acampada-4-estrellas-martigues\/\">Arquet<\/a> para organizar su estancia en la costa mediterr\u00e1nea. Su ubicaci\u00f3n es ideal y puede disfrutar de un acceso directo a las playas de la <strong>cala a s\u00f3lo 400 m<\/strong> y a la playa de Verdon a 5 minutos a pie. Es perfecto para acceder f\u00e1cilmente a tomar el sol en la arena o a las actividades deportivas acu\u00e1ticas en el paseo mar\u00edtimo. Elija una cala peque\u00f1a y discreta o una playa m\u00e1s animada. Si sue\u00f1a con unas vacaciones como las de la <strong>serie de televisi\u00f3n Camping Paradis<\/strong>, debe saber que L&#8217;Arquet se encuentra en <strong>acceso directo al lugar de rodaje<\/strong>.<\/p>\n<\/div>\n\n\n\n<div class=\"wp-block-column is-vertically-aligned-center column-description column-description__camping column-description__camping__arquet no-after animated fadeInRight delay-100ms slow is-layout-flow wp-block-column-is-layout-flow\">\n<figure class=\"wp-block-gallery has-nested-images columns-2 is-cropped img-page-interne wp-block-gallery-1 is-layout-flex wp-block-gallery-is-layout-flex\">\n<figure class=\"wp-block-image size-large\"><a href=\"https:\/\/martegaou.eldapps.com\/wp-content\/uploads\/2022\/03\/planche-a-voile-martigues-1024x683.jpg\"><img loading=\"lazy\" decoding=\"async\" width=\"1024\" height=\"683\" data-id=\"2053\" src=\"https:\/\/martegaou.eldapps.com\/wp-content\/uploads\/2022\/03\/planche-a-voile-martigues-1024x683.jpg\" alt=\"planche a voile martigues\" class=\"wp-image-2053\" srcset=\"https:\/\/martegaou.eldapps.com\/wp-content\/uploads\/2022\/03\/planche-a-voile-martigues-1024x683.jpg 1024w, https:\/\/martegaou.eldapps.com\/wp-content\/uploads\/2022\/03\/planche-a-voile-martigues-300x200.jpg 300w, https:\/\/martegaou.eldapps.com\/wp-content\/uploads\/2022\/03\/planche-a-voile-martigues-768x512.jpg 768w, https:\/\/martegaou.eldapps.com\/wp-content\/uploads\/2022\/03\/planche-a-voile-martigues.jpg 1200w\" sizes=\"auto, (max-width: 1024px) 100vw, 1024px\" \/><\/a><\/figure>\n\n\n\n<figure class=\"wp-block-image size-large\"><a href=\"https:\/\/martegaou.eldapps.com\/wp-content\/uploads\/2022\/03\/sport-nautiques-martigues-1024x683.jpg\"><img loading=\"lazy\" decoding=\"async\" width=\"1024\" height=\"683\" data-id=\"2056\" src=\"https:\/\/martegaou.eldapps.com\/wp-content\/uploads\/2022\/03\/sport-nautiques-martigues-1024x683.jpg\" alt=\"sport- nautiques martigues\" class=\"wp-image-2056\" srcset=\"https:\/\/martegaou.eldapps.com\/wp-content\/uploads\/2022\/03\/sport-nautiques-martigues-1024x683.jpg 1024w, https:\/\/martegaou.eldapps.com\/wp-content\/uploads\/2022\/03\/sport-nautiques-martigues-300x200.jpg 300w, https:\/\/martegaou.eldapps.com\/wp-content\/uploads\/2022\/03\/sport-nautiques-martigues-768x512.jpg 768w, https:\/\/martegaou.eldapps.com\/wp-content\/uploads\/2022\/03\/sport-nautiques-martigues.jpg 1200w\" sizes=\"auto, (max-width: 1024px) 100vw, 1024px\" \/><\/a><\/figure>\n\n\n\n<figure class=\"wp-block-image size-large\"><a href=\"https:\/\/martegaou.eldapps.com\/wp-content\/uploads\/2022\/03\/camping-pres-plage-martigues-1-1024x683.jpg\"><img loading=\"lazy\" decoding=\"async\" width=\"1024\" height=\"683\" data-id=\"2050\" src=\"https:\/\/martegaou.eldapps.com\/wp-content\/uploads\/2022\/03\/camping-pres-plage-martigues-1-1024x683.jpg\" alt=\"camping pres plage martigues\" class=\"wp-image-2050\" srcset=\"https:\/\/martegaou.eldapps.com\/wp-content\/uploads\/2022\/03\/camping-pres-plage-martigues-1-1024x683.jpg 1024w, https:\/\/martegaou.eldapps.com\/wp-content\/uploads\/2022\/03\/camping-pres-plage-martigues-1-300x200.jpg 300w, https:\/\/martegaou.eldapps.com\/wp-content\/uploads\/2022\/03\/camping-pres-plage-martigues-1-768x512.jpg 768w, https:\/\/martegaou.eldapps.com\/wp-content\/uploads\/2022\/03\/camping-pres-plage-martigues-1.jpg 1200w\" sizes=\"auto, (max-width: 1024px) 100vw, 1024px\" \/><\/a><\/figure>\n\n\n\n<figure class=\"wp-block-image size-large\"><a href=\"https:\/\/martegaou.eldapps.com\/wp-content\/uploads\/2022\/03\/camping-bord-mer-bouches-du-rhone-1-1024x683.jpg\"><img loading=\"lazy\" decoding=\"async\" width=\"1024\" height=\"683\" data-id=\"2035\" src=\"https:\/\/martegaou.eldapps.com\/wp-content\/uploads\/2022\/03\/camping-bord-mer-bouches-du-rhone-1-1024x683.jpg\" alt=\"camping bord mer bouches du rhone\" class=\"wp-image-2035\" srcset=\"https:\/\/martegaou.eldapps.com\/wp-content\/uploads\/2022\/03\/camping-bord-mer-bouches-du-rhone-1-1024x683.jpg 1024w, https:\/\/martegaou.eldapps.com\/wp-content\/uploads\/2022\/03\/camping-bord-mer-bouches-du-rhone-1-300x200.jpg 300w, https:\/\/martegaou.eldapps.com\/wp-content\/uploads\/2022\/03\/camping-bord-mer-bouches-du-rhone-1-768x512.jpg 768w, https:\/\/martegaou.eldapps.com\/wp-content\/uploads\/2022\/03\/camping-bord-mer-bouches-du-rhone-1.jpg 1200w\" sizes=\"auto, (max-width: 1024px) 100vw, 1024px\" \/><\/a><\/figure>\n<\/figure>\n<\/div>\n<\/div>\n\n\r\n    <\/div>\r\n<\/section>\n\n<section id=\"ls-section-block_622f504cb7894\" class=\"ls-section  page-two has-background has-color-3-background-color\" >\r\n        <div class=\"container container--wide\">\r\n        \n\n<div class=\"wp-block-columns are-vertically-aligned-center is-layout-flex wp-container-core-columns-is-layout-9d6595d7 wp-block-columns-is-layout-flex\">\n<div class=\"wp-block-column is-vertically-aligned-center column-description column-description__camping column-description__camping__arquet no-after animated fadeInLeft delay-100ms slow is-layout-flow wp-block-column-is-layout-flow\">\n<figure class=\"wp-block-gallery has-nested-images columns-2 is-cropped img-page-interne wp-block-gallery-2 is-layout-flex wp-block-gallery-is-layout-flex\">\n<figure class=\"wp-block-image size-large\"><a href=\"https:\/\/martegaou.eldapps.com\/wp-content\/uploads\/2022\/03\/camping-pres-port-peche-martigues-1-1024x683.jpg\"><img loading=\"lazy\" decoding=\"async\" width=\"1024\" height=\"683\" data-id=\"2044\" src=\"https:\/\/martegaou.eldapps.com\/wp-content\/uploads\/2022\/03\/camping-pres-port-peche-martigues-1-1024x683.jpg\" alt=\"camping pres port peche martigues\" class=\"wp-image-2044\" srcset=\"https:\/\/martegaou.eldapps.com\/wp-content\/uploads\/2022\/03\/camping-pres-port-peche-martigues-1-1024x683.jpg 1024w, https:\/\/martegaou.eldapps.com\/wp-content\/uploads\/2022\/03\/camping-pres-port-peche-martigues-1-300x200.jpg 300w, https:\/\/martegaou.eldapps.com\/wp-content\/uploads\/2022\/03\/camping-pres-port-peche-martigues-1-768x512.jpg 768w, https:\/\/martegaou.eldapps.com\/wp-content\/uploads\/2022\/03\/camping-pres-port-peche-martigues-1.jpg 1200w\" sizes=\"auto, (max-width: 1024px) 100vw, 1024px\" \/><\/a><\/figure>\n\n\n\n<figure class=\"wp-block-image size-large\"><a href=\"https:\/\/martegaou.eldapps.com\/wp-content\/uploads\/2022\/03\/port-peche-martigues-1-1024x683.jpg\"><img loading=\"lazy\" decoding=\"async\" width=\"1024\" height=\"683\" data-id=\"2047\" src=\"https:\/\/martegaou.eldapps.com\/wp-content\/uploads\/2022\/03\/port-peche-martigues-1-1024x683.jpg\" alt=\"port peche martigues\" class=\"wp-image-2047\" srcset=\"https:\/\/martegaou.eldapps.com\/wp-content\/uploads\/2022\/03\/port-peche-martigues-1-1024x683.jpg 1024w, https:\/\/martegaou.eldapps.com\/wp-content\/uploads\/2022\/03\/port-peche-martigues-1-300x200.jpg 300w, https:\/\/martegaou.eldapps.com\/wp-content\/uploads\/2022\/03\/port-peche-martigues-1-768x512.jpg 768w, https:\/\/martegaou.eldapps.com\/wp-content\/uploads\/2022\/03\/port-peche-martigues-1.jpg 1200w\" sizes=\"auto, (max-width: 1024px) 100vw, 1024px\" \/><\/a><\/figure>\n\n\n\n<figure class=\"wp-block-image size-large img-page-interne\"><a href=\"https:\/\/martegaou.eldapps.com\/wp-content\/uploads\/2022\/03\/marche-peche-martigues-1024x683.jpg\"><img loading=\"lazy\" decoding=\"async\" width=\"1024\" height=\"683\" data-id=\"2041\" src=\"https:\/\/martegaou.eldapps.com\/wp-content\/uploads\/2022\/03\/marche-peche-martigues-1024x683.jpg\" alt=\"Moules et poissons frais\" class=\"wp-image-2041\" srcset=\"https:\/\/martegaou.eldapps.com\/wp-content\/uploads\/2022\/03\/marche-peche-martigues-1024x683.jpg 1024w, https:\/\/martegaou.eldapps.com\/wp-content\/uploads\/2022\/03\/marche-peche-martigues-300x200.jpg 300w, https:\/\/martegaou.eldapps.com\/wp-content\/uploads\/2022\/03\/marche-peche-martigues-768x512.jpg 768w, https:\/\/martegaou.eldapps.com\/wp-content\/uploads\/2022\/03\/marche-peche-martigues.jpg 1200w\" sizes=\"auto, (max-width: 1024px) 100vw, 1024px\" \/><\/a><\/figure>\n\n\n\n<figure class=\"wp-block-image size-large\"><a href=\"https:\/\/martegaou.eldapps.com\/wp-content\/uploads\/2022\/03\/camping-pres-port-peche-bouches-du-rhone-1-1024x683.jpg\"><img loading=\"lazy\" decoding=\"async\" width=\"1024\" height=\"683\" data-id=\"2038\" src=\"https:\/\/martegaou.eldapps.com\/wp-content\/uploads\/2022\/03\/camping-pres-port-peche-bouches-du-rhone-1-1024x683.jpg\" alt=\"camping pres port peche bouches du rhone\" class=\"wp-image-2038\" srcset=\"https:\/\/martegaou.eldapps.com\/wp-content\/uploads\/2022\/03\/camping-pres-port-peche-bouches-du-rhone-1-1024x683.jpg 1024w, https:\/\/martegaou.eldapps.com\/wp-content\/uploads\/2022\/03\/camping-pres-port-peche-bouches-du-rhone-1-300x200.jpg 300w, https:\/\/martegaou.eldapps.com\/wp-content\/uploads\/2022\/03\/camping-pres-port-peche-bouches-du-rhone-1-768x512.jpg 768w, https:\/\/martegaou.eldapps.com\/wp-content\/uploads\/2022\/03\/camping-pres-port-peche-bouches-du-rhone-1.jpg 1200w\" sizes=\"auto, (max-width: 1024px) 100vw, 1024px\" \/><\/a><\/figure>\n<\/figure>\n<\/div>\n\n\n\n<div class=\"wp-block-column is-vertically-aligned-center is-layout-flow wp-block-column-is-layout-flow\">\n<h2 class=\"ls-heading wp-block-heading\">los Chalets de la Mer cerca del puerto pesquero<\/h2>\n\n\n\n<p class=\"ls-paragraph\">Mientras se aloja en los <a href=\"https:\/\/martegaou.eldapps.com\/es\/residencia-vacaciones-martigues\/alquiler-chalet-martigues\/\">Chalets de la Mer<\/a>, camine hasta el puerto pesquero de Carro y su mercado semanal de pescado. Este peque\u00f1o y encantador puerto acoge no s\u00f3lo a los<strong> barcos de pesca<\/strong>, sino tambi\u00e9n a los de <strong>recreo<\/strong>. Es una invitaci\u00f3n a pasear.<br>El puerto pesquero es un \u00abplus\u00bb para los Chalets pero no para el Arquet.<\/p>\n\n\n\n<h2 class=\"ls-heading wp-block-heading\">Ventajas de acampar junto al mar<\/h2>\n\n\n\n<p class=\"ls-paragraph\">Alquilando un alojamiento en un <a href=\"\/es\/\">camping en Martigues<\/a> <strong>junto al mar <\/strong>o <strong>cerca de un peque\u00f1o puerto<\/strong>, seguro que encontrar\u00e1 actividades y un entorno agradable que invita a pasear. No es necesario coger el coche para encontrar un lugar donde dar un paseo o llegar a la playa. Su vida diaria es m\u00e1s f\u00e1cil y puede disfrutar de su estancia con total tranquilidad.<\/p>\n<\/div>\n<\/div>\n\n\r\n    <\/div>\r\n<\/section>\n\n<section id=\"ls-section-block_622f5091b7895\" class=\"ls-section  page-three  has-background-image has-parallax\" >\r\n    <div class=\"ls-section__background-image opacity-100\"><img decoding=\"async\" src=\"https:\/\/martegaou.eldapps.com\/wp-content\/uploads\/2022\/03\/peche-martigues.jpg\" alt=\"peche martigues\"><\/div>    <div class=\"container \">\r\n        \r\n    <\/div>\r\n<\/section>\n\n<section id=\"ls-section-block_6230725ede62d\" class=\"ls-section  page-four p-t-10 p-b-10 has-background has-color-3-background-color\" >\r\n        <div class=\"container container--wide\">\r\n        \n\n<h2 class=\"ls__heading has-text-align-center wp-block-heading\">Las 10 playas m\u00e1s bonitas cerca del camping<\/h2>\n\n\n\n<p class=\"ls-paragraph has-text-align-center\">Hay varias playas a poca distancia del camping. Hay una gran variedad de playas y calas para elegir.<\/p>\n\n\n\n<div class=\"wp-block-columns is-layout-flex wp-container-core-columns-is-layout-9d6595d7 wp-block-columns-is-layout-flex\">\n<div class=\"wp-block-column is-layout-flow wp-block-column-is-layout-flow\">\n<ul class=\"ls-list wp-block-list\"><li><strong>Playa del Verdon <\/strong>o <strong>playa de la Couronne, <\/strong>la playa m\u00e1s bonita de Martigues<\/li><li><strong>La playa de Sainte-Croix <\/strong>con una playa de arena fina en el camino de Tamaris al este<\/li><li><strong>Playa de La Saulce, <\/strong>lugar de rodaje de la serie Camping Paradis<\/li><li><strong>La playa de Carro<\/strong> con una vista extraordinaria y su spot de windsurf<\/li><\/ul>\n<\/div>\n\n\n\n<div class=\"wp-block-column is-layout-flow wp-block-column-is-layout-flow\">\n<ul class=\"ls-list wp-block-list\"><li><strong>La playa de Beaumaderie<\/strong> con sus peque\u00f1as calas y guijarros<\/li><li><strong>Playa de Agoutao<\/strong><\/li><li><strong>La playa de Old Crown<\/strong>, cerca del Faro Rojo<\/li><li><strong>La playa del Port Carro <\/strong>y su spot de windsurf<\/li><li><strong>La playa de Arnette Carro <\/strong>con sus aguas c\u00e1lidas y tranquilas<\/li><li><strong>La playa de Laurons, <\/strong>cerca del peque\u00f1o puerto<\/li><\/ul>\n<\/div>\n<\/div>\n\n\r\n    <\/div>\r\n<\/section>\n\n<section id=\"ls-section-block_622f51c6b7896\" class=\"ls-section  bloc-cta-fin-page\" >\r\n        <div class=\"container container--wide\">\r\n        \n\n<div id=\"ls-heading ls-titre-div-block_622f5219b7897\" class=\"ls-titre-div aligncenter h2-like\" >\n    Descubra las Bouches-du-Rh\u00f4ne y el programa regional <\/div>\n\n\n\n<div class=\"wp-block-columns is-layout-flex wp-container-core-columns-is-layout-9d6595d7 wp-block-columns-is-layout-flex\">\n<div class=\"wp-block-column is-layout-flow wp-block-column-is-layout-flow\">\r\n<div id=\"ls-cta-block_62276ee6d5a28\" class=\"ls-cta\">  \r\n    \n\n<a href=\"https:\/\/martegaou.eldapps.com\/es\/regional-events-martigues\/\" target=\"\" rel=\"noopener\" class=\"ls-cta__link\">\n\n\t<div class=\"ls-cta__image\"><img decoding=\"async\" src=\"https:\/\/martegaou.eldapps.com\/wp-content\/uploads\/2022\/03\/evenements-bouches-du-rhone.jpg\" alt=\"evenements bouches du rhone\"><\/div>\n\t<div class=\"ls-cta__text\">\n\t\t<div class=\"ls-cta__title\">\n\t\t\tProgramaci\u00f3n regional\t\t<\/div>\n\n\t\t\t\t\t<div class=\"ls-cta__description\">\n\t\t\t\tDescubra\t\t\t<\/div>\n\t\t\t<\/div>\n\n<\/a><\/div><\/div>\n\n\n\n<div class=\"wp-block-column is-layout-flow wp-block-column-is-layout-flow\">\r\n<div id=\"ls-cta-block_62276ed0d5a27\" class=\"ls-cta\">  \r\n    \n\n<a href=\"\/es\/evento-de-camping-martigues\/\" target=\"\" rel=\"noopener\" class=\"ls-cta__link\">\n\n\t<div class=\"ls-cta__image\"><img decoding=\"async\" src=\"https:\/\/martegaou.eldapps.com\/wp-content\/uploads\/2022\/03\/locatif-groupe-bouches-du-rhone.jpg\" alt=\"locatif groupe bouches du rhone\"><\/div>\n\t<div class=\"ls-cta__text\">\n\t\t<div class=\"ls-cta__title\">\n\t\t\tEventos\t\t<\/div>\n\n\t\t\t\t\t<div class=\"ls-cta__description\">\n\t\t\t\tDescubra\t\t\t<\/div>\n\t\t\t<\/div>\n\n<\/a><\/div><\/div>\n\n\n\n<div class=\"wp-block-column is-layout-flow wp-block-column-is-layout-flow\">\r\n<div id=\"ls-cta-block_623dd577262d1\" class=\"ls-cta\">  \r\n    \n\n<a href=\"https:\/\/martegaou.eldapps.com\/es\/turismo-bouches-du-rhone\/\" target=\"\" rel=\"noopener\" class=\"ls-cta__link\">\n\n\t<div class=\"ls-cta__image\"><img decoding=\"async\" src=\"https:\/\/martegaou.eldapps.com\/wp-content\/uploads\/2022\/03\/martigues-ctoncamping-768x828.jpg\" alt=\"martigues ctoncamping\"><\/div>\n\t<div class=\"ls-cta__text\">\n\t\t<div class=\"ls-cta__title\">\n\t\t\tBouches-du-Rh\u00f4ne\t\t<\/div>\n\n\t\t\t\t\t<div class=\"ls-cta__description\">\n\t\t\t\tDescubra\t\t\t<\/div>\n\t\t\t<\/div>\n\n<\/a><\/div><\/div>\n<\/div>\n\n\r\n    <\/div>\r\n<\/section>","protected":false},"excerpt":{"rendered":"","protected":false},"author":1,"featured_media":2032,"parent":0,"menu_order":0,"comment_status":"closed","ping_status":"closed","template":"","meta":{"_acf_changed":false,"footnotes":""},"sujet":[],"class_list":["post-5008","page","type-page","status-publish","has-post-thumbnail","hentry"],"acf":[],"yoast_head":"<!-- This site is optimized with the Yoast SEO plugin v26.7 - https:\/\/yoast.com\/wordpress\/plugins\/seo\/ -->\n<title>Camping junto al mar en Martigues | Camping cerca del mar R\u00f3dano<\/title>\n<meta name=\"robots\" content=\"index, follow, max-snippet:-1, max-image-preview:large, max-video-preview:-1\" \/>\n<link rel=\"canonical\" href=\"https:\/\/martegaou.eldapps.com\/es\/camping-junto-al-mar-martigues\/\" \/>\n<meta property=\"og:locale\" content=\"es_ES\" \/>\n<meta property=\"og:type\" content=\"article\" \/>\n<meta property=\"og:title\" content=\"Camping junto al mar en Martigues | Camping cerca del mar R\u00f3dano\" \/>\n<meta property=\"og:url\" content=\"https:\/\/martegaou.eldapps.com\/es\/camping-junto-al-mar-martigues\/\" \/>\n<meta property=\"og:site_name\" content=\"Martegaou\" \/>\n<meta property=\"article:modified_time\" content=\"2022-06-17T13:29:31+00:00\" \/>\n<meta property=\"og:image\" content=\"https:\/\/martegaou.eldapps.com\/wp-content\/uploads\/2022\/03\/baignade-plage-martigues-1.jpg\" \/>\n\t<meta property=\"og:image:width\" content=\"1899\" \/>\n\t<meta property=\"og:image:height\" content=\"550\" \/>\n\t<meta property=\"og:image:type\" content=\"image\/jpeg\" \/>\n<meta name=\"twitter:card\" content=\"summary_large_image\" \/>\n<meta name=\"twitter:label1\" content=\"Tiempo de lectura\" \/>\n\t<meta name=\"twitter:data1\" content=\"4 minutos\" \/>\n<script type=\"application\/ld+json\" class=\"yoast-schema-graph\">{\"@context\":\"https:\/\/schema.org\",\"@graph\":[{\"@type\":\"WebPage\",\"@id\":\"https:\/\/martegaou.eldapps.com\/es\/camping-junto-al-mar-martigues\/\",\"url\":\"https:\/\/martegaou.eldapps.com\/es\/camping-junto-al-mar-martigues\/\",\"name\":\"Camping junto al mar en Martigues | Camping cerca del mar R\u00f3dano\",\"isPartOf\":{\"@id\":\"https:\/\/martegaou.eldapps.com\/#website\"},\"primaryImageOfPage\":{\"@id\":\"https:\/\/martegaou.eldapps.com\/es\/camping-junto-al-mar-martigues\/#primaryimage\"},\"image\":{\"@id\":\"https:\/\/martegaou.eldapps.com\/es\/camping-junto-al-mar-martigues\/#primaryimage\"},\"thumbnailUrl\":\"https:\/\/martegaou.eldapps.com\/wp-content\/uploads\/2022\/03\/baignade-plage-martigues-1.jpg\",\"datePublished\":\"2022-03-24T10:47:10+00:00\",\"dateModified\":\"2022-06-17T13:29:31+00:00\",\"breadcrumb\":{\"@id\":\"https:\/\/martegaou.eldapps.com\/es\/camping-junto-al-mar-martigues\/#breadcrumb\"},\"inLanguage\":\"es\",\"potentialAction\":[{\"@type\":\"ReadAction\",\"target\":[\"https:\/\/martegaou.eldapps.com\/es\/camping-junto-al-mar-martigues\/\"]}]},{\"@type\":\"ImageObject\",\"inLanguage\":\"es\",\"@id\":\"https:\/\/martegaou.eldapps.com\/es\/camping-junto-al-mar-martigues\/#primaryimage\",\"url\":\"https:\/\/martegaou.eldapps.com\/wp-content\/uploads\/2022\/03\/baignade-plage-martigues-1.jpg\",\"contentUrl\":\"https:\/\/martegaou.eldapps.com\/wp-content\/uploads\/2022\/03\/baignade-plage-martigues-1.jpg\",\"width\":1899,\"height\":550,\"caption\":\"baignade plage martigues\"},{\"@type\":\"BreadcrumbList\",\"@id\":\"https:\/\/martegaou.eldapps.com\/es\/camping-junto-al-mar-martigues\/#breadcrumb\",\"itemListElement\":[{\"@type\":\"ListItem\",\"position\":1,\"name\":\"Camping Bouches-du-Rh\u00f4ne\",\"item\":\"https:\/\/martegaou.eldapps.com\/es\/\"},{\"@type\":\"ListItem\",\"position\":2,\"name\":\"Camping cerca del mar en Martigues\"}]},{\"@type\":\"WebSite\",\"@id\":\"https:\/\/martegaou.eldapps.com\/#website\",\"url\":\"https:\/\/martegaou.eldapps.com\/\",\"name\":\"Martegaou\",\"description\":\"\",\"publisher\":{\"@id\":\"https:\/\/martegaou.eldapps.com\/#organization\"},\"potentialAction\":[{\"@type\":\"SearchAction\",\"target\":{\"@type\":\"EntryPoint\",\"urlTemplate\":\"https:\/\/martegaou.eldapps.com\/?s={search_term_string}\"},\"query-input\":{\"@type\":\"PropertyValueSpecification\",\"valueRequired\":true,\"valueName\":\"search_term_string\"}}],\"inLanguage\":\"es\"},{\"@type\":\"Organization\",\"@id\":\"https:\/\/martegaou.eldapps.com\/#organization\",\"name\":\"Ctoncamping\",\"url\":\"https:\/\/martegaou.eldapps.com\/\",\"logo\":{\"@type\":\"ImageObject\",\"inLanguage\":\"es\",\"@id\":\"https:\/\/martegaou.eldapps.com\/#\/schema\/logo\/image\/\",\"url\":\"https:\/\/martegaou.eldapps.com\/wp-content\/uploads\/2022\/03\/logo-alt-ctoncamping.png\",\"contentUrl\":\"https:\/\/martegaou.eldapps.com\/wp-content\/uploads\/2022\/03\/logo-alt-ctoncamping.png\",\"width\":402,\"height\":72,\"caption\":\"Ctoncamping\"},\"image\":{\"@id\":\"https:\/\/martegaou.eldapps.com\/#\/schema\/logo\/image\/\"}}]}<\/script>\n<!-- \/ Yoast SEO plugin. -->","yoast_head_json":{"title":"Camping junto al mar en Martigues | Camping cerca del mar R\u00f3dano","robots":{"index":"index","follow":"follow","max-snippet":"max-snippet:-1","max-image-preview":"max-image-preview:large","max-video-preview":"max-video-preview:-1"},"canonical":"https:\/\/martegaou.eldapps.com\/es\/camping-junto-al-mar-martigues\/","og_locale":"es_ES","og_type":"article","og_title":"Camping junto al mar en Martigues | Camping cerca del mar R\u00f3dano","og_url":"https:\/\/martegaou.eldapps.com\/es\/camping-junto-al-mar-martigues\/","og_site_name":"Martegaou","article_modified_time":"2022-06-17T13:29:31+00:00","og_image":[{"width":1899,"height":550,"url":"https:\/\/martegaou.eldapps.com\/wp-content\/uploads\/2022\/03\/baignade-plage-martigues-1.jpg","type":"image\/jpeg"}],"twitter_card":"summary_large_image","twitter_misc":{"Tiempo de lectura":"4 minutos"},"schema":{"@context":"https:\/\/schema.org","@graph":[{"@type":"WebPage","@id":"https:\/\/martegaou.eldapps.com\/es\/camping-junto-al-mar-martigues\/","url":"https:\/\/martegaou.eldapps.com\/es\/camping-junto-al-mar-martigues\/","name":"Camping junto al mar en Martigues | Camping cerca del mar R\u00f3dano","isPartOf":{"@id":"https:\/\/martegaou.eldapps.com\/#website"},"primaryImageOfPage":{"@id":"https:\/\/martegaou.eldapps.com\/es\/camping-junto-al-mar-martigues\/#primaryimage"},"image":{"@id":"https:\/\/martegaou.eldapps.com\/es\/camping-junto-al-mar-martigues\/#primaryimage"},"thumbnailUrl":"https:\/\/martegaou.eldapps.com\/wp-content\/uploads\/2022\/03\/baignade-plage-martigues-1.jpg","datePublished":"2022-03-24T10:47:10+00:00","dateModified":"2022-06-17T13:29:31+00:00","breadcrumb":{"@id":"https:\/\/martegaou.eldapps.com\/es\/camping-junto-al-mar-martigues\/#breadcrumb"},"inLanguage":"es","potentialAction":[{"@type":"ReadAction","target":["https:\/\/martegaou.eldapps.com\/es\/camping-junto-al-mar-martigues\/"]}]},{"@type":"ImageObject","inLanguage":"es","@id":"https:\/\/martegaou.eldapps.com\/es\/camping-junto-al-mar-martigues\/#primaryimage","url":"https:\/\/martegaou.eldapps.com\/wp-content\/uploads\/2022\/03\/baignade-plage-martigues-1.jpg","contentUrl":"https:\/\/martegaou.eldapps.com\/wp-content\/uploads\/2022\/03\/baignade-plage-martigues-1.jpg","width":1899,"height":550,"caption":"baignade plage martigues"},{"@type":"BreadcrumbList","@id":"https:\/\/martegaou.eldapps.com\/es\/camping-junto-al-mar-martigues\/#breadcrumb","itemListElement":[{"@type":"ListItem","position":1,"name":"Camping Bouches-du-Rh\u00f4ne","item":"https:\/\/martegaou.eldapps.com\/es\/"},{"@type":"ListItem","position":2,"name":"Camping cerca del mar en Martigues"}]},{"@type":"WebSite","@id":"https:\/\/martegaou.eldapps.com\/#website","url":"https:\/\/martegaou.eldapps.com\/","name":"Martegaou","description":"","publisher":{"@id":"https:\/\/martegaou.eldapps.com\/#organization"},"potentialAction":[{"@type":"SearchAction","target":{"@type":"EntryPoint","urlTemplate":"https:\/\/martegaou.eldapps.com\/?s={search_term_string}"},"query-input":{"@type":"PropertyValueSpecification","valueRequired":true,"valueName":"search_term_string"}}],"inLanguage":"es"},{"@type":"Organization","@id":"https:\/\/martegaou.eldapps.com\/#organization","name":"Ctoncamping","url":"https:\/\/martegaou.eldapps.com\/","logo":{"@type":"ImageObject","inLanguage":"es","@id":"https:\/\/martegaou.eldapps.com\/#\/schema\/logo\/image\/","url":"https:\/\/martegaou.eldapps.com\/wp-content\/uploads\/2022\/03\/logo-alt-ctoncamping.png","contentUrl":"https:\/\/martegaou.eldapps.com\/wp-content\/uploads\/2022\/03\/logo-alt-ctoncamping.png","width":402,"height":72,"caption":"Ctoncamping"},"image":{"@id":"https:\/\/martegaou.eldapps.com\/#\/schema\/logo\/image\/"}}]}},"_links":{"self":[{"href":"https:\/\/martegaou.eldapps.com\/es\/wp-json\/wp\/v2\/pages\/5008","targetHints":{"allow":["GET"]}}],"collection":[{"href":"https:\/\/martegaou.eldapps.com\/es\/wp-json\/wp\/v2\/pages"}],"about":[{"href":"https:\/\/martegaou.eldapps.com\/es\/wp-json\/wp\/v2\/types\/page"}],"author":[{"embeddable":true,"href":"https:\/\/martegaou.eldapps.com\/es\/wp-json\/wp\/v2\/users\/1"}],"replies":[{"embeddable":true,"href":"https:\/\/martegaou.eldapps.com\/es\/wp-json\/wp\/v2\/comments?post=5008"}],"version-history":[{"count":0,"href":"https:\/\/martegaou.eldapps.com\/es\/wp-json\/wp\/v2\/pages\/5008\/revisions"}],"wp:featuredmedia":[{"embeddable":true,"href":"https:\/\/martegaou.eldapps.com\/es\/wp-json\/wp\/v2\/media\/2032"}],"wp:attachment":[{"href":"https:\/\/martegaou.eldapps.com\/es\/wp-json\/wp\/v2\/media?parent=5008"}],"wp:term":[{"taxonomy":"sujet","embeddable":true,"href":"https:\/\/martegaou.eldapps.com\/es\/wp-json\/wp\/v2\/sujet?post=5008"}],"curies":[{"name":"wp","href":"https:\/\/api.w.org\/{rel}","templated":true}]}}