{"id":4995,"date":"2022-03-24T14:20:01","date_gmt":"2022-03-24T13:20:01","guid":{"rendered":"https:\/\/martegaou.eldapps.com\/tourisme-bouches-du-rhone\/"},"modified":"2022-06-17T14:08:38","modified_gmt":"2022-06-17T12:08:38","slug":"turismo-bouches-du-rhone","status":"publish","type":"page","link":"https:\/\/martegaou.eldapps.com\/es\/turismo-bouches-du-rhone\/","title":{"rendered":"Alentours"},"content":{"rendered":"<section id=\"ls-section-block_622f4e73b7892\" class=\"ls-section  page-one p-t-0 p-b-0\" >\r\n        <div class=\"container container--wide\">\r\n        \n\n<h1 class=\"ls__heading has-text-align-center wp-block-heading\">Las ciudades m\u00e1s bonitas para visitar<br><mark style=\"background-color:rgba(0, 0, 0, 0)\" class=\"has-inline-color has-color-2-color\">en las Bouches-du-Rh\u00f4ne<\/mark><\/h1>\n\n\r\n    <\/div>\r\n<\/section>\n\n<section id=\"section-marseille\" class=\"ls-section  page-two p-t-0 has-background has-color-white-background-color\" >\r\n        <div class=\"container container--wide\">\r\n        \n\n<div class=\"wp-block-columns are-vertically-aligned-center is-layout-flex wp-container-core-columns-is-layout-9d6595d7 wp-block-columns-is-layout-flex\">\n<div class=\"wp-block-column is-vertically-aligned-center is-layout-flow wp-block-column-is-layout-flow\">\n<h2 class=\"ls-heading wp-block-heading\">Marsella a 30 minutos del camping<\/h2>\n\n\n\n<p class=\"ls-paragraph\">Durante su estancia en <a href=\"\/es\/\">camping cerca de Martigues<\/a>, no te pierdas <strong>visitar la ciudad de Focaean.<\/strong> Pasee por el Puerto Viejo y haga un viaje en tren hasta el <strong>Bas\u00edlica de Notre-Dame de la Garde<\/strong>. Una <strong>una vista inolvidable de toda Marsella<\/strong> se le ofrecer\u00e1. Marsella es una ciudad muy viva que le sorprender\u00e1 por su riqueza cultural. <\/p>\n<\/div>\n\n\n\n<div class=\"wp-block-column is-vertically-aligned-center column-description column-description__camping column-description__camping__arquet no-after animated fadeInRight delay-100ms slow is-layout-flow wp-block-column-is-layout-flow\">\n<figure class=\"wp-block-gallery has-nested-images columns-2 is-cropped img-page-interne wp-block-gallery-1 is-layout-flex wp-block-gallery-is-layout-flex\">\n<figure class=\"wp-block-image size-large\"><a href=\"https:\/\/martegaou.eldapps.com\/wp-content\/uploads\/2022\/03\/visiter-marseille-1024x682.jpg\"><img loading=\"lazy\" decoding=\"async\" width=\"1024\" height=\"682\" data-id=\"1948\" src=\"https:\/\/martegaou.eldapps.com\/wp-content\/uploads\/2022\/03\/visiter-marseille-1024x682.jpg\" alt=\"visiter marseille\" class=\"wp-image-1948\" srcset=\"https:\/\/martegaou.eldapps.com\/wp-content\/uploads\/2022\/03\/visiter-marseille-1024x682.jpg 1024w, https:\/\/martegaou.eldapps.com\/wp-content\/uploads\/2022\/03\/visiter-marseille-300x200.jpg 300w, https:\/\/martegaou.eldapps.com\/wp-content\/uploads\/2022\/03\/visiter-marseille-768x512.jpg 768w, https:\/\/martegaou.eldapps.com\/wp-content\/uploads\/2022\/03\/visiter-marseille.jpg 1201w\" sizes=\"auto, (max-width: 1024px) 100vw, 1024px\" \/><\/a><\/figure>\n\n\n\n<figure class=\"wp-block-image size-large\"><a href=\"https:\/\/martegaou.eldapps.com\/wp-content\/uploads\/2022\/03\/marseille-vieux-port-1024x683.jpg\"><img loading=\"lazy\" decoding=\"async\" width=\"1024\" height=\"683\" data-id=\"1969\" src=\"https:\/\/martegaou.eldapps.com\/wp-content\/uploads\/2022\/03\/marseille-vieux-port-1024x683.jpg\" alt=\"marseille vieux port\" class=\"wp-image-1969\" srcset=\"https:\/\/martegaou.eldapps.com\/wp-content\/uploads\/2022\/03\/marseille-vieux-port-1024x683.jpg 1024w, https:\/\/martegaou.eldapps.com\/wp-content\/uploads\/2022\/03\/marseille-vieux-port-300x200.jpg 300w, https:\/\/martegaou.eldapps.com\/wp-content\/uploads\/2022\/03\/marseille-vieux-port-768x512.jpg 768w, https:\/\/martegaou.eldapps.com\/wp-content\/uploads\/2022\/03\/marseille-vieux-port.jpg 1200w\" sizes=\"auto, (max-width: 1024px) 100vw, 1024px\" \/><\/a><\/figure>\n\n\n\n<figure class=\"wp-block-image size-large\"><a href=\"https:\/\/martegaou.eldapps.com\/wp-content\/uploads\/2022\/03\/tourisme-marseille-1024x683.jpg\"><img loading=\"lazy\" decoding=\"async\" width=\"1024\" height=\"683\" data-id=\"1972\" src=\"https:\/\/martegaou.eldapps.com\/wp-content\/uploads\/2022\/03\/tourisme-marseille-1024x683.jpg\" alt=\"tourisme marseille\" class=\"wp-image-1972\" srcset=\"https:\/\/martegaou.eldapps.com\/wp-content\/uploads\/2022\/03\/tourisme-marseille-1024x683.jpg 1024w, https:\/\/martegaou.eldapps.com\/wp-content\/uploads\/2022\/03\/tourisme-marseille-300x200.jpg 300w, https:\/\/martegaou.eldapps.com\/wp-content\/uploads\/2022\/03\/tourisme-marseille-768x512.jpg 768w, https:\/\/martegaou.eldapps.com\/wp-content\/uploads\/2022\/03\/tourisme-marseille.jpg 1200w\" sizes=\"auto, (max-width: 1024px) 100vw, 1024px\" \/><\/a><\/figure>\n\n\n\n<figure class=\"wp-block-image size-large\"><a href=\"https:\/\/martegaou.eldapps.com\/wp-content\/uploads\/2022\/03\/vacances-marseille-1024x683.jpg\"><img loading=\"lazy\" decoding=\"async\" width=\"1024\" height=\"683\" data-id=\"1975\" src=\"https:\/\/martegaou.eldapps.com\/wp-content\/uploads\/2022\/03\/vacances-marseille-1024x683.jpg\" alt=\"vacances marseille\" class=\"wp-image-1975\" srcset=\"https:\/\/martegaou.eldapps.com\/wp-content\/uploads\/2022\/03\/vacances-marseille-1024x683.jpg 1024w, https:\/\/martegaou.eldapps.com\/wp-content\/uploads\/2022\/03\/vacances-marseille-300x200.jpg 300w, https:\/\/martegaou.eldapps.com\/wp-content\/uploads\/2022\/03\/vacances-marseille-768x512.jpg 768w, https:\/\/martegaou.eldapps.com\/wp-content\/uploads\/2022\/03\/vacances-marseille.jpg 1200w\" sizes=\"auto, (max-width: 1024px) 100vw, 1024px\" \/><\/a><\/figure>\n<\/figure>\n<\/div>\n<\/div>\n\n\r\n    <\/div>\r\n<\/section>\n\n<section id=\"section-aix-en-provence\" class=\"ls-section  page-two has-background has-color-3-background-color\" >\r\n        <div class=\"container container--wide\">\r\n        \n\n<div class=\"wp-block-columns are-vertically-aligned-center is-layout-flex wp-container-core-columns-is-layout-9d6595d7 wp-block-columns-is-layout-flex\">\n<div class=\"wp-block-column is-vertically-aligned-center column-description column-description__camping column-description__camping__arquet no-after animated fadeInLeft delay-100ms slow is-layout-flow wp-block-column-is-layout-flow\">\n<figure class=\"wp-block-gallery has-nested-images columns-2 is-cropped img-page-interne wp-block-gallery-2 is-layout-flex wp-block-gallery-is-layout-flex\">\n<figure class=\"wp-block-image size-large img-page-interne\"><a href=\"https:\/\/martegaou.eldapps.com\/wp-content\/uploads\/2022\/03\/visiter-aix-en-provence-1024x683.jpg\"><img loading=\"lazy\" decoding=\"async\" width=\"1024\" height=\"683\" data-id=\"1951\" src=\"https:\/\/martegaou.eldapps.com\/wp-content\/uploads\/2022\/03\/visiter-aix-en-provence-1024x683.jpg\" alt=\"visiter aix en provence\" class=\"wp-image-1951\" srcset=\"https:\/\/martegaou.eldapps.com\/wp-content\/uploads\/2022\/03\/visiter-aix-en-provence-1024x683.jpg 1024w, https:\/\/martegaou.eldapps.com\/wp-content\/uploads\/2022\/03\/visiter-aix-en-provence-300x200.jpg 300w, https:\/\/martegaou.eldapps.com\/wp-content\/uploads\/2022\/03\/visiter-aix-en-provence-768x512.jpg 768w, https:\/\/martegaou.eldapps.com\/wp-content\/uploads\/2022\/03\/visiter-aix-en-provence.jpg 1200w\" sizes=\"auto, (max-width: 1024px) 100vw, 1024px\" \/><\/a><\/figure>\n\n\n\n<figure class=\"wp-block-image size-large\"><a href=\"https:\/\/martegaou.eldapps.com\/wp-content\/uploads\/2022\/03\/tourisme-aix-en-provence-1-1024x683.jpg\"><img loading=\"lazy\" decoding=\"async\" width=\"1024\" height=\"683\" data-id=\"1960\" src=\"https:\/\/martegaou.eldapps.com\/wp-content\/uploads\/2022\/03\/tourisme-aix-en-provence-1-1024x683.jpg\" alt=\"tourisme aix en provence\" class=\"wp-image-1960\" srcset=\"https:\/\/martegaou.eldapps.com\/wp-content\/uploads\/2022\/03\/tourisme-aix-en-provence-1-1024x683.jpg 1024w, https:\/\/martegaou.eldapps.com\/wp-content\/uploads\/2022\/03\/tourisme-aix-en-provence-1-300x200.jpg 300w, https:\/\/martegaou.eldapps.com\/wp-content\/uploads\/2022\/03\/tourisme-aix-en-provence-1-768x512.jpg 768w, https:\/\/martegaou.eldapps.com\/wp-content\/uploads\/2022\/03\/tourisme-aix-en-provence-1.jpg 1200w\" sizes=\"auto, (max-width: 1024px) 100vw, 1024px\" \/><\/a><\/figure>\n\n\n\n<figure class=\"wp-block-image size-large\"><a href=\"https:\/\/martegaou.eldapps.com\/wp-content\/uploads\/2022\/03\/vacances-camargue-1024x683.jpg\"><img loading=\"lazy\" decoding=\"async\" width=\"1024\" height=\"683\" data-id=\"1957\" src=\"https:\/\/martegaou.eldapps.com\/wp-content\/uploads\/2022\/03\/vacances-camargue-1024x683.jpg\" alt=\"vacances camargues\" class=\"wp-image-1957\" srcset=\"https:\/\/martegaou.eldapps.com\/wp-content\/uploads\/2022\/03\/vacances-camargue-1024x683.jpg 1024w, https:\/\/martegaou.eldapps.com\/wp-content\/uploads\/2022\/03\/vacances-camargue-300x200.jpg 300w, https:\/\/martegaou.eldapps.com\/wp-content\/uploads\/2022\/03\/vacances-camargue-768x512.jpg 768w, https:\/\/martegaou.eldapps.com\/wp-content\/uploads\/2022\/03\/vacances-camargue.jpg 1200w\" sizes=\"auto, (max-width: 1024px) 100vw, 1024px\" \/><\/a><\/figure>\n\n\n\n<figure class=\"wp-block-image size-large\"><a href=\"https:\/\/martegaou.eldapps.com\/wp-content\/uploads\/2022\/03\/tourisme-camargue-1024x683.jpg\"><img loading=\"lazy\" decoding=\"async\" width=\"1024\" height=\"683\" data-id=\"1954\" src=\"https:\/\/martegaou.eldapps.com\/wp-content\/uploads\/2022\/03\/tourisme-camargue-1024x683.jpg\" alt=\"tourisme camargue\" class=\"wp-image-1954\" srcset=\"https:\/\/martegaou.eldapps.com\/wp-content\/uploads\/2022\/03\/tourisme-camargue-1024x683.jpg 1024w, https:\/\/martegaou.eldapps.com\/wp-content\/uploads\/2022\/03\/tourisme-camargue-300x200.jpg 300w, https:\/\/martegaou.eldapps.com\/wp-content\/uploads\/2022\/03\/tourisme-camargue-768x512.jpg 768w, https:\/\/martegaou.eldapps.com\/wp-content\/uploads\/2022\/03\/tourisme-camargue.jpg 1200w\" sizes=\"auto, (max-width: 1024px) 100vw, 1024px\" \/><\/a><\/figure>\n<\/figure>\n<\/div>\n\n\n\n<div class=\"wp-block-column is-vertically-aligned-center is-layout-flow wp-block-column-is-layout-flow\">\n<h2 class=\"ls-heading wp-block-heading\">Descubrir Aix-en-Provence<\/h2>\n\n\n\n<p class=\"ls-paragraph\">El camping est\u00e1 idealmente situado para visita de Aix-en-Provence: la ciudad y su patrimonio, <strong>El taller de C\u00e9zanne<\/strong>, una <strong>f\u00e1brica artesanal de calissons<\/strong>, el <strong>ambiente de la Ciudad Vieja<\/strong>, el <strong>Cours Mirabeau<\/strong> o el <strong>museo Granet.<\/strong> Aix-en-Provence est\u00e1 a s\u00f3lo 45 minutos del camping y promete ser un gran lugar para explorar.<\/p>\n\n\n\n<h2 class=\"ls__heading m-t-6 wp-block-heading\">Visitar la Camarga<\/h2>\n\n\n\n<p class=\"ls-paragraph\">El camping est\u00e1 a s\u00f3lo una hora y media en coche de Les Saintes-Maries-de-la-Mer. Descubra la <strong>La m\u00edtica Camarga<\/strong> con sus tradiciones, sus espacios naturales y sus pueblos t\u00edpicos. El cambio de aires est\u00e1 garantizado. <strong>Visitar Arles<\/strong> y su riqueza arquitect\u00f3nica, el <strong>Parque ornitol\u00f3gico de Grau-du-Roi<\/strong>, <strong>Aigues-Mortes<\/strong>, sus murallas y salinas o el <strong>la reserva nacional de la Camarga, sus impresionantes paisajes<\/strong> y sus colonias de <strong>flamencos rosas<\/strong>.<\/p>\n<\/div>\n<\/div>\n\n\r\n    <\/div>\r\n<\/section>\n\n<section id=\"ls-section-block_622f5091b7895\" class=\"ls-section  page-three  has-background-image has-parallax\" >\r\n    <div class=\"ls-section__background-image opacity-100\"><img decoding=\"async\" src=\"https:\/\/martegaou.eldapps.com\/wp-content\/uploads\/2022\/03\/plage-verdon.jpg\" alt=\"Plage du verdon proche du camping\"><\/div>    <div class=\"container \">\r\n        \r\n    <\/div>\r\n<\/section>\n\n<section id=\"Verdon\" class=\"ls-section  page-four p-t-10 p-b-10 has-background has-color-3-background-color\" >\r\n        <div class=\"container container--wide\">\r\n        \n\n<h2 class=\"ls__heading has-text-align-center wp-block-heading\">Camping cerca del Verdon<\/h2>\n\n\n\n<div class=\"wp-block-columns is-layout-flex wp-container-core-columns-is-layout-9d6595d7 wp-block-columns-is-layout-flex\">\n<div class=\"wp-block-column is-layout-flow wp-block-column-is-layout-flow\">\n<p class=\"ls-paragraph\">El camping est\u00e1 situado cerca de la playa de Verdon, <strong>una de las mayores playas de la regi\u00f3n<\/strong>.<\/p>\n<\/div>\n\n\n\n<div class=\"wp-block-column is-layout-flow wp-block-column-is-layout-flow\">\n<p class=\"ls-paragraph\">Venga a pasear por esta playa de arena muy popular, protegida del viento, al final de una gran cala. La playa de Verdon est\u00e1 preparada para ofrecerle la mejor comodidad y <strong>actividades en el mar<\/strong> : botes a pedal, restaurantes, bares, etc.<\/p>\n<\/div>\n<\/div>\n\n\r\n    <\/div>\r\n<\/section>\n\n<section id=\"ls-section-block_622f51c6b7896\" class=\"ls-section  bloc-cta-fin-page\" >\r\n        <div class=\"container container--wide\">\r\n        \n\n<div id=\"ls-heading ls-titre-div-block_622f5219b7897\" class=\"ls-titre-div aligncenter h2-like\" >\n    Descubra el programa regional y la costa<\/div>\n\n\n\n<div class=\"wp-block-columns is-layout-flex wp-container-core-columns-is-layout-9d6595d7 wp-block-columns-is-layout-flex\">\n<div class=\"wp-block-column is-layout-flow wp-block-column-is-layout-flow\">\r\n<div id=\"ls-cta-block_62276ee6d5a28\" class=\"ls-cta\">  \r\n    \n\n<a href=\"\/es\/camping-junto-al-mar-martigues\/\" target=\"\" rel=\"noopener\" class=\"ls-cta__link\">\n\n\t<div class=\"ls-cta__image\"><img decoding=\"async\" src=\"https:\/\/martegaou.eldapps.com\/wp-content\/uploads\/2022\/03\/plage-carro-baignade.jpg\" alt=\"plage carro baignade\"><\/div>\n\t<div class=\"ls-cta__text\">\n\t\t<div class=\"ls-cta__title\">\n\t\t\tOrilla del mar\t\t<\/div>\n\n\t\t\t\t\t<div class=\"ls-cta__description\">\n\t\t\t\tDescubra\t\t\t<\/div>\n\t\t\t<\/div>\n\n<\/a><\/div><\/div>\n\n\n\n<div class=\"wp-block-column is-layout-flow wp-block-column-is-layout-flow\">\r\n<div id=\"ls-cta-block_62276ed0d5a27\" class=\"ls-cta\">  \r\n    \n\n<a href=\"https:\/\/martegaou.eldapps.com\/es\/regional-events-martigues\/\" target=\"\" rel=\"noopener\" class=\"ls-cta__link\">\n\n\t<div class=\"ls-cta__image\"><img decoding=\"async\" src=\"https:\/\/martegaou.eldapps.com\/wp-content\/uploads\/2022\/03\/evenements-bouches-du-rhone.jpg\" alt=\"evenements bouches du rhone\"><\/div>\n\t<div class=\"ls-cta__text\">\n\t\t<div class=\"ls-cta__title\">\n\t\t\tProgramaci\u00f3n regional\t\t<\/div>\n\n\t\t\t\t\t<div class=\"ls-cta__description\">\n\t\t\t\tDescubra\t\t\t<\/div>\n\t\t\t<\/div>\n\n<\/a><\/div><\/div>\n\n\n\n<div class=\"wp-block-column is-layout-flow wp-block-column-is-layout-flow\">\r\n<div id=\"ls-cta-block_623dd497042ba\" class=\"ls-cta\">  \r\n    \n\n<a href=\"\/es\/evento-de-camping-martigues\/\" target=\"\" rel=\"noopener\" class=\"ls-cta__link\">\n\n\t<div class=\"ls-cta__image\"><img decoding=\"async\" src=\"https:\/\/martegaou.eldapps.com\/wp-content\/uploads\/2022\/03\/locatif-groupe-bouches-du-rhone.jpg\" alt=\"locatif groupe bouches du rhone\"><\/div>\n\t<div class=\"ls-cta__text\">\n\t\t<div class=\"ls-cta__title\">\n\t\t\tEventos\t\t<\/div>\n\n\t\t\t\t\t<div class=\"ls-cta__description\">\n\t\t\t\tDescubra\t\t\t<\/div>\n\t\t\t<\/div>\n\n<\/a><\/div><\/div>\n<\/div>\n\n\r\n    <\/div>\r\n<\/section>","protected":false},"excerpt":{"rendered":"","protected":false},"author":1,"featured_media":1963,"parent":0,"menu_order":0,"comment_status":"closed","ping_status":"closed","template":"","meta":{"_acf_changed":false,"footnotes":""},"sujet":[],"class_list":["post-4995","page","type-page","status-publish","has-post-thumbnail","hentry"],"acf":[],"yoast_head":"<!-- This site is optimized with the Yoast SEO plugin v26.7 - https:\/\/yoast.com\/wordpress\/plugins\/seo\/ -->\n<title>Turismo en Bouches-du-Rh\u00f4ne | Visitar Bouches-du-Rh\u00f4ne<\/title>\n<meta name=\"robots\" content=\"index, follow, max-snippet:-1, max-image-preview:large, max-video-preview:-1\" \/>\n<link rel=\"canonical\" href=\"https:\/\/martegaou.eldapps.com\/es\/turismo-bouches-du-rhone\/\" \/>\n<meta property=\"og:locale\" content=\"es_ES\" \/>\n<meta property=\"og:type\" content=\"article\" \/>\n<meta property=\"og:title\" content=\"Turismo en Bouches-du-Rh\u00f4ne | Visitar Bouches-du-Rh\u00f4ne\" \/>\n<meta property=\"og:url\" content=\"https:\/\/martegaou.eldapps.com\/es\/turismo-bouches-du-rhone\/\" \/>\n<meta property=\"og:site_name\" content=\"Martegaou\" \/>\n<meta property=\"article:modified_time\" content=\"2022-06-17T12:08:38+00:00\" \/>\n<meta property=\"og:image\" content=\"https:\/\/martegaou.eldapps.com\/wp-content\/uploads\/2022\/03\/sejour-marseille-2.jpg\" \/>\n\t<meta property=\"og:image:width\" content=\"1899\" \/>\n\t<meta property=\"og:image:height\" content=\"550\" \/>\n\t<meta property=\"og:image:type\" content=\"image\/jpeg\" \/>\n<meta name=\"twitter:card\" content=\"summary_large_image\" \/>\n<meta name=\"twitter:label1\" content=\"Tiempo de lectura\" \/>\n\t<meta name=\"twitter:data1\" content=\"3 minutos\" \/>\n<script type=\"application\/ld+json\" class=\"yoast-schema-graph\">{\"@context\":\"https:\/\/schema.org\",\"@graph\":[{\"@type\":\"WebPage\",\"@id\":\"https:\/\/martegaou.eldapps.com\/es\/turismo-bouches-du-rhone\/\",\"url\":\"https:\/\/martegaou.eldapps.com\/es\/turismo-bouches-du-rhone\/\",\"name\":\"Turismo en Bouches-du-Rh\u00f4ne | Visitar Bouches-du-Rh\u00f4ne\",\"isPartOf\":{\"@id\":\"https:\/\/martegaou.eldapps.com\/#website\"},\"primaryImageOfPage\":{\"@id\":\"https:\/\/martegaou.eldapps.com\/es\/turismo-bouches-du-rhone\/#primaryimage\"},\"image\":{\"@id\":\"https:\/\/martegaou.eldapps.com\/es\/turismo-bouches-du-rhone\/#primaryimage\"},\"thumbnailUrl\":\"https:\/\/martegaou.eldapps.com\/wp-content\/uploads\/2022\/03\/sejour-marseille-2.jpg\",\"datePublished\":\"2022-03-24T13:20:01+00:00\",\"dateModified\":\"2022-06-17T12:08:38+00:00\",\"breadcrumb\":{\"@id\":\"https:\/\/martegaou.eldapps.com\/es\/turismo-bouches-du-rhone\/#breadcrumb\"},\"inLanguage\":\"es\",\"potentialAction\":[{\"@type\":\"ReadAction\",\"target\":[\"https:\/\/martegaou.eldapps.com\/es\/turismo-bouches-du-rhone\/\"]}]},{\"@type\":\"ImageObject\",\"inLanguage\":\"es\",\"@id\":\"https:\/\/martegaou.eldapps.com\/es\/turismo-bouches-du-rhone\/#primaryimage\",\"url\":\"https:\/\/martegaou.eldapps.com\/wp-content\/uploads\/2022\/03\/sejour-marseille-2.jpg\",\"contentUrl\":\"https:\/\/martegaou.eldapps.com\/wp-content\/uploads\/2022\/03\/sejour-marseille-2.jpg\",\"width\":1899,\"height\":550,\"caption\":\"Marseille\"},{\"@type\":\"BreadcrumbList\",\"@id\":\"https:\/\/martegaou.eldapps.com\/es\/turismo-bouches-du-rhone\/#breadcrumb\",\"itemListElement\":[{\"@type\":\"ListItem\",\"position\":1,\"name\":\"Camping Bouches-du-Rh\u00f4ne\",\"item\":\"https:\/\/martegaou.eldapps.com\/es\/\"},{\"@type\":\"ListItem\",\"position\":2,\"name\":\"Estancia en Bouches-du-Rh\u00f4ne\"}]},{\"@type\":\"WebSite\",\"@id\":\"https:\/\/martegaou.eldapps.com\/#website\",\"url\":\"https:\/\/martegaou.eldapps.com\/\",\"name\":\"Martegaou\",\"description\":\"\",\"publisher\":{\"@id\":\"https:\/\/martegaou.eldapps.com\/#organization\"},\"potentialAction\":[{\"@type\":\"SearchAction\",\"target\":{\"@type\":\"EntryPoint\",\"urlTemplate\":\"https:\/\/martegaou.eldapps.com\/?s={search_term_string}\"},\"query-input\":{\"@type\":\"PropertyValueSpecification\",\"valueRequired\":true,\"valueName\":\"search_term_string\"}}],\"inLanguage\":\"es\"},{\"@type\":\"Organization\",\"@id\":\"https:\/\/martegaou.eldapps.com\/#organization\",\"name\":\"Ctoncamping\",\"url\":\"https:\/\/martegaou.eldapps.com\/\",\"logo\":{\"@type\":\"ImageObject\",\"inLanguage\":\"es\",\"@id\":\"https:\/\/martegaou.eldapps.com\/#\/schema\/logo\/image\/\",\"url\":\"https:\/\/martegaou.eldapps.com\/wp-content\/uploads\/2022\/03\/logo-alt-ctoncamping.png\",\"contentUrl\":\"https:\/\/martegaou.eldapps.com\/wp-content\/uploads\/2022\/03\/logo-alt-ctoncamping.png\",\"width\":402,\"height\":72,\"caption\":\"Ctoncamping\"},\"image\":{\"@id\":\"https:\/\/martegaou.eldapps.com\/#\/schema\/logo\/image\/\"}}]}<\/script>\n<!-- \/ Yoast SEO plugin. -->","yoast_head_json":{"title":"Turismo en Bouches-du-Rh\u00f4ne | Visitar Bouches-du-Rh\u00f4ne","robots":{"index":"index","follow":"follow","max-snippet":"max-snippet:-1","max-image-preview":"max-image-preview:large","max-video-preview":"max-video-preview:-1"},"canonical":"https:\/\/martegaou.eldapps.com\/es\/turismo-bouches-du-rhone\/","og_locale":"es_ES","og_type":"article","og_title":"Turismo en Bouches-du-Rh\u00f4ne | Visitar Bouches-du-Rh\u00f4ne","og_url":"https:\/\/martegaou.eldapps.com\/es\/turismo-bouches-du-rhone\/","og_site_name":"Martegaou","article_modified_time":"2022-06-17T12:08:38+00:00","og_image":[{"width":1899,"height":550,"url":"https:\/\/martegaou.eldapps.com\/wp-content\/uploads\/2022\/03\/sejour-marseille-2.jpg","type":"image\/jpeg"}],"twitter_card":"summary_large_image","twitter_misc":{"Tiempo de lectura":"3 minutos"},"schema":{"@context":"https:\/\/schema.org","@graph":[{"@type":"WebPage","@id":"https:\/\/martegaou.eldapps.com\/es\/turismo-bouches-du-rhone\/","url":"https:\/\/martegaou.eldapps.com\/es\/turismo-bouches-du-rhone\/","name":"Turismo en Bouches-du-Rh\u00f4ne | Visitar Bouches-du-Rh\u00f4ne","isPartOf":{"@id":"https:\/\/martegaou.eldapps.com\/#website"},"primaryImageOfPage":{"@id":"https:\/\/martegaou.eldapps.com\/es\/turismo-bouches-du-rhone\/#primaryimage"},"image":{"@id":"https:\/\/martegaou.eldapps.com\/es\/turismo-bouches-du-rhone\/#primaryimage"},"thumbnailUrl":"https:\/\/martegaou.eldapps.com\/wp-content\/uploads\/2022\/03\/sejour-marseille-2.jpg","datePublished":"2022-03-24T13:20:01+00:00","dateModified":"2022-06-17T12:08:38+00:00","breadcrumb":{"@id":"https:\/\/martegaou.eldapps.com\/es\/turismo-bouches-du-rhone\/#breadcrumb"},"inLanguage":"es","potentialAction":[{"@type":"ReadAction","target":["https:\/\/martegaou.eldapps.com\/es\/turismo-bouches-du-rhone\/"]}]},{"@type":"ImageObject","inLanguage":"es","@id":"https:\/\/martegaou.eldapps.com\/es\/turismo-bouches-du-rhone\/#primaryimage","url":"https:\/\/martegaou.eldapps.com\/wp-content\/uploads\/2022\/03\/sejour-marseille-2.jpg","contentUrl":"https:\/\/martegaou.eldapps.com\/wp-content\/uploads\/2022\/03\/sejour-marseille-2.jpg","width":1899,"height":550,"caption":"Marseille"},{"@type":"BreadcrumbList","@id":"https:\/\/martegaou.eldapps.com\/es\/turismo-bouches-du-rhone\/#breadcrumb","itemListElement":[{"@type":"ListItem","position":1,"name":"Camping Bouches-du-Rh\u00f4ne","item":"https:\/\/martegaou.eldapps.com\/es\/"},{"@type":"ListItem","position":2,"name":"Estancia en Bouches-du-Rh\u00f4ne"}]},{"@type":"WebSite","@id":"https:\/\/martegaou.eldapps.com\/#website","url":"https:\/\/martegaou.eldapps.com\/","name":"Martegaou","description":"","publisher":{"@id":"https:\/\/martegaou.eldapps.com\/#organization"},"potentialAction":[{"@type":"SearchAction","target":{"@type":"EntryPoint","urlTemplate":"https:\/\/martegaou.eldapps.com\/?s={search_term_string}"},"query-input":{"@type":"PropertyValueSpecification","valueRequired":true,"valueName":"search_term_string"}}],"inLanguage":"es"},{"@type":"Organization","@id":"https:\/\/martegaou.eldapps.com\/#organization","name":"Ctoncamping","url":"https:\/\/martegaou.eldapps.com\/","logo":{"@type":"ImageObject","inLanguage":"es","@id":"https:\/\/martegaou.eldapps.com\/#\/schema\/logo\/image\/","url":"https:\/\/martegaou.eldapps.com\/wp-content\/uploads\/2022\/03\/logo-alt-ctoncamping.png","contentUrl":"https:\/\/martegaou.eldapps.com\/wp-content\/uploads\/2022\/03\/logo-alt-ctoncamping.png","width":402,"height":72,"caption":"Ctoncamping"},"image":{"@id":"https:\/\/martegaou.eldapps.com\/#\/schema\/logo\/image\/"}}]}},"_links":{"self":[{"href":"https:\/\/martegaou.eldapps.com\/es\/wp-json\/wp\/v2\/pages\/4995","targetHints":{"allow":["GET"]}}],"collection":[{"href":"https:\/\/martegaou.eldapps.com\/es\/wp-json\/wp\/v2\/pages"}],"about":[{"href":"https:\/\/martegaou.eldapps.com\/es\/wp-json\/wp\/v2\/types\/page"}],"author":[{"embeddable":true,"href":"https:\/\/martegaou.eldapps.com\/es\/wp-json\/wp\/v2\/users\/1"}],"replies":[{"embeddable":true,"href":"https:\/\/martegaou.eldapps.com\/es\/wp-json\/wp\/v2\/comments?post=4995"}],"version-history":[{"count":0,"href":"https:\/\/martegaou.eldapps.com\/es\/wp-json\/wp\/v2\/pages\/4995\/revisions"}],"wp:featuredmedia":[{"embeddable":true,"href":"https:\/\/martegaou.eldapps.com\/es\/wp-json\/wp\/v2\/media\/1963"}],"wp:attachment":[{"href":"https:\/\/martegaou.eldapps.com\/es\/wp-json\/wp\/v2\/media?parent=4995"}],"wp:term":[{"taxonomy":"sujet","embeddable":true,"href":"https:\/\/martegaou.eldapps.com\/es\/wp-json\/wp\/v2\/sujet?post=4995"}],"curies":[{"name":"wp","href":"https:\/\/api.w.org\/{rel}","templated":true}]}}