{"id":4916,"date":"2022-03-04T16:34:25","date_gmt":"2022-03-04T15:34:25","guid":{"rendered":"https:\/\/martegaou.eldapps.com\/accueil\/"},"modified":"2022-06-30T15:35:48","modified_gmt":"2022-06-30T13:35:48","slug":"inicio","status":"publish","type":"page","link":"https:\/\/martegaou.eldapps.com\/es\/","title":{"rendered":"Accueil"},"content":{"rendered":"<section id=\"ls-section-block_6225c7b66689d\" class=\"ls-section  home-first\" >\r\n        <div class=\"container \">\r\n        \n\n<h1 class=\"ls__heading has-text-align-center wp-block-heading\">Descubra los diferentes lugares <br> <span>CTonCamping<\/span><\/h1>\n\n\n\r\n<div id=\"ls-campings-block_6229fdaa8f0ce\" class=\"ls-campings\">\r\n                <div class=\"ls-campings__results\">\r\n                                            <div class=\"ls-camping\" data-id-site=\"4897\">\r\n                    <a href=\"https:\/\/martegaou.eldapps.com\/camping-4-etoiles-martigues\/\" title=\"L&#8217;Arquet\">\r\n                        <div class=\"ls-camping__thumbnail\">\r\n                                                            <img loading=\"lazy\" decoding=\"async\" width=\"480\" height=\"530\" src=\"https:\/\/martegaou.eldapps.com\/wp-content\/uploads\/2022\/03\/camping-arquet-martigues.jpg\" class=\"attachment-large size-large wp-post-image\" alt=\"camping arquet martigues\" srcset=\"https:\/\/martegaou.eldapps.com\/wp-content\/uploads\/2022\/03\/camping-arquet-martigues.jpg 480w, https:\/\/martegaou.eldapps.com\/wp-content\/uploads\/2022\/03\/camping-arquet-martigues-272x300.jpg 272w\" sizes=\"auto, (max-width: 480px) 100vw, 480px\" \/>                            \r\n                        <\/div>\r\n                        <div class=\"ls-camping__content\">\r\n                            <div class=\"ls-camping__content__wrap\">\r\n                                <div class=\"ls-camping__description\">\r\n                                                                                                                    <img decoding=\"async\" src=\"https:\/\/martegaou.eldapps.com\/wp-content\/uploads\/2022\/03\/logo-arquet-ctoncamping.png\" alt=\"L&#8217;Arquet\">\r\n                                                                        4 estrellas en MARTIGUES                                <\/div>\r\n                            <\/div>\r\n                        <\/div>\r\n                    <\/a>\r\n                <\/div>\r\n                                            <div class=\"ls-camping\" data-id-site=\"4889\">\r\n                    <a href=\"https:\/\/martegaou.eldapps.com\/residence-vacances-martigues\/\" title=\"Chalets de la Mer\">\r\n                        <div class=\"ls-camping__thumbnail\">\r\n                                                            <img loading=\"lazy\" decoding=\"async\" width=\"1024\" height=\"683\" src=\"https:\/\/martegaou.eldapps.com\/wp-content\/uploads\/2022\/05\/chalet-en-ete-1024x683.png\" class=\"attachment-large size-large wp-post-image\" alt=\"terrasse de chalet\" srcset=\"https:\/\/martegaou.eldapps.com\/wp-content\/uploads\/2022\/05\/chalet-en-ete-1024x683.png 1024w, https:\/\/martegaou.eldapps.com\/wp-content\/uploads\/2022\/05\/chalet-en-ete-300x200.png 300w, https:\/\/martegaou.eldapps.com\/wp-content\/uploads\/2022\/05\/chalet-en-ete-768x512.png 768w, https:\/\/martegaou.eldapps.com\/wp-content\/uploads\/2022\/05\/chalet-en-ete.png 1200w\" sizes=\"auto, (max-width: 1024px) 100vw, 1024px\" \/>                            \r\n                        <\/div>\r\n                        <div class=\"ls-camping__content\">\r\n                            <div class=\"ls-camping__content__wrap\">\r\n                                <div class=\"ls-camping__description\">\r\n                                                                                                                    <img decoding=\"async\" src=\"https:\/\/martegaou.eldapps.com\/wp-content\/uploads\/2022\/03\/logo-les-chalets-de-la-mer-ctoncamping-2.png\" alt=\"Chalets de la Mer\">\r\n                                                                        4 estrellas en Martigues                                <\/div>\r\n                            <\/div>\r\n                        <\/div>\r\n                    <\/a>\r\n                <\/div>\r\n                                <\/div>\r\n    \r\n<\/div>\n\n\n<h2 class=\"ls__heading has-text-align-center wp-block-heading\">Campo de Martigues en la costa mediterr\u00e1nea<\/h2>\n\n\n\n<p class=\"ls-paragraph has-text-align-center\">Junto al mar, en las Bouches-du-Rh\u00f4ne, Ctoncamping le acoge en sus campings cerca de Martigues \u00abLa Venise Proven\u00e7ale\u00bb para una estancia \u00fanica en un entorno natural. Cerca de Marsella, la ciudad focense, y de Aix-En-Provence. Venga a disfrutar de la costa mediterr\u00e1nea y de sus espacios naturales a\u00fan conservados.<br>El <a href=\"\/es\/acampada-4-estrellas-martigues\/\">Arquet<\/a> se beneficia de un <a href=\"\/es\/camping-junto-al-mar-martigues\/\">acceso directo a las calas de la C\u00f4te Bleue<\/a>, e impresionantes vistas panor\u00e1micas desde la piscina infinita, con un mont\u00f3n de actividades familiares.<br>Los <a href=\"\/es\/camping-junto-al-mar-martigues\/\">Chalets de la Mer<\/a> est\u00e1 situado en un entorno tranquilo y verde, cerca del puerto pesquero de Carro en un ambiente c\u00e1lido y acogedor.<\/p>\n\n\r\n    <\/div>\r\n<\/section>\n\n<section id=\"ls-section-block_6225ca26668a1\" class=\"ls-section  home-second container-super-wide\" >\r\n        <div class=\"container container--full\">\r\n        \n\n<div class=\"wp-block-columns wp-block-columns-3 is-layout-flex wp-container-core-columns-is-layout-9d6595d7 wp-block-columns-is-layout-flex\">\n<div class=\"wp-block-column column-description column-description__piscine is-layout-flow wp-block-column-is-layout-flow\">\n<h2 class=\"ls-heading wp-block-heading\">Nuestras piscinas y espacios acu\u00e1ticos en la costa azul<\/h2>\n\n\n\n<p class=\"ls-paragraph\">Las zonas acu\u00e1ticas del Arquet y <a href=\"https:\/\/martegaou.eldapps.com\/es\/residencia-vacaciones-martigues\/residencia-vacaciones-parque-acuatico-martigues\/\">Chalets de la Mer<\/a> le ofrecen momentos de ba\u00f1o y relajaci\u00f3n.&nbsp;<\/p>\n\n\n\n<p class=\"ls-paragraph\">Podr\u00e1 disfrutar de fiestas y olimpiadas en la piscina, partidos de waterpolo, veladas y clases de buceo en el <a href=\"\/es\/acampada-4-estrellas-martigues\/piscina-del-camping-martigues\/\">Piscina del Arquet<\/a> con el equipo del club Plein Bleu Plong\u00e9e.<\/p>\n<\/div>\n\n\n\n<div class=\"wp-block-column no-margin-respo is-layout-flow wp-block-column-is-layout-flow\">\r\n<div id=\"ls-cta-block_6225dd88668a2\" class=\"ls-cta\">  \r\n    \n\n<a href=\"\/es\/acampada-4-estrellas-martigues\/piscina-del-camping-martigues\/\" target=\"\" rel=\"noopener\" class=\"ls-cta__link\">\n\n\t<div class=\"ls-cta__image\"><img decoding=\"async\" src=\"https:\/\/martegaou.eldapps.com\/wp-content\/uploads\/2022\/05\/piscine-chalets-de-la-mer-ctoncamping-768x488.jpg\" alt=\"piscine arquets\"><\/div>\n\t<div class=\"ls-cta__text\">\n\t\t<div class=\"ls-cta__title\">\n\t\t\tLa piscina\t\t<\/div>\n\n\t\t\t\t\t<div class=\"ls-cta__description\">\n\t\t\t\tL&#8217;Arquet\t\t\t<\/div>\n\t\t\t<\/div>\n\n<\/a><\/div><\/div>\n\n\n\n<div class=\"wp-block-column is-layout-flow wp-block-column-is-layout-flow\">\r\n<div id=\"ls-cta-block_6225ddc1668a3\" class=\"ls-cta\">  \r\n    \n\n<a href=\"https:\/\/martegaou.eldapps.com\/es\/residencia-vacaciones-martigues\/residencia-vacaciones-parque-acuatico-martigues\/\" target=\"\" rel=\"noopener\" class=\"ls-cta__link\">\n\n\t<div class=\"ls-cta__image\"><img decoding=\"async\" src=\"https:\/\/martegaou.eldapps.com\/wp-content\/uploads\/2022\/03\/piscine-l-arquet-ctoncamping-768x576.jpg\" alt=\"piscine l arquet ctoncamping\"><\/div>\n\t<div class=\"ls-cta__text\">\n\t\t<div class=\"ls-cta__title\">\n\t\t\tLa piscina\t\t<\/div>\n\n\t\t\t\t\t<div class=\"ls-cta__description\">\n\t\t\t\tLes Chalets de la Mer\t\t\t<\/div>\n\t\t\t<\/div>\n\n<\/a><\/div><\/div>\n<\/div>\n\n\r\n    <\/div>\r\n<\/section>\n\n<section id=\"ls-section-block_6225de5b668a4\" class=\"ls-section  home-third p-b-4 m-b-10 container-super-wide\" >\r\n        <div class=\"container container--full\">\r\n        \n\n<div class=\"wp-block-columns wp-block-columns-3 is-layout-flex wp-container-core-columns-is-layout-9d6595d7 wp-block-columns-is-layout-flex\">\n<div class=\"wp-block-column is-layout-flow wp-block-column-is-layout-flow\">\r\n<div id=\"ls-cta-block_62276ed0d5a27\" class=\"ls-cta\">  \r\n    \n\n<a href=\"https:\/\/martegaou.eldapps.com\/es\/acampada-4-estrellas-martigues\/alquiler-casas-moviles-martigues\/\" target=\"\" rel=\"noopener\" class=\"ls-cta__link\">\n\n\t<div class=\"ls-cta__image\"><img decoding=\"async\" src=\"https:\/\/martegaou.eldapps.com\/wp-content\/uploads\/2022\/03\/famille-camping-ctoncamping-768x513.jpg\" alt=\"\"><\/div>\n\t<div class=\"ls-cta__text\">\n\t\t<div class=\"ls-cta__title\">\n\t\t\tCasas m\u00f3viles\t\t<\/div>\n\n\t\t\t\t\t<div class=\"ls-cta__description\">\n\t\t\t\tL&#8217;Arquet\t\t\t<\/div>\n\t\t\t<\/div>\n\n<\/a><\/div><\/div>\n\n\n\n<div class=\"wp-block-column is-layout-flow wp-block-column-is-layout-flow\">\r\n<div id=\"ls-cta-block_62276ee6d5a28\" class=\"ls-cta\">  \r\n    \n\n<a href=\"\/es\/residencia-vacaciones-martigues\/alquiler-chalet-martigues\/\" target=\"\" rel=\"noopener\" class=\"ls-cta__link\">\n\n\t<div class=\"ls-cta__image\"><img decoding=\"async\" src=\"https:\/\/martegaou.eldapps.com\/wp-content\/uploads\/2022\/03\/famille-camping-ctoncamping-768x513.jpg\" alt=\"\"><\/div>\n\t<div class=\"ls-cta__text\">\n\t\t<div class=\"ls-cta__title\">\n\t\t\tLos chalets\t\t<\/div>\n\n\t\t\t\t\t<div class=\"ls-cta__description\">\n\t\t\t\tLes Chalets de la Mer\t\t\t<\/div>\n\t\t\t<\/div>\n\n<\/a><\/div><\/div>\n\n\n\n<div class=\"wp-block-column column-description column-description__hebergement is-layout-flow wp-block-column-is-layout-flow\">\n<h2 class=\"ls-heading wp-block-heading\">Nuestro alojamiento Ctoncamping<\/h2>\n\n\n\n<p class=\"ls-paragraph\">Los campings Ctoncamping ofrecen una gama de alojamientos totalmente equipados para que pase una estancia inolvidable en el sur de Francia, cerca de Martigues. <br>Para los campistas tradicionales, bienvenidos a l&#8217;Arquet con su tienda, caravana o autocaravana. Descubra nuestras parcelas en medio de los pinos.<br>Les Chalets de la Mer tiene 6 categor\u00edas de alojamiento <a href=\"\/es\/residencia-vacaciones-martigues\/alquiler-chalet-martigues\/\">chalets en alquiler<\/a> a reservar seg\u00fan sus necesidades. <\/p>\n\n\n\n<p class=\"ls-paragraph\">Tambi\u00e9n puede optar por una mayor comodidad con el <a href=\"https:\/\/martegaou.eldapps.com\/es\/acampada-4-estrellas-martigues\/alquiler-casas-moviles-martigues\/\">alquiler de una casa m\u00f3vil y su terraza sombreada<\/a>.<\/p>\n\n\n\n<p class=\"ls-paragraph\">Nuestros equipos est\u00e1n a su disposici\u00f3n y le acompa\u00f1ar\u00e1n en sus vacaciones o en el <a href=\"\/es\/evento-de-camping-martigues\/\">organizaci\u00f3n de sus eventos<\/a>, bodas, seminarios.<\/p>\n<\/div>\n<\/div>\n\n\r\n    <\/div>\r\n<\/section>\n\n<section id=\"ls-section-block_6225ded2668a5\" class=\"ls-section  home-fourth p-b-5 m-b-0 has-background has-color-3-background-color\" >\r\n        <div class=\"container container--wide\">\r\n        \n\n<h2 class=\"ls__heading has-text-align-center wp-block-heading\">Descubra los alrededores<\/h2>\n\n\n\n<p class=\"ls-paragraph has-text-align-center\">Bienvenido a la <a href=\"\/es\/turismo-bouches-du-rhone\/\">Bouches-du-Rh\u00f4ne<\/a> una regi\u00f3n idealmente situada entre Marsella, el Verdon, Aix en Provence y la Camarga, que ofrece una variedad de paisajes de visita obligada.<\/p>\n\n\n\n<p class=\"ls-paragraph has-text-align-center\"><br>Disfrute del ambiente mediterr\u00e1neo, de su gastronom\u00eda y del <a href=\"https:\/\/martegaou.eldapps.com\/es\/regional-events-martigues\/\">actividades locales en la regi\u00f3n<\/a>.<\/p>\n\n\r\n    <\/div>\r\n<\/section>\n\n<section id=\"ls-section-block_622b4a2d9ea98\" class=\"ls-section  home-fifth cta-galerie m-t-0 p-t-0 container-super-wide has-background has-color-3-background-color\" >\r\n        <div class=\"container container--full\">\r\n        \n\n<div class=\"wp-block-columns is-layout-flex wp-container-core-columns-is-layout-9d6595d7 wp-block-columns-is-layout-flex\">\n<div class=\"wp-block-column is-layout-flow wp-block-column-is-layout-flow\">\r\n<div id=\"ls-cta-block_622b035d4ccde\" class=\"ls-cta animated fadeInUp slow\">  \r\n    \n\n<a href=\"\/es\/turismo-bouches-du-rhone\/#section-aix-en-provence\" target=\"\" rel=\"noopener\" class=\"ls-cta__link\">\n\n\t<div class=\"ls-cta__image\"><img decoding=\"async\" src=\"https:\/\/martegaou.eldapps.com\/wp-content\/uploads\/2022\/04\/visiter-aix-en-provence.jpg\" alt=\"visiter aix en provence\"><\/div>\n\t<div class=\"ls-cta__text\">\n\t\t<div class=\"ls-cta__title\">\n\t\t\tAix-en-Provence\t\t<\/div>\n\n\t\t\t\t\t<div class=\"ls-cta__description\">\n\t\t\t\tDescubra +\t\t\t<\/div>\n\t\t\t<\/div>\n\n<\/a><\/div>\n\n\r\n<div id=\"ls-cta-block_622b03c64cce1\" class=\"ls-cta animated fadeInUp slow\">  \r\n    \n\n<a href=\"\/es\/turismo-bouches-du-rhone\/#section-verdon\" target=\"\" rel=\"noopener\" class=\"ls-cta__link\">\n\n\t<div class=\"ls-cta__image\"><img decoding=\"async\" src=\"https:\/\/martegaou.eldapps.com\/wp-content\/uploads\/2022\/03\/gordes-ctoncamping.jpg\" alt=\"gordes ctoncamping\"><\/div>\n\t<div class=\"ls-cta__text\">\n\t\t<div class=\"ls-cta__title\">\n\t\t\tVerdon\t\t<\/div>\n\n\t\t\t\t\t<div class=\"ls-cta__description\">\n\t\t\t\tDescubra +\t\t\t<\/div>\n\t\t\t<\/div>\n\n<\/a><\/div><\/div>\n\n\n\n<div class=\"wp-block-column is-layout-flow wp-block-column-is-layout-flow\">\r\n<div id=\"ls-cta-block_622b03b94ccdf\" class=\"ls-cta animated fadeInUp delay-100ms slow\">  \r\n    \n\n<a href=\"https:\/\/martegaou.eldapps.com\/es\/turismo-bouches-du-rhone\/\" target=\"\" rel=\"noopener\" class=\"ls-cta__link\">\n\n\t<div class=\"ls-cta__image\"><img decoding=\"async\" src=\"https:\/\/martegaou.eldapps.com\/wp-content\/uploads\/2022\/03\/martigues-ctoncaming.jpg\" alt=\"martigues ctoncaming\"><\/div>\n\t<div class=\"ls-cta__text\">\n\t\t<div class=\"ls-cta__title\">\n\t\t\tFiesta de la m\u00fasica en Martigues\t\t<\/div>\n\n\t\t\t\t\t<div class=\"ls-cta__description\">\n\t\t\t\tDescubra +\t\t\t<\/div>\n\t\t\t<\/div>\n\n<\/a><\/div>\n\n\r\n<div id=\"ls-cta-block_622b03ce4cce2\" class=\"ls-cta animated fadeInUp delay-100ms slow\">  \r\n    \n\n<a href=\"https:\/\/martegaou.eldapps.com\/es\/turismo-bouches-du-rhone\/#section-delta-festival\" target=\"\" rel=\"noopener\" class=\"ls-cta__link\">\n\n\t<div class=\"ls-cta__image\"><img decoding=\"async\" src=\"https:\/\/martegaou.eldapps.com\/wp-content\/uploads\/2022\/04\/visiter-marseille.jpg\" alt=\"visiter marseille\"><\/div>\n\t<div class=\"ls-cta__text\">\n\t\t<div class=\"ls-cta__title\">\n\t\t\tDelta festival en Marseille\t\t<\/div>\n\n\t\t\t\t\t<div class=\"ls-cta__description\">\n\t\t\t\tDescubra +\t\t\t<\/div>\n\t\t\t<\/div>\n\n<\/a><\/div><\/div>\n\n\n\n<div class=\"wp-block-column is-layout-flow wp-block-column-is-layout-flow\">\r\n<div id=\"ls-cta-block_622b03c14cce0\" class=\"ls-cta animated fadeInUp delay-200ms slow\">  \r\n    \n\n<a href=\"\/es\/turismo-bouches-du-rhone\/#section-marseille\" target=\"\" rel=\"noopener\" class=\"ls-cta__link\">\n\n\t<div class=\"ls-cta__image\"><img decoding=\"async\" src=\"https:\/\/martegaou.eldapps.com\/wp-content\/uploads\/2022\/03\/marseille-ctoncamping.jpg\" alt=\"marseille ctoncamping\"><\/div>\n\t<div class=\"ls-cta__text\">\n\t\t<div class=\"ls-cta__title\">\n\t\t\tMarseille\t\t<\/div>\n\n\t\t\t\t\t<div class=\"ls-cta__description\">\n\t\t\t\tDescubra +\t\t\t<\/div>\n\t\t\t<\/div>\n\n<\/a><\/div>\n\n\r\n<div id=\"ls-cta-block_622b03d44cce3\" class=\"ls-cta animated fadeInUp delay-200ms slow\">  \r\n    \n\n<a href=\"https:\/\/martegaou.eldapps.com\/es\/turismo-bouches-du-rhone\/#section-sardinades\" target=\"\" rel=\"noopener\" class=\"ls-cta__link\">\n\n\t<div class=\"ls-cta__image\"><img decoding=\"async\" src=\"https:\/\/martegaou.eldapps.com\/wp-content\/uploads\/2022\/04\/sejour-martigues.jpg\" alt=\"sejour martigues\"><\/div>\n\t<div class=\"ls-cta__text\">\n\t\t<div class=\"ls-cta__title\">\n\t\t\tSardinadas en Martigues\t\t<\/div>\n\n\t\t\t\t\t<div class=\"ls-cta__description\">\n\t\t\t\tDescubra +\t\t\t<\/div>\n\t\t\t<\/div>\n\n<\/a><\/div><\/div>\n<\/div>\n\n\r\n    <\/div>\r\n<\/section>","protected":false},"excerpt":{"rendered":"","protected":false},"author":1,"featured_media":0,"parent":0,"menu_order":0,"comment_status":"closed","ping_status":"closed","template":"","meta":{"_acf_changed":false,"footnotes":""},"sujet":[],"class_list":["post-4916","page","type-page","status-publish","hentry"],"acf":[],"yoast_head":"<!-- This site is optimized with the Yoast SEO plugin v26.7 - https:\/\/yoast.com\/wordpress\/plugins\/seo\/ -->\n<title>Campamentos Bouches-du-Rh\u00f4ne | Ctoncamping Martigues | Touristra vacaciones<\/title>\n<meta name=\"robots\" content=\"index, follow, max-snippet:-1, max-image-preview:large, max-video-preview:-1\" \/>\n<link rel=\"canonical\" href=\"https:\/\/martegaou.eldapps.com\/es\/\" \/>\n<meta property=\"og:locale\" content=\"es_ES\" \/>\n<meta property=\"og:type\" content=\"article\" \/>\n<meta property=\"og:title\" content=\"Campamentos Bouches-du-Rh\u00f4ne | Ctoncamping Martigues | Touristra vacaciones\" \/>\n<meta property=\"og:url\" content=\"https:\/\/martegaou.eldapps.com\/es\/\" \/>\n<meta property=\"og:site_name\" content=\"Martegaou\" \/>\n<meta property=\"article:modified_time\" content=\"2022-06-30T13:35:48+00:00\" \/>\n<meta name=\"twitter:card\" content=\"summary_large_image\" \/>\n<meta name=\"twitter:label1\" content=\"Tiempo de lectura\" \/>\n\t<meta name=\"twitter:data1\" content=\"2 minutos\" \/>\n<script type=\"application\/ld+json\" class=\"yoast-schema-graph\">{\"@context\":\"https:\/\/schema.org\",\"@graph\":[{\"@type\":\"WebPage\",\"@id\":\"https:\/\/martegaou.eldapps.com\/es\/\",\"url\":\"https:\/\/martegaou.eldapps.com\/es\/\",\"name\":\"Campamentos Bouches-du-Rh\u00f4ne | Ctoncamping Martigues | Touristra vacaciones\",\"isPartOf\":{\"@id\":\"https:\/\/martegaou.eldapps.com\/#website\"},\"datePublished\":\"2022-03-04T15:34:25+00:00\",\"dateModified\":\"2022-06-30T13:35:48+00:00\",\"breadcrumb\":{\"@id\":\"https:\/\/martegaou.eldapps.com\/es\/#breadcrumb\"},\"inLanguage\":\"es\",\"potentialAction\":[{\"@type\":\"ReadAction\",\"target\":[\"https:\/\/martegaou.eldapps.com\/es\/\"]}]},{\"@type\":\"BreadcrumbList\",\"@id\":\"https:\/\/martegaou.eldapps.com\/es\/#breadcrumb\",\"itemListElement\":[{\"@type\":\"ListItem\",\"position\":1,\"name\":\"Camping Bouches-du-Rh\u00f4ne\",\"item\":\"https:\/\/martegaou.eldapps.com\/es\/\"},{\"@type\":\"ListItem\",\"position\":2,\"name\":\"Accueil\"}]},{\"@type\":\"WebSite\",\"@id\":\"https:\/\/martegaou.eldapps.com\/#website\",\"url\":\"https:\/\/martegaou.eldapps.com\/\",\"name\":\"Martegaou\",\"description\":\"\",\"publisher\":{\"@id\":\"https:\/\/martegaou.eldapps.com\/#organization\"},\"potentialAction\":[{\"@type\":\"SearchAction\",\"target\":{\"@type\":\"EntryPoint\",\"urlTemplate\":\"https:\/\/martegaou.eldapps.com\/?s={search_term_string}\"},\"query-input\":{\"@type\":\"PropertyValueSpecification\",\"valueRequired\":true,\"valueName\":\"search_term_string\"}}],\"inLanguage\":\"es\"},{\"@type\":\"Organization\",\"@id\":\"https:\/\/martegaou.eldapps.com\/#organization\",\"name\":\"Ctoncamping\",\"url\":\"https:\/\/martegaou.eldapps.com\/\",\"logo\":{\"@type\":\"ImageObject\",\"inLanguage\":\"es\",\"@id\":\"https:\/\/martegaou.eldapps.com\/#\/schema\/logo\/image\/\",\"url\":\"https:\/\/martegaou.eldapps.com\/wp-content\/uploads\/2022\/03\/logo-alt-ctoncamping.png\",\"contentUrl\":\"https:\/\/martegaou.eldapps.com\/wp-content\/uploads\/2022\/03\/logo-alt-ctoncamping.png\",\"width\":402,\"height\":72,\"caption\":\"Ctoncamping\"},\"image\":{\"@id\":\"https:\/\/martegaou.eldapps.com\/#\/schema\/logo\/image\/\"}}]}<\/script>\n<!-- \/ Yoast SEO plugin. -->","yoast_head_json":{"title":"Campamentos Bouches-du-Rh\u00f4ne | Ctoncamping Martigues | Touristra vacaciones","robots":{"index":"index","follow":"follow","max-snippet":"max-snippet:-1","max-image-preview":"max-image-preview:large","max-video-preview":"max-video-preview:-1"},"canonical":"https:\/\/martegaou.eldapps.com\/es\/","og_locale":"es_ES","og_type":"article","og_title":"Campamentos Bouches-du-Rh\u00f4ne | Ctoncamping Martigues | Touristra vacaciones","og_url":"https:\/\/martegaou.eldapps.com\/es\/","og_site_name":"Martegaou","article_modified_time":"2022-06-30T13:35:48+00:00","twitter_card":"summary_large_image","twitter_misc":{"Tiempo de lectura":"2 minutos"},"schema":{"@context":"https:\/\/schema.org","@graph":[{"@type":"WebPage","@id":"https:\/\/martegaou.eldapps.com\/es\/","url":"https:\/\/martegaou.eldapps.com\/es\/","name":"Campamentos Bouches-du-Rh\u00f4ne | Ctoncamping Martigues | Touristra vacaciones","isPartOf":{"@id":"https:\/\/martegaou.eldapps.com\/#website"},"datePublished":"2022-03-04T15:34:25+00:00","dateModified":"2022-06-30T13:35:48+00:00","breadcrumb":{"@id":"https:\/\/martegaou.eldapps.com\/es\/#breadcrumb"},"inLanguage":"es","potentialAction":[{"@type":"ReadAction","target":["https:\/\/martegaou.eldapps.com\/es\/"]}]},{"@type":"BreadcrumbList","@id":"https:\/\/martegaou.eldapps.com\/es\/#breadcrumb","itemListElement":[{"@type":"ListItem","position":1,"name":"Camping Bouches-du-Rh\u00f4ne","item":"https:\/\/martegaou.eldapps.com\/es\/"},{"@type":"ListItem","position":2,"name":"Accueil"}]},{"@type":"WebSite","@id":"https:\/\/martegaou.eldapps.com\/#website","url":"https:\/\/martegaou.eldapps.com\/","name":"Martegaou","description":"","publisher":{"@id":"https:\/\/martegaou.eldapps.com\/#organization"},"potentialAction":[{"@type":"SearchAction","target":{"@type":"EntryPoint","urlTemplate":"https:\/\/martegaou.eldapps.com\/?s={search_term_string}"},"query-input":{"@type":"PropertyValueSpecification","valueRequired":true,"valueName":"search_term_string"}}],"inLanguage":"es"},{"@type":"Organization","@id":"https:\/\/martegaou.eldapps.com\/#organization","name":"Ctoncamping","url":"https:\/\/martegaou.eldapps.com\/","logo":{"@type":"ImageObject","inLanguage":"es","@id":"https:\/\/martegaou.eldapps.com\/#\/schema\/logo\/image\/","url":"https:\/\/martegaou.eldapps.com\/wp-content\/uploads\/2022\/03\/logo-alt-ctoncamping.png","contentUrl":"https:\/\/martegaou.eldapps.com\/wp-content\/uploads\/2022\/03\/logo-alt-ctoncamping.png","width":402,"height":72,"caption":"Ctoncamping"},"image":{"@id":"https:\/\/martegaou.eldapps.com\/#\/schema\/logo\/image\/"}}]}},"_links":{"self":[{"href":"https:\/\/martegaou.eldapps.com\/es\/wp-json\/wp\/v2\/pages\/4916","targetHints":{"allow":["GET"]}}],"collection":[{"href":"https:\/\/martegaou.eldapps.com\/es\/wp-json\/wp\/v2\/pages"}],"about":[{"href":"https:\/\/martegaou.eldapps.com\/es\/wp-json\/wp\/v2\/types\/page"}],"author":[{"embeddable":true,"href":"https:\/\/martegaou.eldapps.com\/es\/wp-json\/wp\/v2\/users\/1"}],"replies":[{"embeddable":true,"href":"https:\/\/martegaou.eldapps.com\/es\/wp-json\/wp\/v2\/comments?post=4916"}],"version-history":[{"count":0,"href":"https:\/\/martegaou.eldapps.com\/es\/wp-json\/wp\/v2\/pages\/4916\/revisions"}],"wp:attachment":[{"href":"https:\/\/martegaou.eldapps.com\/es\/wp-json\/wp\/v2\/media?parent=4916"}],"wp:term":[{"taxonomy":"sujet","embeddable":true,"href":"https:\/\/martegaou.eldapps.com\/es\/wp-json\/wp\/v2\/sujet?post=4916"}],"curies":[{"name":"wp","href":"https:\/\/api.w.org\/{rel}","templated":true}]}}