{"id":5297,"date":"2022-03-04T16:08:26","date_gmt":"2022-03-04T15:08:26","guid":{"rendered":"https:\/\/martegaou.eldapps.com\/politique-de-confidentialite\/"},"modified":"2022-06-17T10:50:28","modified_gmt":"2022-06-17T08:50:28","slug":"privacy-policy","status":"publish","type":"page","link":"https:\/\/martegaou.eldapps.com\/en\/privacy-policy\/","title":{"rendered":"Politique de confidentialit\u00e9"},"content":{"rendered":"<section id=\"ls-section-block_621cee06062a8\" class=\"ls-section  page-one p-b-0 has-m-b m-b-10 has-p-t p-t-10\" >\r\n        <div class=\"container container--wide\">\r\n        \n\n<h1 class=\"ls__heading has-text-align-center wp-block-heading\">PRIVACY POLICY<\/h1>\n\n\r\n    <\/div>\r\n<\/section>\n\n<section id=\"ls-section-block_6229db2645d2a\" class=\"ls-section  page-two  has-background has-color-3-background-color\" >\r\n        <div class=\"container \">\r\n        \n\n<div class=\"wp-block-columns is-layout-flex wp-container-core-columns-is-layout-9d6595d7 wp-block-columns-is-layout-flex\">\n<div class=\"wp-block-column is-vertically-aligned-center is-layout-flow wp-block-column-is-layout-flow\">\n<p class=\"ls-paragraph has-color-black-color has-text-color\">This Privacy Policy describes the personal data that is collected or generated (processed) when you use the website. This Privacy Policy describes the types of personal data collected when you use our site and how your personal data is used, shared and protected. It also explains the choices you have regarding your personal data and how to contact us.<\/p>\n<\/div>\n<\/div>\n\n\r\n    <\/div>\r\n<\/section>\n\n<section id=\"ls-section-block_6229df0445d2c\" class=\"ls-section \" >\r\n        <div class=\"container container--wide\">\r\n        \n\n<div class=\"wp-block-columns is-layout-flex wp-container-core-columns-is-layout-9d6595d7 wp-block-columns-is-layout-flex\">\n<div class=\"wp-block-column is-layout-flow wp-block-column-is-layout-flow\">\n<h2 class=\"ls-heading wp-block-heading\">Table of contents<\/h2>\n\n\n\n<ol class=\"ls-list wp-block-list\"><li><a href=\"#gdpr-1\">Who are we?<\/a><\/li><li><a href=\"#gdpr-2\">Use of personal data collected<\/a><\/li><li><a href=\"#gdpr-3\">Comments<\/a><\/li><li><a href=\"#gdpr-4\">Media<\/a><\/li><li><a href=\"#gdpr-5\">Contact forms<\/a><\/li><li><a href=\"#gdpr-6\">Use of cookies<\/a><\/li><li><a href=\"#gdpr-7\">Statistics and audience measurement<\/a><\/li><li><a href=\"#gdpr-8\">How long your data is stored<\/a><\/li><li><a href=\"#gdpr-9\">The rights you have over your data<\/a><\/li><li><a href=\"#gdpr-10\">Transmission of your personal data<\/a><\/li><li><a href=\"#gdpr-11\">How we protect your data<\/a><\/li><li><a href=\"#gdpr-12\">Contact information<\/a><\/li><\/ol>\n\n\n\n<h2 class=\"ls-heading wp-block-heading\" id=\"gdpr-1\">Who are we?<\/h2>\n\n\n\n<p class=\"ls-paragraph\">Discover all our information on the page <a href=\"http:\/\/thesauque.geek-tonic.com\/mentions-legales\/\">legal notices<\/a>.<\/p>\n\n\n\n<h2 class=\"ls-heading wp-block-heading\" id=\"gdpr-2\">Use of personal data collected<\/h2>\n\n\n\n<p class=\"ls-paragraph\">We do not automatically and directly collect any data about you.<\/p>\n\n\n\n<p class=\"ls-paragraph\">Notwithstanding, we may collect information, including personal information, from third parties (see section <a href=\"#gdpr-5\">Cookies<\/a>).<\/p>\n\n\n\n<h2 class=\"ls-heading wp-block-heading\" id=\"gdpr-3\">Comments<\/h2>\n\n\n\n<p class=\"ls-paragraph\">When you leave a comment on our website, the data entered in the comment form, but also your IP address and your browser&#8217;s user agent are collected to help us detect unwanted comments.<\/p>\n\n\n\n<p class=\"ls-paragraph\">An anonymized string created from your email address (also called a hash) may be sent to the Gravatar service to verify your use of the service. The service&#8217;s privacy policy <a href=\"https:\/\/automattic.com\/privacy\/\">Gravatar<\/a> are available. After validation of your comment, your profile picture will be publicly visible next to your comment.<\/p>\n\n\n\n<h2 class=\"ls-heading wp-block-heading\" id=\"gdpr-4\">Media<\/h2>\n\n\n\n<p class=\"ls-paragraph\">If you are a registered user and you upload images to the website, we advise you to avoid uploading images that contain EXIF data of GPS coordinates. Visitors to your website can download and extract location data from these images.<\/p>\n\n\n\n<h2 class=\"ls-heading wp-block-heading\" id=\"gdpr-5\">Formulaires de contact<\/h2>\n\n\n\n<p class=\"ls-paragraph\">Vous pouvez choisir de nous communiquer des informations lorsque vous remplissez un formulaire, ces derni\u00e8res nous seront transmises par e-mail et ne seront pas conserv\u00e9es ailleurs que sur notre service de messagerie, ces informations seront utilis\u00e9es dans le seul but de r\u00e9pondre \u00e0 votre demande. Si des informations sont susceptibles d\u2019\u00eatre utilis\u00e9es \u00e0 des fins commerciales une mention l\u2019indiquera en fin de formulaire. Nous demanderons toujours votre consentement lors qu\u2019une collecte d\u2019information via un formulaire.<\/p>\n\n\n\n<h2 class=\"ls-heading wp-block-heading\" id=\"gdpr-6\">Use of cookies<\/h2>\n\n\n\n<p class=\"ls-paragraph\"><strong><mark style=\"background-color:rgba(0, 0, 0, 0)\" class=\"has-inline-color has-color-1-color\">What is a cookie?<\/mark><\/strong><\/p>\n\n\n\n<p class=\"ls-paragraph\">A cookie is a small data file that is transferred to and stored on your device. In concrete terms, a cookie allows us, for example, to recognize your browser, your language or to store your preferences. Two types of cookies are used on our site: &#8220;session cookies&#8221; and &#8220;persistent cookies&#8221;. Session cookies expire when you close your browser, whereas persistent cookies remain on your device after you close your browser and can be used again the next time you visit our site.<\/p>\n\n\n\n<p class=\"ls-paragraph\">More information on <a href=\"https:\/\/www.allaboutcookies.org\/fr\/\" target=\"_blank\" rel=\"noreferrer noopener\">allaboutcookies.org<\/a>.<\/p>\n\n\n\n<p class=\"ls-paragraph\"><strong><mark style=\"background-color:rgba(0, 0, 0, 0)\" class=\"has-inline-color has-color-1-color\">Our cookies<\/mark><\/strong><\/p>\n\n\n\n<p class=\"ls-paragraph\">If you leave a comment on our site, you will be asked to save your name, email address and website in cookies. This is only for your convenience so that you do not have to enter this information if you leave another comment later. These cookies expire after one year.<\/p>\n\n\n\n<p class=\"ls-paragraph\">If you have an account and log in to this site, a temporary cookie will be created to determine if your browser accepts cookies. It does not contain any personal information and will be deleted automatically when you close your browser.<\/p>\n\n\n\n<p class=\"ls-paragraph\">When you log in, we will set a number of cookies to record your login information and screen preferences. The lifetime of a login cookie is two days, and the lifetime of a screen preference cookie is one year. If you check &#8220;Remember me&#8221;, your login cookie will be retained for two weeks. If you log out of your account, the login cookie will be deleted.<\/p>\n\n\n\n<p class=\"ls-paragraph\">By editing or publishing an article, an additional cookie will be stored in your browser. This cookie does not contain any personal data. It simply indicates the identifier of the article you just modified. It expires after one day.<\/p>\n\n\n\n<p class=\"ls-paragraph\"><strong><mark style=\"background-color:rgba(0, 0, 0, 0)\" class=\"has-inline-color has-color-1-color\">Third-party cookies<\/mark><\/strong><\/p>\n\n\n\n<p class=\"ls-paragraph\">Articles on this site may include embedded content (e.g. videos, images, articles\u2026). Embedded content from other sites behaves in the same way as if the visitor were on that other site.<\/p>\n\n\n\n<p class=\"ls-paragraph\">These websites may collect data about you, use cookies, embed third-party tracking tools, track your interactions with these embedded contents if you have a logged-in account on their website.<\/p>\n\n\n\n<p class=\"ls-paragraph\">We may allow certain business partners to install technologies on our site. These partners use these technologies to help us analyze how you use the site, such as by noting the third-party services through which you arrived at the Platform, to market and promote our services on our site and on third-party websites, to help us detect and prevent fraud or conduct risk assessments, or to collect information about your activities on the website.<\/p>\n\n\n\n<p class=\"ls-paragraph\">Our website may use social plugins provided and operated by third-party companies, such as the Facebook &#8220;Like&#8221; button. As a result, you may send the third party information that you view in a particular area of our site. If you are not logged into your account with the third party, the third party will not know who you are. If you are logged into your account with the third party, then the third party may link information or actions relating to your interactions with our site to the account you have with that third party. Please review the third party&#8217;s privacy policies to learn more about their data practices.<\/p>\n\n\n\n<p class=\"ls-paragraph\">The list of third party cookies used on this site is available from the <a href=\"\/#moove_gdpr_cookie_modal\">cookie management panel<\/a>.<\/p>\n\n\n\n<h2 class=\"ls-heading wp-block-heading\" id=\"gdpr-7\">Statistics and audience measurement<\/h2>\n\n\n\n<p class=\"ls-paragraph\">In terms of analysis, we work with Google Analytics to obtain information about the use of our website in order to improve it. This can be deactivated from the <a href=\"\/#moove_gdpr_cookie_modal\">cookie management panel<\/a>.<\/p>\n\n\n\n<p class=\"ls-paragraph\">To prevent Google Analytics from using your information for analysis, you can also install the Google Analytics Opt-out Browser Add-on by clicking here. Please note that we have no control over this opt-out link and are not responsible for the availability or accuracy of this mechanism. Visit <a href=\"https:\/\/support.google.com\/analytics\/answer\/6004245\" target=\"_blank\" rel=\"noreferrer noopener\">this documentation<\/a> for more information.<\/p>\n\n\n\n<h2 class=\"ls-heading wp-block-heading\" id=\"gdpr-8\">How long your data is stored<\/h2>\n\n\n\n<p class=\"ls-paragraph\">If you leave a comment, the comment and its metadata are kept indefinitely. This allows subsequent comments to be automatically recognized and approved instead of being left in the moderation queue.<\/p>\n\n\n\n<p class=\"ls-paragraph\">For users who register on our site (if possible), we also store the personal data indicated in their profile. All users can view, edit or delete their personal information at any time (except for their username). Site managers can also view and modify this information.<\/p>\n\n\n\n<h2 class=\"ls-heading wp-block-heading\" id=\"gdpr-9\">The rights you have over your data<\/h2>\n\n\n\n<p class=\"ls-paragraph\">If you have an account or have left comments on the site, you may request to receive a file containing all the personal data we have about you, including the data you have provided to us. You may also request the deletion of your personal data. This does not include data stored for administrative, legal or security purposes.<\/p>\n\n\n\n<h2 class=\"ls-heading wp-block-heading\" id=\"gdpr-10\">Transmission of your personal data<\/h2>\n\n\n\n<p class=\"ls-paragraph\">Visitors&#8217; comments can be checked with the help of an automated service for detecting undesirable comments. All the personal data we process are processed within the European Union.<\/p>\n\n\n\n<h2 class=\"ls-heading wp-block-heading\" id=\"gdpr-11\">How we protect your data<\/h2>\n\n\n\n<p class=\"ls-paragraph\">We implement and continuously update site security to protect your information from unauthorized access, loss, destruction or alteration. We work to make your data as invulnerable as possible. Since the Internet is not a 100% secure environment, we cannot fully guarantee the security of the transmission or storage of your information.<\/p>\n\n\n\n<h2 class=\"ls-heading wp-block-heading\" id=\"gdpr-12\">Contact information<\/h2>\n\n\n\n<p class=\"ls-paragraph\">If you have any requests or questions regarding your personal data, please contact us at rgpd@geek-tonic.com, other contact information is available on our legal notice. Please note that we may ask you to verify your identity before taking further action on your request.<\/p>\n<\/div>\n<\/div>\n\n\r\n    <\/div>\r\n<\/section>","protected":false},"excerpt":{"rendered":"","protected":false},"author":1,"featured_media":7655,"parent":0,"menu_order":0,"comment_status":"closed","ping_status":"closed","template":"","meta":{"_acf_changed":false,"footnotes":""},"sujet":[],"class_list":["post-5297","page","type-page","status-publish","has-post-thumbnail","hentry"],"acf":[],"yoast_head":"<!-- This site is optimized with the Yoast SEO plugin v26.7 - https:\/\/yoast.com\/wordpress\/plugins\/seo\/ -->\n<title>PRIVACY POLICY<\/title>\n<meta name=\"robots\" content=\"noindex, nofollow\" \/>\n<meta property=\"og:locale\" content=\"en_US\" \/>\n<meta property=\"og:type\" content=\"article\" \/>\n<meta property=\"og:title\" content=\"PRIVACY POLICY\" \/>\n<meta property=\"og:url\" content=\"https:\/\/martegaou.eldapps.com\/en\/privacy-policy\/\" \/>\n<meta property=\"og:site_name\" content=\"Martegaou\" \/>\n<meta property=\"article:modified_time\" content=\"2022-06-17T08:50:28+00:00\" \/>\n<meta property=\"og:image\" content=\"https:\/\/martegaou.eldapps.com\/wp-content\/uploads\/2022\/06\/camping-ctoncamping.jpg\" \/>\n\t<meta property=\"og:image:width\" content=\"1901\" \/>\n\t<meta property=\"og:image:height\" content=\"550\" \/>\n\t<meta property=\"og:image:type\" content=\"image\/jpeg\" \/>\n<meta name=\"twitter:card\" content=\"summary_large_image\" \/>\n<meta name=\"twitter:label1\" content=\"Est. reading time\" \/>\n\t<meta name=\"twitter:data1\" content=\"7 minutes\" \/>\n<script type=\"application\/ld+json\" class=\"yoast-schema-graph\">{\"@context\":\"https:\/\/schema.org\",\"@graph\":[{\"@type\":\"WebPage\",\"@id\":\"https:\/\/martegaou.eldapps.com\/en\/privacy-policy\/\",\"url\":\"https:\/\/martegaou.eldapps.com\/en\/privacy-policy\/\",\"name\":\"PRIVACY POLICY\",\"isPartOf\":{\"@id\":\"https:\/\/martegaou.eldapps.com\/#website\"},\"primaryImageOfPage\":{\"@id\":\"https:\/\/martegaou.eldapps.com\/en\/privacy-policy\/#primaryimage\"},\"image\":{\"@id\":\"https:\/\/martegaou.eldapps.com\/en\/privacy-policy\/#primaryimage\"},\"thumbnailUrl\":\"https:\/\/martegaou.eldapps.com\/wp-content\/uploads\/2022\/06\/camping-ctoncamping.jpg\",\"datePublished\":\"2022-03-04T15:08:26+00:00\",\"dateModified\":\"2022-06-17T08:50:28+00:00\",\"breadcrumb\":{\"@id\":\"https:\/\/martegaou.eldapps.com\/en\/privacy-policy\/#breadcrumb\"},\"inLanguage\":\"en-US\",\"potentialAction\":[{\"@type\":\"ReadAction\",\"target\":[\"https:\/\/martegaou.eldapps.com\/en\/privacy-policy\/\"]}]},{\"@type\":\"ImageObject\",\"inLanguage\":\"en-US\",\"@id\":\"https:\/\/martegaou.eldapps.com\/en\/privacy-policy\/#primaryimage\",\"url\":\"https:\/\/martegaou.eldapps.com\/wp-content\/uploads\/2022\/06\/camping-ctoncamping.jpg\",\"contentUrl\":\"https:\/\/martegaou.eldapps.com\/wp-content\/uploads\/2022\/06\/camping-ctoncamping.jpg\",\"width\":1901,\"height\":550,\"caption\":\"camping ctoncamping\"},{\"@type\":\"BreadcrumbList\",\"@id\":\"https:\/\/martegaou.eldapps.com\/en\/privacy-policy\/#breadcrumb\",\"itemListElement\":[{\"@type\":\"ListItem\",\"position\":1,\"name\":\"Camping Bouches-du-Rh\u00f4ne\",\"item\":\"https:\/\/martegaou.eldapps.com\/en\/\"},{\"@type\":\"ListItem\",\"position\":2,\"name\":\"Privacy Policy\"}]},{\"@type\":\"WebSite\",\"@id\":\"https:\/\/martegaou.eldapps.com\/#website\",\"url\":\"https:\/\/martegaou.eldapps.com\/\",\"name\":\"Martegaou\",\"description\":\"\",\"publisher\":{\"@id\":\"https:\/\/martegaou.eldapps.com\/#organization\"},\"potentialAction\":[{\"@type\":\"SearchAction\",\"target\":{\"@type\":\"EntryPoint\",\"urlTemplate\":\"https:\/\/martegaou.eldapps.com\/?s={search_term_string}\"},\"query-input\":{\"@type\":\"PropertyValueSpecification\",\"valueRequired\":true,\"valueName\":\"search_term_string\"}}],\"inLanguage\":\"en-US\"},{\"@type\":\"Organization\",\"@id\":\"https:\/\/martegaou.eldapps.com\/#organization\",\"name\":\"Ctoncamping\",\"url\":\"https:\/\/martegaou.eldapps.com\/\",\"logo\":{\"@type\":\"ImageObject\",\"inLanguage\":\"en-US\",\"@id\":\"https:\/\/martegaou.eldapps.com\/#\/schema\/logo\/image\/\",\"url\":\"https:\/\/martegaou.eldapps.com\/wp-content\/uploads\/2022\/03\/logo-alt-ctoncamping.png\",\"contentUrl\":\"https:\/\/martegaou.eldapps.com\/wp-content\/uploads\/2022\/03\/logo-alt-ctoncamping.png\",\"width\":402,\"height\":72,\"caption\":\"Ctoncamping\"},\"image\":{\"@id\":\"https:\/\/martegaou.eldapps.com\/#\/schema\/logo\/image\/\"}}]}<\/script>\n<!-- \/ Yoast SEO plugin. -->","yoast_head_json":{"title":"PRIVACY POLICY","robots":{"index":"noindex","follow":"nofollow"},"og_locale":"en_US","og_type":"article","og_title":"PRIVACY POLICY","og_url":"https:\/\/martegaou.eldapps.com\/en\/privacy-policy\/","og_site_name":"Martegaou","article_modified_time":"2022-06-17T08:50:28+00:00","og_image":[{"width":1901,"height":550,"url":"https:\/\/martegaou.eldapps.com\/wp-content\/uploads\/2022\/06\/camping-ctoncamping.jpg","type":"image\/jpeg"}],"twitter_card":"summary_large_image","twitter_misc":{"Est. reading time":"7 minutes"},"schema":{"@context":"https:\/\/schema.org","@graph":[{"@type":"WebPage","@id":"https:\/\/martegaou.eldapps.com\/en\/privacy-policy\/","url":"https:\/\/martegaou.eldapps.com\/en\/privacy-policy\/","name":"PRIVACY POLICY","isPartOf":{"@id":"https:\/\/martegaou.eldapps.com\/#website"},"primaryImageOfPage":{"@id":"https:\/\/martegaou.eldapps.com\/en\/privacy-policy\/#primaryimage"},"image":{"@id":"https:\/\/martegaou.eldapps.com\/en\/privacy-policy\/#primaryimage"},"thumbnailUrl":"https:\/\/martegaou.eldapps.com\/wp-content\/uploads\/2022\/06\/camping-ctoncamping.jpg","datePublished":"2022-03-04T15:08:26+00:00","dateModified":"2022-06-17T08:50:28+00:00","breadcrumb":{"@id":"https:\/\/martegaou.eldapps.com\/en\/privacy-policy\/#breadcrumb"},"inLanguage":"en-US","potentialAction":[{"@type":"ReadAction","target":["https:\/\/martegaou.eldapps.com\/en\/privacy-policy\/"]}]},{"@type":"ImageObject","inLanguage":"en-US","@id":"https:\/\/martegaou.eldapps.com\/en\/privacy-policy\/#primaryimage","url":"https:\/\/martegaou.eldapps.com\/wp-content\/uploads\/2022\/06\/camping-ctoncamping.jpg","contentUrl":"https:\/\/martegaou.eldapps.com\/wp-content\/uploads\/2022\/06\/camping-ctoncamping.jpg","width":1901,"height":550,"caption":"camping ctoncamping"},{"@type":"BreadcrumbList","@id":"https:\/\/martegaou.eldapps.com\/en\/privacy-policy\/#breadcrumb","itemListElement":[{"@type":"ListItem","position":1,"name":"Camping Bouches-du-Rh\u00f4ne","item":"https:\/\/martegaou.eldapps.com\/en\/"},{"@type":"ListItem","position":2,"name":"Privacy Policy"}]},{"@type":"WebSite","@id":"https:\/\/martegaou.eldapps.com\/#website","url":"https:\/\/martegaou.eldapps.com\/","name":"Martegaou","description":"","publisher":{"@id":"https:\/\/martegaou.eldapps.com\/#organization"},"potentialAction":[{"@type":"SearchAction","target":{"@type":"EntryPoint","urlTemplate":"https:\/\/martegaou.eldapps.com\/?s={search_term_string}"},"query-input":{"@type":"PropertyValueSpecification","valueRequired":true,"valueName":"search_term_string"}}],"inLanguage":"en-US"},{"@type":"Organization","@id":"https:\/\/martegaou.eldapps.com\/#organization","name":"Ctoncamping","url":"https:\/\/martegaou.eldapps.com\/","logo":{"@type":"ImageObject","inLanguage":"en-US","@id":"https:\/\/martegaou.eldapps.com\/#\/schema\/logo\/image\/","url":"https:\/\/martegaou.eldapps.com\/wp-content\/uploads\/2022\/03\/logo-alt-ctoncamping.png","contentUrl":"https:\/\/martegaou.eldapps.com\/wp-content\/uploads\/2022\/03\/logo-alt-ctoncamping.png","width":402,"height":72,"caption":"Ctoncamping"},"image":{"@id":"https:\/\/martegaou.eldapps.com\/#\/schema\/logo\/image\/"}}]}},"_links":{"self":[{"href":"https:\/\/martegaou.eldapps.com\/en\/wp-json\/wp\/v2\/pages\/5297","targetHints":{"allow":["GET"]}}],"collection":[{"href":"https:\/\/martegaou.eldapps.com\/en\/wp-json\/wp\/v2\/pages"}],"about":[{"href":"https:\/\/martegaou.eldapps.com\/en\/wp-json\/wp\/v2\/types\/page"}],"author":[{"embeddable":true,"href":"https:\/\/martegaou.eldapps.com\/en\/wp-json\/wp\/v2\/users\/1"}],"replies":[{"embeddable":true,"href":"https:\/\/martegaou.eldapps.com\/en\/wp-json\/wp\/v2\/comments?post=5297"}],"version-history":[{"count":0,"href":"https:\/\/martegaou.eldapps.com\/en\/wp-json\/wp\/v2\/pages\/5297\/revisions"}],"wp:featuredmedia":[{"embeddable":true,"href":"https:\/\/martegaou.eldapps.com\/en\/wp-json\/wp\/v2\/media\/7655"}],"wp:attachment":[{"href":"https:\/\/martegaou.eldapps.com\/en\/wp-json\/wp\/v2\/media?parent=5297"}],"wp:term":[{"taxonomy":"sujet","embeddable":true,"href":"https:\/\/martegaou.eldapps.com\/en\/wp-json\/wp\/v2\/sujet?post=5297"}],"curies":[{"name":"wp","href":"https:\/\/api.w.org\/{rel}","templated":true}]}}