{"id":7003,"date":"2022-04-25T14:10:19","date_gmt":"2022-04-25T12:10:19","guid":{"rendered":"https:\/\/martegaou.eldapps.com\/mentions-legales\/"},"modified":"2022-10-11T16:32:09","modified_gmt":"2022-10-11T14:32:09","slug":"legale-erwaehnungen","status":"publish","type":"page","link":"https:\/\/martegaou.eldapps.com\/de\/legale-erwaehnungen\/","title":{"rendered":"Mentions l\u00e9gales"},"content":{"rendered":"<section id=\"ls-section-block_621cee06062a8\" class=\"ls-section  page-one m-b-0 has-p-t p-t-10\" >\r\n        <div class=\"container container--wide\">\r\n        \n\n<h1 class=\"ls__heading has-text-align-center wp-block-heading\">Rechtliche Hinweise<\/h1>\n\n\r\n    <\/div>\r\n<\/section>\n\n<section id=\"ls-section-block_6229db2645d2a\" class=\"ls-section  page-two has-background has-color-3-background-color\" >\r\n        <div class=\"container \">\r\n        \n\n<div class=\"wp-block-columns has-color-white-color has-text-color is-layout-flex wp-container-core-columns-is-layout-9d6595d7 wp-block-columns-is-layout-flex\">\n<div class=\"wp-block-column is-vertically-aligned-center is-layout-flow wp-block-column-is-layout-flow\">\n<h2 class=\"ls__heading has-color-black-color has-text-color wp-block-heading\" id=\"editeur-du-site\"><mark style=\"background-color:rgba(0, 0, 0, 0)\" class=\"has-inline-color has-color-black-color\">HERAUSGEBER DER SEITE<\/mark><\/h2>\n\n\n\n<p class=\"ls-paragraph\">Sodistour<\/p>\n\n\n\n<p class=\"ls-paragraph\">Adresse : 10 rue du Faubourg Montmartre 75009 Paris<\/p>\n\n\n\n<p class=\"ls-paragraph\">AGENCE TOURISTRA VACANCES LYON<br>Tel : 04 72 41 75 31<br><br>TOURISTRA VACANCES EST<br>T\u00e9l. : 03 87 71 66 10<\/p>\n\n\n\n<p class=\"ls-paragraph\">Fax : 01 44 83 43 74&nbsp;<\/p>\n\n\n\n<p class=\"ls-paragraph\">E-mail : contact@touristravacances.com<\/p>\n\n\n\n<p class=\"ls-paragraph\">SIRET : 33823489100327<\/p>\n\n\n\n<p class=\"ls-paragraph\">Tva Intrakommunal : FR04338234891<\/p>\n\n\n\n<p class=\"ls-paragraph\">Verantwortlich f\u00fcr die Ver\u00f6ffentlichung: M Pierre TOUCHET<\/p>\n\n\n\n<h2 class=\"ls-heading wp-block-heading\" id=\"realisation\"><mark style=\"background-color:rgba(0, 0, 0, 0)\" class=\"has-inline-color has-color-black-color\">REALISIERUNG<\/mark><\/h2>\n\n\n\n<p class=\"ls-paragraph\">GEEK TONIC <br>Repr\u00e9sent\u00e9e par M. Yohan Darmayan en sa qualit\u00e9 de G\u00e9rant<br>Si\u00e8ge social : 1 All\u00e9e Pierre Lat\u00e9co\u00e8re, 64200 Biarritz<br>T\u00e9l : 05 32 74 11 52 <br>E-mail : support@geek-tonic.com <br>Site web : <a href=\"https:\/\/www.geek-tonic.com\" target=\"_blank\" rel=\"noreferrer noopener\">www.geek-tonic.com<\/a> <br>SIRET : 89746755100015 APE : 6201Z<\/p>\n\n\n\n<h2 class=\"ls-heading wp-block-heading\" id=\"droits-d-auteur-et-copyright\"><mark style=\"background-color:rgba(0, 0, 0, 0)\" class=\"has-inline-color has-color-black-color\">URHEBERRECHT UND URHEBERRECHT<\/mark><\/h2>\n\n\n\n<p class=\"ls-paragraph\">Der gesamte Inhalt dieser Website unterliegt dem Urheberrecht sowie dem geistigen Eigentum der franz\u00f6sischen Gesetzgebung. Jede Vervielf\u00e4ltigung (einschlie\u00dflich Fotos, Icons und herunterladbarer Dokumente) ist ohne vorherige Zustimmung von GEEKTONIC untersagt. Die Vervielf\u00e4ltigung der gesamten oder eines Teils der Website auf einem elektronischen Datentr\u00e4ger in einem Papier- oder elektronischen Format ist untersagt. Geektonic lehnt jede Verantwortung f\u00fcr den auf der Website vorhandenen Inhalt ab. Geektonic lehnt ebenfalls jede Verantwortung f\u00fcr externe Links ab, die auf die vorliegende Website verweisen.<\/p>\n\n\n\n<h2 class=\"ls-heading wp-block-heading\" id=\"donnees-personnelles-et-informations-nominatives\"><mark style=\"background-color:rgba(0, 0, 0, 0)\" class=\"has-inline-color has-color-black-color\">PERS\u00d6NLICHE DATEN UND NAMENTLICHE INFORMATIONEN<\/mark><\/h2>\n\n\n\n<p class=\"ls-paragraph\">Sie haben ein Recht auf Zugang, \u00c4nderung, Berichtigung und L\u00f6schung der Sie betreffenden Daten gem\u00e4\u00df Artikel 34 des Gesetzes &#8222;Informatique et Libert\u00e9s&#8220; Nr. 78-17 vom 6. Januar 1978, ge\u00e4ndert am 6. August 2004. Um dieses Zugangsrecht zu entfalten, k\u00f6nnen Sie es durch eine einfache schriftliche Anfrage an den Herausgeber der Website geltend machen.<\/p>\n\n\n\n<h2 class=\"ls-heading wp-block-heading\" id=\"legislation\"><mark style=\"background-color:rgba(0, 0, 0, 0)\" class=\"has-inline-color has-color-black-color\">LEGISLATION<\/mark><\/h2>\n\n\n\n<p class=\"ls-paragraph\">Gem\u00e4\u00df dem Gesetz vom 11. M\u00e4rz 1957 (Art. 41) und dem Gesetz \u00fcber geistiges Eigentum vom 1. Juli 1992 ist es verboten, einen Teil der Website ohne vorherige Genehmigung des Herausgebers der Website teilweise oder vollst\u00e4ndig zu vervielf\u00e4ltigen. Die Logos, Bilder, Fotos, Videos, Grafiken und Texte sind Eigentum ihrer jeweiligen Besitzer. Diese Website kann ohne ihr Wissen mit anderen Websites \u00fcber Hypermedia-Links verbunden sein. Der Herausgeber der Website lehnt jede Verantwortung f\u00fcr die auf diesen anderen Websites dargestellten Informationen ab. Der Internetnutzer erkennt an, dass die Nutzung dieser Website dem franz\u00f6sischen Recht unterliegt.<\/p>\n<\/div>\n<\/div>\n\n\r\n    <\/div>\r\n<\/section>","protected":false},"excerpt":{"rendered":"","protected":false},"author":1,"featured_media":7656,"parent":0,"menu_order":0,"comment_status":"closed","ping_status":"closed","template":"","meta":{"_acf_changed":false,"footnotes":""},"sujet":[],"class_list":["post-7003","page","type-page","status-publish","has-post-thumbnail","hentry"],"acf":[],"yoast_head":"<!-- This site is optimized with the Yoast SEO plugin v26.7 - https:\/\/yoast.com\/wordpress\/plugins\/seo\/ -->\n<title>Rechtliche Hinweise | Ctoncamping<\/title>\n<meta name=\"robots\" content=\"noindex, nofollow\" \/>\n<meta property=\"og:locale\" content=\"de_DE\" \/>\n<meta property=\"og:type\" content=\"article\" \/>\n<meta property=\"og:title\" content=\"Rechtliche Hinweise | Ctoncamping\" \/>\n<meta property=\"og:url\" content=\"https:\/\/martegaou.eldapps.com\/de\/legale-erwaehnungen\/\" \/>\n<meta property=\"og:site_name\" content=\"Martegaou\" \/>\n<meta property=\"article:modified_time\" content=\"2022-10-11T14:32:09+00:00\" \/>\n<meta property=\"og:image\" content=\"https:\/\/martegaou.eldapps.com\/wp-content\/uploads\/2022\/06\/camping-ctoncamping.jpg\" \/>\n\t<meta property=\"og:image:width\" content=\"1901\" \/>\n\t<meta property=\"og:image:height\" content=\"550\" \/>\n\t<meta property=\"og:image:type\" content=\"image\/jpeg\" \/>\n<meta name=\"twitter:card\" content=\"summary_large_image\" \/>\n<meta name=\"twitter:label1\" content=\"Gesch\u00e4tzte Lesezeit\" \/>\n\t<meta name=\"twitter:data1\" content=\"2\u00a0Minuten\" \/>\n<script type=\"application\/ld+json\" class=\"yoast-schema-graph\">{\"@context\":\"https:\/\/schema.org\",\"@graph\":[{\"@type\":\"WebPage\",\"@id\":\"https:\/\/martegaou.eldapps.com\/de\/legale-erwaehnungen\/\",\"url\":\"https:\/\/martegaou.eldapps.com\/de\/legale-erwaehnungen\/\",\"name\":\"Rechtliche Hinweise | Ctoncamping\",\"isPartOf\":{\"@id\":\"https:\/\/martegaou.eldapps.com\/#website\"},\"primaryImageOfPage\":{\"@id\":\"https:\/\/martegaou.eldapps.com\/de\/legale-erwaehnungen\/#primaryimage\"},\"image\":{\"@id\":\"https:\/\/martegaou.eldapps.com\/de\/legale-erwaehnungen\/#primaryimage\"},\"thumbnailUrl\":\"https:\/\/martegaou.eldapps.com\/wp-content\/uploads\/2022\/06\/camping-ctoncamping.jpg\",\"datePublished\":\"2022-04-25T12:10:19+00:00\",\"dateModified\":\"2022-10-11T14:32:09+00:00\",\"breadcrumb\":{\"@id\":\"https:\/\/martegaou.eldapps.com\/de\/legale-erwaehnungen\/#breadcrumb\"},\"inLanguage\":\"de\",\"potentialAction\":[{\"@type\":\"ReadAction\",\"target\":[\"https:\/\/martegaou.eldapps.com\/de\/legale-erwaehnungen\/\"]}]},{\"@type\":\"ImageObject\",\"inLanguage\":\"de\",\"@id\":\"https:\/\/martegaou.eldapps.com\/de\/legale-erwaehnungen\/#primaryimage\",\"url\":\"https:\/\/martegaou.eldapps.com\/wp-content\/uploads\/2022\/06\/camping-ctoncamping.jpg\",\"contentUrl\":\"https:\/\/martegaou.eldapps.com\/wp-content\/uploads\/2022\/06\/camping-ctoncamping.jpg\",\"width\":1901,\"height\":550,\"caption\":\"camping ctoncamping\"},{\"@type\":\"BreadcrumbList\",\"@id\":\"https:\/\/martegaou.eldapps.com\/de\/legale-erwaehnungen\/#breadcrumb\",\"itemListElement\":[{\"@type\":\"ListItem\",\"position\":1,\"name\":\"Camping Bouches-du-Rh\u00f4ne\",\"item\":\"https:\/\/martegaou.eldapps.com\/de\/\"},{\"@type\":\"ListItem\",\"position\":2,\"name\":\"Rechtliche Hinweise\"}]},{\"@type\":\"WebSite\",\"@id\":\"https:\/\/martegaou.eldapps.com\/#website\",\"url\":\"https:\/\/martegaou.eldapps.com\/\",\"name\":\"Martegaou\",\"description\":\"\",\"publisher\":{\"@id\":\"https:\/\/martegaou.eldapps.com\/#organization\"},\"potentialAction\":[{\"@type\":\"SearchAction\",\"target\":{\"@type\":\"EntryPoint\",\"urlTemplate\":\"https:\/\/martegaou.eldapps.com\/?s={search_term_string}\"},\"query-input\":{\"@type\":\"PropertyValueSpecification\",\"valueRequired\":true,\"valueName\":\"search_term_string\"}}],\"inLanguage\":\"de\"},{\"@type\":\"Organization\",\"@id\":\"https:\/\/martegaou.eldapps.com\/#organization\",\"name\":\"Ctoncamping\",\"url\":\"https:\/\/martegaou.eldapps.com\/\",\"logo\":{\"@type\":\"ImageObject\",\"inLanguage\":\"de\",\"@id\":\"https:\/\/martegaou.eldapps.com\/#\/schema\/logo\/image\/\",\"url\":\"https:\/\/martegaou.eldapps.com\/wp-content\/uploads\/2022\/03\/logo-alt-ctoncamping.png\",\"contentUrl\":\"https:\/\/martegaou.eldapps.com\/wp-content\/uploads\/2022\/03\/logo-alt-ctoncamping.png\",\"width\":402,\"height\":72,\"caption\":\"Ctoncamping\"},\"image\":{\"@id\":\"https:\/\/martegaou.eldapps.com\/#\/schema\/logo\/image\/\"}}]}<\/script>\n<!-- \/ Yoast SEO plugin. -->","yoast_head_json":{"title":"Rechtliche Hinweise | Ctoncamping","robots":{"index":"noindex","follow":"nofollow"},"og_locale":"de_DE","og_type":"article","og_title":"Rechtliche Hinweise | Ctoncamping","og_url":"https:\/\/martegaou.eldapps.com\/de\/legale-erwaehnungen\/","og_site_name":"Martegaou","article_modified_time":"2022-10-11T14:32:09+00:00","og_image":[{"width":1901,"height":550,"url":"https:\/\/martegaou.eldapps.com\/wp-content\/uploads\/2022\/06\/camping-ctoncamping.jpg","type":"image\/jpeg"}],"twitter_card":"summary_large_image","twitter_misc":{"Gesch\u00e4tzte Lesezeit":"2\u00a0Minuten"},"schema":{"@context":"https:\/\/schema.org","@graph":[{"@type":"WebPage","@id":"https:\/\/martegaou.eldapps.com\/de\/legale-erwaehnungen\/","url":"https:\/\/martegaou.eldapps.com\/de\/legale-erwaehnungen\/","name":"Rechtliche Hinweise | Ctoncamping","isPartOf":{"@id":"https:\/\/martegaou.eldapps.com\/#website"},"primaryImageOfPage":{"@id":"https:\/\/martegaou.eldapps.com\/de\/legale-erwaehnungen\/#primaryimage"},"image":{"@id":"https:\/\/martegaou.eldapps.com\/de\/legale-erwaehnungen\/#primaryimage"},"thumbnailUrl":"https:\/\/martegaou.eldapps.com\/wp-content\/uploads\/2022\/06\/camping-ctoncamping.jpg","datePublished":"2022-04-25T12:10:19+00:00","dateModified":"2022-10-11T14:32:09+00:00","breadcrumb":{"@id":"https:\/\/martegaou.eldapps.com\/de\/legale-erwaehnungen\/#breadcrumb"},"inLanguage":"de","potentialAction":[{"@type":"ReadAction","target":["https:\/\/martegaou.eldapps.com\/de\/legale-erwaehnungen\/"]}]},{"@type":"ImageObject","inLanguage":"de","@id":"https:\/\/martegaou.eldapps.com\/de\/legale-erwaehnungen\/#primaryimage","url":"https:\/\/martegaou.eldapps.com\/wp-content\/uploads\/2022\/06\/camping-ctoncamping.jpg","contentUrl":"https:\/\/martegaou.eldapps.com\/wp-content\/uploads\/2022\/06\/camping-ctoncamping.jpg","width":1901,"height":550,"caption":"camping ctoncamping"},{"@type":"BreadcrumbList","@id":"https:\/\/martegaou.eldapps.com\/de\/legale-erwaehnungen\/#breadcrumb","itemListElement":[{"@type":"ListItem","position":1,"name":"Camping Bouches-du-Rh\u00f4ne","item":"https:\/\/martegaou.eldapps.com\/de\/"},{"@type":"ListItem","position":2,"name":"Rechtliche Hinweise"}]},{"@type":"WebSite","@id":"https:\/\/martegaou.eldapps.com\/#website","url":"https:\/\/martegaou.eldapps.com\/","name":"Martegaou","description":"","publisher":{"@id":"https:\/\/martegaou.eldapps.com\/#organization"},"potentialAction":[{"@type":"SearchAction","target":{"@type":"EntryPoint","urlTemplate":"https:\/\/martegaou.eldapps.com\/?s={search_term_string}"},"query-input":{"@type":"PropertyValueSpecification","valueRequired":true,"valueName":"search_term_string"}}],"inLanguage":"de"},{"@type":"Organization","@id":"https:\/\/martegaou.eldapps.com\/#organization","name":"Ctoncamping","url":"https:\/\/martegaou.eldapps.com\/","logo":{"@type":"ImageObject","inLanguage":"de","@id":"https:\/\/martegaou.eldapps.com\/#\/schema\/logo\/image\/","url":"https:\/\/martegaou.eldapps.com\/wp-content\/uploads\/2022\/03\/logo-alt-ctoncamping.png","contentUrl":"https:\/\/martegaou.eldapps.com\/wp-content\/uploads\/2022\/03\/logo-alt-ctoncamping.png","width":402,"height":72,"caption":"Ctoncamping"},"image":{"@id":"https:\/\/martegaou.eldapps.com\/#\/schema\/logo\/image\/"}}]}},"_links":{"self":[{"href":"https:\/\/martegaou.eldapps.com\/de\/wp-json\/wp\/v2\/pages\/7003","targetHints":{"allow":["GET"]}}],"collection":[{"href":"https:\/\/martegaou.eldapps.com\/de\/wp-json\/wp\/v2\/pages"}],"about":[{"href":"https:\/\/martegaou.eldapps.com\/de\/wp-json\/wp\/v2\/types\/page"}],"author":[{"embeddable":true,"href":"https:\/\/martegaou.eldapps.com\/de\/wp-json\/wp\/v2\/users\/1"}],"replies":[{"embeddable":true,"href":"https:\/\/martegaou.eldapps.com\/de\/wp-json\/wp\/v2\/comments?post=7003"}],"version-history":[{"count":0,"href":"https:\/\/martegaou.eldapps.com\/de\/wp-json\/wp\/v2\/pages\/7003\/revisions"}],"wp:featuredmedia":[{"embeddable":true,"href":"https:\/\/martegaou.eldapps.com\/de\/wp-json\/wp\/v2\/media\/7656"}],"wp:attachment":[{"href":"https:\/\/martegaou.eldapps.com\/de\/wp-json\/wp\/v2\/media?parent=7003"}],"wp:term":[{"taxonomy":"sujet","embeddable":true,"href":"https:\/\/martegaou.eldapps.com\/de\/wp-json\/wp\/v2\/sujet?post=7003"}],"curies":[{"name":"wp","href":"https:\/\/api.w.org\/{rel}","templated":true}]}}