{"id":6880,"date":"2022-03-10T09:51:45","date_gmt":"2022-03-10T08:51:45","guid":{"rendered":"https:\/\/martegaou.eldapps.com\/contact-acces\/"},"modified":"2022-06-17T15:22:33","modified_gmt":"2022-06-17T13:22:33","slug":"kontakt-zugaenge","status":"publish","type":"page","link":"https:\/\/martegaou.eldapps.com\/de\/kontakt-zugaenge\/","title":{"rendered":"Contact"},"content":{"rendered":"<section id=\"ls-section-block_6242faceafadc\" class=\"ls-section  p-t-0 p-b-0\" >\r\n        <div class=\"container \">\r\n        \n\n<h1 class=\"ls__heading has-text-align-center m-b-4 has-color-2-color has-text-color wp-block-heading\">Kontakt und Anreise<br><mark style=\"background-color:rgba(0, 0, 0, 0)\" class=\"has-inline-color has-color-1-color\">zu den Campingpl\u00e4tzen in Martigues<\/mark><\/h1>\n\n\r\n    <\/div>\r\n<\/section>\n\n<section id=\"ls-section-block_6242fadaafadd\" class=\"ls-section  p-t-0 has-background has-color-3-background-color\" >\r\n        <div class=\"container container--wide\">\r\n        \n\n<div class=\"wp-block-columns p-t-6 is-layout-flex wp-container-core-columns-is-layout-9d6595d7 wp-block-columns-is-layout-flex\">\n<div class=\"wp-block-column is-layout-flow wp-block-column-is-layout-flow\">\n<div class=\"wpcf7 no-js\" id=\"wpcf7-f7324-o1\" lang=\"fr-FR\" dir=\"ltr\" data-wpcf7-id=\"7324\">\n<div class=\"screen-reader-response\"><p role=\"status\" aria-live=\"polite\" aria-atomic=\"true\"><\/p> <ul><\/ul><\/div>\n<form action=\"\/de\/wp-json\/wp\/v2\/pages\/6880#wpcf7-f7324-o1\" method=\"post\" class=\"wpcf7-form init\" aria-label=\"Formulaire de contact\" novalidate=\"novalidate\" data-status=\"init\">\n<fieldset class=\"hidden-fields-container\"><input type=\"hidden\" name=\"_wpcf7\" value=\"7324\" \/><input type=\"hidden\" name=\"_wpcf7_version\" value=\"6.1.4\" \/><input type=\"hidden\" name=\"_wpcf7_locale\" value=\"fr_FR\" \/><input type=\"hidden\" name=\"_wpcf7_unit_tag\" value=\"wpcf7-f7324-o1\" \/><input type=\"hidden\" name=\"_wpcf7_container_post\" value=\"0\" \/><input type=\"hidden\" name=\"_wpcf7_posted_data_hash\" value=\"\" \/><input type=\"hidden\" name=\"_wpcf7_recaptcha_response\" value=\"\" \/>\n<\/fieldset>\n<p><label> Ihr Name<br \/>\n<span class=\"wpcf7-form-control-wrap\" data-name=\"your-name\"><input size=\"40\" maxlength=\"400\" class=\"wpcf7-form-control wpcf7-text wpcf7-validates-as-required\" aria-required=\"true\" aria-invalid=\"false\" value=\"\" type=\"text\" name=\"your-name\" \/><\/span> <\/label>\n<\/p>\n<p><label> Ihre E-Mail<br \/>\n<span class=\"wpcf7-form-control-wrap\" data-name=\"your-email\"><input size=\"40\" maxlength=\"400\" class=\"wpcf7-form-control wpcf7-email wpcf7-validates-as-required wpcf7-text wpcf7-validates-as-email\" aria-required=\"true\" aria-invalid=\"false\" value=\"\" type=\"email\" name=\"your-email\" \/><\/span> <\/label>\n<\/p>\n<p><label> Thema<br \/>\n<span class=\"wpcf7-form-control-wrap\" data-name=\"your-subject\"><input size=\"40\" maxlength=\"400\" class=\"wpcf7-form-control wpcf7-text wpcf7-validates-as-required\" aria-required=\"true\" aria-invalid=\"false\" value=\"\" type=\"text\" name=\"your-subject\" \/><\/span> <\/label>\n<\/p>\n<p><label> Ihre Nachricht (optional)<br \/>\n<span class=\"wpcf7-form-control-wrap\" data-name=\"your-message\"><textarea cols=\"40\" rows=\"10\" maxlength=\"2000\" class=\"wpcf7-form-control wpcf7-textarea\" aria-invalid=\"false\" name=\"your-message\"><\/textarea><\/span> <\/label>\n<\/p>\n<p><label class=\"case-a-cocher\"><span>Die aus diesem Formular gesammelten Informationen werden von der Firma SPDTS verarbeitet, um Ihrer Kontaktanfrage nachzukommen. Informationen zu Ihren Rechten und den Datenschutzrichtlinien von SPDTS finden <a href=\"https:\/\/martegaou.eldapps.com\/politique-de-confidentialite\/\" rel=\"nofollow\">Sie hier<\/a>.<\/span><\/label>\n<\/p>\n<p><input class=\"wpcf7-form-control wpcf7-submit has-spinner\" type=\"submit\" value=\"Senden Sie\" \/>\n<\/p><div class=\"wpcf7-response-output\" aria-hidden=\"true\"><\/div>\n<\/form>\n<\/div>\n\n<\/div>\n\n\n\n<div class=\"wp-block-column is-vertically-aligned-center is-layout-flow wp-block-column-is-layout-flow\">\n<h2 class=\"ls-heading wp-block-heading\">Kontakt Ctoncamping<\/h2>\n\n\n\n<p class=\"ls-paragraph\">Das Team von <a href=\"\/de\/\">Ctoncamping in Martigues <\/a>freut sich, Sie f\u00fcr Ihren Aufenthalt im Departement Bouches-du-Rh\u00f4ne begr\u00fc\u00dfen zu d\u00fcrfen. Auf dem Campingplatz L&#8217;Arquet oder in <a href=\"https:\/\/martegaou.eldapps.com\/de\/ferienresidenz-martigues\/\">Les Chalets de la Mer<\/a> werden Sie zweifellos den idealen Ort f\u00fcr Ihren Urlaub finden.<\/p>\n\n\n\n<p class=\"ls-paragraph\">Wenn Sie sich bei der Wahl Ihrer Unterkunft unsicher sind, kontaktieren Sie uns bitte \u00fcber :<\/p>\n\n\n\n<ul class=\"ls-list wp-block-list\"><li>das Kontaktformular,<\/li><li>per E-Mail: <a href=\"https:\/\/martegaou.eldapps.com\/de\/campingplatz-4-sterne-martigues\/\">Camping l&#8217;Arquet<\/a> an arquet.contact@ctoncamping<\/li><li>per Telefon: Camping l&#8217;Arquet unter 04 42 42 81 00; Camping Les Chalets de la Mer unter 04 42 80 73 46.<\/li><\/ul>\n\n\n\n<p class=\"ls-paragraph\">Unser gesamtes Team steht Ihnen gerne zur Verf\u00fcgung, um Sie zu beraten und Ihnen die besten Tipps f\u00fcr den Besuch unserer sch\u00f6nen Region zu geben. Bis bald f\u00fcr Ihren Aufenthalt in Bouches-du-Rh\u00f4ne.<\/p>\n<\/div>\n<\/div>\n\n\r\n    <\/div>\r\n<\/section>\n\n<section id=\"ls-section-block_62430331afadf\" class=\"ls-section  p-b-0\" >\r\n        <div class=\"container container--wide\">\r\n        \n\n<div class=\"wp-block-columns is-layout-flex wp-container-core-columns-is-layout-9d6595d7 wp-block-columns-is-layout-flex\">\n<div class=\"wp-block-column is-vertically-aligned-center p-r-1 p-l-1 is-layout-flow wp-block-column-is-layout-flow\">\n<h2 class=\"ls__heading has-text-align-center wp-block-heading\">Campingplatz L&#8217;Arquet<\/h2>\n\n\n\n<div style=\"height:20px\" aria-hidden=\"true\" class=\"wp-block-spacer\"><\/div>\n\n\n\n<p class=\"ls-paragraph\"><strong>Adresse<\/strong> : Chemin de la Batterie, 13500 Martigues La Couronne<\/p>\n\n\n\n<p class=\"ls-paragraph\"><strong>GPS-Koordinaten<\/strong> : +43.19. 49.184 &#8211; +5\u00b0 3&#8217;26.<\/p>\n\n\n\n<p class=\"ls-paragraph\"><strong><strong>Mit dem Zug<\/strong><\/strong> : Gare de La Couronne \u00e0 1 km.<\/p>\n\n\n\n<p class=\"ls-paragraph\"><strong>Aus Lyon, Aix oder Marseille<\/strong> : A55, Ausfahrt 8 Carry-le-Rouet, dann D9.<\/p>\n\n\n\n<p class=\"ls-paragraph\"><strong>Von Montpellier<\/strong> : A55 Ausfahrt 12 Sausset \/ La Couronne \/ Carr, D5, D49, dann Sausset-Les Pins.<\/p>\n\n\n\n<iframe class=\"gmap-1\" src=\"https:\/\/www.google.com\/maps\/embed?pb=!1m18!1m12!1m3!1d185823.19486362854!2d5.170882397972252!3d43.3040549739918!2m3!1f0!2f0!3f0!3m2!1i1024!2i768!4f13.1!3m3!1m2!1s0x12b620810a723765%3A0x271d9a8f7dd8d571!2sCamping%20L'Arquet-%20C%C3%B4te%20bleue!5e0!3m2!1sfr!2sfr!4v1648559160209!5m2!1sfr!2sfr\" width=\"100%\" height=\"450\" style=\"border:0;\" allowfullscreen=\"\" loading=\"lazy\" referrerpolicy=\"no-referrer-when-downgrade\"><\/iframe>\n<\/div>\n\n\n\n<div class=\"wp-block-column p-r-1 p-l-1 is-layout-flow wp-block-column-is-layout-flow\">\n<h2 class=\"ls__heading has-text-align-center wp-block-heading\">residenz les chalets de la mer<\/h2>\n\n\n\n<div style=\"height:20px\" aria-hidden=\"true\" class=\"wp-block-spacer\"><\/div>\n\n\n\n<p class=\"ls-paragraph\"><strong>Adresse<\/strong> : Rue de la Tramontane, 13500 Martigues Carro<\/p>\n\n\n\n<p class=\"ls-paragraph\"><strong>GPS-Koordinaten<\/strong> : +43\u00b0 19\u201949.184 \/ +5\u00b0 3\u201926.046<\/p>\n\n\n\n<p class=\"ls-paragraph\"><strong>Mit dem Zug<\/strong> : Gare de La Couronne \u00e0 3 km.<\/p>\n\n\n\n<p class=\"ls-paragraph\"><strong>Aus Lyon, Aix oder Marseille<\/strong> : A55, Ausfahrt 8 Carry-le-Rouet, dann D9.<\/p>\n\n\n\n<p class=\"ls-paragraph\"><strong>Von Montpellier<\/strong> : A55 Ausfahrt 12 Sausset \/ La Couronne \/ Carr, D5, D49, dann Sausset-Les Pins.<\/p>\n\n\n\n<iframe src=\"https:\/\/www.google.com\/maps\/embed?pb=!1m18!1m12!1m3!1d525284.3151819645!2d5.129626059680696!3d43.33909590635436!2m3!1f0!2f0!3f0!3m2!1i1024!2i768!4f13.1!3m3!1m2!1s0x12b6208a8e11eacf%3A0x28275e03f6bb0ebe!2sL'Hippocampe%20-%20Les%20Chalets%20de%20la%20Mer!5e0!3m2!1sfr!2sfr!4v1648559037591!5m2!1sfr!2sfr\" width=\"100%\" height=\"450\" style=\"border:0;\" allowfullscreen=\"\" loading=\"lazy\" referrerpolicy=\"no-referrer-when-downgrade\"><\/iframe>\n<\/div>\n<\/div>\n\n\r\n    <\/div>\r\n<\/section>","protected":false},"excerpt":{"rendered":"","protected":false},"author":1,"featured_media":6221,"parent":0,"menu_order":0,"comment_status":"closed","ping_status":"closed","template":"","meta":{"_acf_changed":false,"footnotes":""},"sujet":[],"class_list":["post-6880","page","type-page","status-publish","has-post-thumbnail","hentry"],"acf":[],"yoast_head":"<!-- This site is optimized with the Yoast SEO plugin v26.7 - https:\/\/yoast.com\/wordpress\/plugins\/seo\/ -->\n<title>Kontaktieren Sie Ctoncamping | Kommen Sie zum Camping in Martigues, Bouches-du-Rh\u00f4ne<\/title>\n<meta name=\"robots\" content=\"index, follow, max-snippet:-1, max-image-preview:large, max-video-preview:-1\" \/>\n<link rel=\"canonical\" href=\"https:\/\/martegaou.eldapps.com\/de\/kontakt-zugaenge\/\" \/>\n<meta property=\"og:locale\" content=\"de_DE\" \/>\n<meta property=\"og:type\" content=\"article\" \/>\n<meta property=\"og:title\" content=\"Kontaktieren Sie Ctoncamping | Kommen Sie zum Camping in Martigues, Bouches-du-Rh\u00f4ne\" \/>\n<meta property=\"og:url\" content=\"https:\/\/martegaou.eldapps.com\/de\/kontakt-zugaenge\/\" \/>\n<meta property=\"og:site_name\" content=\"Martegaou\" \/>\n<meta property=\"article:modified_time\" content=\"2022-06-17T13:22:33+00:00\" \/>\n<meta property=\"og:image\" content=\"https:\/\/martegaou.eldapps.com\/wp-content\/uploads\/2022\/03\/contact-ctoncamping.jpg\" \/>\n\t<meta property=\"og:image:width\" content=\"1900\" \/>\n\t<meta property=\"og:image:height\" content=\"550\" \/>\n\t<meta property=\"og:image:type\" content=\"image\/jpeg\" \/>\n<meta name=\"twitter:card\" content=\"summary_large_image\" \/>\n<meta name=\"twitter:label1\" content=\"Gesch\u00e4tzte Lesezeit\" \/>\n\t<meta name=\"twitter:data1\" content=\"2\u00a0Minuten\" \/>\n<script type=\"application\/ld+json\" class=\"yoast-schema-graph\">{\"@context\":\"https:\/\/schema.org\",\"@graph\":[{\"@type\":\"WebPage\",\"@id\":\"https:\/\/martegaou.eldapps.com\/de\/kontakt-zugaenge\/\",\"url\":\"https:\/\/martegaou.eldapps.com\/de\/kontakt-zugaenge\/\",\"name\":\"Kontaktieren Sie Ctoncamping | Kommen Sie zum Camping in Martigues, Bouches-du-Rh\u00f4ne\",\"isPartOf\":{\"@id\":\"https:\/\/martegaou.eldapps.com\/#website\"},\"primaryImageOfPage\":{\"@id\":\"https:\/\/martegaou.eldapps.com\/de\/kontakt-zugaenge\/#primaryimage\"},\"image\":{\"@id\":\"https:\/\/martegaou.eldapps.com\/de\/kontakt-zugaenge\/#primaryimage\"},\"thumbnailUrl\":\"https:\/\/martegaou.eldapps.com\/wp-content\/uploads\/2022\/03\/contact-ctoncamping.jpg\",\"datePublished\":\"2022-03-10T08:51:45+00:00\",\"dateModified\":\"2022-06-17T13:22:33+00:00\",\"breadcrumb\":{\"@id\":\"https:\/\/martegaou.eldapps.com\/de\/kontakt-zugaenge\/#breadcrumb\"},\"inLanguage\":\"de\",\"potentialAction\":[{\"@type\":\"ReadAction\",\"target\":[\"https:\/\/martegaou.eldapps.com\/de\/kontakt-zugaenge\/\"]}]},{\"@type\":\"ImageObject\",\"inLanguage\":\"de\",\"@id\":\"https:\/\/martegaou.eldapps.com\/de\/kontakt-zugaenge\/#primaryimage\",\"url\":\"https:\/\/martegaou.eldapps.com\/wp-content\/uploads\/2022\/03\/contact-ctoncamping.jpg\",\"contentUrl\":\"https:\/\/martegaou.eldapps.com\/wp-content\/uploads\/2022\/03\/contact-ctoncamping.jpg\",\"width\":1900,\"height\":550,\"caption\":\"contact ctoncamping\"},{\"@type\":\"BreadcrumbList\",\"@id\":\"https:\/\/martegaou.eldapps.com\/de\/kontakt-zugaenge\/#breadcrumb\",\"itemListElement\":[{\"@type\":\"ListItem\",\"position\":1,\"name\":\"Camping Bouches-du-Rh\u00f4ne\",\"item\":\"https:\/\/martegaou.eldapps.com\/de\/\"},{\"@type\":\"ListItem\",\"position\":2,\"name\":\"Kontakt\"}]},{\"@type\":\"WebSite\",\"@id\":\"https:\/\/martegaou.eldapps.com\/#website\",\"url\":\"https:\/\/martegaou.eldapps.com\/\",\"name\":\"Martegaou\",\"description\":\"\",\"publisher\":{\"@id\":\"https:\/\/martegaou.eldapps.com\/#organization\"},\"potentialAction\":[{\"@type\":\"SearchAction\",\"target\":{\"@type\":\"EntryPoint\",\"urlTemplate\":\"https:\/\/martegaou.eldapps.com\/?s={search_term_string}\"},\"query-input\":{\"@type\":\"PropertyValueSpecification\",\"valueRequired\":true,\"valueName\":\"search_term_string\"}}],\"inLanguage\":\"de\"},{\"@type\":\"Organization\",\"@id\":\"https:\/\/martegaou.eldapps.com\/#organization\",\"name\":\"Ctoncamping\",\"url\":\"https:\/\/martegaou.eldapps.com\/\",\"logo\":{\"@type\":\"ImageObject\",\"inLanguage\":\"de\",\"@id\":\"https:\/\/martegaou.eldapps.com\/#\/schema\/logo\/image\/\",\"url\":\"https:\/\/martegaou.eldapps.com\/wp-content\/uploads\/2022\/03\/logo-alt-ctoncamping.png\",\"contentUrl\":\"https:\/\/martegaou.eldapps.com\/wp-content\/uploads\/2022\/03\/logo-alt-ctoncamping.png\",\"width\":402,\"height\":72,\"caption\":\"Ctoncamping\"},\"image\":{\"@id\":\"https:\/\/martegaou.eldapps.com\/#\/schema\/logo\/image\/\"}}]}<\/script>\n<!-- \/ Yoast SEO plugin. -->","yoast_head_json":{"title":"Kontaktieren Sie Ctoncamping | Kommen Sie zum Camping in Martigues, Bouches-du-Rh\u00f4ne","robots":{"index":"index","follow":"follow","max-snippet":"max-snippet:-1","max-image-preview":"max-image-preview:large","max-video-preview":"max-video-preview:-1"},"canonical":"https:\/\/martegaou.eldapps.com\/de\/kontakt-zugaenge\/","og_locale":"de_DE","og_type":"article","og_title":"Kontaktieren Sie Ctoncamping | Kommen Sie zum Camping in Martigues, Bouches-du-Rh\u00f4ne","og_url":"https:\/\/martegaou.eldapps.com\/de\/kontakt-zugaenge\/","og_site_name":"Martegaou","article_modified_time":"2022-06-17T13:22:33+00:00","og_image":[{"width":1900,"height":550,"url":"https:\/\/martegaou.eldapps.com\/wp-content\/uploads\/2022\/03\/contact-ctoncamping.jpg","type":"image\/jpeg"}],"twitter_card":"summary_large_image","twitter_misc":{"Gesch\u00e4tzte Lesezeit":"2\u00a0Minuten"},"schema":{"@context":"https:\/\/schema.org","@graph":[{"@type":"WebPage","@id":"https:\/\/martegaou.eldapps.com\/de\/kontakt-zugaenge\/","url":"https:\/\/martegaou.eldapps.com\/de\/kontakt-zugaenge\/","name":"Kontaktieren Sie Ctoncamping | Kommen Sie zum Camping in Martigues, Bouches-du-Rh\u00f4ne","isPartOf":{"@id":"https:\/\/martegaou.eldapps.com\/#website"},"primaryImageOfPage":{"@id":"https:\/\/martegaou.eldapps.com\/de\/kontakt-zugaenge\/#primaryimage"},"image":{"@id":"https:\/\/martegaou.eldapps.com\/de\/kontakt-zugaenge\/#primaryimage"},"thumbnailUrl":"https:\/\/martegaou.eldapps.com\/wp-content\/uploads\/2022\/03\/contact-ctoncamping.jpg","datePublished":"2022-03-10T08:51:45+00:00","dateModified":"2022-06-17T13:22:33+00:00","breadcrumb":{"@id":"https:\/\/martegaou.eldapps.com\/de\/kontakt-zugaenge\/#breadcrumb"},"inLanguage":"de","potentialAction":[{"@type":"ReadAction","target":["https:\/\/martegaou.eldapps.com\/de\/kontakt-zugaenge\/"]}]},{"@type":"ImageObject","inLanguage":"de","@id":"https:\/\/martegaou.eldapps.com\/de\/kontakt-zugaenge\/#primaryimage","url":"https:\/\/martegaou.eldapps.com\/wp-content\/uploads\/2022\/03\/contact-ctoncamping.jpg","contentUrl":"https:\/\/martegaou.eldapps.com\/wp-content\/uploads\/2022\/03\/contact-ctoncamping.jpg","width":1900,"height":550,"caption":"contact ctoncamping"},{"@type":"BreadcrumbList","@id":"https:\/\/martegaou.eldapps.com\/de\/kontakt-zugaenge\/#breadcrumb","itemListElement":[{"@type":"ListItem","position":1,"name":"Camping Bouches-du-Rh\u00f4ne","item":"https:\/\/martegaou.eldapps.com\/de\/"},{"@type":"ListItem","position":2,"name":"Kontakt"}]},{"@type":"WebSite","@id":"https:\/\/martegaou.eldapps.com\/#website","url":"https:\/\/martegaou.eldapps.com\/","name":"Martegaou","description":"","publisher":{"@id":"https:\/\/martegaou.eldapps.com\/#organization"},"potentialAction":[{"@type":"SearchAction","target":{"@type":"EntryPoint","urlTemplate":"https:\/\/martegaou.eldapps.com\/?s={search_term_string}"},"query-input":{"@type":"PropertyValueSpecification","valueRequired":true,"valueName":"search_term_string"}}],"inLanguage":"de"},{"@type":"Organization","@id":"https:\/\/martegaou.eldapps.com\/#organization","name":"Ctoncamping","url":"https:\/\/martegaou.eldapps.com\/","logo":{"@type":"ImageObject","inLanguage":"de","@id":"https:\/\/martegaou.eldapps.com\/#\/schema\/logo\/image\/","url":"https:\/\/martegaou.eldapps.com\/wp-content\/uploads\/2022\/03\/logo-alt-ctoncamping.png","contentUrl":"https:\/\/martegaou.eldapps.com\/wp-content\/uploads\/2022\/03\/logo-alt-ctoncamping.png","width":402,"height":72,"caption":"Ctoncamping"},"image":{"@id":"https:\/\/martegaou.eldapps.com\/#\/schema\/logo\/image\/"}}]}},"_links":{"self":[{"href":"https:\/\/martegaou.eldapps.com\/de\/wp-json\/wp\/v2\/pages\/6880","targetHints":{"allow":["GET"]}}],"collection":[{"href":"https:\/\/martegaou.eldapps.com\/de\/wp-json\/wp\/v2\/pages"}],"about":[{"href":"https:\/\/martegaou.eldapps.com\/de\/wp-json\/wp\/v2\/types\/page"}],"author":[{"embeddable":true,"href":"https:\/\/martegaou.eldapps.com\/de\/wp-json\/wp\/v2\/users\/1"}],"replies":[{"embeddable":true,"href":"https:\/\/martegaou.eldapps.com\/de\/wp-json\/wp\/v2\/comments?post=6880"}],"version-history":[{"count":0,"href":"https:\/\/martegaou.eldapps.com\/de\/wp-json\/wp\/v2\/pages\/6880\/revisions"}],"wp:featuredmedia":[{"embeddable":true,"href":"https:\/\/martegaou.eldapps.com\/de\/wp-json\/wp\/v2\/media\/6221"}],"wp:attachment":[{"href":"https:\/\/martegaou.eldapps.com\/de\/wp-json\/wp\/v2\/media?parent=6880"}],"wp:term":[{"taxonomy":"sujet","embeddable":true,"href":"https:\/\/martegaou.eldapps.com\/de\/wp-json\/wp\/v2\/sujet?post=6880"}],"curies":[{"name":"wp","href":"https:\/\/api.w.org\/{rel}","templated":true}]}}