{"id":6868,"date":"2022-03-24T11:41:42","date_gmt":"2022-03-24T10:41:42","guid":{"rendered":"https:\/\/martegaou.eldapps.com\/residence-vacances-martigues\/vacances-familiale-martigues\/"},"modified":"2022-09-02T11:09:58","modified_gmt":"2022-09-02T09:09:58","slug":"familienurlaub-martigues","status":"publish","type":"page","link":"https:\/\/martegaou.eldapps.com\/de\/ferienresidenz-martigues\/familienurlaub-martigues\/","title":{"rendered":"Services &#8211; les chalets de la mer"},"content":{"rendered":"<section id=\"ls-section-block_622f4e73b7892\" class=\"ls-section  page-one\" >\r\n        <div class=\"container container--wide\">\r\n        \n\n<h1 class=\"ls__heading has-text-align-center has-color-2-color has-text-color wp-block-heading\">Die Chalets am Meer<br><mark style=\"background-color:rgba(0, 0, 0, 0)\" class=\"has-inline-color has-color-1-color\">in Martigues<\/mark><\/h1>\n\n\r\n    <\/div>\r\n<\/section>\n\n<section id=\"ls-section-block_622b51a7ef6b6\" class=\"ls-section  page-two has-background has-color-1-background-color\" >\r\n        <div class=\"container container--wide\">\r\n        \n\n<div class=\"wp-block-columns are-vertically-aligned-center is-layout-flex wp-container-core-columns-is-layout-9d6595d7 wp-block-columns-is-layout-flex\">\n<div class=\"wp-block-column is-vertically-aligned-center is-layout-flow wp-block-column-is-layout-flow\">\n<h2 class=\"ls-heading wp-block-heading\">Der Empfang der Chalets de la Mer<\/h2>\n\n\n\n<p class=\"ls-paragraph\">Die Rezeption ist von 09:00 bis 19:00 Uhr ge\u00f6ffnet.<\/p>\n\n\n\n<p class=\"ls-paragraph\">Im Juli und August bieten wir Ihnen ein Begr\u00fc\u00dfungsgetr\u00e4nk an, um Ihren Aufenthalt in unserer <a href=\"\/de\/\">Ctoncamping zu beginnen<\/a>.<\/p>\n<\/div>\n\n\n\n<div class=\"wp-block-column is-vertically-aligned-center column-description column-description__camping column-description__camping__chalets no-after animated fadeInRight delay-100ms slow is-layout-flow wp-block-column-is-layout-flow\">\n<figure class=\"wp-block-gallery has-nested-images columns-2 is-cropped img-page-interne wp-block-gallery-1 is-layout-flex wp-block-gallery-is-layout-flex\">\n<figure class=\"wp-block-image size-full\"><a href=\"https:\/\/martegaou.eldapps.com\/wp-content\/uploads\/2022\/04\/accueil.jpg\"><img loading=\"lazy\" decoding=\"async\" width=\"1024\" height=\"683\" data-id=\"6777\" src=\"https:\/\/martegaou.eldapps.com\/wp-content\/uploads\/2022\/04\/accueil.jpg\" alt=\"Accueillant\" class=\"wp-image-6777\" srcset=\"https:\/\/martegaou.eldapps.com\/wp-content\/uploads\/2022\/04\/accueil.jpg 1024w, https:\/\/martegaou.eldapps.com\/wp-content\/uploads\/2022\/04\/accueil-300x200.jpg 300w, https:\/\/martegaou.eldapps.com\/wp-content\/uploads\/2022\/04\/accueil-768x512.jpg 768w\" sizes=\"auto, (max-width: 1024px) 100vw, 1024px\" \/><\/a><\/figure>\n\n\n\n<figure class=\"wp-block-image size-full\"><a href=\"https:\/\/martegaou.eldapps.com\/wp-content\/uploads\/2022\/04\/accueil1.jpg\"><img loading=\"lazy\" decoding=\"async\" width=\"1024\" height=\"683\" data-id=\"6779\" src=\"https:\/\/martegaou.eldapps.com\/wp-content\/uploads\/2022\/04\/accueil1.jpg\" alt=\"hotesse d'accueil\n\" class=\"wp-image-6779\" srcset=\"https:\/\/martegaou.eldapps.com\/wp-content\/uploads\/2022\/04\/accueil1.jpg 1024w, https:\/\/martegaou.eldapps.com\/wp-content\/uploads\/2022\/04\/accueil1-300x200.jpg 300w, https:\/\/martegaou.eldapps.com\/wp-content\/uploads\/2022\/04\/accueil1-768x512.jpg 768w\" sizes=\"auto, (max-width: 1024px) 100vw, 1024px\" \/><\/a><\/figure>\n\n\n\n<figure class=\"wp-block-image size-large\"><a href=\"https:\/\/martegaou.eldapps.com\/wp-content\/uploads\/2022\/03\/residence-vacances-familiale-martigues.jpg\"><img loading=\"lazy\" decoding=\"async\" width=\"1024\" height=\"683\" data-id=\"6139\" src=\"https:\/\/martegaou.eldapps.com\/wp-content\/uploads\/2022\/03\/residence-vacances-familiale-martigues-1024x683.jpg\" alt=\"residence vacances familiale martigues\" class=\"wp-image-6139\" srcset=\"https:\/\/martegaou.eldapps.com\/wp-content\/uploads\/2022\/03\/residence-vacances-familiale-martigues-1024x683.jpg 1024w, https:\/\/martegaou.eldapps.com\/wp-content\/uploads\/2022\/03\/residence-vacances-familiale-martigues-300x200.jpg 300w, https:\/\/martegaou.eldapps.com\/wp-content\/uploads\/2022\/03\/residence-vacances-familiale-martigues-768x512.jpg 768w, https:\/\/martegaou.eldapps.com\/wp-content\/uploads\/2022\/03\/residence-vacances-familiale-martigues.jpg 1200w\" sizes=\"auto, (max-width: 1024px) 100vw, 1024px\" \/><\/a><\/figure>\n\n\n\n<figure class=\"wp-block-image size-large\"><a href=\"https:\/\/martegaou.eldapps.com\/wp-content\/uploads\/2022\/04\/reception-camping-martigues.jpg\"><img loading=\"lazy\" decoding=\"async\" width=\"1024\" height=\"683\" data-id=\"6656\" src=\"https:\/\/martegaou.eldapps.com\/wp-content\/uploads\/2022\/04\/reception-camping-martigues-1024x683.jpg\" alt=\"reception camping martigues\" class=\"wp-image-6656\" srcset=\"https:\/\/martegaou.eldapps.com\/wp-content\/uploads\/2022\/04\/reception-camping-martigues-1024x683.jpg 1024w, https:\/\/martegaou.eldapps.com\/wp-content\/uploads\/2022\/04\/reception-camping-martigues-300x200.jpg 300w, https:\/\/martegaou.eldapps.com\/wp-content\/uploads\/2022\/04\/reception-camping-martigues-768x512.jpg 768w, https:\/\/martegaou.eldapps.com\/wp-content\/uploads\/2022\/04\/reception-camping-martigues.jpg 1200w\" sizes=\"auto, (max-width: 1024px) 100vw, 1024px\" \/><\/a><\/figure>\n<\/figure>\n<\/div>\n<\/div>\n\n\r\n    <\/div>\r\n<\/section>\n\n<section id=\"ls-section-block_622f504cb7894\" class=\"ls-section  page-two\" >\r\n        <div class=\"container container--wide\">\r\n        \n\n<div class=\"wp-block-columns are-vertically-aligned-center is-layout-flex wp-container-core-columns-is-layout-9d6595d7 wp-block-columns-is-layout-flex\">\n<div class=\"wp-block-column is-vertically-aligned-center column-description column-description__camping column-description__camping__chalets no-after animated fadeInLeft delay-100ms slow is-layout-flow wp-block-column-is-layout-flow\">\n<figure class=\"wp-block-gallery has-nested-images columns-2 is-cropped img-page-interne wp-block-gallery-2 is-layout-flex wp-block-gallery-is-layout-flex\">\n<figure class=\"wp-block-image size-large\"><a href=\"https:\/\/martegaou.eldapps.com\/wp-content\/uploads\/2022\/04\/bar-martigues-1.jpg\"><img loading=\"lazy\" decoding=\"async\" width=\"1024\" height=\"683\" data-id=\"6652\" src=\"https:\/\/martegaou.eldapps.com\/wp-content\/uploads\/2022\/04\/bar-martigues-1-1024x683.jpg\" alt=\"bar martigues\" class=\"wp-image-6652\" srcset=\"https:\/\/martegaou.eldapps.com\/wp-content\/uploads\/2022\/04\/bar-martigues-1-1024x683.jpg 1024w, https:\/\/martegaou.eldapps.com\/wp-content\/uploads\/2022\/04\/bar-martigues-1-300x200.jpg 300w, https:\/\/martegaou.eldapps.com\/wp-content\/uploads\/2022\/04\/bar-martigues-1-768x512.jpg 768w, https:\/\/martegaou.eldapps.com\/wp-content\/uploads\/2022\/04\/bar-martigues-1.jpg 1200w\" sizes=\"auto, (max-width: 1024px) 100vw, 1024px\" \/><\/a><\/figure>\n\n\n\n<figure class=\"wp-block-image size-large\"><a href=\"https:\/\/martegaou.eldapps.com\/wp-content\/uploads\/2022\/03\/residence-vacances-wifi-martigues.jpg\"><img loading=\"lazy\" decoding=\"async\" width=\"1024\" height=\"683\" data-id=\"6133\" src=\"https:\/\/martegaou.eldapps.com\/wp-content\/uploads\/2022\/03\/residence-vacances-wifi-martigues-1024x683.jpg\" alt=\"residence vacances wifi martigues\" class=\"wp-image-6133\" srcset=\"https:\/\/martegaou.eldapps.com\/wp-content\/uploads\/2022\/03\/residence-vacances-wifi-martigues-1024x683.jpg 1024w, https:\/\/martegaou.eldapps.com\/wp-content\/uploads\/2022\/03\/residence-vacances-wifi-martigues-300x200.jpg 300w, https:\/\/martegaou.eldapps.com\/wp-content\/uploads\/2022\/03\/residence-vacances-wifi-martigues-768x512.jpg 768w, https:\/\/martegaou.eldapps.com\/wp-content\/uploads\/2022\/03\/residence-vacances-wifi-martigues.jpg 1200w\" sizes=\"auto, (max-width: 1024px) 100vw, 1024px\" \/><\/a><\/figure>\n\n\n\n<figure class=\"wp-block-image size-large img-page-interne\"><a href=\"https:\/\/martegaou.eldapps.com\/wp-content\/uploads\/2022\/03\/laverie-martigues.jpg\"><img loading=\"lazy\" decoding=\"async\" width=\"1024\" height=\"683\" data-id=\"6127\" src=\"https:\/\/martegaou.eldapps.com\/wp-content\/uploads\/2022\/03\/laverie-martigues-1024x683.jpg\" alt=\"laverie martigues\" class=\"wp-image-6127\" srcset=\"https:\/\/martegaou.eldapps.com\/wp-content\/uploads\/2022\/03\/laverie-martigues-1024x683.jpg 1024w, https:\/\/martegaou.eldapps.com\/wp-content\/uploads\/2022\/03\/laverie-martigues-300x200.jpg 300w, https:\/\/martegaou.eldapps.com\/wp-content\/uploads\/2022\/03\/laverie-martigues-768x512.jpg 768w, https:\/\/martegaou.eldapps.com\/wp-content\/uploads\/2022\/03\/laverie-martigues.jpg 1200w\" sizes=\"auto, (max-width: 1024px) 100vw, 1024px\" \/><\/a><\/figure>\n\n\n\n<figure class=\"wp-block-image size-large\"><a href=\"https:\/\/martegaou.eldapps.com\/wp-content\/uploads\/2022\/03\/laverie-bouches-du-rhone.jpg\"><img loading=\"lazy\" decoding=\"async\" width=\"1024\" height=\"683\" data-id=\"6125\" src=\"https:\/\/martegaou.eldapps.com\/wp-content\/uploads\/2022\/03\/laverie-bouches-du-rhone-1024x683.jpg\" alt=\"laverie bouches du rhone\" class=\"wp-image-6125\" srcset=\"https:\/\/martegaou.eldapps.com\/wp-content\/uploads\/2022\/03\/laverie-bouches-du-rhone-1024x683.jpg 1024w, https:\/\/martegaou.eldapps.com\/wp-content\/uploads\/2022\/03\/laverie-bouches-du-rhone-300x200.jpg 300w, https:\/\/martegaou.eldapps.com\/wp-content\/uploads\/2022\/03\/laverie-bouches-du-rhone-768x512.jpg 768w, https:\/\/martegaou.eldapps.com\/wp-content\/uploads\/2022\/03\/laverie-bouches-du-rhone.jpg 1200w\" sizes=\"auto, (max-width: 1024px) 100vw, 1024px\" \/><\/a><\/figure>\n<\/figure>\n<\/div>\n\n\n\n<div class=\"wp-block-column is-vertically-aligned-center is-layout-flow wp-block-column-is-layout-flow\">\n<h2 class=\"ls-heading wp-block-heading\">Verf\u00fcgbare Dienste<\/h2>\n\n\n\n<h3 class=\"ls-heading wp-block-heading\">Wifi<\/h3>\n\n\n\n<p class=\"ls-paragraph\">W\u00e4hrend Ihres Aufenthalts in Martigues profitieren Sie von einem kostenlosen WLAN-Zugang in der N\u00e4he der Rezeption. Sie m\u00f6chten in Ihrer Unterkunft in Verbindung bleiben? Entdecken Sie alle unsere Wifi-Pakete gegen Aufpreis.<\/p>\n\n\n\n<h3 class=\"ls__heading m-t-6 wp-block-heading\">W\u00e4scherei<\/h3>\n\n\n\n<p class=\"ls-paragraph\">Die W\u00e4scherei verf\u00fcgt \u00fcber Waschmaschinen mit integrierter W\u00e4sche und Trockner. B\u00fcgelbrett und B\u00fcgeleisen sind leihweise erh\u00e4ltlich.<\/p>\n\n\n\n<h3 class=\"ls__heading m-t-6 wp-block-heading\">Der Lebensmittelladen<\/h3>\n\n\n\n<p class=\"ls-paragraph\">Alle Produkte des t\u00e4glichen Bedarfs sind im Lebensmittelgesch\u00e4ft Les Chalets de la Mer erh\u00e4ltlich, das sich an der Rezeption befindet. Ben\u00f6tigen Sie weitere Produkte? Ein Minimarkt ist von Ihrem Urlaubsort aus zu Fu\u00df erreichbar.<\/p>\n<\/div>\n<\/div>\n\n\r\n    <\/div>\r\n<\/section>\n\n<section id=\"ls-section-block_622f5091b7895\" class=\"ls-section  page-three  has-background-image has-parallax\" >\r\n    <div class=\"ls-section__background-image opacity-100\"><img decoding=\"async\" src=\"https:\/\/martegaou.eldapps.com\/wp-content\/uploads\/2022\/03\/residence-vacances-animaux-martigues.jpg\" alt=\"residence vacances animaux martigues\"><\/div>    <div class=\"container \">\r\n        \r\n    <\/div>\r\n<\/section>\n\n<section id=\"ls-section-block_6230725ede62d\" class=\"ls-section  page-four p-t-10 p-b-10 has-background has-color-3-background-color\" >\r\n        <div class=\"container container--wide\">\r\n        \n\n<div class=\"wp-block-columns is-layout-flex wp-container-core-columns-is-layout-9d6595d7 wp-block-columns-is-layout-flex\">\n<div class=\"wp-block-column is-layout-flow wp-block-column-is-layout-flow\">\n<h3 class=\"ls-heading wp-block-heading\">Unsere Leihger\u00e4te<\/h3>\n\n\n\n<p class=\"ls-paragraph\">Machen Sie Ihren Aufenthalt noch komfortabler, indem Sie sich f\u00fcr unsere Leihausr\u00fcstung entscheiden. Junge Eltern reisen mit weniger Gep\u00e4ck und reservieren Bett, Stuhl und Badewanne f\u00fcr Ihr Baby; nur die Matratze, Bettw\u00e4sche und Decken werden nicht bereitgestellt. Haartrockner, B\u00fcgeleisen und Plancha-Grill f\u00fcr Ihre sommerlichen Grillabende sind ebenfalls vorhanden.<\/p>\n\n\n\n<p class=\"ls-paragraph\">Diese Einrichtungen sind abh\u00e4ngig von der Verf\u00fcgbarkeit, bitte z\u00f6gern Sie nicht, sie im Voraus zu buchen.<\/p>\n<\/div>\n\n\n\n<div class=\"wp-block-column is-layout-flow wp-block-column-is-layout-flow\">\n<h3 class=\"ls-heading wp-block-heading\">Reisen Sie mit Ihren Tieren<\/h3>\n\n\n\n<p class=\"ls-paragraph\">Ihre treuen Begleiter sind in Les Chalets de la Mer herzlich willkommen! Wir akzeptieren ein Tier pro Mietunterkunft. Tiere der 1. und 2. Kategorie sowie NAC sind nicht erlaubt.<\/p>\n<\/div>\n<\/div>\n\n\r\n    <\/div>\r\n<\/section>\n\n<section id=\"ls-section-block_622f51c6b7896\" class=\"ls-section  bloc-cta-fin-page\" >\r\n        <div class=\"container container--wide\">\r\n        \n\n<div id=\"ls-heading ls-titre-div-block_622f5219b7897\" class=\"ls-titre-div aligncenter h2-like\" >\n    Verfeinern Sie Ihre Br\u00e4une am Pool und essen Sie in der Snackbar.<\/div>\n\n\n\n<div class=\"wp-block-columns is-layout-flex wp-container-core-columns-is-layout-9d6595d7 wp-block-columns-is-layout-flex\">\n<div class=\"wp-block-column is-layout-flow wp-block-column-is-layout-flow\">\r\n<div id=\"ls-cta-block_62276ee6d5a28\" class=\"ls-cta\">  \r\n    \n\n<a href=\"https:\/\/martegaou.eldapps.com\/de\/ferienresidenz-martigues\/wiederherstellung-martigues\/\" target=\"\" rel=\"noopener\" class=\"ls-cta__link\">\n\n\t<div class=\"ls-cta__image\"><img decoding=\"async\" src=\"https:\/\/martegaou.eldapps.com\/wp-content\/uploads\/2022\/04\/pizza-snack-arquet.jpg\" alt=\"pizza snack arquet\"><\/div>\n\t<div class=\"ls-cta__text\">\n\t\t<div class=\"ls-cta__title\">\n\t\t\tRestaurant\t\t<\/div>\n\n\t\t\t\t\t<div class=\"ls-cta__description\">\n\t\t\t\tEntdecken Sie\t\t\t<\/div>\n\t\t\t<\/div>\n\n<\/a><\/div><\/div>\n\n\n\n<div class=\"wp-block-column is-layout-flow wp-block-column-is-layout-flow\">\r\n<div id=\"ls-cta-block_62276ed0d5a27\" class=\"ls-cta\">  \r\n    \n\n<a href=\"https:\/\/martegaou.eldapps.com\/de\/ferienresidenz-martigues\/familienurlaub-martigues\/\" target=\"\" rel=\"noopener\" class=\"ls-cta__link\">\n\n\t<div class=\"ls-cta__image\"><img decoding=\"async\" src=\"https:\/\/martegaou.eldapps.com\/wp-content\/uploads\/2022\/03\/pisicine-les-chalets-de-la-mer-ctoncamping-768x512.jpg\" alt=\"pisicine les chalets de la mer ctoncamping\"><\/div>\n\t<div class=\"ls-cta__text\">\n\t\t<div class=\"ls-cta__title\">\n\t\t\tSwimmingpool\t\t<\/div>\n\n\t\t\t\t\t<div class=\"ls-cta__description\">\n\t\t\t\tEntdecken Sie\t\t\t<\/div>\n\t\t\t<\/div>\n\n<\/a><\/div><\/div>\n\n\n\n<div class=\"wp-block-column is-layout-flow wp-block-column-is-layout-flow\">\r\n<div id=\"ls-cta-block_6242b976da9d7\" class=\"ls-cta\">  \r\n    \n\n<a href=\"https:\/\/martegaou.eldapps.com\/de\/ferienresidenz-martigues\/stellung-chalet-martigues\/\" target=\"\" rel=\"noopener\" class=\"ls-cta__link\">\n\n\t<div class=\"ls-cta__image\"><img decoding=\"async\" src=\"https:\/\/martegaou.eldapps.com\/wp-content\/uploads\/2022\/03\/location-chalet-bouches-du-rhone.jpg\" alt=\"location chalet bouches du rhone\"><\/div>\n\t<div class=\"ls-cta__text\">\n\t\t<div class=\"ls-cta__title\">\n\t\t\tChalets\t\t<\/div>\n\n\t\t\t\t\t<div class=\"ls-cta__description\">\n\t\t\t\tEntdecken Sie\t\t\t<\/div>\n\t\t\t<\/div>\n\n<\/a><\/div><\/div>\n<\/div>\n\n\r\n    <\/div>\r\n<\/section>","protected":false},"excerpt":{"rendered":"","protected":false},"author":1,"featured_media":6143,"parent":6849,"menu_order":0,"comment_status":"closed","ping_status":"closed","template":"","meta":{"_acf_changed":false,"footnotes":""},"sujet":[],"class_list":["post-6868","page","type-page","status-publish","has-post-thumbnail","hentry"],"acf":[],"yoast_head":"<!-- This site is optimized with the Yoast SEO plugin v26.7 - https:\/\/yoast.com\/wordpress\/plugins\/seo\/ -->\n<title>Les chalets de la mer in martigues | Lebensmittelgesch\u00e4ft Martigues, in der Rhone<\/title>\n<meta name=\"robots\" content=\"index, follow, max-snippet:-1, max-image-preview:large, max-video-preview:-1\" \/>\n<link rel=\"canonical\" href=\"https:\/\/martegaou.eldapps.com\/de\/ferienresidenz-martigues\/familienurlaub-martigues\/\" \/>\n<meta property=\"og:locale\" content=\"de_DE\" \/>\n<meta property=\"og:type\" content=\"article\" \/>\n<meta property=\"og:title\" content=\"Les chalets de la mer in martigues | Lebensmittelgesch\u00e4ft Martigues, in der Rhone\" \/>\n<meta property=\"og:url\" content=\"https:\/\/martegaou.eldapps.com\/de\/ferienresidenz-martigues\/familienurlaub-martigues\/\" \/>\n<meta property=\"og:site_name\" content=\"Martegaou\" \/>\n<meta property=\"article:modified_time\" content=\"2022-09-02T09:09:58+00:00\" \/>\n<meta property=\"og:image\" content=\"https:\/\/martegaou.eldapps.com\/wp-content\/uploads\/2022\/03\/residence-vacances-familiale-bouches-du-rhone.jpg\" \/>\n\t<meta property=\"og:image:width\" content=\"1900\" \/>\n\t<meta property=\"og:image:height\" content=\"550\" \/>\n\t<meta property=\"og:image:type\" content=\"image\/jpeg\" \/>\n<meta name=\"twitter:card\" content=\"summary_large_image\" \/>\n<meta name=\"twitter:label1\" content=\"Gesch\u00e4tzte Lesezeit\" \/>\n\t<meta name=\"twitter:data1\" content=\"3\u00a0Minuten\" \/>\n<script type=\"application\/ld+json\" class=\"yoast-schema-graph\">{\"@context\":\"https:\/\/schema.org\",\"@graph\":[{\"@type\":\"WebPage\",\"@id\":\"https:\/\/martegaou.eldapps.com\/de\/ferienresidenz-martigues\/familienurlaub-martigues\/\",\"url\":\"https:\/\/martegaou.eldapps.com\/de\/ferienresidenz-martigues\/familienurlaub-martigues\/\",\"name\":\"Les chalets de la mer in martigues | Lebensmittelgesch\u00e4ft Martigues, in der Rhone\",\"isPartOf\":{\"@id\":\"https:\/\/martegaou.eldapps.com\/#website\"},\"primaryImageOfPage\":{\"@id\":\"https:\/\/martegaou.eldapps.com\/de\/ferienresidenz-martigues\/familienurlaub-martigues\/#primaryimage\"},\"image\":{\"@id\":\"https:\/\/martegaou.eldapps.com\/de\/ferienresidenz-martigues\/familienurlaub-martigues\/#primaryimage\"},\"thumbnailUrl\":\"https:\/\/martegaou.eldapps.com\/wp-content\/uploads\/2022\/03\/residence-vacances-familiale-bouches-du-rhone.jpg\",\"datePublished\":\"2022-03-24T10:41:42+00:00\",\"dateModified\":\"2022-09-02T09:09:58+00:00\",\"breadcrumb\":{\"@id\":\"https:\/\/martegaou.eldapps.com\/de\/ferienresidenz-martigues\/familienurlaub-martigues\/#breadcrumb\"},\"inLanguage\":\"de\",\"potentialAction\":[{\"@type\":\"ReadAction\",\"target\":[\"https:\/\/martegaou.eldapps.com\/de\/ferienresidenz-martigues\/familienurlaub-martigues\/\"]}]},{\"@type\":\"ImageObject\",\"inLanguage\":\"de\",\"@id\":\"https:\/\/martegaou.eldapps.com\/de\/ferienresidenz-martigues\/familienurlaub-martigues\/#primaryimage\",\"url\":\"https:\/\/martegaou.eldapps.com\/wp-content\/uploads\/2022\/03\/residence-vacances-familiale-bouches-du-rhone.jpg\",\"contentUrl\":\"https:\/\/martegaou.eldapps.com\/wp-content\/uploads\/2022\/03\/residence-vacances-familiale-bouches-du-rhone.jpg\",\"width\":1900,\"height\":550,\"caption\":\"residence vacances familiale bouches du rhone\"},{\"@type\":\"BreadcrumbList\",\"@id\":\"https:\/\/martegaou.eldapps.com\/de\/ferienresidenz-martigues\/familienurlaub-martigues\/#breadcrumb\",\"itemListElement\":[{\"@type\":\"ListItem\",\"position\":1,\"name\":\"Camping Bouches-du-Rh\u00f4ne\",\"item\":\"https:\/\/martegaou.eldapps.com\/de\/\"},{\"@type\":\"ListItem\",\"position\":2,\"name\":\"Ferienresidenz Les Chalets de la Mer\",\"item\":\"https:\/\/martegaou.eldapps.com\/de\/ferienresidenz-martigues\/\"},{\"@type\":\"ListItem\",\"position\":3,\"name\":\"Lebensmittelgesch\u00e4ft und W\u00e4scherei in Martigues\"}]},{\"@type\":\"WebSite\",\"@id\":\"https:\/\/martegaou.eldapps.com\/#website\",\"url\":\"https:\/\/martegaou.eldapps.com\/\",\"name\":\"Martegaou\",\"description\":\"\",\"publisher\":{\"@id\":\"https:\/\/martegaou.eldapps.com\/#organization\"},\"potentialAction\":[{\"@type\":\"SearchAction\",\"target\":{\"@type\":\"EntryPoint\",\"urlTemplate\":\"https:\/\/martegaou.eldapps.com\/?s={search_term_string}\"},\"query-input\":{\"@type\":\"PropertyValueSpecification\",\"valueRequired\":true,\"valueName\":\"search_term_string\"}}],\"inLanguage\":\"de\"},{\"@type\":\"Organization\",\"@id\":\"https:\/\/martegaou.eldapps.com\/#organization\",\"name\":\"Ctoncamping\",\"url\":\"https:\/\/martegaou.eldapps.com\/\",\"logo\":{\"@type\":\"ImageObject\",\"inLanguage\":\"de\",\"@id\":\"https:\/\/martegaou.eldapps.com\/#\/schema\/logo\/image\/\",\"url\":\"https:\/\/martegaou.eldapps.com\/wp-content\/uploads\/2022\/03\/logo-alt-ctoncamping.png\",\"contentUrl\":\"https:\/\/martegaou.eldapps.com\/wp-content\/uploads\/2022\/03\/logo-alt-ctoncamping.png\",\"width\":402,\"height\":72,\"caption\":\"Ctoncamping\"},\"image\":{\"@id\":\"https:\/\/martegaou.eldapps.com\/#\/schema\/logo\/image\/\"}}]}<\/script>\n<!-- \/ Yoast SEO plugin. -->","yoast_head_json":{"title":"Les chalets de la mer in martigues | Lebensmittelgesch\u00e4ft Martigues, in der Rhone","robots":{"index":"index","follow":"follow","max-snippet":"max-snippet:-1","max-image-preview":"max-image-preview:large","max-video-preview":"max-video-preview:-1"},"canonical":"https:\/\/martegaou.eldapps.com\/de\/ferienresidenz-martigues\/familienurlaub-martigues\/","og_locale":"de_DE","og_type":"article","og_title":"Les chalets de la mer in martigues | Lebensmittelgesch\u00e4ft Martigues, in der Rhone","og_url":"https:\/\/martegaou.eldapps.com\/de\/ferienresidenz-martigues\/familienurlaub-martigues\/","og_site_name":"Martegaou","article_modified_time":"2022-09-02T09:09:58+00:00","og_image":[{"width":1900,"height":550,"url":"https:\/\/martegaou.eldapps.com\/wp-content\/uploads\/2022\/03\/residence-vacances-familiale-bouches-du-rhone.jpg","type":"image\/jpeg"}],"twitter_card":"summary_large_image","twitter_misc":{"Gesch\u00e4tzte Lesezeit":"3\u00a0Minuten"},"schema":{"@context":"https:\/\/schema.org","@graph":[{"@type":"WebPage","@id":"https:\/\/martegaou.eldapps.com\/de\/ferienresidenz-martigues\/familienurlaub-martigues\/","url":"https:\/\/martegaou.eldapps.com\/de\/ferienresidenz-martigues\/familienurlaub-martigues\/","name":"Les chalets de la mer in martigues | Lebensmittelgesch\u00e4ft Martigues, in der Rhone","isPartOf":{"@id":"https:\/\/martegaou.eldapps.com\/#website"},"primaryImageOfPage":{"@id":"https:\/\/martegaou.eldapps.com\/de\/ferienresidenz-martigues\/familienurlaub-martigues\/#primaryimage"},"image":{"@id":"https:\/\/martegaou.eldapps.com\/de\/ferienresidenz-martigues\/familienurlaub-martigues\/#primaryimage"},"thumbnailUrl":"https:\/\/martegaou.eldapps.com\/wp-content\/uploads\/2022\/03\/residence-vacances-familiale-bouches-du-rhone.jpg","datePublished":"2022-03-24T10:41:42+00:00","dateModified":"2022-09-02T09:09:58+00:00","breadcrumb":{"@id":"https:\/\/martegaou.eldapps.com\/de\/ferienresidenz-martigues\/familienurlaub-martigues\/#breadcrumb"},"inLanguage":"de","potentialAction":[{"@type":"ReadAction","target":["https:\/\/martegaou.eldapps.com\/de\/ferienresidenz-martigues\/familienurlaub-martigues\/"]}]},{"@type":"ImageObject","inLanguage":"de","@id":"https:\/\/martegaou.eldapps.com\/de\/ferienresidenz-martigues\/familienurlaub-martigues\/#primaryimage","url":"https:\/\/martegaou.eldapps.com\/wp-content\/uploads\/2022\/03\/residence-vacances-familiale-bouches-du-rhone.jpg","contentUrl":"https:\/\/martegaou.eldapps.com\/wp-content\/uploads\/2022\/03\/residence-vacances-familiale-bouches-du-rhone.jpg","width":1900,"height":550,"caption":"residence vacances familiale bouches du rhone"},{"@type":"BreadcrumbList","@id":"https:\/\/martegaou.eldapps.com\/de\/ferienresidenz-martigues\/familienurlaub-martigues\/#breadcrumb","itemListElement":[{"@type":"ListItem","position":1,"name":"Camping Bouches-du-Rh\u00f4ne","item":"https:\/\/martegaou.eldapps.com\/de\/"},{"@type":"ListItem","position":2,"name":"Ferienresidenz Les Chalets de la Mer","item":"https:\/\/martegaou.eldapps.com\/de\/ferienresidenz-martigues\/"},{"@type":"ListItem","position":3,"name":"Lebensmittelgesch\u00e4ft und W\u00e4scherei in Martigues"}]},{"@type":"WebSite","@id":"https:\/\/martegaou.eldapps.com\/#website","url":"https:\/\/martegaou.eldapps.com\/","name":"Martegaou","description":"","publisher":{"@id":"https:\/\/martegaou.eldapps.com\/#organization"},"potentialAction":[{"@type":"SearchAction","target":{"@type":"EntryPoint","urlTemplate":"https:\/\/martegaou.eldapps.com\/?s={search_term_string}"},"query-input":{"@type":"PropertyValueSpecification","valueRequired":true,"valueName":"search_term_string"}}],"inLanguage":"de"},{"@type":"Organization","@id":"https:\/\/martegaou.eldapps.com\/#organization","name":"Ctoncamping","url":"https:\/\/martegaou.eldapps.com\/","logo":{"@type":"ImageObject","inLanguage":"de","@id":"https:\/\/martegaou.eldapps.com\/#\/schema\/logo\/image\/","url":"https:\/\/martegaou.eldapps.com\/wp-content\/uploads\/2022\/03\/logo-alt-ctoncamping.png","contentUrl":"https:\/\/martegaou.eldapps.com\/wp-content\/uploads\/2022\/03\/logo-alt-ctoncamping.png","width":402,"height":72,"caption":"Ctoncamping"},"image":{"@id":"https:\/\/martegaou.eldapps.com\/#\/schema\/logo\/image\/"}}]}},"_links":{"self":[{"href":"https:\/\/martegaou.eldapps.com\/de\/wp-json\/wp\/v2\/pages\/6868","targetHints":{"allow":["GET"]}}],"collection":[{"href":"https:\/\/martegaou.eldapps.com\/de\/wp-json\/wp\/v2\/pages"}],"about":[{"href":"https:\/\/martegaou.eldapps.com\/de\/wp-json\/wp\/v2\/types\/page"}],"author":[{"embeddable":true,"href":"https:\/\/martegaou.eldapps.com\/de\/wp-json\/wp\/v2\/users\/1"}],"replies":[{"embeddable":true,"href":"https:\/\/martegaou.eldapps.com\/de\/wp-json\/wp\/v2\/comments?post=6868"}],"version-history":[{"count":0,"href":"https:\/\/martegaou.eldapps.com\/de\/wp-json\/wp\/v2\/pages\/6868\/revisions"}],"up":[{"embeddable":true,"href":"https:\/\/martegaou.eldapps.com\/de\/wp-json\/wp\/v2\/pages\/6849"}],"wp:featuredmedia":[{"embeddable":true,"href":"https:\/\/martegaou.eldapps.com\/de\/wp-json\/wp\/v2\/media\/6143"}],"wp:attachment":[{"href":"https:\/\/martegaou.eldapps.com\/de\/wp-json\/wp\/v2\/media?parent=6868"}],"wp:term":[{"taxonomy":"sujet","embeddable":true,"href":"https:\/\/martegaou.eldapps.com\/de\/wp-json\/wp\/v2\/sujet?post=6868"}],"curies":[{"name":"wp","href":"https:\/\/api.w.org\/{rel}","templated":true}]}}