{"id":6866,"date":"2022-03-23T16:47:28","date_gmt":"2022-03-23T15:47:28","guid":{"rendered":"https:\/\/martegaou.eldapps.com\/residence-vacances-martigues\/residence-vacances-parc-aquatique-martigues\/"},"modified":"2022-06-30T15:39:42","modified_gmt":"2022-06-30T13:39:42","slug":"residence-ferien-wasserpark-martigues","status":"publish","type":"page","link":"https:\/\/martegaou.eldapps.com\/de\/ferienresidenz-martigues\/residence-ferien-wasserpark-martigues\/","title":{"rendered":"Espace aquatique &#038; bien \u00eatre &#8211; les chalets de la mer"},"content":{"rendered":"<section id=\"ls-section-block_622f4e73b7892\" class=\"ls-section  page-one p-t-0 p-b-0\" >\r\n        <div class=\"container container--wide\">\r\n        \n\n<h1 class=\"ls__heading has-text-align-center has-color-1-color has-text-color wp-block-heading\"><mark style=\"background-color:rgba(0, 0, 0, 0)\" class=\"has-inline-color has-color-1-color\">baden und entspannen garantiert<\/mark><br><mark style=\"background-color:rgba(0, 0, 0, 0)\" class=\"has-inline-color has-color-2-color\">in den Bouches-du-Rh\u00f4ne<\/mark><\/h1>\n\n\r\n    <\/div>\r\n<\/section>\n\n<section id=\"ls-section-block_622b51a7ef6b6\" class=\"ls-section  page-two p-t-0 has-background has-color-white-background-color\" >\r\n        <div class=\"container container--wide\">\r\n        \n\n<div class=\"wp-block-columns are-vertically-aligned-center is-layout-flex wp-container-core-columns-is-layout-9d6595d7 wp-block-columns-is-layout-flex\">\n<div class=\"wp-block-column is-vertically-aligned-center is-layout-flow wp-block-column-is-layout-flow\">\n<h2 class=\"ls-heading wp-block-heading\">Vorstellung unseres Wasserbereichs<\/h2>\n\n\n\n<p class=\"ls-paragraph\">W\u00e4hrend Ihres Aufenthalts in Ihrer <a href=\"\/de\/\">4-Sterne-Anlage im S\u00fcden<\/a> profitieren Sie von einem 200 m\u00b2 gro\u00dfen Au\u00dfenpool, der von der Sonne des S\u00fcdens nat\u00fcrlich beheizt wird. Sie werden im Wasserbereich der Ferienanlage ab Mai t\u00e4glich von 10 bis 18 Uhr empfangen. Das Becken und seine Infrastruktur werden im Juli und August beaufsichtigt.<\/p>\n\n\n\n<p class=\"ls-paragraph\">Ihr Aufenthalt wird von den zahlreichen <a href=\"https:\/\/martegaou.eldapps.com\/de\/ferienresidenz-martigues\/ferien-animationen-martigues\/\">Animationen in Martigues<\/a> bestimmt, Wasseraktivit\u00e4ten, Poololympiaden und Wasserpolo in der Sommerzeit.<\/p>\n<\/div>\n\n\n\n<div class=\"wp-block-column is-vertically-aligned-center column-description column-description__camping column-description__camping__chalets no-after animated fadeInRight delay-100ms slow is-layout-flow wp-block-column-is-layout-flow\">\n<figure class=\"wp-block-gallery has-nested-images columns-2 is-cropped img-page-interne wp-block-gallery-1 is-layout-flex wp-block-gallery-is-layout-flex\">\n<figure class=\"wp-block-image size-large\"><a href=\"https:\/\/martegaou.eldapps.com\/wp-content\/uploads\/2022\/03\/residence-piscine-martigues.jpg\"><img loading=\"lazy\" decoding=\"async\" width=\"1024\" height=\"683\" data-id=\"5991\" src=\"https:\/\/martegaou.eldapps.com\/wp-content\/uploads\/2022\/03\/residence-piscine-martigues-1024x683.jpg\" alt=\"residence piscine martigues\" class=\"wp-image-5991\" srcset=\"https:\/\/martegaou.eldapps.com\/wp-content\/uploads\/2022\/03\/residence-piscine-martigues-1024x683.jpg 1024w, https:\/\/martegaou.eldapps.com\/wp-content\/uploads\/2022\/03\/residence-piscine-martigues-300x200.jpg 300w, https:\/\/martegaou.eldapps.com\/wp-content\/uploads\/2022\/03\/residence-piscine-martigues-768x512.jpg 768w, https:\/\/martegaou.eldapps.com\/wp-content\/uploads\/2022\/03\/residence-piscine-martigues.jpg 1200w\" sizes=\"auto, (max-width: 1024px) 100vw, 1024px\" \/><\/a><\/figure>\n\n\n\n<figure class=\"wp-block-image size-large\"><a href=\"https:\/\/martegaou.eldapps.com\/wp-content\/uploads\/2022\/03\/residence-vacances-parc-aquatique-bouches-du-rhone.jpg\"><img loading=\"lazy\" decoding=\"async\" width=\"1024\" height=\"683\" data-id=\"5987\" src=\"https:\/\/martegaou.eldapps.com\/wp-content\/uploads\/2022\/03\/residence-vacances-parc-aquatique-bouches-du-rhone-1024x683.jpg\" alt=\"residence vacances parc aquatique bouches du rhone\" class=\"wp-image-5987\" srcset=\"https:\/\/martegaou.eldapps.com\/wp-content\/uploads\/2022\/03\/residence-vacances-parc-aquatique-bouches-du-rhone-1024x683.jpg 1024w, https:\/\/martegaou.eldapps.com\/wp-content\/uploads\/2022\/03\/residence-vacances-parc-aquatique-bouches-du-rhone-300x200.jpg 300w, https:\/\/martegaou.eldapps.com\/wp-content\/uploads\/2022\/03\/residence-vacances-parc-aquatique-bouches-du-rhone-768x512.jpg 768w, https:\/\/martegaou.eldapps.com\/wp-content\/uploads\/2022\/03\/residence-vacances-parc-aquatique-bouches-du-rhone.jpg 1200w\" sizes=\"auto, (max-width: 1024px) 100vw, 1024px\" \/><\/a><\/figure>\n\n\n\n<figure class=\"wp-block-image size-large\"><a href=\"https:\/\/martegaou.eldapps.com\/wp-content\/uploads\/2022\/03\/piscine-water-polo-martigues.jpg\"><img loading=\"lazy\" decoding=\"async\" width=\"1024\" height=\"683\" data-id=\"6009\" src=\"https:\/\/martegaou.eldapps.com\/wp-content\/uploads\/2022\/03\/piscine-water-polo-martigues-1024x683.jpg\" alt=\"piscine water polo martigues\" class=\"wp-image-6009\" srcset=\"https:\/\/martegaou.eldapps.com\/wp-content\/uploads\/2022\/03\/piscine-water-polo-martigues-1024x683.jpg 1024w, https:\/\/martegaou.eldapps.com\/wp-content\/uploads\/2022\/03\/piscine-water-polo-martigues-300x200.jpg 300w, https:\/\/martegaou.eldapps.com\/wp-content\/uploads\/2022\/03\/piscine-water-polo-martigues-768x512.jpg 768w, https:\/\/martegaou.eldapps.com\/wp-content\/uploads\/2022\/03\/piscine-water-polo-martigues.jpg 1200w\" sizes=\"auto, (max-width: 1024px) 100vw, 1024px\" \/><\/a><\/figure>\n\n\n\n<figure class=\"wp-block-image size-large\"><a href=\"https:\/\/martegaou.eldapps.com\/wp-content\/uploads\/2022\/04\/piscine-chalet.jpg\"><img loading=\"lazy\" decoding=\"async\" width=\"1024\" height=\"683\" data-id=\"6325\" src=\"https:\/\/martegaou.eldapps.com\/wp-content\/uploads\/2022\/04\/piscine-chalet-1024x683.jpg\" alt=\"Piscine des chalets de la mer\" class=\"wp-image-6325\" srcset=\"https:\/\/martegaou.eldapps.com\/wp-content\/uploads\/2022\/04\/piscine-chalet-1024x683.jpg 1024w, https:\/\/martegaou.eldapps.com\/wp-content\/uploads\/2022\/04\/piscine-chalet-300x200.jpg 300w, https:\/\/martegaou.eldapps.com\/wp-content\/uploads\/2022\/04\/piscine-chalet-768x512.jpg 768w, https:\/\/martegaou.eldapps.com\/wp-content\/uploads\/2022\/04\/piscine-chalet.jpg 1200w\" sizes=\"auto, (max-width: 1024px) 100vw, 1024px\" \/><\/a><\/figure>\n<\/figure>\n<\/div>\n<\/div>\n\n\r\n    <\/div>\r\n<\/section>\n\n<section id=\"ls-section-block_622f504cb7894\" class=\"ls-section  page-two has-background has-color-3-background-color\" >\r\n        <div class=\"container container--wide\">\r\n        \n\n<div class=\"wp-block-columns are-vertically-aligned-center is-layout-flex wp-container-core-columns-is-layout-9d6595d7 wp-block-columns-is-layout-flex\">\n<div class=\"wp-block-column is-vertically-aligned-center column-description column-description__camping column-description__camping__chalets no-after animated fadeInLeft delay-100ms slow is-layout-flow wp-block-column-is-layout-flow\">\n<figure class=\"wp-block-gallery has-nested-images columns-2 is-cropped img-page-interne wp-block-gallery-2 is-layout-flex wp-block-gallery-is-layout-flex\">\n<figure class=\"wp-block-image size-large\"><a href=\"https:\/\/martegaou.eldapps.com\/wp-content\/uploads\/2022\/03\/residence-piscine-pataugeoire-bouches-du-rhone.jpg\"><img loading=\"lazy\" decoding=\"async\" width=\"1024\" height=\"683\" data-id=\"6003\" src=\"https:\/\/martegaou.eldapps.com\/wp-content\/uploads\/2022\/03\/residence-piscine-pataugeoire-bouches-du-rhone-1024x683.jpg\" alt=\"residence piscine pataugeoire bouches du rhone\" class=\"wp-image-6003\" srcset=\"https:\/\/martegaou.eldapps.com\/wp-content\/uploads\/2022\/03\/residence-piscine-pataugeoire-bouches-du-rhone-1024x683.jpg 1024w, https:\/\/martegaou.eldapps.com\/wp-content\/uploads\/2022\/03\/residence-piscine-pataugeoire-bouches-du-rhone-300x200.jpg 300w, https:\/\/martegaou.eldapps.com\/wp-content\/uploads\/2022\/03\/residence-piscine-pataugeoire-bouches-du-rhone-768x512.jpg 768w, https:\/\/martegaou.eldapps.com\/wp-content\/uploads\/2022\/03\/residence-piscine-pataugeoire-bouches-du-rhone.jpg 1200w\" sizes=\"auto, (max-width: 1024px) 100vw, 1024px\" \/><\/a><\/figure>\n\n\n\n<figure class=\"wp-block-image size-large img-page-interne\"><a href=\"https:\/\/martegaou.eldapps.com\/wp-content\/uploads\/2022\/03\/residence-pataugeoire-enfants-martigues.jpg\"><img loading=\"lazy\" decoding=\"async\" width=\"1024\" height=\"683\" data-id=\"6011\" src=\"https:\/\/martegaou.eldapps.com\/wp-content\/uploads\/2022\/03\/residence-pataugeoire-enfants-martigues-1024x683.jpg\" alt=\"residence pataugeoire enfants martigues\" class=\"wp-image-6011\" srcset=\"https:\/\/martegaou.eldapps.com\/wp-content\/uploads\/2022\/03\/residence-pataugeoire-enfants-martigues-1024x683.jpg 1024w, https:\/\/martegaou.eldapps.com\/wp-content\/uploads\/2022\/03\/residence-pataugeoire-enfants-martigues-300x200.jpg 300w, https:\/\/martegaou.eldapps.com\/wp-content\/uploads\/2022\/03\/residence-pataugeoire-enfants-martigues-768x512.jpg 768w, https:\/\/martegaou.eldapps.com\/wp-content\/uploads\/2022\/03\/residence-pataugeoire-enfants-martigues.jpg 1200w\" sizes=\"auto, (max-width: 1024px) 100vw, 1024px\" \/><\/a><\/figure>\n\n\n\n<figure class=\"wp-block-image size-large\"><a href=\"https:\/\/martegaou.eldapps.com\/wp-content\/uploads\/2022\/04\/piscine-terrasse-solarium.jpg\"><img loading=\"lazy\" decoding=\"async\" width=\"1024\" height=\"683\" data-id=\"6327\" src=\"https:\/\/martegaou.eldapps.com\/wp-content\/uploads\/2022\/04\/piscine-terrasse-solarium-1024x683.jpg\" alt=\"Piscine avec solarium\" class=\"wp-image-6327\" srcset=\"https:\/\/martegaou.eldapps.com\/wp-content\/uploads\/2022\/04\/piscine-terrasse-solarium-1024x683.jpg 1024w, https:\/\/martegaou.eldapps.com\/wp-content\/uploads\/2022\/04\/piscine-terrasse-solarium-300x200.jpg 300w, https:\/\/martegaou.eldapps.com\/wp-content\/uploads\/2022\/04\/piscine-terrasse-solarium-768x512.jpg 768w, https:\/\/martegaou.eldapps.com\/wp-content\/uploads\/2022\/04\/piscine-terrasse-solarium.jpg 1200w\" sizes=\"auto, (max-width: 1024px) 100vw, 1024px\" \/><\/a><\/figure>\n\n\n\n<figure class=\"wp-block-image size-large\"><a href=\"https:\/\/martegaou.eldapps.com\/wp-content\/uploads\/2022\/03\/residence-pataugeoire-bouches-du-rhone.jpg\"><img loading=\"lazy\" decoding=\"async\" width=\"1024\" height=\"683\" data-id=\"5995\" src=\"https:\/\/martegaou.eldapps.com\/wp-content\/uploads\/2022\/03\/residence-pataugeoire-bouches-du-rhone-1024x683.jpg\" alt=\"residence pataugeoire bouches du rhone\" class=\"wp-image-5995\" srcset=\"https:\/\/martegaou.eldapps.com\/wp-content\/uploads\/2022\/03\/residence-pataugeoire-bouches-du-rhone-1024x683.jpg 1024w, https:\/\/martegaou.eldapps.com\/wp-content\/uploads\/2022\/03\/residence-pataugeoire-bouches-du-rhone-300x200.jpg 300w, https:\/\/martegaou.eldapps.com\/wp-content\/uploads\/2022\/03\/residence-pataugeoire-bouches-du-rhone-768x512.jpg 768w, https:\/\/martegaou.eldapps.com\/wp-content\/uploads\/2022\/03\/residence-pataugeoire-bouches-du-rhone.jpg 1200w\" sizes=\"auto, (max-width: 1024px) 100vw, 1024px\" \/><\/a><\/figure>\n<\/figure>\n<\/div>\n\n\n\n<div class=\"wp-block-column is-vertically-aligned-center is-layout-flow wp-block-column-is-layout-flow\">\n<h2 class=\"ls-heading wp-block-heading\">Das Planschbecken f\u00fcr Kinder<\/h2>\n\n\n\n<p class=\"ls-paragraph\">Ihre Kinder werden sich freuen, im Wasser zu spielen, denn das Planschbecken in <a href=\"https:\/\/martegaou.eldapps.com\/de\/ferienresidenz-martigues\/\">Les Chalets de la Mer<\/a> wurde speziell f\u00fcr sie entworfen. Begleiten Sie die Kleinsten, um ihre Sicherheit zu gew\u00e4hrleisten, und z\u00f6gern Sie nicht, nach den bereitgestellten Schwimmreifen oder Pommes frites zu fragen. Die Wasserspiele Ihrer Kinder werden dadurch nur noch lustiger! So kann jeder einen Moment der Erfrischung und des Spa\u00dfes am Beckenrand unseres Wassersportbereichs genie\u00dfen.<\/p>\n<\/div>\n<\/div>\n\n\r\n    <\/div>\r\n<\/section>\n\n<section id=\"ls-section-block_622f5091b7895\" class=\"ls-section  page-three  has-background-image has-parallax\" >\r\n    <div class=\"ls-section__background-image opacity-100\"><img decoding=\"async\" src=\"https:\/\/martegaou.eldapps.com\/wp-content\/uploads\/2022\/03\/bains-de-soleil-piscine-martigues.jpg\" alt=\"bains de soleil piscine martigues\"><\/div>    <div class=\"container \">\r\n        \r\n    <\/div>\r\n<\/section>\n\n<section id=\"ls-section-block_6230725ede62d\" class=\"ls-section  page-four p-t-10 p-b-10 has-background has-color-3-background-color\" >\r\n        <div class=\"container container--wide\">\r\n        \n\n<h2 class=\"ls__heading has-text-align-center wp-block-heading\">Swimmingpool mit Sonnenliegen, um die mediterrane Sonne zu genie\u00dfen<\/h2>\n\n\n\n<div class=\"wp-block-columns is-layout-flex wp-container-core-columns-is-layout-9d6595d7 wp-block-columns-is-layout-flex\">\n<div class=\"wp-block-column is-layout-flow wp-block-column-is-layout-flow\">\n<p class=\"ls-paragraph\">W\u00e4hrend Ihres Aufenthalts in Les Chalets de la Mer. Entspannen Sie sich am Beckenrand auf den Sonnenliegen und genie\u00dfen Sie Ihre wohlverdiente Ruhe oder auf der Terrasse unseres angeschlossenen Snack-Restaurants.<\/p>\n<\/div>\n\n\n\n<div class=\"wp-block-column is-layout-flow wp-block-column-is-layout-flow\">\n<p class=\"ls-paragraph\">Auf unseren Liegest\u00fchlen k\u00f6nnen Sie Ihrer Br\u00e4une den letzten Schliff geben, w\u00e4hrend Sie einen Moment der Entspannung und Ruhe genie\u00dfen.<\/p>\n<\/div>\n<\/div>\n\n\r\n    <\/div>\r\n<\/section>\n\n<section id=\"ls-section-block_622f51c6b7896\" class=\"ls-section  bloc-cta-fin-page\" >\r\n        <div class=\"container container--wide\">\r\n        \n\n<div id=\"ls-heading ls-titre-div-block_622f5219b7897\" class=\"ls-titre-div aligncenter h2-like\" >\n    Essen Sie im Bistro Bleu zu Mittag und nehmen Sie an unseren Veranstaltungen teil<\/div>\n\n\n\n<div class=\"wp-block-columns is-layout-flex wp-container-core-columns-is-layout-9d6595d7 wp-block-columns-is-layout-flex\">\n<div class=\"wp-block-column is-layout-flow wp-block-column-is-layout-flow\">\r\n<div id=\"ls-cta-block_62276ee6d5a28\" class=\"ls-cta\">  \r\n    \n\n<a href=\"https:\/\/martegaou.eldapps.com\/de\/ferienresidenz-martigues\/stellung-chalet-martigues\/\" target=\"\" rel=\"noopener\" class=\"ls-cta__link\">\n\n\t<div class=\"ls-cta__image\"><img decoding=\"async\" src=\"https:\/\/martegaou.eldapps.com\/wp-content\/uploads\/2022\/03\/location-chalet-bouches-du-rhone.jpg\" alt=\"location chalet bouches du rhone\"><\/div>\n\t<div class=\"ls-cta__text\">\n\t\t<div class=\"ls-cta__title\">\n\t\t\tvermietung\t\t<\/div>\n\n\t\t\t\t\t<div class=\"ls-cta__description\">\n\t\t\t\tEntdecken Sie\t\t\t<\/div>\n\t\t\t<\/div>\n\n<\/a><\/div><\/div>\n\n\n\n<div class=\"wp-block-column is-layout-flow wp-block-column-is-layout-flow\">\r\n<div id=\"ls-cta-block_62276ed0d5a27\" class=\"ls-cta\">  \r\n    \n\n<a href=\"https:\/\/martegaou.eldapps.com\/de\/ferienresidenz-martigues\/wiederherstellung-martigues\/\" target=\"\" rel=\"noopener\" class=\"ls-cta__link\">\n\n\t<div class=\"ls-cta__image\"><img decoding=\"async\" src=\"https:\/\/martegaou.eldapps.com\/wp-content\/uploads\/2022\/04\/pizza-snack-arquet.jpg\" alt=\"pizza snack arquet\"><\/div>\n\t<div class=\"ls-cta__text\">\n\t\t<div class=\"ls-cta__title\">\n\t\t\trestaurant\t\t<\/div>\n\n\t\t\t\t\t<div class=\"ls-cta__description\">\n\t\t\t\tEntdecken Sie\t\t\t<\/div>\n\t\t\t<\/div>\n\n<\/a><\/div><\/div>\n\n\n\n<div class=\"wp-block-column is-layout-flow wp-block-column-is-layout-flow\">\r\n<div id=\"ls-cta-block_623de33336169\" class=\"ls-cta\">  \r\n    \n\n<a href=\"https:\/\/martegaou.eldapps.com\/de\/ferienresidenz-martigues\/ferien-animationen-martigues\/\" target=\"\" rel=\"noopener\" class=\"ls-cta__link\">\n\n\t<div class=\"ls-cta__image\"><img decoding=\"async\" src=\"https:\/\/martegaou.eldapps.com\/wp-content\/uploads\/2022\/03\/residence-aire-jeux-enfants-martigues.jpg\" alt=\"residence aire jeux enfants martigues\"><\/div>\n\t<div class=\"ls-cta__text\">\n\t\t<div class=\"ls-cta__title\">\n\t\t\tAnimationen\t\t<\/div>\n\n\t\t\t\t\t<div class=\"ls-cta__description\">\n\t\t\t\tEntdecken Sie\t\t\t<\/div>\n\t\t\t<\/div>\n\n<\/a><\/div><\/div>\n<\/div>\n\n\r\n    <\/div>\r\n<\/section>","protected":false},"excerpt":{"rendered":"","protected":false},"author":1,"featured_media":5979,"parent":6849,"menu_order":0,"comment_status":"closed","ping_status":"closed","template":"","meta":{"_acf_changed":false,"footnotes":""},"sujet":[],"class_list":["post-6866","page","type-page","status-publish","has-post-thumbnail","hentry"],"acf":[],"yoast_head":"<!-- This site is optimized with the Yoast SEO plugin v26.7 - https:\/\/yoast.com\/wordpress\/plugins\/seo\/ -->\n<title>Ferienresidenz Wasserpark Martigues | Wasserpark Rh\u00f4ne<\/title>\n<meta name=\"robots\" content=\"index, follow, max-snippet:-1, max-image-preview:large, max-video-preview:-1\" \/>\n<link rel=\"canonical\" href=\"https:\/\/martegaou.eldapps.com\/de\/ferienresidenz-martigues\/residence-ferien-wasserpark-martigues\/\" \/>\n<meta property=\"og:locale\" content=\"de_DE\" \/>\n<meta property=\"og:type\" content=\"article\" \/>\n<meta property=\"og:title\" content=\"Ferienresidenz Wasserpark Martigues | Wasserpark Rh\u00f4ne\" \/>\n<meta property=\"og:url\" content=\"https:\/\/martegaou.eldapps.com\/de\/ferienresidenz-martigues\/residence-ferien-wasserpark-martigues\/\" \/>\n<meta property=\"og:site_name\" content=\"Martegaou\" \/>\n<meta property=\"article:modified_time\" content=\"2022-06-30T13:39:42+00:00\" \/>\n<meta property=\"og:image\" content=\"https:\/\/martegaou.eldapps.com\/wp-content\/uploads\/2022\/03\/residence-vacances-parc-aquatique-martigues.jpg\" \/>\n\t<meta property=\"og:image:width\" content=\"1900\" \/>\n\t<meta property=\"og:image:height\" content=\"550\" \/>\n\t<meta property=\"og:image:type\" content=\"image\/jpeg\" \/>\n<meta name=\"twitter:card\" content=\"summary_large_image\" \/>\n<meta name=\"twitter:label1\" content=\"Gesch\u00e4tzte Lesezeit\" \/>\n\t<meta name=\"twitter:data1\" content=\"3\u00a0Minuten\" \/>\n<script type=\"application\/ld+json\" class=\"yoast-schema-graph\">{\"@context\":\"https:\/\/schema.org\",\"@graph\":[{\"@type\":\"WebPage\",\"@id\":\"https:\/\/martegaou.eldapps.com\/de\/ferienresidenz-martigues\/residence-ferien-wasserpark-martigues\/\",\"url\":\"https:\/\/martegaou.eldapps.com\/de\/ferienresidenz-martigues\/residence-ferien-wasserpark-martigues\/\",\"name\":\"Ferienresidenz Wasserpark Martigues | Wasserpark Rh\u00f4ne\",\"isPartOf\":{\"@id\":\"https:\/\/martegaou.eldapps.com\/#website\"},\"primaryImageOfPage\":{\"@id\":\"https:\/\/martegaou.eldapps.com\/de\/ferienresidenz-martigues\/residence-ferien-wasserpark-martigues\/#primaryimage\"},\"image\":{\"@id\":\"https:\/\/martegaou.eldapps.com\/de\/ferienresidenz-martigues\/residence-ferien-wasserpark-martigues\/#primaryimage\"},\"thumbnailUrl\":\"https:\/\/martegaou.eldapps.com\/wp-content\/uploads\/2022\/03\/residence-vacances-parc-aquatique-martigues.jpg\",\"datePublished\":\"2022-03-23T15:47:28+00:00\",\"dateModified\":\"2022-06-30T13:39:42+00:00\",\"breadcrumb\":{\"@id\":\"https:\/\/martegaou.eldapps.com\/de\/ferienresidenz-martigues\/residence-ferien-wasserpark-martigues\/#breadcrumb\"},\"inLanguage\":\"de\",\"potentialAction\":[{\"@type\":\"ReadAction\",\"target\":[\"https:\/\/martegaou.eldapps.com\/de\/ferienresidenz-martigues\/residence-ferien-wasserpark-martigues\/\"]}]},{\"@type\":\"ImageObject\",\"inLanguage\":\"de\",\"@id\":\"https:\/\/martegaou.eldapps.com\/de\/ferienresidenz-martigues\/residence-ferien-wasserpark-martigues\/#primaryimage\",\"url\":\"https:\/\/martegaou.eldapps.com\/wp-content\/uploads\/2022\/03\/residence-vacances-parc-aquatique-martigues.jpg\",\"contentUrl\":\"https:\/\/martegaou.eldapps.com\/wp-content\/uploads\/2022\/03\/residence-vacances-parc-aquatique-martigues.jpg\",\"width\":1900,\"height\":550,\"caption\":\"residence vacances parc aquatique martigues\"},{\"@type\":\"BreadcrumbList\",\"@id\":\"https:\/\/martegaou.eldapps.com\/de\/ferienresidenz-martigues\/residence-ferien-wasserpark-martigues\/#breadcrumb\",\"itemListElement\":[{\"@type\":\"ListItem\",\"position\":1,\"name\":\"Camping Bouches-du-Rh\u00f4ne\",\"item\":\"https:\/\/martegaou.eldapps.com\/de\/\"},{\"@type\":\"ListItem\",\"position\":2,\"name\":\"Ferienresidenz Les Chalets de la Mer\",\"item\":\"https:\/\/martegaou.eldapps.com\/de\/ferienresidenz-martigues\/\"},{\"@type\":\"ListItem\",\"position\":3,\"name\":\"Ferienresidenz mit Wasserbereich in Martigues\"}]},{\"@type\":\"WebSite\",\"@id\":\"https:\/\/martegaou.eldapps.com\/#website\",\"url\":\"https:\/\/martegaou.eldapps.com\/\",\"name\":\"Martegaou\",\"description\":\"\",\"publisher\":{\"@id\":\"https:\/\/martegaou.eldapps.com\/#organization\"},\"potentialAction\":[{\"@type\":\"SearchAction\",\"target\":{\"@type\":\"EntryPoint\",\"urlTemplate\":\"https:\/\/martegaou.eldapps.com\/?s={search_term_string}\"},\"query-input\":{\"@type\":\"PropertyValueSpecification\",\"valueRequired\":true,\"valueName\":\"search_term_string\"}}],\"inLanguage\":\"de\"},{\"@type\":\"Organization\",\"@id\":\"https:\/\/martegaou.eldapps.com\/#organization\",\"name\":\"Ctoncamping\",\"url\":\"https:\/\/martegaou.eldapps.com\/\",\"logo\":{\"@type\":\"ImageObject\",\"inLanguage\":\"de\",\"@id\":\"https:\/\/martegaou.eldapps.com\/#\/schema\/logo\/image\/\",\"url\":\"https:\/\/martegaou.eldapps.com\/wp-content\/uploads\/2022\/03\/logo-alt-ctoncamping.png\",\"contentUrl\":\"https:\/\/martegaou.eldapps.com\/wp-content\/uploads\/2022\/03\/logo-alt-ctoncamping.png\",\"width\":402,\"height\":72,\"caption\":\"Ctoncamping\"},\"image\":{\"@id\":\"https:\/\/martegaou.eldapps.com\/#\/schema\/logo\/image\/\"}}]}<\/script>\n<!-- \/ Yoast SEO plugin. -->","yoast_head_json":{"title":"Ferienresidenz Wasserpark Martigues | Wasserpark Rh\u00f4ne","robots":{"index":"index","follow":"follow","max-snippet":"max-snippet:-1","max-image-preview":"max-image-preview:large","max-video-preview":"max-video-preview:-1"},"canonical":"https:\/\/martegaou.eldapps.com\/de\/ferienresidenz-martigues\/residence-ferien-wasserpark-martigues\/","og_locale":"de_DE","og_type":"article","og_title":"Ferienresidenz Wasserpark Martigues | Wasserpark Rh\u00f4ne","og_url":"https:\/\/martegaou.eldapps.com\/de\/ferienresidenz-martigues\/residence-ferien-wasserpark-martigues\/","og_site_name":"Martegaou","article_modified_time":"2022-06-30T13:39:42+00:00","og_image":[{"width":1900,"height":550,"url":"https:\/\/martegaou.eldapps.com\/wp-content\/uploads\/2022\/03\/residence-vacances-parc-aquatique-martigues.jpg","type":"image\/jpeg"}],"twitter_card":"summary_large_image","twitter_misc":{"Gesch\u00e4tzte Lesezeit":"3\u00a0Minuten"},"schema":{"@context":"https:\/\/schema.org","@graph":[{"@type":"WebPage","@id":"https:\/\/martegaou.eldapps.com\/de\/ferienresidenz-martigues\/residence-ferien-wasserpark-martigues\/","url":"https:\/\/martegaou.eldapps.com\/de\/ferienresidenz-martigues\/residence-ferien-wasserpark-martigues\/","name":"Ferienresidenz Wasserpark Martigues | Wasserpark Rh\u00f4ne","isPartOf":{"@id":"https:\/\/martegaou.eldapps.com\/#website"},"primaryImageOfPage":{"@id":"https:\/\/martegaou.eldapps.com\/de\/ferienresidenz-martigues\/residence-ferien-wasserpark-martigues\/#primaryimage"},"image":{"@id":"https:\/\/martegaou.eldapps.com\/de\/ferienresidenz-martigues\/residence-ferien-wasserpark-martigues\/#primaryimage"},"thumbnailUrl":"https:\/\/martegaou.eldapps.com\/wp-content\/uploads\/2022\/03\/residence-vacances-parc-aquatique-martigues.jpg","datePublished":"2022-03-23T15:47:28+00:00","dateModified":"2022-06-30T13:39:42+00:00","breadcrumb":{"@id":"https:\/\/martegaou.eldapps.com\/de\/ferienresidenz-martigues\/residence-ferien-wasserpark-martigues\/#breadcrumb"},"inLanguage":"de","potentialAction":[{"@type":"ReadAction","target":["https:\/\/martegaou.eldapps.com\/de\/ferienresidenz-martigues\/residence-ferien-wasserpark-martigues\/"]}]},{"@type":"ImageObject","inLanguage":"de","@id":"https:\/\/martegaou.eldapps.com\/de\/ferienresidenz-martigues\/residence-ferien-wasserpark-martigues\/#primaryimage","url":"https:\/\/martegaou.eldapps.com\/wp-content\/uploads\/2022\/03\/residence-vacances-parc-aquatique-martigues.jpg","contentUrl":"https:\/\/martegaou.eldapps.com\/wp-content\/uploads\/2022\/03\/residence-vacances-parc-aquatique-martigues.jpg","width":1900,"height":550,"caption":"residence vacances parc aquatique martigues"},{"@type":"BreadcrumbList","@id":"https:\/\/martegaou.eldapps.com\/de\/ferienresidenz-martigues\/residence-ferien-wasserpark-martigues\/#breadcrumb","itemListElement":[{"@type":"ListItem","position":1,"name":"Camping Bouches-du-Rh\u00f4ne","item":"https:\/\/martegaou.eldapps.com\/de\/"},{"@type":"ListItem","position":2,"name":"Ferienresidenz Les Chalets de la Mer","item":"https:\/\/martegaou.eldapps.com\/de\/ferienresidenz-martigues\/"},{"@type":"ListItem","position":3,"name":"Ferienresidenz mit Wasserbereich in Martigues"}]},{"@type":"WebSite","@id":"https:\/\/martegaou.eldapps.com\/#website","url":"https:\/\/martegaou.eldapps.com\/","name":"Martegaou","description":"","publisher":{"@id":"https:\/\/martegaou.eldapps.com\/#organization"},"potentialAction":[{"@type":"SearchAction","target":{"@type":"EntryPoint","urlTemplate":"https:\/\/martegaou.eldapps.com\/?s={search_term_string}"},"query-input":{"@type":"PropertyValueSpecification","valueRequired":true,"valueName":"search_term_string"}}],"inLanguage":"de"},{"@type":"Organization","@id":"https:\/\/martegaou.eldapps.com\/#organization","name":"Ctoncamping","url":"https:\/\/martegaou.eldapps.com\/","logo":{"@type":"ImageObject","inLanguage":"de","@id":"https:\/\/martegaou.eldapps.com\/#\/schema\/logo\/image\/","url":"https:\/\/martegaou.eldapps.com\/wp-content\/uploads\/2022\/03\/logo-alt-ctoncamping.png","contentUrl":"https:\/\/martegaou.eldapps.com\/wp-content\/uploads\/2022\/03\/logo-alt-ctoncamping.png","width":402,"height":72,"caption":"Ctoncamping"},"image":{"@id":"https:\/\/martegaou.eldapps.com\/#\/schema\/logo\/image\/"}}]}},"_links":{"self":[{"href":"https:\/\/martegaou.eldapps.com\/de\/wp-json\/wp\/v2\/pages\/6866","targetHints":{"allow":["GET"]}}],"collection":[{"href":"https:\/\/martegaou.eldapps.com\/de\/wp-json\/wp\/v2\/pages"}],"about":[{"href":"https:\/\/martegaou.eldapps.com\/de\/wp-json\/wp\/v2\/types\/page"}],"author":[{"embeddable":true,"href":"https:\/\/martegaou.eldapps.com\/de\/wp-json\/wp\/v2\/users\/1"}],"replies":[{"embeddable":true,"href":"https:\/\/martegaou.eldapps.com\/de\/wp-json\/wp\/v2\/comments?post=6866"}],"version-history":[{"count":0,"href":"https:\/\/martegaou.eldapps.com\/de\/wp-json\/wp\/v2\/pages\/6866\/revisions"}],"up":[{"embeddable":true,"href":"https:\/\/martegaou.eldapps.com\/de\/wp-json\/wp\/v2\/pages\/6849"}],"wp:featuredmedia":[{"embeddable":true,"href":"https:\/\/martegaou.eldapps.com\/de\/wp-json\/wp\/v2\/media\/5979"}],"wp:attachment":[{"href":"https:\/\/martegaou.eldapps.com\/de\/wp-json\/wp\/v2\/media?parent=6866"}],"wp:term":[{"taxonomy":"sujet","embeddable":true,"href":"https:\/\/martegaou.eldapps.com\/de\/wp-json\/wp\/v2\/sujet?post=6866"}],"curies":[{"name":"wp","href":"https:\/\/api.w.org\/{rel}","templated":true}]}}