{"id":6864,"date":"2022-03-24T12:11:17","date_gmt":"2022-03-24T11:11:17","guid":{"rendered":"https:\/\/martegaou.eldapps.com\/camping-4-etoiles-martigues\/camping-qualite-martigues\/"},"modified":"2022-06-17T12:29:35","modified_gmt":"2022-06-17T10:29:35","slug":"qualitaetscamping-martigues","status":"publish","type":"page","link":"https:\/\/martegaou.eldapps.com\/de\/campingplatz-4-sterne-martigues\/qualitaetscamping-martigues\/","title":{"rendered":"Services &#8211; L&#8217;arquet"},"content":{"rendered":"<section id=\"ls-section-block_622f4e73b7892\" class=\"ls-section  page-one p-t-0 p-b-0\" >\r\n        <div class=\"container container--wide\">\r\n        \n\n<h1 class=\"ls__heading has-text-align-center has-color-1-color has-text-color wp-block-heading\">Camping famili\u00e4r<br><mark style=\"background-color:rgba(0, 0, 0, 0)\" class=\"has-inline-color has-color-2-color\">in Martigues<\/mark><\/h1>\n\n\r\n    <\/div>\r\n<\/section>\n\n<section id=\"ls-section-block_622b51a7ef6b6\" class=\"ls-section  page-two p-t-0 has-background has-color-white-background-color\" >\r\n        <div class=\"container container--wide\">\r\n        \n\n<div class=\"wp-block-columns are-vertically-aligned-center is-layout-flex wp-container-core-columns-is-layout-9d6595d7 wp-block-columns-is-layout-flex\">\n<div class=\"wp-block-column is-vertically-aligned-center is-layout-flow wp-block-column-is-layout-flow\">\n<h2 class=\"ls-heading wp-block-heading\">Der Empfang auf dem Campingplatz<\/h2>\n\n\n\n<p class=\"ls-paragraph\">Wir begr\u00fc\u00dfen Sie vom 1. April bis zum 2. Oktober.<\/p>\n\n\n\n<p class=\"ls-paragraph\">Unser Rezeptionsteam empf\u00e4ngt Sie f\u00fcr einen angenehmen Aufenthalt und vermittelt Ihnen Kontakte zu unseren Partnern, die eine sch\u00f6ne Vielfalt an Aktivit\u00e4ten und Ausfl\u00fcgen anbieten. Die Tipps unserer Gastgeber und Gastgeberinnen werden Ihnen wertvolle Dienste leisten, damit Sie einen unvergesslichen Urlaub an der C\u00f4te Bleue verbringen k\u00f6nnen.<\/p>\n\n\n\n<p class=\"ls-paragraph\">W\u00e4hrend Ihres Aufenthalts haben Sie auch die M\u00f6glichkeit, sich f\u00fcr die Aktivit\u00e4ten des Campingplatzes anzumelden und die Animationsprogramme und Auff\u00fchrungen einzusehen.<br>F\u00fcr weitere Informationen k\u00f6nnen Sie uns gerne kontaktieren. Unser gesamtes Team steht Ihnen gerne zur Verf\u00fcgung, um Sie zu beraten.<\/p>\n\n\n\n<h2 class=\"ls__heading m-t-6 wp-block-heading\">Unsere Dienstleistungen<\/h2>\n\n\n\n<h3 class=\"ls__heading m-t-4 wp-block-heading\">Zugang zu Wifi<\/h3>\n\n\n\n<p class=\"ls-paragraph\">Der WLAN-Zugang ist kostenlos und in der N\u00e4he der Rezeption verf\u00fcgbar.<\/p>\n<\/div>\n\n\n\n<div class=\"wp-block-column is-vertically-aligned-center column-description column-description__camping column-description__camping__arquet no-after animated fadeInRight delay-100ms slow is-layout-flow wp-block-column-is-layout-flow\">\n<figure class=\"wp-block-gallery has-nested-images columns-2 is-cropped img-page-interne wp-block-gallery-1 is-layout-flex wp-block-gallery-is-layout-flex\">\n<figure class=\"wp-block-image size-full\"><a href=\"https:\/\/martegaou.eldapps.com\/wp-content\/uploads\/2022\/03\/accueil-camping.jpg\"><img loading=\"lazy\" decoding=\"async\" width=\"768\" height=\"512\" data-id=\"5975\" src=\"https:\/\/martegaou.eldapps.com\/wp-content\/uploads\/2022\/03\/accueil-camping.jpg\" alt=\"services du camping\" class=\"wp-image-5975\" srcset=\"https:\/\/martegaou.eldapps.com\/wp-content\/uploads\/2022\/03\/accueil-camping.jpg 768w, https:\/\/martegaou.eldapps.com\/wp-content\/uploads\/2022\/03\/accueil-camping-300x200.jpg 300w\" sizes=\"auto, (max-width: 768px) 100vw, 768px\" \/><\/a><\/figure>\n\n\n\n<figure class=\"wp-block-image size-full\"><a href=\"https:\/\/martegaou.eldapps.com\/wp-content\/uploads\/2022\/03\/camping-martigues-familial.jpg\"><img loading=\"lazy\" decoding=\"async\" width=\"800\" height=\"533\" data-id=\"6091\" src=\"https:\/\/martegaou.eldapps.com\/wp-content\/uploads\/2022\/03\/camping-martigues-familial.jpg\" alt=\"Camping avec piscine \u00e0 Martigues\" class=\"wp-image-6091\" srcset=\"https:\/\/martegaou.eldapps.com\/wp-content\/uploads\/2022\/03\/camping-martigues-familial.jpg 800w, https:\/\/martegaou.eldapps.com\/wp-content\/uploads\/2022\/03\/camping-martigues-familial-300x200.jpg 300w, https:\/\/martegaou.eldapps.com\/wp-content\/uploads\/2022\/03\/camping-martigues-familial-768x512.jpg 768w\" sizes=\"auto, (max-width: 800px) 100vw, 800px\" \/><\/a><\/figure>\n\n\n\n<figure class=\"wp-block-image size-full\"><a href=\"https:\/\/martegaou.eldapps.com\/wp-content\/uploads\/2022\/03\/camping-equipe-wifi.jpg\"><img loading=\"lazy\" decoding=\"async\" width=\"800\" height=\"533\" data-id=\"6095\" src=\"https:\/\/martegaou.eldapps.com\/wp-content\/uploads\/2022\/03\/camping-equipe-wifi.jpg\" alt=\"camping nature et famille\" class=\"wp-image-6095\" srcset=\"https:\/\/martegaou.eldapps.com\/wp-content\/uploads\/2022\/03\/camping-equipe-wifi.jpg 800w, https:\/\/martegaou.eldapps.com\/wp-content\/uploads\/2022\/03\/camping-equipe-wifi-300x200.jpg 300w, https:\/\/martegaou.eldapps.com\/wp-content\/uploads\/2022\/03\/camping-equipe-wifi-768x512.jpg 768w\" sizes=\"auto, (max-width: 800px) 100vw, 800px\" \/><\/a><\/figure>\n\n\n\n<figure class=\"wp-block-image size-full\"><a href=\"https:\/\/martegaou.eldapps.com\/wp-content\/uploads\/2022\/03\/acces-wifi-camping.jpg\"><img loading=\"lazy\" decoding=\"async\" width=\"800\" height=\"533\" data-id=\"6097\" src=\"https:\/\/martegaou.eldapps.com\/wp-content\/uploads\/2022\/03\/acces-wifi-camping.jpg\" alt=\"Acc\u00e8s au wifi gratuit\" class=\"wp-image-6097\" srcset=\"https:\/\/martegaou.eldapps.com\/wp-content\/uploads\/2022\/03\/acces-wifi-camping.jpg 800w, https:\/\/martegaou.eldapps.com\/wp-content\/uploads\/2022\/03\/acces-wifi-camping-300x200.jpg 300w, https:\/\/martegaou.eldapps.com\/wp-content\/uploads\/2022\/03\/acces-wifi-camping-768x512.jpg 768w\" sizes=\"auto, (max-width: 800px) 100vw, 800px\" \/><\/a><\/figure>\n<\/figure>\n<\/div>\n<\/div>\n\n\r\n    <\/div>\r\n<\/section>\n\n<section id=\"ls-section-block_622f504cb7894\" class=\"ls-section  page-two has-background has-color-3-background-color\" >\r\n        <div class=\"container container--wide\">\r\n        \n\n<div class=\"wp-block-columns are-vertically-aligned-center is-layout-flex wp-container-core-columns-is-layout-9d6595d7 wp-block-columns-is-layout-flex\">\n<div class=\"wp-block-column is-vertically-aligned-center column-description column-description__camping column-description__camping__arquet no-after animated fadeInLeft delay-100ms slow is-layout-flow wp-block-column-is-layout-flow\">\n<figure class=\"wp-block-gallery has-nested-images columns-2 is-cropped img-page-interne wp-block-gallery-2 is-layout-flex wp-block-gallery-is-layout-flex\">\n<figure class=\"wp-block-image size-full img-page-interne\"><a href=\"https:\/\/martegaou.eldapps.com\/wp-content\/uploads\/2022\/03\/depot-de-pain.jpg\"><img loading=\"lazy\" decoding=\"async\" width=\"800\" height=\"533\" data-id=\"6101\" src=\"https:\/\/martegaou.eldapps.com\/wp-content\/uploads\/2022\/03\/depot-de-pain.jpg\" alt=\"depot de pain frais\" class=\"wp-image-6101\" srcset=\"https:\/\/martegaou.eldapps.com\/wp-content\/uploads\/2022\/03\/depot-de-pain.jpg 800w, https:\/\/martegaou.eldapps.com\/wp-content\/uploads\/2022\/03\/depot-de-pain-300x200.jpg 300w, https:\/\/martegaou.eldapps.com\/wp-content\/uploads\/2022\/03\/depot-de-pain-768x512.jpg 768w\" sizes=\"auto, (max-width: 800px) 100vw, 800px\" \/><\/a><\/figure>\n\n\n\n<figure class=\"wp-block-image size-full\"><a href=\"https:\/\/martegaou.eldapps.com\/wp-content\/uploads\/2022\/04\/camping-depot-viennoisseries-martigues.jpg\"><img loading=\"lazy\" decoding=\"async\" width=\"800\" height=\"533\" data-id=\"6646\" src=\"https:\/\/martegaou.eldapps.com\/wp-content\/uploads\/2022\/04\/camping-depot-viennoisseries-martigues.jpg\" alt=\"camping depot viennoisseries martigues\" class=\"wp-image-6646\" srcset=\"https:\/\/martegaou.eldapps.com\/wp-content\/uploads\/2022\/04\/camping-depot-viennoisseries-martigues.jpg 800w, https:\/\/martegaou.eldapps.com\/wp-content\/uploads\/2022\/04\/camping-depot-viennoisseries-martigues-300x200.jpg 300w, https:\/\/martegaou.eldapps.com\/wp-content\/uploads\/2022\/04\/camping-depot-viennoisseries-martigues-768x512.jpg 768w\" sizes=\"auto, (max-width: 800px) 100vw, 800px\" \/><\/a><\/figure>\n\n\n\n<figure class=\"wp-block-image size-full\"><a href=\"https:\/\/martegaou.eldapps.com\/wp-content\/uploads\/2022\/03\/epicerie-proche-camping.jpg\"><img loading=\"lazy\" decoding=\"async\" width=\"800\" height=\"533\" data-id=\"6107\" src=\"https:\/\/martegaou.eldapps.com\/wp-content\/uploads\/2022\/03\/epicerie-proche-camping.jpg\" alt=\"epicerie proche du camping\" class=\"wp-image-6107\" srcset=\"https:\/\/martegaou.eldapps.com\/wp-content\/uploads\/2022\/03\/epicerie-proche-camping.jpg 800w, https:\/\/martegaou.eldapps.com\/wp-content\/uploads\/2022\/03\/epicerie-proche-camping-300x200.jpg 300w, https:\/\/martegaou.eldapps.com\/wp-content\/uploads\/2022\/03\/epicerie-proche-camping-768x512.jpg 768w\" sizes=\"auto, (max-width: 800px) 100vw, 800px\" \/><\/a><\/figure>\n\n\n\n<figure class=\"wp-block-image size-full\"><a href=\"https:\/\/martegaou.eldapps.com\/wp-content\/uploads\/2022\/03\/laverie-camping.jpg\"><img loading=\"lazy\" decoding=\"async\" width=\"800\" height=\"533\" data-id=\"6113\" src=\"https:\/\/martegaou.eldapps.com\/wp-content\/uploads\/2022\/03\/laverie-camping.jpg\" alt=\"Laverie disponible en vacances\" class=\"wp-image-6113\" srcset=\"https:\/\/martegaou.eldapps.com\/wp-content\/uploads\/2022\/03\/laverie-camping.jpg 800w, https:\/\/martegaou.eldapps.com\/wp-content\/uploads\/2022\/03\/laverie-camping-300x200.jpg 300w, https:\/\/martegaou.eldapps.com\/wp-content\/uploads\/2022\/03\/laverie-camping-768x512.jpg 768w\" sizes=\"auto, (max-width: 800px) 100vw, 800px\" \/><\/a><\/figure>\n<\/figure>\n<\/div>\n\n\n\n<div class=\"wp-block-column is-vertically-aligned-center is-layout-flow wp-block-column-is-layout-flow\">\n<h3 class=\"ls-heading wp-block-heading\">W\u00e4scherei<\/h3>\n\n\n\n<p class=\"ls-paragraph\">Dank des Waschsalons auf dem Gel\u00e4nde des Campingplatzes k\u00f6nnen Sie sich mit einem Minimum an W\u00e4sche versorgen. Er ist von 7 bis 21 Uhr ge\u00f6ffnet und bietet Waschmaschinen mit integriertem Waschmittel, W\u00e4schetrockner sowie ein B\u00fcgeleisen und ein B\u00fcgelbrett zum Ausleihen.<\/p>\n\n\n\n<h3 class=\"ls__heading m-t-6 wp-block-heading\">Der Lebensmittelladen<\/h3>\n\n\n\n<p class=\"ls-paragraph\">Der Lebensmittelladen des Campingplatzes ist von Ende Mai bis Ende September ge\u00f6ffnet. Hier finden Sie eine Lebensmittelabteilung, lokale Produkte, Camping Paradis-Goodies und Hygieneartikel.<\/p>\n\n\n\n<p class=\"ls-paragraph\">Bestellen Sie auch Ihr Brot und Geb\u00e4ck f\u00fcr das Fr\u00fchst\u00fcck!<br>Der Duft von frisch gebackenem Brot, begleitet von einem Kaffee, wenn Sie aus dem Bett steigen\u2026 Was gibt es Sch\u00f6neres? Croissants, Schokolade, Brot\u2026 reservieren Sie Ihr Fr\u00fchst\u00fcck am Vortag an der Rezeption oder im Lebensmittelgesch\u00e4ft des Campingplatzes und holen Sie es ab 8 Uhr ab.<br>Dieser Service ist von Ende Mai bis Ende September verf\u00fcgbar.<\/p>\n\n\n\n<h3 class=\"ls__heading m-t-6 wp-block-heading\">Service zum Mitnehmen<\/h3>\n\n\n\n<p class=\"ls-paragraph\">Wenn Sie Ihre Zeit nicht am Herd verbringen m\u00f6chten, nutzen Sie unsere Take-away-Services. Bestellen Sie Ihre Pizza mit mediterranen Aromen am Kiosk der Terrasses de l&#8217;Arquet oder Ihr Brath\u00e4hnchen vom Bauernhof, das vor Ort im Br\u00e4ter zubereitet wird. So k\u00f6nnen Sie Ihre Geschmacksknospen beleben und direkt in Ihrem Mobilheim, auf Ihrem Stellplatz oder am Strand genie\u00dfen.<\/p>\n<\/div>\n<\/div>\n\n\r\n    <\/div>\r\n<\/section>\n\n<section id=\"ls-section-block_622f5091b7895\" class=\"ls-section  page-three  has-background-image has-parallax\" >\r\n    <div class=\"ls-section__background-image opacity-100\"><img decoding=\"async\" src=\"https:\/\/martegaou.eldapps.com\/wp-content\/uploads\/2022\/03\/camping-4-etoiles-martigues.jpg\" alt=\"camping 4 etoiles martigues\"><\/div>    <div class=\"container \">\r\n        \r\n    <\/div>\r\n<\/section>\n\n<section id=\"ls-section-block_6230725ede62d\" class=\"ls-section  page-four p-t-10 p-b-10 has-background has-color-3-background-color\" >\r\n        <div class=\"container container--wide\">\r\n        \n\n<div class=\"wp-block-columns is-layout-flex wp-container-core-columns-is-layout-9d6595d7 wp-block-columns-is-layout-flex\">\n<div class=\"wp-block-column is-layout-flow wp-block-column-is-layout-flow\">\n<h3 class=\"ls-heading wp-block-heading\">Ausleihen von Ausr\u00fcstung<\/h3>\n\n\n\n<p class=\"ls-paragraph\">Reisen Sie mit Ihrem Neugeborenen? Wir leihen Ihnen Kinderbett und Kinderstuhl f\u00fcr Ihren Aufenthalt auf dem <a href=\"\/de\/\">Campingplatz Ctoncamping<\/a>.<\/p>\n\n\n\n<p class=\"ls-paragraph\">Sie k\u00f6nnen auch einen F\u00f6hn, ein B\u00fcgeleisen, einen Plancha-Grill, Gesellschaftsspiele und Tischtennisschl\u00e4ger ausleihen. Ein K\u00fchlschrank und ein Fernseher k\u00f6nnen \u00fcber unseren Partner Durey Location gemietet werden.<\/p>\n<\/div>\n\n\n\n<div class=\"wp-block-column is-layout-flow wp-block-column-is-layout-flow\">\n<h3 class=\"ls-heading wp-block-heading\">Bleiben Sie mit Ihren Tieren auf dem Campingplatz<\/h3>\n\n\n\n<p class=\"ls-paragraph\">Ihr Haustier ist bei Ihrem Urlaub auf dem Campingplatz mit von der Partie. Pro Mietunterkunft ist ein Haustier erlaubt oder Tiere der 1. und 2. Kategorie und NAC. Der Impfpass Ihres Haustieres muss ebenfalls auf dem neuesten Stand sein.<\/p>\n<\/div>\n<\/div>\n\n\r\n    <\/div>\r\n<\/section>\n\n<section id=\"ls-section-block_622f51c6b7896\" class=\"ls-section  bloc-cta-fin-page\" >\r\n        <div class=\"container container--wide\">\r\n        \n\n<div id=\"ls-heading ls-titre-div-block_622f5219b7897\" class=\"ls-titre-div aligncenter h2-like\" >\n    Verbringen Sie Ihren Urlaub am Meer<\/div>\n\n\n\n<div class=\"wp-block-columns is-layout-flex wp-container-core-columns-is-layout-9d6595d7 wp-block-columns-is-layout-flex\">\n<div class=\"wp-block-column is-layout-flow wp-block-column-is-layout-flow\">\r\n<div id=\"ls-cta-block_62276ee6d5a28\" class=\"ls-cta\">  \r\n    \n\n<a href=\"https:\/\/martegaou.eldapps.com\/de\/campingplatz-4-sterne-martigues\/camping-schwimmbad-martigues\/\" target=\"\" rel=\"noopener\" class=\"ls-cta__link\">\n\n\t<div class=\"ls-cta__image\"><img decoding=\"async\" src=\"https:\/\/martegaou.eldapps.com\/wp-content\/uploads\/2022\/03\/camping-martigues-familial-768x512.jpg\" alt=\"camping martigues familial\"><\/div>\n\t<div class=\"ls-cta__text\">\n\t\t<div class=\"ls-cta__title\">\n\t\t\tBaden\t\t<\/div>\n\n\t\t\t\t\t<div class=\"ls-cta__description\">\n\t\t\t\tEntdecken Sie\t\t\t<\/div>\n\t\t\t<\/div>\n\n<\/a><\/div><\/div>\n\n\n\n<div class=\"wp-block-column is-layout-flow wp-block-column-is-layout-flow\">\r\n<div id=\"ls-cta-block_6241c5cf4afcc\" class=\"ls-cta\">  \r\n    \n\n<a href=\"https:\/\/martegaou.eldapps.com\/de\/campingplatz-4-sterne-martigues\/camping-familien-martigues\/\" target=\"\" rel=\"noopener\" class=\"ls-cta__link\">\n\n\t<div class=\"ls-cta__image\"><img decoding=\"async\" src=\"https:\/\/martegaou.eldapps.com\/wp-content\/uploads\/2022\/03\/animation-club-enfants-768x512.jpg\" alt=\"animation club enfants\"><\/div>\n\t<div class=\"ls-cta__text\">\n\t\t<div class=\"ls-cta__title\">\n\t\t\tAktivit\u00e4ten\t\t<\/div>\n\n\t\t\t\t\t<div class=\"ls-cta__description\">\n\t\t\t\tEntdecken Sie\t\t\t<\/div>\n\t\t\t<\/div>\n\n<\/a><\/div><\/div>\n\n\n\n<div class=\"wp-block-column is-layout-flow wp-block-column-is-layout-flow\">\r\n<div id=\"ls-cta-block_6241c64b4afcd\" class=\"ls-cta\">  \r\n    \n\n<a href=\"https:\/\/martegaou.eldapps.com\/de\/campingplatz-4-sterne-martigues\/standort-mobil-home-martigues\/\" target=\"\" rel=\"noopener\" class=\"ls-cta__link\">\n\n\t<div class=\"ls-cta__image\"><img decoding=\"async\" src=\"https:\/\/martegaou.eldapps.com\/wp-content\/uploads\/2022\/03\/locations-mobil-home-768x512.jpg\" alt=\"locations mobil home\"><\/div>\n\t<div class=\"ls-cta__text\">\n\t\t<div class=\"ls-cta__title\">\n\t\t\tvermietung\t\t<\/div>\n\n\t\t\t\t\t<div class=\"ls-cta__description\">\n\t\t\t\tEntdecken Sie\t\t\t<\/div>\n\t\t\t<\/div>\n\n<\/a><\/div><\/div>\n<\/div>\n\n\r\n    <\/div>\r\n<\/section>","protected":false},"excerpt":{"rendered":"","protected":false},"author":1,"featured_media":6089,"parent":6669,"menu_order":0,"comment_status":"closed","ping_status":"closed","template":"","meta":{"_acf_changed":false,"footnotes":""},"sujet":[],"class_list":["post-6864","page","type-page","status-publish","has-post-thumbnail","hentry"],"acf":[],"yoast_head":"<!-- This site is optimized with the Yoast SEO plugin v26.7 - https:\/\/yoast.com\/wordpress\/plugins\/seo\/ -->\n<title>Qualit\u00e4tscamping Martigues | Camping mit Wifi in Bouches-du-Rh\u00f4ne<\/title>\n<meta name=\"robots\" content=\"index, follow, max-snippet:-1, max-image-preview:large, max-video-preview:-1\" \/>\n<link rel=\"canonical\" href=\"https:\/\/martegaou.eldapps.com\/de\/campingplatz-4-sterne-martigues\/qualitaetscamping-martigues\/\" \/>\n<meta property=\"og:locale\" content=\"de_DE\" \/>\n<meta property=\"og:type\" content=\"article\" \/>\n<meta property=\"og:title\" content=\"Qualit\u00e4tscamping Martigues | Camping mit Wifi in Bouches-du-Rh\u00f4ne\" \/>\n<meta property=\"og:url\" content=\"https:\/\/martegaou.eldapps.com\/de\/campingplatz-4-sterne-martigues\/qualitaetscamping-martigues\/\" \/>\n<meta property=\"og:site_name\" content=\"Martegaou\" \/>\n<meta property=\"article:modified_time\" content=\"2022-06-17T10:29:35+00:00\" \/>\n<meta property=\"og:image\" content=\"https:\/\/martegaou.eldapps.com\/wp-content\/uploads\/2022\/03\/services-camping-1.jpg\" \/>\n\t<meta property=\"og:image:width\" content=\"1899\" \/>\n\t<meta property=\"og:image:height\" content=\"550\" \/>\n\t<meta property=\"og:image:type\" content=\"image\/jpeg\" \/>\n<meta name=\"twitter:card\" content=\"summary_large_image\" \/>\n<meta name=\"twitter:label1\" content=\"Gesch\u00e4tzte Lesezeit\" \/>\n\t<meta name=\"twitter:data1\" content=\"4\u00a0Minuten\" \/>\n<script type=\"application\/ld+json\" class=\"yoast-schema-graph\">{\"@context\":\"https:\/\/schema.org\",\"@graph\":[{\"@type\":\"WebPage\",\"@id\":\"https:\/\/martegaou.eldapps.com\/de\/campingplatz-4-sterne-martigues\/qualitaetscamping-martigues\/\",\"url\":\"https:\/\/martegaou.eldapps.com\/de\/campingplatz-4-sterne-martigues\/qualitaetscamping-martigues\/\",\"name\":\"Qualit\u00e4tscamping Martigues | Camping mit Wifi in Bouches-du-Rh\u00f4ne\",\"isPartOf\":{\"@id\":\"https:\/\/martegaou.eldapps.com\/#website\"},\"primaryImageOfPage\":{\"@id\":\"https:\/\/martegaou.eldapps.com\/de\/campingplatz-4-sterne-martigues\/qualitaetscamping-martigues\/#primaryimage\"},\"image\":{\"@id\":\"https:\/\/martegaou.eldapps.com\/de\/campingplatz-4-sterne-martigues\/qualitaetscamping-martigues\/#primaryimage\"},\"thumbnailUrl\":\"https:\/\/martegaou.eldapps.com\/wp-content\/uploads\/2022\/03\/services-camping-1.jpg\",\"datePublished\":\"2022-03-24T11:11:17+00:00\",\"dateModified\":\"2022-06-17T10:29:35+00:00\",\"breadcrumb\":{\"@id\":\"https:\/\/martegaou.eldapps.com\/de\/campingplatz-4-sterne-martigues\/qualitaetscamping-martigues\/#breadcrumb\"},\"inLanguage\":\"de\",\"potentialAction\":[{\"@type\":\"ReadAction\",\"target\":[\"https:\/\/martegaou.eldapps.com\/de\/campingplatz-4-sterne-martigues\/qualitaetscamping-martigues\/\"]}]},{\"@type\":\"ImageObject\",\"inLanguage\":\"de\",\"@id\":\"https:\/\/martegaou.eldapps.com\/de\/campingplatz-4-sterne-martigues\/qualitaetscamping-martigues\/#primaryimage\",\"url\":\"https:\/\/martegaou.eldapps.com\/wp-content\/uploads\/2022\/03\/services-camping-1.jpg\",\"contentUrl\":\"https:\/\/martegaou.eldapps.com\/wp-content\/uploads\/2022\/03\/services-camping-1.jpg\",\"width\":1899,\"height\":550,\"caption\":\"services camping\"},{\"@type\":\"BreadcrumbList\",\"@id\":\"https:\/\/martegaou.eldapps.com\/de\/campingplatz-4-sterne-martigues\/qualitaetscamping-martigues\/#breadcrumb\",\"itemListElement\":[{\"@type\":\"ListItem\",\"position\":1,\"name\":\"Camping Bouches-du-Rh\u00f4ne\",\"item\":\"https:\/\/martegaou.eldapps.com\/de\/\"},{\"@type\":\"ListItem\",\"position\":2,\"name\":\"Qualit\u00e4tscampingplatz in Martigues\",\"item\":\"https:\/\/martegaou.eldapps.com\/de\/campingplatz-4-sterne-martigues\/\"},{\"@type\":\"ListItem\",\"position\":3,\"name\":\"Familiencamping in Martigues\"}]},{\"@type\":\"WebSite\",\"@id\":\"https:\/\/martegaou.eldapps.com\/#website\",\"url\":\"https:\/\/martegaou.eldapps.com\/\",\"name\":\"Martegaou\",\"description\":\"\",\"publisher\":{\"@id\":\"https:\/\/martegaou.eldapps.com\/#organization\"},\"potentialAction\":[{\"@type\":\"SearchAction\",\"target\":{\"@type\":\"EntryPoint\",\"urlTemplate\":\"https:\/\/martegaou.eldapps.com\/?s={search_term_string}\"},\"query-input\":{\"@type\":\"PropertyValueSpecification\",\"valueRequired\":true,\"valueName\":\"search_term_string\"}}],\"inLanguage\":\"de\"},{\"@type\":\"Organization\",\"@id\":\"https:\/\/martegaou.eldapps.com\/#organization\",\"name\":\"Ctoncamping\",\"url\":\"https:\/\/martegaou.eldapps.com\/\",\"logo\":{\"@type\":\"ImageObject\",\"inLanguage\":\"de\",\"@id\":\"https:\/\/martegaou.eldapps.com\/#\/schema\/logo\/image\/\",\"url\":\"https:\/\/martegaou.eldapps.com\/wp-content\/uploads\/2022\/03\/logo-alt-ctoncamping.png\",\"contentUrl\":\"https:\/\/martegaou.eldapps.com\/wp-content\/uploads\/2022\/03\/logo-alt-ctoncamping.png\",\"width\":402,\"height\":72,\"caption\":\"Ctoncamping\"},\"image\":{\"@id\":\"https:\/\/martegaou.eldapps.com\/#\/schema\/logo\/image\/\"}}]}<\/script>\n<!-- \/ Yoast SEO plugin. -->","yoast_head_json":{"title":"Qualit\u00e4tscamping Martigues | Camping mit Wifi in Bouches-du-Rh\u00f4ne","robots":{"index":"index","follow":"follow","max-snippet":"max-snippet:-1","max-image-preview":"max-image-preview:large","max-video-preview":"max-video-preview:-1"},"canonical":"https:\/\/martegaou.eldapps.com\/de\/campingplatz-4-sterne-martigues\/qualitaetscamping-martigues\/","og_locale":"de_DE","og_type":"article","og_title":"Qualit\u00e4tscamping Martigues | Camping mit Wifi in Bouches-du-Rh\u00f4ne","og_url":"https:\/\/martegaou.eldapps.com\/de\/campingplatz-4-sterne-martigues\/qualitaetscamping-martigues\/","og_site_name":"Martegaou","article_modified_time":"2022-06-17T10:29:35+00:00","og_image":[{"width":1899,"height":550,"url":"https:\/\/martegaou.eldapps.com\/wp-content\/uploads\/2022\/03\/services-camping-1.jpg","type":"image\/jpeg"}],"twitter_card":"summary_large_image","twitter_misc":{"Gesch\u00e4tzte Lesezeit":"4\u00a0Minuten"},"schema":{"@context":"https:\/\/schema.org","@graph":[{"@type":"WebPage","@id":"https:\/\/martegaou.eldapps.com\/de\/campingplatz-4-sterne-martigues\/qualitaetscamping-martigues\/","url":"https:\/\/martegaou.eldapps.com\/de\/campingplatz-4-sterne-martigues\/qualitaetscamping-martigues\/","name":"Qualit\u00e4tscamping Martigues | Camping mit Wifi in Bouches-du-Rh\u00f4ne","isPartOf":{"@id":"https:\/\/martegaou.eldapps.com\/#website"},"primaryImageOfPage":{"@id":"https:\/\/martegaou.eldapps.com\/de\/campingplatz-4-sterne-martigues\/qualitaetscamping-martigues\/#primaryimage"},"image":{"@id":"https:\/\/martegaou.eldapps.com\/de\/campingplatz-4-sterne-martigues\/qualitaetscamping-martigues\/#primaryimage"},"thumbnailUrl":"https:\/\/martegaou.eldapps.com\/wp-content\/uploads\/2022\/03\/services-camping-1.jpg","datePublished":"2022-03-24T11:11:17+00:00","dateModified":"2022-06-17T10:29:35+00:00","breadcrumb":{"@id":"https:\/\/martegaou.eldapps.com\/de\/campingplatz-4-sterne-martigues\/qualitaetscamping-martigues\/#breadcrumb"},"inLanguage":"de","potentialAction":[{"@type":"ReadAction","target":["https:\/\/martegaou.eldapps.com\/de\/campingplatz-4-sterne-martigues\/qualitaetscamping-martigues\/"]}]},{"@type":"ImageObject","inLanguage":"de","@id":"https:\/\/martegaou.eldapps.com\/de\/campingplatz-4-sterne-martigues\/qualitaetscamping-martigues\/#primaryimage","url":"https:\/\/martegaou.eldapps.com\/wp-content\/uploads\/2022\/03\/services-camping-1.jpg","contentUrl":"https:\/\/martegaou.eldapps.com\/wp-content\/uploads\/2022\/03\/services-camping-1.jpg","width":1899,"height":550,"caption":"services camping"},{"@type":"BreadcrumbList","@id":"https:\/\/martegaou.eldapps.com\/de\/campingplatz-4-sterne-martigues\/qualitaetscamping-martigues\/#breadcrumb","itemListElement":[{"@type":"ListItem","position":1,"name":"Camping Bouches-du-Rh\u00f4ne","item":"https:\/\/martegaou.eldapps.com\/de\/"},{"@type":"ListItem","position":2,"name":"Qualit\u00e4tscampingplatz in Martigues","item":"https:\/\/martegaou.eldapps.com\/de\/campingplatz-4-sterne-martigues\/"},{"@type":"ListItem","position":3,"name":"Familiencamping in Martigues"}]},{"@type":"WebSite","@id":"https:\/\/martegaou.eldapps.com\/#website","url":"https:\/\/martegaou.eldapps.com\/","name":"Martegaou","description":"","publisher":{"@id":"https:\/\/martegaou.eldapps.com\/#organization"},"potentialAction":[{"@type":"SearchAction","target":{"@type":"EntryPoint","urlTemplate":"https:\/\/martegaou.eldapps.com\/?s={search_term_string}"},"query-input":{"@type":"PropertyValueSpecification","valueRequired":true,"valueName":"search_term_string"}}],"inLanguage":"de"},{"@type":"Organization","@id":"https:\/\/martegaou.eldapps.com\/#organization","name":"Ctoncamping","url":"https:\/\/martegaou.eldapps.com\/","logo":{"@type":"ImageObject","inLanguage":"de","@id":"https:\/\/martegaou.eldapps.com\/#\/schema\/logo\/image\/","url":"https:\/\/martegaou.eldapps.com\/wp-content\/uploads\/2022\/03\/logo-alt-ctoncamping.png","contentUrl":"https:\/\/martegaou.eldapps.com\/wp-content\/uploads\/2022\/03\/logo-alt-ctoncamping.png","width":402,"height":72,"caption":"Ctoncamping"},"image":{"@id":"https:\/\/martegaou.eldapps.com\/#\/schema\/logo\/image\/"}}]}},"_links":{"self":[{"href":"https:\/\/martegaou.eldapps.com\/de\/wp-json\/wp\/v2\/pages\/6864","targetHints":{"allow":["GET"]}}],"collection":[{"href":"https:\/\/martegaou.eldapps.com\/de\/wp-json\/wp\/v2\/pages"}],"about":[{"href":"https:\/\/martegaou.eldapps.com\/de\/wp-json\/wp\/v2\/types\/page"}],"author":[{"embeddable":true,"href":"https:\/\/martegaou.eldapps.com\/de\/wp-json\/wp\/v2\/users\/1"}],"replies":[{"embeddable":true,"href":"https:\/\/martegaou.eldapps.com\/de\/wp-json\/wp\/v2\/comments?post=6864"}],"version-history":[{"count":0,"href":"https:\/\/martegaou.eldapps.com\/de\/wp-json\/wp\/v2\/pages\/6864\/revisions"}],"up":[{"embeddable":true,"href":"https:\/\/martegaou.eldapps.com\/de\/wp-json\/wp\/v2\/pages\/6669"}],"wp:featuredmedia":[{"embeddable":true,"href":"https:\/\/martegaou.eldapps.com\/de\/wp-json\/wp\/v2\/media\/6089"}],"wp:attachment":[{"href":"https:\/\/martegaou.eldapps.com\/de\/wp-json\/wp\/v2\/media?parent=6864"}],"wp:term":[{"taxonomy":"sujet","embeddable":true,"href":"https:\/\/martegaou.eldapps.com\/de\/wp-json\/wp\/v2\/sujet?post=6864"}],"curies":[{"name":"wp","href":"https:\/\/api.w.org\/{rel}","templated":true}]}}