{"id":6851,"date":"2022-03-10T09:52:35","date_gmt":"2022-03-10T08:52:35","guid":{"rendered":"https:\/\/martegaou.eldapps.com\/camping-4-etoiles-martigues\/restaurant-martigues\/"},"modified":"2022-06-17T14:19:12","modified_gmt":"2022-06-17T12:19:12","slug":"restaurant-to-martigues","status":"publish","type":"page","link":"https:\/\/martegaou.eldapps.com\/de\/campingplatz-4-sterne-martigues\/restaurant-to-martigues\/","title":{"rendered":"Restaurant &#8211; l&#8217;arquet"},"content":{"rendered":"<section id=\"ls-section-block_623c3c45e1ca7\" class=\"ls-section  page-one p-t-0 p-b-0\" >\r\n        <div class=\"container container--wide\">\r\n        \n\n<h1 class=\"ls__heading has-text-align-center has-color-1-color has-text-color wp-block-heading\">RESTAURANT<br><mark style=\"background-color:rgba(0, 0, 0, 0)\" class=\"has-inline-color has-color-2-color\">in der N\u00e4he von Martigues<\/mark><\/h1>\n\n\r\n    <\/div>\r\n<\/section>\n\n<section id=\"ls-section-block_622b51a7ef6b6\" class=\"ls-section  page-two p-t-0 has-background has-color-white-background-color\" >\r\n        <div class=\"container container--wide\">\r\n        \n\n<div class=\"wp-block-columns are-vertically-aligned-center is-layout-flex wp-container-core-columns-is-layout-9d6595d7 wp-block-columns-is-layout-flex\">\n<div class=\"wp-block-column is-vertically-aligned-center is-layout-flow wp-block-column-is-layout-flow\">\n<h2 class=\"ls-heading wp-block-heading\">Restaurant Die Terrasses von Arquet<\/h2>\n\n\n\n<p class=\"ls-paragraph\">Das Restaurant ist von April bis Oktober ge\u00f6ffnet. Genie\u00dfen Sie ein provenzalisches Mittagessen und lokale Weine am Pool mit Blick auf das gro\u00dfe blaue Meer. Ein 360\u00b0-Blick auf die Kapelle von Sainte-Croix, die Insel Aragon oder auch Marseilleveyre erwartet Sie.<\/p>\n\n\n\n<p class=\"ls-paragraph\">Themenessen, Aperitif, Pizza und Gerichte \u00e0 la carte nach Lust und Laune, verbringen Sie einen angenehmen Moment in Geselligkeit und guter Laune.<\/p>\n\n\n<div class=\"wp-block-image\">\n<figure class=\"aligncenter size-medium\"><img loading=\"lazy\" decoding=\"async\" width=\"300\" height=\"108\" src=\"https:\/\/martegaou.eldapps.com\/wp-content\/uploads\/2022\/04\/LOGO_TDA-300x108.png\" alt=\"logo tda\" class=\"wp-image-6721\" srcset=\"https:\/\/martegaou.eldapps.com\/wp-content\/uploads\/2022\/04\/LOGO_TDA-300x108.png 300w, https:\/\/martegaou.eldapps.com\/wp-content\/uploads\/2022\/04\/LOGO_TDA-1024x370.png 1024w, https:\/\/martegaou.eldapps.com\/wp-content\/uploads\/2022\/04\/LOGO_TDA-768x278.png 768w, https:\/\/martegaou.eldapps.com\/wp-content\/uploads\/2022\/04\/LOGO_TDA-1536x555.png 1536w, https:\/\/martegaou.eldapps.com\/wp-content\/uploads\/2022\/04\/LOGO_TDA-2048x741.png 2048w\" sizes=\"auto, (max-width: 300px) 100vw, 300px\" \/><\/figure>\n<\/div><\/div>\n\n\n\n<div class=\"wp-block-column is-vertically-aligned-center column-description column-description__camping column-description__camping__arquet no-after animated fadeInRight delay-100ms slow is-layout-flow wp-block-column-is-layout-flow\">\n<figure class=\"wp-block-gallery has-nested-images columns-2 is-cropped img-page-interne wp-block-gallery-1 is-layout-flex wp-block-gallery-is-layout-flex\">\n<figure class=\"wp-block-image size-full\"><a href=\"https:\/\/martegaou.eldapps.com\/wp-content\/uploads\/2022\/03\/plat-moule-restaurant.jpg\"><img loading=\"lazy\" decoding=\"async\" width=\"800\" height=\"533\" data-id=\"6117\" src=\"https:\/\/martegaou.eldapps.com\/wp-content\/uploads\/2022\/03\/plat-moule-restaurant.jpg\" alt=\"soir\u00e9e moule frites martigues\" class=\"wp-image-6117\" srcset=\"https:\/\/martegaou.eldapps.com\/wp-content\/uploads\/2022\/03\/plat-moule-restaurant.jpg 800w, https:\/\/martegaou.eldapps.com\/wp-content\/uploads\/2022\/03\/plat-moule-restaurant-300x200.jpg 300w, https:\/\/martegaou.eldapps.com\/wp-content\/uploads\/2022\/03\/plat-moule-restaurant-768x512.jpg 768w\" sizes=\"auto, (max-width: 800px) 100vw, 800px\" \/><\/a><\/figure>\n\n\n\n<figure class=\"wp-block-image size-full\"><a href=\"https:\/\/martegaou.eldapps.com\/wp-content\/uploads\/2022\/03\/terrasse-restaurant.jpg\"><img loading=\"lazy\" decoding=\"async\" width=\"800\" height=\"533\" data-id=\"6141\" src=\"https:\/\/martegaou.eldapps.com\/wp-content\/uploads\/2022\/03\/terrasse-restaurant.jpg\" alt=\"terrasse restaurant\" class=\"wp-image-6141\" srcset=\"https:\/\/martegaou.eldapps.com\/wp-content\/uploads\/2022\/03\/terrasse-restaurant.jpg 800w, https:\/\/martegaou.eldapps.com\/wp-content\/uploads\/2022\/03\/terrasse-restaurant-300x200.jpg 300w, https:\/\/martegaou.eldapps.com\/wp-content\/uploads\/2022\/03\/terrasse-restaurant-768x512.jpg 768w\" sizes=\"auto, (max-width: 800px) 100vw, 800px\" \/><\/a><\/figure>\n\n\n\n<figure class=\"wp-block-image size-full\"><a href=\"https:\/\/martegaou.eldapps.com\/wp-content\/uploads\/2022\/03\/apero-camping-restaurant.jpg\"><img loading=\"lazy\" decoding=\"async\" width=\"800\" height=\"533\" data-id=\"6129\" src=\"https:\/\/martegaou.eldapps.com\/wp-content\/uploads\/2022\/03\/apero-camping-restaurant.jpg\" alt=\"Ap\u00e9ritif restaurant du camping\" class=\"wp-image-6129\" srcset=\"https:\/\/martegaou.eldapps.com\/wp-content\/uploads\/2022\/03\/apero-camping-restaurant.jpg 800w, https:\/\/martegaou.eldapps.com\/wp-content\/uploads\/2022\/03\/apero-camping-restaurant-300x200.jpg 300w, https:\/\/martegaou.eldapps.com\/wp-content\/uploads\/2022\/03\/apero-camping-restaurant-768x512.jpg 768w\" sizes=\"auto, (max-width: 800px) 100vw, 800px\" \/><\/a><\/figure>\n\n\n\n<figure class=\"wp-block-image size-full\"><a href=\"https:\/\/martegaou.eldapps.com\/wp-content\/uploads\/2022\/03\/frites.jpg\"><img loading=\"lazy\" decoding=\"async\" width=\"800\" height=\"533\" data-id=\"6131\" src=\"https:\/\/martegaou.eldapps.com\/wp-content\/uploads\/2022\/03\/frites.jpg\" alt=\"camping avec animations moules frites\" class=\"wp-image-6131\" srcset=\"https:\/\/martegaou.eldapps.com\/wp-content\/uploads\/2022\/03\/frites.jpg 800w, https:\/\/martegaou.eldapps.com\/wp-content\/uploads\/2022\/03\/frites-300x200.jpg 300w, https:\/\/martegaou.eldapps.com\/wp-content\/uploads\/2022\/03\/frites-768x512.jpg 768w\" sizes=\"auto, (max-width: 800px) 100vw, 800px\" \/><\/a><\/figure>\n<\/figure>\n<\/div>\n<\/div>\n\n\r\n    <\/div>\r\n<\/section>\n\n<section id=\"ls-section-block_622f504cb7894\" class=\"ls-section  page-two has-background has-color-3-background-color has-text-color has-color-black-color\" >\r\n        <div class=\"container container--wide\">\r\n        \n\n<div class=\"wp-block-columns are-vertically-aligned-center is-layout-flex wp-container-core-columns-is-layout-9d6595d7 wp-block-columns-is-layout-flex\">\n<div class=\"wp-block-column is-vertically-aligned-center column-description column-description__camping column-description__camping__arquet no-after animated fadeInLeft delay-100ms slow is-layout-flow wp-block-column-is-layout-flow\">\n<figure class=\"wp-block-gallery has-nested-images columns-2 is-cropped img-page-interne wp-block-gallery-2 is-layout-flex wp-block-gallery-is-layout-flex\">\n<figure class=\"wp-block-image size-full img-page-interne\"><a href=\"https:\/\/martegaou.eldapps.com\/wp-content\/uploads\/2022\/03\/restaurant-vue-mer.jpg\"><img loading=\"lazy\" decoding=\"async\" width=\"800\" height=\"533\" data-id=\"6207\" src=\"https:\/\/martegaou.eldapps.com\/wp-content\/uploads\/2022\/03\/restaurant-vue-mer.jpg\" alt=\"restaurant avec vue\" class=\"wp-image-6207\" srcset=\"https:\/\/martegaou.eldapps.com\/wp-content\/uploads\/2022\/03\/restaurant-vue-mer.jpg 800w, https:\/\/martegaou.eldapps.com\/wp-content\/uploads\/2022\/03\/restaurant-vue-mer-300x200.jpg 300w, https:\/\/martegaou.eldapps.com\/wp-content\/uploads\/2022\/03\/restaurant-vue-mer-768x512.jpg 768w\" sizes=\"auto, (max-width: 800px) 100vw, 800px\" \/><\/a><\/figure>\n\n\n\n<figure class=\"wp-block-image size-full\"><a href=\"https:\/\/martegaou.eldapps.com\/wp-content\/uploads\/2022\/03\/restaurant-bar-camping.jpg\"><img loading=\"lazy\" decoding=\"async\" width=\"800\" height=\"533\" data-id=\"6209\" src=\"https:\/\/martegaou.eldapps.com\/wp-content\/uploads\/2022\/03\/restaurant-bar-camping.jpg\" alt=\"Restaurant avec terrasse\" class=\"wp-image-6209\" srcset=\"https:\/\/martegaou.eldapps.com\/wp-content\/uploads\/2022\/03\/restaurant-bar-camping.jpg 800w, https:\/\/martegaou.eldapps.com\/wp-content\/uploads\/2022\/03\/restaurant-bar-camping-300x200.jpg 300w, https:\/\/martegaou.eldapps.com\/wp-content\/uploads\/2022\/03\/restaurant-bar-camping-768x512.jpg 768w\" sizes=\"auto, (max-width: 800px) 100vw, 800px\" \/><\/a><\/figure>\n\n\n\n<figure class=\"wp-block-image size-large\"><a href=\"https:\/\/martegaou.eldapps.com\/wp-content\/uploads\/2022\/03\/boisson-soleil-camping.jpg\"><img loading=\"lazy\" decoding=\"async\" width=\"1024\" height=\"683\" data-id=\"6309\" src=\"https:\/\/martegaou.eldapps.com\/wp-content\/uploads\/2022\/03\/boisson-soleil-camping-1024x683.jpg\" alt=\"boisson soleil camping\" class=\"wp-image-6309\" srcset=\"https:\/\/martegaou.eldapps.com\/wp-content\/uploads\/2022\/03\/boisson-soleil-camping-1024x683.jpg 1024w, https:\/\/martegaou.eldapps.com\/wp-content\/uploads\/2022\/03\/boisson-soleil-camping-300x200.jpg 300w, https:\/\/martegaou.eldapps.com\/wp-content\/uploads\/2022\/03\/boisson-soleil-camping-768x512.jpg 768w, https:\/\/martegaou.eldapps.com\/wp-content\/uploads\/2022\/03\/boisson-soleil-camping.jpg 1200w\" sizes=\"auto, (max-width: 1024px) 100vw, 1024px\" \/><\/a><\/figure>\n\n\n\n<figure class=\"wp-block-image size-full\"><a href=\"https:\/\/martegaou.eldapps.com\/wp-content\/uploads\/2022\/04\/alcohol-1853327_640.jpg\"><img loading=\"lazy\" decoding=\"async\" width=\"640\" height=\"427\" data-id=\"6775\" src=\"https:\/\/martegaou.eldapps.com\/wp-content\/uploads\/2022\/04\/alcohol-1853327_640.jpg\" alt=\"aperitif\" class=\"wp-image-6775\" srcset=\"https:\/\/martegaou.eldapps.com\/wp-content\/uploads\/2022\/04\/alcohol-1853327_640.jpg 640w, https:\/\/martegaou.eldapps.com\/wp-content\/uploads\/2022\/04\/alcohol-1853327_640-300x200.jpg 300w\" sizes=\"auto, (max-width: 640px) 100vw, 640px\" \/><\/a><\/figure>\n<\/figure>\n<\/div>\n\n\n\n<div class=\"wp-block-column is-vertically-aligned-center is-layout-flow wp-block-column-is-layout-flow\">\n<h2 class=\"ls-heading wp-block-heading\">Die Tiki-Bar<\/h2>\n\n\n\n<p class=\"ls-paragraph\">Entdecken Sie unser Konzept der Cocktailbar und Aperitifbretter zum Teilen. Genie\u00dfen Sie die Bestseller unserer Cocktails, den Moscow Mule, den Ma\u00efta\u00ef oder auch den Tiki.<\/p>\n\n\n\n<p class=\"ls-paragraph\"><br>Die Tiki Bar ist vom 1. Juni bis zum 31. August jeden Abend und ab dem 29. April und im September von Freitagabend bis Sonntagmittag ge\u00f6ffnet. Stehimbisse und F\u00e4sser sorgen daf\u00fcr, dass Sie einen Moment mit der Familie oder Freunden in einer geselligen Atmosph\u00e4re und mit einem atemberaubenden Blick auf das Meer genie\u00dfen k\u00f6nnen. In der Sommersaison ist Le Tiki der perfekte Ort, um einem Live-Konzert zu lauschen. Entdecken Sie unser reichhaltiges Programm an Auff\u00fchrungen und Konzerten unter freiem Himmel.<\/p>\n\n\n<div class=\"wp-block-image\">\n<figure class=\"aligncenter size-medium is-resized\"><img loading=\"lazy\" decoding=\"async\" src=\"https:\/\/martegaou.eldapps.com\/wp-content\/uploads\/2022\/04\/LOGO_TIKI-BAR-234x300.png\" alt=\"tiki bar\" class=\"wp-image-6719\" width=\"150\" height=\"216\"\/><\/figure>\n<\/div><\/div>\n<\/div>\n\n\r\n    <\/div>\r\n<\/section>\n\n<section id=\"ls-section-block_622f5091b7895\" class=\"ls-section  page-three  has-background-image has-parallax\" >\r\n    <div class=\"ls-section__background-image opacity-100\"><img decoding=\"async\" src=\"https:\/\/martegaou.eldapps.com\/wp-content\/uploads\/2022\/03\/bar-coktail-camping.jpg\" alt=\"bar-cocktail-camping\"><\/div>    <div class=\"container \">\r\n        \r\n    <\/div>\r\n<\/section>\n\n<section id=\"ls-section-block_6230725ede62d\" class=\"ls-section  page-four p-t-10 p-b-10 has-background has-color-3-background-color\" >\r\n        <div class=\"container container--wide\">\r\n        \n\n<div class=\"wp-block-columns is-layout-flex wp-container-core-columns-is-layout-9d6595d7 wp-block-columns-is-layout-flex\">\n<div class=\"wp-block-column is-layout-flow wp-block-column-is-layout-flow\">\n<h2 class=\"ls-heading wp-block-heading\">Der Pizzakiosk<\/h2>\n\n\n\n<p class=\"ls-paragraph\">Keine Zeit zum Kochen? M\u00f6chten Sie Ihren Urlaub genie\u00dfen, anstatt Zeit mit der Zubereitung von Mahlzeiten zu verbringen? Brauchen Sie ein schnelles Essen?<\/p>\n\n\n\n<p class=\"ls-paragraph\">Auf den Terrassen von L&#8217;Arquet haben Urlauber, die sich in L&#8216;<a href=\"\/de\/\">Arquet<\/a> aufhalten, Zugang zum Pizzakiosk. Das ist die Gelegenheit, eine Pizza zum Mitnehmen und Teilen zu genie\u00dfen! Dieser Service erleichtert Ihnen jeden Abend au\u00dfer montags den Alltag. Von Mai bis September.<\/p>\n<\/div>\n\n\n\n<div class=\"wp-block-column is-layout-flow wp-block-column-is-layout-flow\">\n<h2 class=\"ls-heading wp-block-heading\">Ihr Brath\u00e4hnchen zum Mitnehmen<\/h2>\n\n\n\n<p class=\"ls-paragraph\">Das ist die Neuheit dieses Jahres! Wir bieten Ihnen die M\u00f6glichkeit, Ihr Freilandhuhn zum Mitnehmen zu bestellen, das vor Ort im Br\u00e4ter mit einer gro\u00dfz\u00fcgigen Kartoffelbeilage gebraten wird. Eine einfache M\u00f6glichkeit, ohne zu kochen zu schlemmen!<\/p>\n\n\n\n<p class=\"ls-paragraph\">Einfach und schnell: Begeben Sie sich zu den <a href=\"\/de\/campingplatz-4-sterne-martigues\/\">Terrasses de l&#8217;Arquet<\/a>, um Ihre Bestellung abzuholen.<\/p>\n<\/div>\n<\/div>\n\n\r\n    <\/div>\r\n<\/section>\n\n<section id=\"ls-section-block_622f51c6b7896\" class=\"ls-section  bloc-cta-fin-page\" >\r\n        <div class=\"container container--wide\">\r\n        \n\n<div id=\"ls-heading ls-titre-div-block_622f5219b7897\" class=\"ls-titre-div aligncenter h2-like\" >\n    Planen Sie Ihr Seminar und genie\u00dfen Sie den Campingplatz<\/div>\n\n\n\n<div class=\"wp-block-columns is-layout-flex wp-container-core-columns-is-layout-9d6595d7 wp-block-columns-is-layout-flex\">\n<div class=\"wp-block-column is-layout-flow wp-block-column-is-layout-flow\">\r\n<div id=\"ls-cta-block_62276ee6d5a28\" class=\"ls-cta\">  \r\n    \n\n<a href=\"\/de\/camping-veranstaltung-martigues\/\" target=\"\" rel=\"noopener\" class=\"ls-cta__link\">\n\n\t<div class=\"ls-cta__image\"><img decoding=\"async\" src=\"https:\/\/martegaou.eldapps.com\/wp-content\/uploads\/2022\/03\/locatif-groupe-bouches-du-rhone-1.jpg\" alt=\"locatif groupe bouches du rhone\"><\/div>\n\t<div class=\"ls-cta__text\">\n\t\t<div class=\"ls-cta__title\">\n\t\t\tSeminar\t\t<\/div>\n\n\t\t\t\t\t<div class=\"ls-cta__description\">\n\t\t\t\tEntdecken Sie\t\t\t<\/div>\n\t\t\t<\/div>\n\n<\/a><\/div><\/div>\n\n\n\n<div class=\"wp-block-column is-layout-flow wp-block-column-is-layout-flow\">\r\n<div id=\"ls-cta-block_6242f47cf7c9c\" class=\"ls-cta\">  \r\n    \n\n<a href=\"\/de\/campingplatz-4-sterne-martigues\/standort-mobil-home-martigues\/\" target=\"\" rel=\"noopener\" class=\"ls-cta__link\">\n\n\t<div class=\"ls-cta__image\"><img decoding=\"async\" src=\"https:\/\/martegaou.eldapps.com\/wp-content\/uploads\/2022\/03\/location-chalet-bouches-du-rhone.jpg\" alt=\"location chalet bouches du rhone\"><\/div>\n\t<div class=\"ls-cta__text\">\n\t\t<div class=\"ls-cta__title\">\n\t\t\tStandorte\t\t<\/div>\n\n\t\t\t\t\t<div class=\"ls-cta__description\">\n\t\t\t\tEntdecken Sie\t\t\t<\/div>\n\t\t\t<\/div>\n\n<\/a><\/div><\/div>\n\n\n\n<div class=\"wp-block-column is-layout-flow wp-block-column-is-layout-flow\">\r\n<div id=\"ls-cta-block_6242f4c9f7c9d\" class=\"ls-cta\">  \r\n    \n\n<a href=\"https:\/\/martegaou.eldapps.com\/de\/campingplatz-4-sterne-martigues\/camping-familien-martigues\/\" target=\"\" rel=\"noopener\" class=\"ls-cta__link\">\n\n\t<div class=\"ls-cta__image\"><img decoding=\"async\" src=\"https:\/\/martegaou.eldapps.com\/wp-content\/uploads\/2022\/03\/animation-club-enfants-768x512.jpg\" alt=\"animation club enfants\"><\/div>\n\t<div class=\"ls-cta__text\">\n\t\t<div class=\"ls-cta__title\">\n\t\t\tAnimationen\t\t<\/div>\n\n\t\t\t\t\t<div class=\"ls-cta__description\">\n\t\t\t\tEntdecken Sie\t\t\t<\/div>\n\t\t\t<\/div>\n\n<\/a><\/div><\/div>\n<\/div>\n\n\r\n    <\/div>\r\n<\/section>","protected":false},"excerpt":{"rendered":"","protected":false},"author":1,"featured_media":6149,"parent":6669,"menu_order":0,"comment_status":"closed","ping_status":"closed","template":"","meta":{"_acf_changed":false,"footnotes":""},"sujet":[],"class_list":["post-6851","page","type-page","status-publish","has-post-thumbnail","hentry"],"acf":[],"yoast_head":"<!-- This site is optimized with the Yoast SEO plugin v26.7 - https:\/\/yoast.com\/wordpress\/plugins\/seo\/ -->\n<title>Restaurant in der N\u00e4he von Martigues | Cocktailbar in Bouches-du-Rh\u00f4ne<\/title>\n<meta name=\"robots\" content=\"index, follow, max-snippet:-1, max-image-preview:large, max-video-preview:-1\" \/>\n<link rel=\"canonical\" href=\"https:\/\/martegaou.eldapps.com\/de\/campingplatz-4-sterne-martigues\/restaurant-to-martigues\/\" \/>\n<meta property=\"og:locale\" content=\"de_DE\" \/>\n<meta property=\"og:type\" content=\"article\" \/>\n<meta property=\"og:title\" content=\"Restaurant in der N\u00e4he von Martigues | Cocktailbar in Bouches-du-Rh\u00f4ne\" \/>\n<meta property=\"og:url\" content=\"https:\/\/martegaou.eldapps.com\/de\/campingplatz-4-sterne-martigues\/restaurant-to-martigues\/\" \/>\n<meta property=\"og:site_name\" content=\"Martegaou\" \/>\n<meta property=\"article:modified_time\" content=\"2022-06-17T12:19:12+00:00\" \/>\n<meta property=\"og:image\" content=\"https:\/\/martegaou.eldapps.com\/wp-content\/uploads\/2022\/03\/restaurant-terrasse-vue-sur-mer.jpg\" \/>\n\t<meta property=\"og:image:width\" content=\"1899\" \/>\n\t<meta property=\"og:image:height\" content=\"550\" \/>\n\t<meta property=\"og:image:type\" content=\"image\/jpeg\" \/>\n<meta name=\"twitter:card\" content=\"summary_large_image\" \/>\n<meta name=\"twitter:label1\" content=\"Gesch\u00e4tzte Lesezeit\" \/>\n\t<meta name=\"twitter:data1\" content=\"4\u00a0Minuten\" \/>\n<script type=\"application\/ld+json\" class=\"yoast-schema-graph\">{\"@context\":\"https:\/\/schema.org\",\"@graph\":[{\"@type\":\"WebPage\",\"@id\":\"https:\/\/martegaou.eldapps.com\/de\/campingplatz-4-sterne-martigues\/restaurant-to-martigues\/\",\"url\":\"https:\/\/martegaou.eldapps.com\/de\/campingplatz-4-sterne-martigues\/restaurant-to-martigues\/\",\"name\":\"Restaurant in der N\u00e4he von Martigues | Cocktailbar in Bouches-du-Rh\u00f4ne\",\"isPartOf\":{\"@id\":\"https:\/\/martegaou.eldapps.com\/#website\"},\"primaryImageOfPage\":{\"@id\":\"https:\/\/martegaou.eldapps.com\/de\/campingplatz-4-sterne-martigues\/restaurant-to-martigues\/#primaryimage\"},\"image\":{\"@id\":\"https:\/\/martegaou.eldapps.com\/de\/campingplatz-4-sterne-martigues\/restaurant-to-martigues\/#primaryimage\"},\"thumbnailUrl\":\"https:\/\/martegaou.eldapps.com\/wp-content\/uploads\/2022\/03\/restaurant-terrasse-vue-sur-mer.jpg\",\"datePublished\":\"2022-03-10T08:52:35+00:00\",\"dateModified\":\"2022-06-17T12:19:12+00:00\",\"breadcrumb\":{\"@id\":\"https:\/\/martegaou.eldapps.com\/de\/campingplatz-4-sterne-martigues\/restaurant-to-martigues\/#breadcrumb\"},\"inLanguage\":\"de\",\"potentialAction\":[{\"@type\":\"ReadAction\",\"target\":[\"https:\/\/martegaou.eldapps.com\/de\/campingplatz-4-sterne-martigues\/restaurant-to-martigues\/\"]}]},{\"@type\":\"ImageObject\",\"inLanguage\":\"de\",\"@id\":\"https:\/\/martegaou.eldapps.com\/de\/campingplatz-4-sterne-martigues\/restaurant-to-martigues\/#primaryimage\",\"url\":\"https:\/\/martegaou.eldapps.com\/wp-content\/uploads\/2022\/03\/restaurant-terrasse-vue-sur-mer.jpg\",\"contentUrl\":\"https:\/\/martegaou.eldapps.com\/wp-content\/uploads\/2022\/03\/restaurant-terrasse-vue-sur-mer.jpg\",\"width\":1899,\"height\":550,\"caption\":\"restaurant terrasse vue sur mer\"},{\"@type\":\"BreadcrumbList\",\"@id\":\"https:\/\/martegaou.eldapps.com\/de\/campingplatz-4-sterne-martigues\/restaurant-to-martigues\/#breadcrumb\",\"itemListElement\":[{\"@type\":\"ListItem\",\"position\":1,\"name\":\"Camping Bouches-du-Rh\u00f4ne\",\"item\":\"https:\/\/martegaou.eldapps.com\/de\/\"},{\"@type\":\"ListItem\",\"position\":2,\"name\":\"Qualit\u00e4tscampingplatz in Martigues\",\"item\":\"https:\/\/martegaou.eldapps.com\/de\/campingplatz-4-sterne-martigues\/\"},{\"@type\":\"ListItem\",\"position\":3,\"name\":\"Bar in Bouches-du-Rh\u00f4ne\"}]},{\"@type\":\"WebSite\",\"@id\":\"https:\/\/martegaou.eldapps.com\/#website\",\"url\":\"https:\/\/martegaou.eldapps.com\/\",\"name\":\"Martegaou\",\"description\":\"\",\"publisher\":{\"@id\":\"https:\/\/martegaou.eldapps.com\/#organization\"},\"potentialAction\":[{\"@type\":\"SearchAction\",\"target\":{\"@type\":\"EntryPoint\",\"urlTemplate\":\"https:\/\/martegaou.eldapps.com\/?s={search_term_string}\"},\"query-input\":{\"@type\":\"PropertyValueSpecification\",\"valueRequired\":true,\"valueName\":\"search_term_string\"}}],\"inLanguage\":\"de\"},{\"@type\":\"Organization\",\"@id\":\"https:\/\/martegaou.eldapps.com\/#organization\",\"name\":\"Ctoncamping\",\"url\":\"https:\/\/martegaou.eldapps.com\/\",\"logo\":{\"@type\":\"ImageObject\",\"inLanguage\":\"de\",\"@id\":\"https:\/\/martegaou.eldapps.com\/#\/schema\/logo\/image\/\",\"url\":\"https:\/\/martegaou.eldapps.com\/wp-content\/uploads\/2022\/03\/logo-alt-ctoncamping.png\",\"contentUrl\":\"https:\/\/martegaou.eldapps.com\/wp-content\/uploads\/2022\/03\/logo-alt-ctoncamping.png\",\"width\":402,\"height\":72,\"caption\":\"Ctoncamping\"},\"image\":{\"@id\":\"https:\/\/martegaou.eldapps.com\/#\/schema\/logo\/image\/\"}}]}<\/script>\n<!-- \/ Yoast SEO plugin. -->","yoast_head_json":{"title":"Restaurant in der N\u00e4he von Martigues | Cocktailbar in Bouches-du-Rh\u00f4ne","robots":{"index":"index","follow":"follow","max-snippet":"max-snippet:-1","max-image-preview":"max-image-preview:large","max-video-preview":"max-video-preview:-1"},"canonical":"https:\/\/martegaou.eldapps.com\/de\/campingplatz-4-sterne-martigues\/restaurant-to-martigues\/","og_locale":"de_DE","og_type":"article","og_title":"Restaurant in der N\u00e4he von Martigues | Cocktailbar in Bouches-du-Rh\u00f4ne","og_url":"https:\/\/martegaou.eldapps.com\/de\/campingplatz-4-sterne-martigues\/restaurant-to-martigues\/","og_site_name":"Martegaou","article_modified_time":"2022-06-17T12:19:12+00:00","og_image":[{"width":1899,"height":550,"url":"https:\/\/martegaou.eldapps.com\/wp-content\/uploads\/2022\/03\/restaurant-terrasse-vue-sur-mer.jpg","type":"image\/jpeg"}],"twitter_card":"summary_large_image","twitter_misc":{"Gesch\u00e4tzte Lesezeit":"4\u00a0Minuten"},"schema":{"@context":"https:\/\/schema.org","@graph":[{"@type":"WebPage","@id":"https:\/\/martegaou.eldapps.com\/de\/campingplatz-4-sterne-martigues\/restaurant-to-martigues\/","url":"https:\/\/martegaou.eldapps.com\/de\/campingplatz-4-sterne-martigues\/restaurant-to-martigues\/","name":"Restaurant in der N\u00e4he von Martigues | Cocktailbar in Bouches-du-Rh\u00f4ne","isPartOf":{"@id":"https:\/\/martegaou.eldapps.com\/#website"},"primaryImageOfPage":{"@id":"https:\/\/martegaou.eldapps.com\/de\/campingplatz-4-sterne-martigues\/restaurant-to-martigues\/#primaryimage"},"image":{"@id":"https:\/\/martegaou.eldapps.com\/de\/campingplatz-4-sterne-martigues\/restaurant-to-martigues\/#primaryimage"},"thumbnailUrl":"https:\/\/martegaou.eldapps.com\/wp-content\/uploads\/2022\/03\/restaurant-terrasse-vue-sur-mer.jpg","datePublished":"2022-03-10T08:52:35+00:00","dateModified":"2022-06-17T12:19:12+00:00","breadcrumb":{"@id":"https:\/\/martegaou.eldapps.com\/de\/campingplatz-4-sterne-martigues\/restaurant-to-martigues\/#breadcrumb"},"inLanguage":"de","potentialAction":[{"@type":"ReadAction","target":["https:\/\/martegaou.eldapps.com\/de\/campingplatz-4-sterne-martigues\/restaurant-to-martigues\/"]}]},{"@type":"ImageObject","inLanguage":"de","@id":"https:\/\/martegaou.eldapps.com\/de\/campingplatz-4-sterne-martigues\/restaurant-to-martigues\/#primaryimage","url":"https:\/\/martegaou.eldapps.com\/wp-content\/uploads\/2022\/03\/restaurant-terrasse-vue-sur-mer.jpg","contentUrl":"https:\/\/martegaou.eldapps.com\/wp-content\/uploads\/2022\/03\/restaurant-terrasse-vue-sur-mer.jpg","width":1899,"height":550,"caption":"restaurant terrasse vue sur mer"},{"@type":"BreadcrumbList","@id":"https:\/\/martegaou.eldapps.com\/de\/campingplatz-4-sterne-martigues\/restaurant-to-martigues\/#breadcrumb","itemListElement":[{"@type":"ListItem","position":1,"name":"Camping Bouches-du-Rh\u00f4ne","item":"https:\/\/martegaou.eldapps.com\/de\/"},{"@type":"ListItem","position":2,"name":"Qualit\u00e4tscampingplatz in Martigues","item":"https:\/\/martegaou.eldapps.com\/de\/campingplatz-4-sterne-martigues\/"},{"@type":"ListItem","position":3,"name":"Bar in Bouches-du-Rh\u00f4ne"}]},{"@type":"WebSite","@id":"https:\/\/martegaou.eldapps.com\/#website","url":"https:\/\/martegaou.eldapps.com\/","name":"Martegaou","description":"","publisher":{"@id":"https:\/\/martegaou.eldapps.com\/#organization"},"potentialAction":[{"@type":"SearchAction","target":{"@type":"EntryPoint","urlTemplate":"https:\/\/martegaou.eldapps.com\/?s={search_term_string}"},"query-input":{"@type":"PropertyValueSpecification","valueRequired":true,"valueName":"search_term_string"}}],"inLanguage":"de"},{"@type":"Organization","@id":"https:\/\/martegaou.eldapps.com\/#organization","name":"Ctoncamping","url":"https:\/\/martegaou.eldapps.com\/","logo":{"@type":"ImageObject","inLanguage":"de","@id":"https:\/\/martegaou.eldapps.com\/#\/schema\/logo\/image\/","url":"https:\/\/martegaou.eldapps.com\/wp-content\/uploads\/2022\/03\/logo-alt-ctoncamping.png","contentUrl":"https:\/\/martegaou.eldapps.com\/wp-content\/uploads\/2022\/03\/logo-alt-ctoncamping.png","width":402,"height":72,"caption":"Ctoncamping"},"image":{"@id":"https:\/\/martegaou.eldapps.com\/#\/schema\/logo\/image\/"}}]}},"_links":{"self":[{"href":"https:\/\/martegaou.eldapps.com\/de\/wp-json\/wp\/v2\/pages\/6851","targetHints":{"allow":["GET"]}}],"collection":[{"href":"https:\/\/martegaou.eldapps.com\/de\/wp-json\/wp\/v2\/pages"}],"about":[{"href":"https:\/\/martegaou.eldapps.com\/de\/wp-json\/wp\/v2\/types\/page"}],"author":[{"embeddable":true,"href":"https:\/\/martegaou.eldapps.com\/de\/wp-json\/wp\/v2\/users\/1"}],"replies":[{"embeddable":true,"href":"https:\/\/martegaou.eldapps.com\/de\/wp-json\/wp\/v2\/comments?post=6851"}],"version-history":[{"count":0,"href":"https:\/\/martegaou.eldapps.com\/de\/wp-json\/wp\/v2\/pages\/6851\/revisions"}],"up":[{"embeddable":true,"href":"https:\/\/martegaou.eldapps.com\/de\/wp-json\/wp\/v2\/pages\/6669"}],"wp:featuredmedia":[{"embeddable":true,"href":"https:\/\/martegaou.eldapps.com\/de\/wp-json\/wp\/v2\/media\/6149"}],"wp:attachment":[{"href":"https:\/\/martegaou.eldapps.com\/de\/wp-json\/wp\/v2\/media?parent=6851"}],"wp:term":[{"taxonomy":"sujet","embeddable":true,"href":"https:\/\/martegaou.eldapps.com\/de\/wp-json\/wp\/v2\/sujet?post=6851"}],"curies":[{"name":"wp","href":"https:\/\/api.w.org\/{rel}","templated":true}]}}