{"id":6845,"date":"2022-03-24T12:17:52","date_gmt":"2022-03-24T11:17:52","guid":{"rendered":"https:\/\/martegaou.eldapps.com\/camping-4-etoiles-martigues\/camping-piscine-martigues\/"},"modified":"2022-06-17T15:06:25","modified_gmt":"2022-06-17T13:06:25","slug":"camping-schwimmbad-martigues","status":"publish","type":"page","link":"https:\/\/martegaou.eldapps.com\/de\/campingplatz-4-sterne-martigues\/camping-schwimmbad-martigues\/","title":{"rendered":"Espace aquatique &#038; bien \u00eatre &#8211; l&#8217;arquet"},"content":{"rendered":"<section id=\"ls-section-block_622f4e73b7892\" class=\"ls-section  page-one p-t-0 p-b-0\" >\r\n        <div class=\"container container--wide\">\r\n        \n\n<h1 class=\"ls__heading has-text-align-center has-color-1-color has-text-color wp-block-heading\">Campingplatz mit Infinity-Pool<br><mark style=\"background-color:rgba(0, 0, 0, 0)\" class=\"has-inline-color has-color-2-color\">und Panoramablick<\/mark><\/h1>\n\n\r\n    <\/div>\r\n<\/section>\n\n<section id=\"ls-section-block_622b51a7ef6b6\" class=\"ls-section  page-two p-t-0 has-background has-color-white-background-color\" >\r\n        <div class=\"container container--wide\">\r\n        \n\n<div class=\"wp-block-columns are-vertically-aligned-center is-layout-flex wp-container-core-columns-is-layout-9d6595d7 wp-block-columns-is-layout-flex\">\n<div class=\"wp-block-column is-vertically-aligned-center is-layout-flow wp-block-column-is-layout-flow\">\n<h2 class=\"ls-heading wp-block-heading\">Entdecken Sie unseren Pool<\/h2>\n\n\n\n<p class=\"ls-paragraph\">Entspannen Sie sich am Pool des L&#8216;<a href=\"https:\/\/martegaou.eldapps.com\/de\/campingplatz-4-sterne-martigues\/\">Arquet in der N\u00e4he von Martigues<\/a> an der C\u00f4te Bleue. Genie\u00dfen Sie einen zeitlosen Moment in einer au\u00dfergew\u00f6hnlichen Umgebung.<\/p>\n\n\n\n<p class=\"ls-paragraph\">Wenn Sie sich auf dem Campingplatz aufhalten, profitieren Sie von einem wundersch\u00f6nen, 560 m\u00b2 gro\u00dfen Infinity-Pool mit einem unglaublichen Panorama-Meerblick. Das Wasser wird nat\u00fcrlich beheizt und erreicht eine ideale Temperatur, um Ihnen im Sommer eine willkommene Erfrischung zu verschaffen.<\/p>\n\n\n\n<p class=\"ls-paragraph\">Der Wasserbereich wird w\u00e4hrend der Sommermonate Juli und August \u00fcberwacht. Auf dem Campingplatz werden zahlreiche Animationen organisiert: Aktivit\u00e4ten, Poolparty, Einf\u00fchrung in das Tauchen usw.<\/p>\n<\/div>\n\n\n\n<div class=\"wp-block-column is-vertically-aligned-center column-description column-description__camping column-description__camping__arquet no-after animated fadeInRight delay-100ms slow is-layout-flow wp-block-column-is-layout-flow\">\n<figure class=\"wp-block-gallery has-nested-images columns-2 is-cropped img-page-interne wp-block-gallery-1 is-layout-flex wp-block-gallery-is-layout-flex\">\n<figure class=\"wp-block-image size-full\"><a href=\"https:\/\/martegaou.eldapps.com\/wp-content\/uploads\/2022\/04\/piscine-pataugeoire.jpg\"><img loading=\"lazy\" decoding=\"async\" width=\"800\" height=\"533\" data-id=\"6321\" src=\"https:\/\/martegaou.eldapps.com\/wp-content\/uploads\/2022\/04\/piscine-pataugeoire.jpg\" alt=\"piscine avec pataugeoire\" class=\"wp-image-6321\" srcset=\"https:\/\/martegaou.eldapps.com\/wp-content\/uploads\/2022\/04\/piscine-pataugeoire.jpg 800w, https:\/\/martegaou.eldapps.com\/wp-content\/uploads\/2022\/04\/piscine-pataugeoire-300x200.jpg 300w, https:\/\/martegaou.eldapps.com\/wp-content\/uploads\/2022\/04\/piscine-pataugeoire-768x512.jpg 768w\" sizes=\"auto, (max-width: 800px) 100vw, 800px\" \/><\/a><\/figure>\n\n\n\n<figure class=\"wp-block-image size-full\"><a href=\"https:\/\/martegaou.eldapps.com\/wp-content\/uploads\/2022\/04\/piscine-grandi-bassin.jpg\"><img loading=\"lazy\" decoding=\"async\" width=\"800\" height=\"533\" data-id=\"6323\" src=\"https:\/\/martegaou.eldapps.com\/wp-content\/uploads\/2022\/04\/piscine-grandi-bassin.jpg\" alt=\"grand bassin de la piscine\" class=\"wp-image-6323\" srcset=\"https:\/\/martegaou.eldapps.com\/wp-content\/uploads\/2022\/04\/piscine-grandi-bassin.jpg 800w, https:\/\/martegaou.eldapps.com\/wp-content\/uploads\/2022\/04\/piscine-grandi-bassin-300x200.jpg 300w, https:\/\/martegaou.eldapps.com\/wp-content\/uploads\/2022\/04\/piscine-grandi-bassin-768x512.jpg 768w\" sizes=\"auto, (max-width: 800px) 100vw, 800px\" \/><\/a><\/figure>\n\n\n\n<figure class=\"wp-block-image size-full\"><a href=\"https:\/\/martegaou.eldapps.com\/wp-content\/uploads\/2022\/04\/pool-party-martiques.jpg\"><img loading=\"lazy\" decoding=\"async\" width=\"800\" height=\"533\" data-id=\"6319\" src=\"https:\/\/martegaou.eldapps.com\/wp-content\/uploads\/2022\/04\/pool-party-martiques.jpg\" alt=\"Pool party pour petits et grands\" class=\"wp-image-6319\" srcset=\"https:\/\/martegaou.eldapps.com\/wp-content\/uploads\/2022\/04\/pool-party-martiques.jpg 800w, https:\/\/martegaou.eldapps.com\/wp-content\/uploads\/2022\/04\/pool-party-martiques-300x200.jpg 300w, https:\/\/martegaou.eldapps.com\/wp-content\/uploads\/2022\/04\/pool-party-martiques-768x512.jpg 768w\" sizes=\"auto, (max-width: 800px) 100vw, 800px\" \/><\/a><\/figure>\n\n\n\n<figure class=\"wp-block-image size-full\"><a href=\"https:\/\/martegaou.eldapps.com\/wp-content\/uploads\/2022\/04\/parc-aquatique-bouche-du-rhone.jpg\"><img loading=\"lazy\" decoding=\"async\" width=\"800\" height=\"533\" data-id=\"6311\" src=\"https:\/\/martegaou.eldapps.com\/wp-content\/uploads\/2022\/04\/parc-aquatique-bouche-du-rhone.jpg\" alt=\"pool party \u00e0 Martigues\" class=\"wp-image-6311\" srcset=\"https:\/\/martegaou.eldapps.com\/wp-content\/uploads\/2022\/04\/parc-aquatique-bouche-du-rhone.jpg 800w, https:\/\/martegaou.eldapps.com\/wp-content\/uploads\/2022\/04\/parc-aquatique-bouche-du-rhone-300x200.jpg 300w, https:\/\/martegaou.eldapps.com\/wp-content\/uploads\/2022\/04\/parc-aquatique-bouche-du-rhone-768x512.jpg 768w\" sizes=\"auto, (max-width: 800px) 100vw, 800px\" \/><\/a><\/figure>\n<\/figure>\n<\/div>\n<\/div>\n\n\r\n    <\/div>\r\n<\/section>\n\n<section id=\"ls-section-block_622f504cb7894\" class=\"ls-section  page-two has-background has-color-3-background-color\" >\r\n        <div class=\"container container--wide\">\r\n        \n\n<div class=\"wp-block-columns are-vertically-aligned-center is-layout-flex wp-container-core-columns-is-layout-9d6595d7 wp-block-columns-is-layout-flex\">\n<div class=\"wp-block-column is-vertically-aligned-center column-description column-description__camping column-description__camping__arquet no-after animated fadeInLeft delay-100ms slow is-layout-flow wp-block-column-is-layout-flow\">\n<figure class=\"wp-block-gallery has-nested-images columns-2 is-cropped img-page-interne wp-block-gallery-2 is-layout-flex wp-block-gallery-is-layout-flex\">\n<figure class=\"wp-block-image size-full img-page-interne\"><a href=\"https:\/\/martegaou.eldapps.com\/wp-content\/uploads\/2022\/04\/bain-enfant-piscine.jpg\"><img loading=\"lazy\" decoding=\"async\" width=\"800\" height=\"533\" data-id=\"6313\" src=\"https:\/\/martegaou.eldapps.com\/wp-content\/uploads\/2022\/04\/bain-enfant-piscine.jpg\" alt=\"Pataugeoire pour les enfants\" class=\"wp-image-6313\" srcset=\"https:\/\/martegaou.eldapps.com\/wp-content\/uploads\/2022\/04\/bain-enfant-piscine.jpg 800w, https:\/\/martegaou.eldapps.com\/wp-content\/uploads\/2022\/04\/bain-enfant-piscine-300x200.jpg 300w, https:\/\/martegaou.eldapps.com\/wp-content\/uploads\/2022\/04\/bain-enfant-piscine-768x512.jpg 768w\" sizes=\"auto, (max-width: 800px) 100vw, 800px\" \/><\/a><\/figure>\n\n\n\n<figure class=\"wp-block-image size-full\"><a href=\"https:\/\/martegaou.eldapps.com\/wp-content\/uploads\/2022\/04\/piscine-vue-mer.jpg\"><img loading=\"lazy\" decoding=\"async\" width=\"800\" height=\"533\" data-id=\"6317\" src=\"https:\/\/martegaou.eldapps.com\/wp-content\/uploads\/2022\/04\/piscine-vue-mer.jpg\" alt=\"Camping avec piscine et vue sur la mer\" class=\"wp-image-6317\" srcset=\"https:\/\/martegaou.eldapps.com\/wp-content\/uploads\/2022\/04\/piscine-vue-mer.jpg 800w, https:\/\/martegaou.eldapps.com\/wp-content\/uploads\/2022\/04\/piscine-vue-mer-300x200.jpg 300w, https:\/\/martegaou.eldapps.com\/wp-content\/uploads\/2022\/04\/piscine-vue-mer-768x512.jpg 768w\" sizes=\"auto, (max-width: 800px) 100vw, 800px\" \/><\/a><\/figure>\n\n\n\n<figure class=\"wp-block-image size-large\"><a href=\"https:\/\/martegaou.eldapps.com\/wp-content\/uploads\/2022\/03\/camping-pataugeoire-enfants-martigues-1024x683.jpg\"><img loading=\"lazy\" decoding=\"async\" width=\"1024\" height=\"683\" data-id=\"5967\" src=\"https:\/\/martegaou.eldapps.com\/wp-content\/uploads\/2022\/03\/camping-pataugeoire-enfants-martigues-1024x683.jpg\" alt=\"camping pataugeoire enfants martigues\" class=\"wp-image-5967\" srcset=\"https:\/\/martegaou.eldapps.com\/wp-content\/uploads\/2022\/03\/camping-pataugeoire-enfants-martigues-1024x683.jpg 1024w, https:\/\/martegaou.eldapps.com\/wp-content\/uploads\/2022\/03\/camping-pataugeoire-enfants-martigues-300x200.jpg 300w, https:\/\/martegaou.eldapps.com\/wp-content\/uploads\/2022\/03\/camping-pataugeoire-enfants-martigues-768x512.jpg 768w, https:\/\/martegaou.eldapps.com\/wp-content\/uploads\/2022\/03\/camping-pataugeoire-enfants-martigues.jpg 1200w\" sizes=\"auto, (max-width: 1024px) 100vw, 1024px\" \/><\/a><\/figure>\n\n\n\n<figure class=\"wp-block-image size-full\"><a href=\"https:\/\/martegaou.eldapps.com\/wp-content\/uploads\/2022\/04\/pataugeoire-camping.jpg\"><img loading=\"lazy\" decoding=\"async\" width=\"800\" height=\"533\" data-id=\"6315\" src=\"https:\/\/martegaou.eldapps.com\/wp-content\/uploads\/2022\/04\/pataugeoire-camping.jpg\" alt=\"Camping avec piscine pour tous\" class=\"wp-image-6315\" srcset=\"https:\/\/martegaou.eldapps.com\/wp-content\/uploads\/2022\/04\/pataugeoire-camping.jpg 800w, https:\/\/martegaou.eldapps.com\/wp-content\/uploads\/2022\/04\/pataugeoire-camping-300x200.jpg 300w, https:\/\/martegaou.eldapps.com\/wp-content\/uploads\/2022\/04\/pataugeoire-camping-768x512.jpg 768w\" sizes=\"auto, (max-width: 800px) 100vw, 800px\" \/><\/a><\/figure>\n<\/figure>\n<\/div>\n\n\n\n<div class=\"wp-block-column is-vertically-aligned-center is-layout-flow wp-block-column-is-layout-flow\">\n<h2 class=\"ls-heading wp-block-heading\">Badebereich<\/h2>\n\n\n\n<p class=\"ls-paragraph\">Unsere Einrichtungen sind ideal f\u00fcr Ihren Familienurlaub mit kleinen Kindern.<br>Begeben Sie sich in das gro\u00dfe Becken, um an allen Wasseraktivit\u00e4ten teilzunehmen, die unser Animationsteam im Juli und August anbietet.<br>Entspannen Sie sich im Whirlpool und genie\u00dfen Sie die Aussicht, sobald der Pool am Morgen ge\u00f6ffnet wird, bevor Sie sich auf einer Sonnenliege r\u00e4keln.<br>F\u00fcr die Kleinsten ist das Planschbecken ein idealer Spielplatz, um den Urlaub zu genie\u00dfen.<\/p>\n<\/div>\n<\/div>\n\n\r\n    <\/div>\r\n<\/section>\n\n<section id=\"ls-section-block_622f5091b7895\" class=\"ls-section  page-three  has-background-image has-parallax\" >\r\n    <div class=\"ls-section__background-image opacity-100\"><img decoding=\"async\" src=\"https:\/\/martegaou.eldapps.com\/wp-content\/uploads\/2022\/03\/camping-bains-de-soleil-piscine-martigues.jpg\" alt=\"camping bains de soleil piscine martigues\"><\/div>    <div class=\"container \">\r\n        \r\n    <\/div>\r\n<\/section>\n\n<section id=\"ls-section-block_6230725ede62d\" class=\"ls-section  page-four p-t-10 p-b-10 has-background has-color-3-background-color\" >\r\n        <div class=\"container container--wide\">\r\n        \n\n<div class=\"wp-block-columns is-layout-flex wp-container-core-columns-is-layout-9d6595d7 wp-block-columns-is-layout-flex\">\n<div class=\"wp-block-column is-layout-flow wp-block-column-is-layout-flow\">\n<h2 class=\"ls-heading wp-block-heading\">Sonnenbaden am Pool<\/h2>\n\n\n\n<p class=\"ls-paragraph\">Am Rand des Pools stehen Liegest\u00fchle und Sonnenschirme bereit. Nutzen Sie also Ihre Momente der Entspannung, um Ihre Br\u00e4une zu perfektionieren und Ihren Aufenthalt unter der Sonne des S\u00fcdens zu genie\u00dfen.<\/p>\n\n\n\n<p class=\"ls-paragraph\">Der Wasserbereich von <a href=\"\/de\/\">Ctoncamping in Martigues<\/a> ist ganz auf das Wohlbefinden der ganzen Familie ausgelegt: gro\u00dfes Schwimmbecken, Planschbecken und Whirlpools &#8211; jeder findet eine Aktivit\u00e4t, die ihm zusagt.<\/p>\n\n\n\n<p class=\"ls-paragraph\"><strong>Faulenzen, sich sonnen oder im Wasser spielen &#8211; Sie bestimmen den idealen Zeitpunkt, um die Sonne zu genie\u00dfen oder sich abzuk\u00fchlen.<\/strong><\/p>\n<\/div>\n\n\n\n<div class=\"wp-block-column is-layout-flow wp-block-column-is-layout-flow\">\n<h2 class=\"ls-heading wp-block-heading\">Erlernen Sie das Tauchen am Mittelmeer<\/h2>\n\n\n\n<p class=\"ls-paragraph\">Das ist eine typische Aktivit\u00e4t der Region! In der Tat wird das Tauchen sicherlich Ihre Neugierde wecken. Gehen Sie ins Schwimmbad von Arquet und machen Sie mit Gilles und seinem Team eine Einf\u00fchrung in das Tauchen, um sich mit der Ausr\u00fcstung vertraut zu machen.<\/p>\n\n\n\n<p class=\"ls-paragraph\">Wenn Ihnen diese Aktivit\u00e4t gef\u00e4llt, begleitet Sie unser Partner Plein Bleu Plong\u00e9e gerne bei einer Tauchtaufe, bei der Sie die Tierwelt des gro\u00dfen blauen Meeres kennenlernen.<\/p>\n<\/div>\n<\/div>\n\n\r\n    <\/div>\r\n<\/section>\n\n<section id=\"ls-section-block_622f51c6b7896\" class=\"ls-section  bloc-cta-fin-page\" >\r\n        <div class=\"container container--wide\">\r\n        \n\n<div id=\"ls-heading ls-titre-div-block_622f5219b7897\" class=\"ls-titre-div aligncenter h2-like\" >\n    Genie\u00dfen Sie Ihren Campingurlaub mit der Familie<\/div>\n\n\n\n<div class=\"wp-block-columns is-layout-flex wp-container-core-columns-is-layout-9d6595d7 wp-block-columns-is-layout-flex\">\n<div class=\"wp-block-column is-layout-flow wp-block-column-is-layout-flow\">\r\n<div id=\"ls-cta-block_62276ee6d5a28\" class=\"ls-cta\">  \r\n    \n\n<a href=\"https:\/\/martegaou.eldapps.com\/de\/campingplatz-4-sterne-martigues\/standort-mobil-home-martigues\/\" target=\"\" rel=\"noopener\" class=\"ls-cta__link\">\n\n\t<div class=\"ls-cta__image\"><img decoding=\"async\" src=\"https:\/\/martegaou.eldapps.com\/wp-content\/uploads\/2022\/03\/camping-mobil-home-arquet-768x512.jpg\" alt=\"camping mobil home arquet\"><\/div>\n\t<div class=\"ls-cta__text\">\n\t\t<div class=\"ls-cta__title\">\n\t\t\tvermietung\t\t<\/div>\n\n\t\t\t\t\t<div class=\"ls-cta__description\">\n\t\t\t\tEntdecken Sie\t\t\t<\/div>\n\t\t\t<\/div>\n\n<\/a><\/div><\/div>\n\n\n\n<div class=\"wp-block-column is-layout-flow wp-block-column-is-layout-flow\">\r\n<div id=\"ls-cta-block_624170445f12a\" class=\"ls-cta\">  \r\n    \n\n<a href=\"https:\/\/martegaou.eldapps.com\/de\/campingplatz-4-sterne-martigues\/qualitaetscamping-martigues\/\" target=\"\" rel=\"noopener\" class=\"ls-cta__link\">\n\n\t<div class=\"ls-cta__image\"><img decoding=\"async\" src=\"https:\/\/martegaou.eldapps.com\/wp-content\/uploads\/2022\/03\/accueil-camping.jpg\" alt=\"accueil camping\"><\/div>\n\t<div class=\"ls-cta__text\">\n\t\t<div class=\"ls-cta__title\">\n\t\t\tDienste\t\t<\/div>\n\n\t\t\t\t\t<div class=\"ls-cta__description\">\n\t\t\t\tEntdecken Sie\t\t\t<\/div>\n\t\t\t<\/div>\n\n<\/a><\/div><\/div>\n\n\n\n<div class=\"wp-block-column is-layout-flow wp-block-column-is-layout-flow\">\r\n<div id=\"ls-cta-block_624174455f12b\" class=\"ls-cta\">  \r\n    \n\n<a href=\"https:\/\/martegaou.eldapps.com\/de\/campingplatz-4-sterne-martigues\/camping-familien-martigues\/\" target=\"\" rel=\"noopener\" class=\"ls-cta__link\">\n\n\t<div class=\"ls-cta__image\"><img decoding=\"async\" src=\"https:\/\/martegaou.eldapps.com\/wp-content\/uploads\/2022\/03\/animation-club-enfants-768x512.jpg\" alt=\"animation club enfants\"><\/div>\n\t<div class=\"ls-cta__text\">\n\t\t<div class=\"ls-cta__title\">\n\t\t\tAnimationen\t\t<\/div>\n\n\t\t\t\t\t<div class=\"ls-cta__description\">\n\t\t\t\tEntdecken Sie\t\t\t<\/div>\n\t\t\t<\/div>\n\n<\/a><\/div><\/div>\n<\/div>\n\n\r\n    <\/div>\r\n<\/section>","protected":false},"excerpt":{"rendered":"","protected":false},"author":1,"featured_media":5951,"parent":6669,"menu_order":0,"comment_status":"closed","ping_status":"closed","template":"","meta":{"_acf_changed":false,"footnotes":""},"sujet":[],"class_list":["post-6845","page","type-page","status-publish","has-post-thumbnail","hentry"],"acf":[],"yoast_head":"<!-- This site is optimized with the Yoast SEO plugin v26.7 - https:\/\/yoast.com\/wordpress\/plugins\/seo\/ -->\n<title>Camping Schwimmbad Martigues | Schwimmbad mit Planschbecken Bouches-du-Rh\u00f4ne<\/title>\n<meta name=\"robots\" content=\"index, follow, max-snippet:-1, max-image-preview:large, max-video-preview:-1\" \/>\n<link rel=\"canonical\" href=\"https:\/\/martegaou.eldapps.com\/de\/campingplatz-4-sterne-martigues\/camping-schwimmbad-martigues\/\" \/>\n<meta property=\"og:locale\" content=\"de_DE\" \/>\n<meta property=\"og:type\" content=\"article\" \/>\n<meta property=\"og:title\" content=\"Camping Schwimmbad Martigues | Schwimmbad mit Planschbecken Bouches-du-Rh\u00f4ne\" \/>\n<meta property=\"og:url\" content=\"https:\/\/martegaou.eldapps.com\/de\/campingplatz-4-sterne-martigues\/camping-schwimmbad-martigues\/\" \/>\n<meta property=\"og:site_name\" content=\"Martegaou\" \/>\n<meta property=\"article:modified_time\" content=\"2022-06-17T13:06:25+00:00\" \/>\n<meta property=\"og:image\" content=\"https:\/\/martegaou.eldapps.com\/wp-content\/uploads\/2022\/03\/piscine-chauffee-martigues.jpg\" \/>\n\t<meta property=\"og:image:width\" content=\"1899\" \/>\n\t<meta property=\"og:image:height\" content=\"550\" \/>\n\t<meta property=\"og:image:type\" content=\"image\/jpeg\" \/>\n<meta name=\"twitter:card\" content=\"summary_large_image\" \/>\n<meta name=\"twitter:label1\" content=\"Gesch\u00e4tzte Lesezeit\" \/>\n\t<meta name=\"twitter:data1\" content=\"4\u00a0Minuten\" \/>\n<script type=\"application\/ld+json\" class=\"yoast-schema-graph\">{\"@context\":\"https:\/\/schema.org\",\"@graph\":[{\"@type\":\"WebPage\",\"@id\":\"https:\/\/martegaou.eldapps.com\/de\/campingplatz-4-sterne-martigues\/camping-schwimmbad-martigues\/\",\"url\":\"https:\/\/martegaou.eldapps.com\/de\/campingplatz-4-sterne-martigues\/camping-schwimmbad-martigues\/\",\"name\":\"Camping Schwimmbad Martigues | Schwimmbad mit Planschbecken Bouches-du-Rh\u00f4ne\",\"isPartOf\":{\"@id\":\"https:\/\/martegaou.eldapps.com\/#website\"},\"primaryImageOfPage\":{\"@id\":\"https:\/\/martegaou.eldapps.com\/de\/campingplatz-4-sterne-martigues\/camping-schwimmbad-martigues\/#primaryimage\"},\"image\":{\"@id\":\"https:\/\/martegaou.eldapps.com\/de\/campingplatz-4-sterne-martigues\/camping-schwimmbad-martigues\/#primaryimage\"},\"thumbnailUrl\":\"https:\/\/martegaou.eldapps.com\/wp-content\/uploads\/2022\/03\/piscine-chauffee-martigues.jpg\",\"datePublished\":\"2022-03-24T11:17:52+00:00\",\"dateModified\":\"2022-06-17T13:06:25+00:00\",\"breadcrumb\":{\"@id\":\"https:\/\/martegaou.eldapps.com\/de\/campingplatz-4-sterne-martigues\/camping-schwimmbad-martigues\/#breadcrumb\"},\"inLanguage\":\"de\",\"potentialAction\":[{\"@type\":\"ReadAction\",\"target\":[\"https:\/\/martegaou.eldapps.com\/de\/campingplatz-4-sterne-martigues\/camping-schwimmbad-martigues\/\"]}]},{\"@type\":\"ImageObject\",\"inLanguage\":\"de\",\"@id\":\"https:\/\/martegaou.eldapps.com\/de\/campingplatz-4-sterne-martigues\/camping-schwimmbad-martigues\/#primaryimage\",\"url\":\"https:\/\/martegaou.eldapps.com\/wp-content\/uploads\/2022\/03\/piscine-chauffee-martigues.jpg\",\"contentUrl\":\"https:\/\/martegaou.eldapps.com\/wp-content\/uploads\/2022\/03\/piscine-chauffee-martigues.jpg\",\"width\":1899,\"height\":550,\"caption\":\"piscine chauffee martigues\"},{\"@type\":\"BreadcrumbList\",\"@id\":\"https:\/\/martegaou.eldapps.com\/de\/campingplatz-4-sterne-martigues\/camping-schwimmbad-martigues\/#breadcrumb\",\"itemListElement\":[{\"@type\":\"ListItem\",\"position\":1,\"name\":\"Camping Bouches-du-Rh\u00f4ne\",\"item\":\"https:\/\/martegaou.eldapps.com\/de\/\"},{\"@type\":\"ListItem\",\"position\":2,\"name\":\"Qualit\u00e4tscampingplatz in Martigues\",\"item\":\"https:\/\/martegaou.eldapps.com\/de\/campingplatz-4-sterne-martigues\/\"},{\"@type\":\"ListItem\",\"position\":3,\"name\":\"Campingplatz mit Wasserpark Bouches-du-Rh\u00f4ne\"}]},{\"@type\":\"WebSite\",\"@id\":\"https:\/\/martegaou.eldapps.com\/#website\",\"url\":\"https:\/\/martegaou.eldapps.com\/\",\"name\":\"Martegaou\",\"description\":\"\",\"publisher\":{\"@id\":\"https:\/\/martegaou.eldapps.com\/#organization\"},\"potentialAction\":[{\"@type\":\"SearchAction\",\"target\":{\"@type\":\"EntryPoint\",\"urlTemplate\":\"https:\/\/martegaou.eldapps.com\/?s={search_term_string}\"},\"query-input\":{\"@type\":\"PropertyValueSpecification\",\"valueRequired\":true,\"valueName\":\"search_term_string\"}}],\"inLanguage\":\"de\"},{\"@type\":\"Organization\",\"@id\":\"https:\/\/martegaou.eldapps.com\/#organization\",\"name\":\"Ctoncamping\",\"url\":\"https:\/\/martegaou.eldapps.com\/\",\"logo\":{\"@type\":\"ImageObject\",\"inLanguage\":\"de\",\"@id\":\"https:\/\/martegaou.eldapps.com\/#\/schema\/logo\/image\/\",\"url\":\"https:\/\/martegaou.eldapps.com\/wp-content\/uploads\/2022\/03\/logo-alt-ctoncamping.png\",\"contentUrl\":\"https:\/\/martegaou.eldapps.com\/wp-content\/uploads\/2022\/03\/logo-alt-ctoncamping.png\",\"width\":402,\"height\":72,\"caption\":\"Ctoncamping\"},\"image\":{\"@id\":\"https:\/\/martegaou.eldapps.com\/#\/schema\/logo\/image\/\"}}]}<\/script>\n<!-- \/ Yoast SEO plugin. -->","yoast_head_json":{"title":"Camping Schwimmbad Martigues | Schwimmbad mit Planschbecken Bouches-du-Rh\u00f4ne","robots":{"index":"index","follow":"follow","max-snippet":"max-snippet:-1","max-image-preview":"max-image-preview:large","max-video-preview":"max-video-preview:-1"},"canonical":"https:\/\/martegaou.eldapps.com\/de\/campingplatz-4-sterne-martigues\/camping-schwimmbad-martigues\/","og_locale":"de_DE","og_type":"article","og_title":"Camping Schwimmbad Martigues | Schwimmbad mit Planschbecken Bouches-du-Rh\u00f4ne","og_url":"https:\/\/martegaou.eldapps.com\/de\/campingplatz-4-sterne-martigues\/camping-schwimmbad-martigues\/","og_site_name":"Martegaou","article_modified_time":"2022-06-17T13:06:25+00:00","og_image":[{"width":1899,"height":550,"url":"https:\/\/martegaou.eldapps.com\/wp-content\/uploads\/2022\/03\/piscine-chauffee-martigues.jpg","type":"image\/jpeg"}],"twitter_card":"summary_large_image","twitter_misc":{"Gesch\u00e4tzte Lesezeit":"4\u00a0Minuten"},"schema":{"@context":"https:\/\/schema.org","@graph":[{"@type":"WebPage","@id":"https:\/\/martegaou.eldapps.com\/de\/campingplatz-4-sterne-martigues\/camping-schwimmbad-martigues\/","url":"https:\/\/martegaou.eldapps.com\/de\/campingplatz-4-sterne-martigues\/camping-schwimmbad-martigues\/","name":"Camping Schwimmbad Martigues | Schwimmbad mit Planschbecken Bouches-du-Rh\u00f4ne","isPartOf":{"@id":"https:\/\/martegaou.eldapps.com\/#website"},"primaryImageOfPage":{"@id":"https:\/\/martegaou.eldapps.com\/de\/campingplatz-4-sterne-martigues\/camping-schwimmbad-martigues\/#primaryimage"},"image":{"@id":"https:\/\/martegaou.eldapps.com\/de\/campingplatz-4-sterne-martigues\/camping-schwimmbad-martigues\/#primaryimage"},"thumbnailUrl":"https:\/\/martegaou.eldapps.com\/wp-content\/uploads\/2022\/03\/piscine-chauffee-martigues.jpg","datePublished":"2022-03-24T11:17:52+00:00","dateModified":"2022-06-17T13:06:25+00:00","breadcrumb":{"@id":"https:\/\/martegaou.eldapps.com\/de\/campingplatz-4-sterne-martigues\/camping-schwimmbad-martigues\/#breadcrumb"},"inLanguage":"de","potentialAction":[{"@type":"ReadAction","target":["https:\/\/martegaou.eldapps.com\/de\/campingplatz-4-sterne-martigues\/camping-schwimmbad-martigues\/"]}]},{"@type":"ImageObject","inLanguage":"de","@id":"https:\/\/martegaou.eldapps.com\/de\/campingplatz-4-sterne-martigues\/camping-schwimmbad-martigues\/#primaryimage","url":"https:\/\/martegaou.eldapps.com\/wp-content\/uploads\/2022\/03\/piscine-chauffee-martigues.jpg","contentUrl":"https:\/\/martegaou.eldapps.com\/wp-content\/uploads\/2022\/03\/piscine-chauffee-martigues.jpg","width":1899,"height":550,"caption":"piscine chauffee martigues"},{"@type":"BreadcrumbList","@id":"https:\/\/martegaou.eldapps.com\/de\/campingplatz-4-sterne-martigues\/camping-schwimmbad-martigues\/#breadcrumb","itemListElement":[{"@type":"ListItem","position":1,"name":"Camping Bouches-du-Rh\u00f4ne","item":"https:\/\/martegaou.eldapps.com\/de\/"},{"@type":"ListItem","position":2,"name":"Qualit\u00e4tscampingplatz in Martigues","item":"https:\/\/martegaou.eldapps.com\/de\/campingplatz-4-sterne-martigues\/"},{"@type":"ListItem","position":3,"name":"Campingplatz mit Wasserpark Bouches-du-Rh\u00f4ne"}]},{"@type":"WebSite","@id":"https:\/\/martegaou.eldapps.com\/#website","url":"https:\/\/martegaou.eldapps.com\/","name":"Martegaou","description":"","publisher":{"@id":"https:\/\/martegaou.eldapps.com\/#organization"},"potentialAction":[{"@type":"SearchAction","target":{"@type":"EntryPoint","urlTemplate":"https:\/\/martegaou.eldapps.com\/?s={search_term_string}"},"query-input":{"@type":"PropertyValueSpecification","valueRequired":true,"valueName":"search_term_string"}}],"inLanguage":"de"},{"@type":"Organization","@id":"https:\/\/martegaou.eldapps.com\/#organization","name":"Ctoncamping","url":"https:\/\/martegaou.eldapps.com\/","logo":{"@type":"ImageObject","inLanguage":"de","@id":"https:\/\/martegaou.eldapps.com\/#\/schema\/logo\/image\/","url":"https:\/\/martegaou.eldapps.com\/wp-content\/uploads\/2022\/03\/logo-alt-ctoncamping.png","contentUrl":"https:\/\/martegaou.eldapps.com\/wp-content\/uploads\/2022\/03\/logo-alt-ctoncamping.png","width":402,"height":72,"caption":"Ctoncamping"},"image":{"@id":"https:\/\/martegaou.eldapps.com\/#\/schema\/logo\/image\/"}}]}},"_links":{"self":[{"href":"https:\/\/martegaou.eldapps.com\/de\/wp-json\/wp\/v2\/pages\/6845","targetHints":{"allow":["GET"]}}],"collection":[{"href":"https:\/\/martegaou.eldapps.com\/de\/wp-json\/wp\/v2\/pages"}],"about":[{"href":"https:\/\/martegaou.eldapps.com\/de\/wp-json\/wp\/v2\/types\/page"}],"author":[{"embeddable":true,"href":"https:\/\/martegaou.eldapps.com\/de\/wp-json\/wp\/v2\/users\/1"}],"replies":[{"embeddable":true,"href":"https:\/\/martegaou.eldapps.com\/de\/wp-json\/wp\/v2\/comments?post=6845"}],"version-history":[{"count":0,"href":"https:\/\/martegaou.eldapps.com\/de\/wp-json\/wp\/v2\/pages\/6845\/revisions"}],"up":[{"embeddable":true,"href":"https:\/\/martegaou.eldapps.com\/de\/wp-json\/wp\/v2\/pages\/6669"}],"wp:featuredmedia":[{"embeddable":true,"href":"https:\/\/martegaou.eldapps.com\/de\/wp-json\/wp\/v2\/media\/5951"}],"wp:attachment":[{"href":"https:\/\/martegaou.eldapps.com\/de\/wp-json\/wp\/v2\/media?parent=6845"}],"wp:term":[{"taxonomy":"sujet","embeddable":true,"href":"https:\/\/martegaou.eldapps.com\/de\/wp-json\/wp\/v2\/sujet?post=6845"}],"curies":[{"name":"wp","href":"https:\/\/api.w.org\/{rel}","templated":true}]}}