{"id":5738,"date":"2022-03-24T14:20:01","date_gmt":"2022-03-24T13:20:01","guid":{"rendered":"https:\/\/martegaou.eldapps.com\/tourisme-bouches-du-rhone\/"},"modified":"2022-06-17T14:47:50","modified_gmt":"2022-06-17T12:47:50","slug":"tourismus-bouches-du-rhone","status":"publish","type":"page","link":"https:\/\/martegaou.eldapps.com\/de\/tourismus-bouches-du-rhone\/","title":{"rendered":"Alentours"},"content":{"rendered":"<section id=\"ls-section-block_622f4e73b7892\" class=\"ls-section  page-one p-t-0 p-b-0\" >\r\n        <div class=\"container container--wide\">\r\n        \n\n<h1 class=\"ls__heading has-text-align-center wp-block-heading\">Die sch\u00f6nsten St\u00e4dte zum Besichtigen<br><mark style=\"background-color:rgba(0, 0, 0, 0)\" class=\"has-inline-color has-color-2-color\">in den Bouches-du-Rh\u00f4ne<\/mark><\/h1>\n\n\r\n    <\/div>\r\n<\/section>\n\n<section id=\"section-marseille\" class=\"ls-section  page-two p-t-0 has-background has-color-white-background-color\" >\r\n        <div class=\"container container--wide\">\r\n        \n\n<div class=\"wp-block-columns are-vertically-aligned-center is-layout-flex wp-container-core-columns-is-layout-9d6595d7 wp-block-columns-is-layout-flex\">\n<div class=\"wp-block-column is-vertically-aligned-center is-layout-flow wp-block-column-is-layout-flow\">\n<h2 class=\"ls-heading wp-block-heading\">Marseille 30 Minuten vom Campingplatz entfernt<\/h2>\n\n\n\n<p class=\"ls-paragraph\">W\u00e4hrend Ihres Aufenthalts auf einem <a href=\"\/de\/\">Campingplatz in der N\u00e4he von Martigues<\/a> sollten Sie unbedingt die Stadt Phok\u00e9enne besichtigen. Flanieren Sie am Alten Hafen und besichtigen Sie die Stadt mit einem kleinen Zug bis zur Basilika Notre-Dame de la Garde. Ein atemberaubender und unvergesslicher Blick \u00fcber ganz Marseille wird sich Ihnen bieten. Marseille ist eine sehr lebendige Stadt, die Sie mit ihrem kulturellen Reichtum in Erstaunen versetzen wird.<\/p>\n<\/div>\n\n\n\n<div class=\"wp-block-column is-vertically-aligned-center column-description column-description__camping column-description__camping__arquet no-after animated fadeInRight delay-100ms slow is-layout-flow wp-block-column-is-layout-flow\">\n<figure class=\"wp-block-gallery has-nested-images columns-2 is-cropped img-page-interne wp-block-gallery-1 is-layout-flex wp-block-gallery-is-layout-flex\">\n<figure class=\"wp-block-image size-large\"><a href=\"https:\/\/martegaou.eldapps.com\/wp-content\/uploads\/2022\/03\/visiter-marseille.jpg\"><img loading=\"lazy\" decoding=\"async\" width=\"1024\" height=\"682\" data-id=\"5739\" src=\"https:\/\/martegaou.eldapps.com\/wp-content\/uploads\/2022\/03\/visiter-marseille-1024x682.jpg\" alt=\"visiter marseille\" class=\"wp-image-5739\" srcset=\"https:\/\/martegaou.eldapps.com\/wp-content\/uploads\/2022\/03\/visiter-marseille-1024x682.jpg 1024w, https:\/\/martegaou.eldapps.com\/wp-content\/uploads\/2022\/03\/visiter-marseille-300x200.jpg 300w, https:\/\/martegaou.eldapps.com\/wp-content\/uploads\/2022\/03\/visiter-marseille-768x512.jpg 768w, https:\/\/martegaou.eldapps.com\/wp-content\/uploads\/2022\/03\/visiter-marseille.jpg 1201w\" sizes=\"auto, (max-width: 1024px) 100vw, 1024px\" \/><\/a><\/figure>\n\n\n\n<figure class=\"wp-block-image size-large\"><a href=\"https:\/\/martegaou.eldapps.com\/wp-content\/uploads\/2022\/03\/marseille-vieux-port.jpg\"><img loading=\"lazy\" decoding=\"async\" width=\"1024\" height=\"683\" data-id=\"5861\" src=\"https:\/\/martegaou.eldapps.com\/wp-content\/uploads\/2022\/03\/marseille-vieux-port-1024x683.jpg\" alt=\"marseille vieux port\" class=\"wp-image-5861\" srcset=\"https:\/\/martegaou.eldapps.com\/wp-content\/uploads\/2022\/03\/marseille-vieux-port-1024x683.jpg 1024w, https:\/\/martegaou.eldapps.com\/wp-content\/uploads\/2022\/03\/marseille-vieux-port-300x200.jpg 300w, https:\/\/martegaou.eldapps.com\/wp-content\/uploads\/2022\/03\/marseille-vieux-port-768x512.jpg 768w, https:\/\/martegaou.eldapps.com\/wp-content\/uploads\/2022\/03\/marseille-vieux-port.jpg 1200w\" sizes=\"auto, (max-width: 1024px) 100vw, 1024px\" \/><\/a><\/figure>\n\n\n\n<figure class=\"wp-block-image size-large\"><a href=\"https:\/\/martegaou.eldapps.com\/wp-content\/uploads\/2022\/03\/tourisme-marseille.jpg\"><img loading=\"lazy\" decoding=\"async\" width=\"1024\" height=\"683\" data-id=\"5863\" src=\"https:\/\/martegaou.eldapps.com\/wp-content\/uploads\/2022\/03\/tourisme-marseille-1024x683.jpg\" alt=\"tourisme marseille\" class=\"wp-image-5863\" srcset=\"https:\/\/martegaou.eldapps.com\/wp-content\/uploads\/2022\/03\/tourisme-marseille-1024x683.jpg 1024w, https:\/\/martegaou.eldapps.com\/wp-content\/uploads\/2022\/03\/tourisme-marseille-300x200.jpg 300w, https:\/\/martegaou.eldapps.com\/wp-content\/uploads\/2022\/03\/tourisme-marseille-768x512.jpg 768w, https:\/\/martegaou.eldapps.com\/wp-content\/uploads\/2022\/03\/tourisme-marseille.jpg 1200w\" sizes=\"auto, (max-width: 1024px) 100vw, 1024px\" \/><\/a><\/figure>\n\n\n\n<figure class=\"wp-block-image size-large\"><a href=\"https:\/\/martegaou.eldapps.com\/wp-content\/uploads\/2022\/03\/vacances-marseille.jpg\"><img loading=\"lazy\" decoding=\"async\" width=\"1024\" height=\"683\" data-id=\"5865\" src=\"https:\/\/martegaou.eldapps.com\/wp-content\/uploads\/2022\/03\/vacances-marseille-1024x683.jpg\" alt=\"vacances marseille\" class=\"wp-image-5865\" srcset=\"https:\/\/martegaou.eldapps.com\/wp-content\/uploads\/2022\/03\/vacances-marseille-1024x683.jpg 1024w, https:\/\/martegaou.eldapps.com\/wp-content\/uploads\/2022\/03\/vacances-marseille-300x200.jpg 300w, https:\/\/martegaou.eldapps.com\/wp-content\/uploads\/2022\/03\/vacances-marseille-768x512.jpg 768w, https:\/\/martegaou.eldapps.com\/wp-content\/uploads\/2022\/03\/vacances-marseille.jpg 1200w\" sizes=\"auto, (max-width: 1024px) 100vw, 1024px\" \/><\/a><\/figure>\n<\/figure>\n<\/div>\n<\/div>\n\n\r\n    <\/div>\r\n<\/section>\n\n<section id=\"section-aix-en-provence\" class=\"ls-section  page-two has-background has-color-3-background-color\" >\r\n        <div class=\"container container--wide\">\r\n        \n\n<div class=\"wp-block-columns are-vertically-aligned-center is-layout-flex wp-container-core-columns-is-layout-9d6595d7 wp-block-columns-is-layout-flex\">\n<div class=\"wp-block-column is-vertically-aligned-center column-description column-description__camping column-description__camping__arquet no-after animated fadeInLeft delay-100ms slow is-layout-flow wp-block-column-is-layout-flow\">\n<figure class=\"wp-block-gallery has-nested-images columns-2 is-cropped img-page-interne wp-block-gallery-2 is-layout-flex wp-block-gallery-is-layout-flex\">\n<figure class=\"wp-block-image size-large img-page-interne\"><a href=\"https:\/\/martegaou.eldapps.com\/wp-content\/uploads\/2022\/03\/visiter-aix-en-provence.jpg\"><img loading=\"lazy\" decoding=\"async\" width=\"1024\" height=\"683\" data-id=\"5851\" src=\"https:\/\/martegaou.eldapps.com\/wp-content\/uploads\/2022\/03\/visiter-aix-en-provence-1024x683.jpg\" alt=\"visiter aix en provence\" class=\"wp-image-5851\" srcset=\"https:\/\/martegaou.eldapps.com\/wp-content\/uploads\/2022\/03\/visiter-aix-en-provence-1024x683.jpg 1024w, https:\/\/martegaou.eldapps.com\/wp-content\/uploads\/2022\/03\/visiter-aix-en-provence-300x200.jpg 300w, https:\/\/martegaou.eldapps.com\/wp-content\/uploads\/2022\/03\/visiter-aix-en-provence-768x512.jpg 768w, https:\/\/martegaou.eldapps.com\/wp-content\/uploads\/2022\/03\/visiter-aix-en-provence.jpg 1200w\" sizes=\"auto, (max-width: 1024px) 100vw, 1024px\" \/><\/a><\/figure>\n\n\n\n<figure class=\"wp-block-image size-large\"><a href=\"https:\/\/martegaou.eldapps.com\/wp-content\/uploads\/2022\/03\/tourisme-aix-en-provence-1.jpg\"><img loading=\"lazy\" decoding=\"async\" width=\"1024\" height=\"683\" data-id=\"5857\" src=\"https:\/\/martegaou.eldapps.com\/wp-content\/uploads\/2022\/03\/tourisme-aix-en-provence-1-1024x683.jpg\" alt=\"tourisme aix en provence\" class=\"wp-image-5857\" srcset=\"https:\/\/martegaou.eldapps.com\/wp-content\/uploads\/2022\/03\/tourisme-aix-en-provence-1-1024x683.jpg 1024w, https:\/\/martegaou.eldapps.com\/wp-content\/uploads\/2022\/03\/tourisme-aix-en-provence-1-300x200.jpg 300w, https:\/\/martegaou.eldapps.com\/wp-content\/uploads\/2022\/03\/tourisme-aix-en-provence-1-768x512.jpg 768w, https:\/\/martegaou.eldapps.com\/wp-content\/uploads\/2022\/03\/tourisme-aix-en-provence-1.jpg 1200w\" sizes=\"auto, (max-width: 1024px) 100vw, 1024px\" \/><\/a><\/figure>\n\n\n\n<figure class=\"wp-block-image size-large\"><a href=\"https:\/\/martegaou.eldapps.com\/wp-content\/uploads\/2022\/03\/vacances-camargue.jpg\"><img loading=\"lazy\" decoding=\"async\" width=\"1024\" height=\"683\" data-id=\"5855\" src=\"https:\/\/martegaou.eldapps.com\/wp-content\/uploads\/2022\/03\/vacances-camargue-1024x683.jpg\" alt=\"vacances camargues\" class=\"wp-image-5855\" srcset=\"https:\/\/martegaou.eldapps.com\/wp-content\/uploads\/2022\/03\/vacances-camargue-1024x683.jpg 1024w, https:\/\/martegaou.eldapps.com\/wp-content\/uploads\/2022\/03\/vacances-camargue-300x200.jpg 300w, https:\/\/martegaou.eldapps.com\/wp-content\/uploads\/2022\/03\/vacances-camargue-768x512.jpg 768w, https:\/\/martegaou.eldapps.com\/wp-content\/uploads\/2022\/03\/vacances-camargue.jpg 1200w\" sizes=\"auto, (max-width: 1024px) 100vw, 1024px\" \/><\/a><\/figure>\n\n\n\n<figure class=\"wp-block-image size-large\"><a href=\"https:\/\/martegaou.eldapps.com\/wp-content\/uploads\/2022\/03\/tourisme-camargue.jpg\"><img loading=\"lazy\" decoding=\"async\" width=\"1024\" height=\"683\" data-id=\"5853\" src=\"https:\/\/martegaou.eldapps.com\/wp-content\/uploads\/2022\/03\/tourisme-camargue-1024x683.jpg\" alt=\"tourisme camargue\" class=\"wp-image-5853\" srcset=\"https:\/\/martegaou.eldapps.com\/wp-content\/uploads\/2022\/03\/tourisme-camargue-1024x683.jpg 1024w, https:\/\/martegaou.eldapps.com\/wp-content\/uploads\/2022\/03\/tourisme-camargue-300x200.jpg 300w, https:\/\/martegaou.eldapps.com\/wp-content\/uploads\/2022\/03\/tourisme-camargue-768x512.jpg 768w, https:\/\/martegaou.eldapps.com\/wp-content\/uploads\/2022\/03\/tourisme-camargue.jpg 1200w\" sizes=\"auto, (max-width: 1024px) 100vw, 1024px\" \/><\/a><\/figure>\n<\/figure>\n<\/div>\n\n\n\n<div class=\"wp-block-column is-vertically-aligned-center is-layout-flow wp-block-column-is-layout-flow\">\n<h2 class=\"ls-heading wp-block-heading\">Entdecken Sie Aix-en-Provence<\/h2>\n\n\n\n<p class=\"ls-paragraph\">Der Campingplatz ist ideal gelegen, um Aix-en-Provence zu besichtigen: die Stadt und ihr Kulturerbe, das Atelier von C\u00e9zanne, eine handwerkliche Calissons-Fabrik, die Atmosph\u00e4re der Altstadt, den Cours Mirabeau oder das Granet-Museum. Das 45 Minuten vom Campingplatz entfernte Aix-en-Provence verspricht Ihnen sch\u00f6ne Momente der Entdeckung.<\/p>\n\n\n\n<h2 class=\"ls__heading m-t-6 wp-block-heading\">Besuchen Sie die Camargue<\/h2>\n\n\n\n<p class=\"ls-paragraph\">Auf dem Campingplatz wohnen Sie nur 1,5 Autostunden von Saintes-Maries-de-la-Mer entfernt. Entdecken Sie die mythische Camargue mit ihren Traditionen, Naturr\u00e4umen und typischen D\u00f6rfern. Abwechslung ist garantiert! Besuchen Sie Arles mit seinem architektonischen Reichtum, den Vogelpark Grau-du-Roi, Aigues-Mortes mit seinen Stadtmauern und Salzg\u00e4rten oder das Nationalreservat der Camargue mit seinen atemberaubenden Landschaften und Flamingokolonien.<\/p>\n<\/div>\n<\/div>\n\n\r\n    <\/div>\r\n<\/section>\n\n<section id=\"ls-section-block_622f5091b7895\" class=\"ls-section  page-three  has-background-image has-parallax\" >\r\n    <div class=\"ls-section__background-image opacity-100\"><img decoding=\"async\" src=\"https:\/\/martegaou.eldapps.com\/wp-content\/uploads\/2022\/03\/plage-verdon.jpg\" alt=\"plage verdon\"><\/div>    <div class=\"container \">\r\n        \r\n    <\/div>\r\n<\/section>\n\n<section id=\"Verdon\" class=\"ls-section  page-four p-t-10 p-b-10 has-background has-color-3-background-color\" >\r\n        <div class=\"container container--wide\">\r\n        \n\n<h2 class=\"ls__heading has-text-align-center wp-block-heading\">Campingplatz in der N\u00e4he des Verdon<\/h2>\n\n\n\n<div class=\"wp-block-columns is-layout-flex wp-container-core-columns-is-layout-9d6595d7 wp-block-columns-is-layout-flex\">\n<div class=\"wp-block-column is-layout-flow wp-block-column-is-layout-flow\">\n<p class=\"ls-paragraph\">Der Campingplatz liegt in der N\u00e4he des Verdon-Strandes, einem der gr\u00f6\u00dften Str\u00e4nde der Region.<\/p>\n<\/div>\n\n\n\n<div class=\"wp-block-column is-layout-flow wp-block-column-is-layout-flow\">\n<p class=\"ls-paragraph\">Flanieren Sie an diesem beliebten Sandstrand, der windgesch\u00fctzt am Ende einer gro\u00dfen Bucht liegt. Der Strand von Le Verdon ist so angelegt, dass er Ihnen den besten Komfort und Aktivit\u00e4ten am Meer bietet: Tretboote, Restaurants, Bars usw.<\/p>\n<\/div>\n<\/div>\n\n\r\n    <\/div>\r\n<\/section>\n\n<section id=\"ls-section-block_622f51c6b7896\" class=\"ls-section  bloc-cta-fin-page\" >\r\n        <div class=\"container container--wide\">\r\n        \n\n<div id=\"ls-heading ls-titre-div-block_622f5219b7897\" class=\"ls-titre-div aligncenter h2-like\" >\n    Entdecken Sie das regionale Programm und die Strandpromenade<\/div>\n\n\n\n<div class=\"wp-block-columns is-layout-flex wp-container-core-columns-is-layout-9d6595d7 wp-block-columns-is-layout-flex\">\n<div class=\"wp-block-column is-layout-flow wp-block-column-is-layout-flow\">\r\n<div id=\"ls-cta-block_62276ee6d5a28\" class=\"ls-cta\">  \r\n    \n\n<a href=\"https:\/\/martegaou.eldapps.com\/de\/camping-am-meer-martigues\/\" target=\"\" rel=\"noopener\" class=\"ls-cta__link\">\n\n\t<div class=\"ls-cta__image\"><img decoding=\"async\" src=\"https:\/\/martegaou.eldapps.com\/wp-content\/uploads\/2022\/03\/plage-carro-baignade.jpg\" alt=\"plage carro baignade\"><\/div>\n\t<div class=\"ls-cta__text\">\n\t\t<div class=\"ls-cta__title\">\n\t\t\tMeeresufer\t\t<\/div>\n\n\t\t\t\t\t<div class=\"ls-cta__description\">\n\t\t\t\tEntdecken Sie\t\t\t<\/div>\n\t\t\t<\/div>\n\n<\/a><\/div><\/div>\n\n\n\n<div class=\"wp-block-column is-layout-flow wp-block-column-is-layout-flow\">\r\n<div id=\"ls-cta-block_62276ed0d5a27\" class=\"ls-cta\">  \r\n    \n\n<a href=\"https:\/\/martegaou.eldapps.com\/de\/events-regional-martigues\/\" target=\"\" rel=\"noopener\" class=\"ls-cta__link\">\n\n\t<div class=\"ls-cta__image\"><img decoding=\"async\" src=\"https:\/\/martegaou.eldapps.com\/wp-content\/uploads\/2022\/03\/evenements-bouches-du-rhone.jpg\" alt=\"evenements bouches du rhone\"><\/div>\n\t<div class=\"ls-cta__text\">\n\t\t<div class=\"ls-cta__title\">\n\t\t\tRegionale Programmierung\t\t<\/div>\n\n\t\t\t\t\t<div class=\"ls-cta__description\">\n\t\t\t\tEntdecken Sie\t\t\t<\/div>\n\t\t\t<\/div>\n\n<\/a><\/div><\/div>\n\n\n\n<div class=\"wp-block-column is-layout-flow wp-block-column-is-layout-flow\">\r\n<div id=\"ls-cta-block_623dd497042ba\" class=\"ls-cta\">  \r\n    \n\n<a href=\"https:\/\/martegaou.eldapps.com\/de\/camping-veranstaltung-martigues\/\" target=\"\" rel=\"noopener\" class=\"ls-cta__link\">\n\n\t<div class=\"ls-cta__image\"><img decoding=\"async\" src=\"https:\/\/martegaou.eldapps.com\/wp-content\/uploads\/2022\/03\/locatif-groupe-bouches-du-rhone.jpg\" alt=\"locatif groupe bouches du rhone\"><\/div>\n\t<div class=\"ls-cta__text\">\n\t\t<div class=\"ls-cta__title\">\n\t\t\tVeranstaltungen\t\t<\/div>\n\n\t\t\t\t\t<div class=\"ls-cta__description\">\n\t\t\t\tEntdecken Sie\t\t\t<\/div>\n\t\t\t<\/div>\n\n<\/a><\/div><\/div>\n<\/div>\n\n\r\n    <\/div>\r\n<\/section>","protected":false},"excerpt":{"rendered":"","protected":false},"author":1,"featured_media":5740,"parent":0,"menu_order":0,"comment_status":"closed","ping_status":"closed","template":"","meta":{"_acf_changed":false,"footnotes":""},"sujet":[],"class_list":["post-5738","page","type-page","status-publish","has-post-thumbnail","hentry"],"acf":[],"yoast_head":"<!-- This site is optimized with the Yoast SEO plugin v26.7 - https:\/\/yoast.com\/wordpress\/plugins\/seo\/ -->\n<title>Tourismus in Bouches-du-Rh\u00f4ne | Bouches-du-Rh\u00f4ne besuchen<\/title>\n<meta name=\"robots\" content=\"index, follow, max-snippet:-1, max-image-preview:large, max-video-preview:-1\" \/>\n<link rel=\"canonical\" href=\"https:\/\/martegaou.eldapps.com\/de\/tourismus-bouches-du-rhone\/\" \/>\n<meta property=\"og:locale\" content=\"de_DE\" \/>\n<meta property=\"og:type\" content=\"article\" \/>\n<meta property=\"og:title\" content=\"Tourismus in Bouches-du-Rh\u00f4ne | Bouches-du-Rh\u00f4ne besuchen\" \/>\n<meta property=\"og:url\" content=\"https:\/\/martegaou.eldapps.com\/de\/tourismus-bouches-du-rhone\/\" \/>\n<meta property=\"og:site_name\" content=\"Martegaou\" \/>\n<meta property=\"article:modified_time\" content=\"2022-06-17T12:47:50+00:00\" \/>\n<meta property=\"og:image\" content=\"https:\/\/martegaou.eldapps.com\/wp-content\/uploads\/2022\/03\/sejour-marseille-2.jpg\" \/>\n\t<meta property=\"og:image:width\" content=\"1899\" \/>\n\t<meta property=\"og:image:height\" content=\"550\" \/>\n\t<meta property=\"og:image:type\" content=\"image\/jpeg\" \/>\n<meta name=\"twitter:card\" content=\"summary_large_image\" \/>\n<meta name=\"twitter:label1\" content=\"Gesch\u00e4tzte Lesezeit\" \/>\n\t<meta name=\"twitter:data1\" content=\"3\u00a0Minuten\" \/>\n<script type=\"application\/ld+json\" class=\"yoast-schema-graph\">{\"@context\":\"https:\/\/schema.org\",\"@graph\":[{\"@type\":\"WebPage\",\"@id\":\"https:\/\/martegaou.eldapps.com\/de\/tourismus-bouches-du-rhone\/\",\"url\":\"https:\/\/martegaou.eldapps.com\/de\/tourismus-bouches-du-rhone\/\",\"name\":\"Tourismus in Bouches-du-Rh\u00f4ne | Bouches-du-Rh\u00f4ne besuchen\",\"isPartOf\":{\"@id\":\"https:\/\/martegaou.eldapps.com\/#website\"},\"primaryImageOfPage\":{\"@id\":\"https:\/\/martegaou.eldapps.com\/de\/tourismus-bouches-du-rhone\/#primaryimage\"},\"image\":{\"@id\":\"https:\/\/martegaou.eldapps.com\/de\/tourismus-bouches-du-rhone\/#primaryimage\"},\"thumbnailUrl\":\"https:\/\/martegaou.eldapps.com\/wp-content\/uploads\/2022\/03\/sejour-marseille-2.jpg\",\"datePublished\":\"2022-03-24T13:20:01+00:00\",\"dateModified\":\"2022-06-17T12:47:50+00:00\",\"breadcrumb\":{\"@id\":\"https:\/\/martegaou.eldapps.com\/de\/tourismus-bouches-du-rhone\/#breadcrumb\"},\"inLanguage\":\"de\",\"potentialAction\":[{\"@type\":\"ReadAction\",\"target\":[\"https:\/\/martegaou.eldapps.com\/de\/tourismus-bouches-du-rhone\/\"]}]},{\"@type\":\"ImageObject\",\"inLanguage\":\"de\",\"@id\":\"https:\/\/martegaou.eldapps.com\/de\/tourismus-bouches-du-rhone\/#primaryimage\",\"url\":\"https:\/\/martegaou.eldapps.com\/wp-content\/uploads\/2022\/03\/sejour-marseille-2.jpg\",\"contentUrl\":\"https:\/\/martegaou.eldapps.com\/wp-content\/uploads\/2022\/03\/sejour-marseille-2.jpg\",\"width\":1899,\"height\":550,\"caption\":\"sejour marseille\"},{\"@type\":\"BreadcrumbList\",\"@id\":\"https:\/\/martegaou.eldapps.com\/de\/tourismus-bouches-du-rhone\/#breadcrumb\",\"itemListElement\":[{\"@type\":\"ListItem\",\"position\":1,\"name\":\"Camping Bouches-du-Rh\u00f4ne\",\"item\":\"https:\/\/martegaou.eldapps.com\/de\/\"},{\"@type\":\"ListItem\",\"position\":2,\"name\":\"Aufenthalt in Bouches-du-Rh\u00f4ne\"}]},{\"@type\":\"WebSite\",\"@id\":\"https:\/\/martegaou.eldapps.com\/#website\",\"url\":\"https:\/\/martegaou.eldapps.com\/\",\"name\":\"Martegaou\",\"description\":\"\",\"publisher\":{\"@id\":\"https:\/\/martegaou.eldapps.com\/#organization\"},\"potentialAction\":[{\"@type\":\"SearchAction\",\"target\":{\"@type\":\"EntryPoint\",\"urlTemplate\":\"https:\/\/martegaou.eldapps.com\/?s={search_term_string}\"},\"query-input\":{\"@type\":\"PropertyValueSpecification\",\"valueRequired\":true,\"valueName\":\"search_term_string\"}}],\"inLanguage\":\"de\"},{\"@type\":\"Organization\",\"@id\":\"https:\/\/martegaou.eldapps.com\/#organization\",\"name\":\"Ctoncamping\",\"url\":\"https:\/\/martegaou.eldapps.com\/\",\"logo\":{\"@type\":\"ImageObject\",\"inLanguage\":\"de\",\"@id\":\"https:\/\/martegaou.eldapps.com\/#\/schema\/logo\/image\/\",\"url\":\"https:\/\/martegaou.eldapps.com\/wp-content\/uploads\/2022\/03\/logo-alt-ctoncamping.png\",\"contentUrl\":\"https:\/\/martegaou.eldapps.com\/wp-content\/uploads\/2022\/03\/logo-alt-ctoncamping.png\",\"width\":402,\"height\":72,\"caption\":\"Ctoncamping\"},\"image\":{\"@id\":\"https:\/\/martegaou.eldapps.com\/#\/schema\/logo\/image\/\"}}]}<\/script>\n<!-- \/ Yoast SEO plugin. -->","yoast_head_json":{"title":"Tourismus in Bouches-du-Rh\u00f4ne | Bouches-du-Rh\u00f4ne besuchen","robots":{"index":"index","follow":"follow","max-snippet":"max-snippet:-1","max-image-preview":"max-image-preview:large","max-video-preview":"max-video-preview:-1"},"canonical":"https:\/\/martegaou.eldapps.com\/de\/tourismus-bouches-du-rhone\/","og_locale":"de_DE","og_type":"article","og_title":"Tourismus in Bouches-du-Rh\u00f4ne | Bouches-du-Rh\u00f4ne besuchen","og_url":"https:\/\/martegaou.eldapps.com\/de\/tourismus-bouches-du-rhone\/","og_site_name":"Martegaou","article_modified_time":"2022-06-17T12:47:50+00:00","og_image":[{"width":1899,"height":550,"url":"https:\/\/martegaou.eldapps.com\/wp-content\/uploads\/2022\/03\/sejour-marseille-2.jpg","type":"image\/jpeg"}],"twitter_card":"summary_large_image","twitter_misc":{"Gesch\u00e4tzte Lesezeit":"3\u00a0Minuten"},"schema":{"@context":"https:\/\/schema.org","@graph":[{"@type":"WebPage","@id":"https:\/\/martegaou.eldapps.com\/de\/tourismus-bouches-du-rhone\/","url":"https:\/\/martegaou.eldapps.com\/de\/tourismus-bouches-du-rhone\/","name":"Tourismus in Bouches-du-Rh\u00f4ne | Bouches-du-Rh\u00f4ne besuchen","isPartOf":{"@id":"https:\/\/martegaou.eldapps.com\/#website"},"primaryImageOfPage":{"@id":"https:\/\/martegaou.eldapps.com\/de\/tourismus-bouches-du-rhone\/#primaryimage"},"image":{"@id":"https:\/\/martegaou.eldapps.com\/de\/tourismus-bouches-du-rhone\/#primaryimage"},"thumbnailUrl":"https:\/\/martegaou.eldapps.com\/wp-content\/uploads\/2022\/03\/sejour-marseille-2.jpg","datePublished":"2022-03-24T13:20:01+00:00","dateModified":"2022-06-17T12:47:50+00:00","breadcrumb":{"@id":"https:\/\/martegaou.eldapps.com\/de\/tourismus-bouches-du-rhone\/#breadcrumb"},"inLanguage":"de","potentialAction":[{"@type":"ReadAction","target":["https:\/\/martegaou.eldapps.com\/de\/tourismus-bouches-du-rhone\/"]}]},{"@type":"ImageObject","inLanguage":"de","@id":"https:\/\/martegaou.eldapps.com\/de\/tourismus-bouches-du-rhone\/#primaryimage","url":"https:\/\/martegaou.eldapps.com\/wp-content\/uploads\/2022\/03\/sejour-marseille-2.jpg","contentUrl":"https:\/\/martegaou.eldapps.com\/wp-content\/uploads\/2022\/03\/sejour-marseille-2.jpg","width":1899,"height":550,"caption":"sejour marseille"},{"@type":"BreadcrumbList","@id":"https:\/\/martegaou.eldapps.com\/de\/tourismus-bouches-du-rhone\/#breadcrumb","itemListElement":[{"@type":"ListItem","position":1,"name":"Camping Bouches-du-Rh\u00f4ne","item":"https:\/\/martegaou.eldapps.com\/de\/"},{"@type":"ListItem","position":2,"name":"Aufenthalt in Bouches-du-Rh\u00f4ne"}]},{"@type":"WebSite","@id":"https:\/\/martegaou.eldapps.com\/#website","url":"https:\/\/martegaou.eldapps.com\/","name":"Martegaou","description":"","publisher":{"@id":"https:\/\/martegaou.eldapps.com\/#organization"},"potentialAction":[{"@type":"SearchAction","target":{"@type":"EntryPoint","urlTemplate":"https:\/\/martegaou.eldapps.com\/?s={search_term_string}"},"query-input":{"@type":"PropertyValueSpecification","valueRequired":true,"valueName":"search_term_string"}}],"inLanguage":"de"},{"@type":"Organization","@id":"https:\/\/martegaou.eldapps.com\/#organization","name":"Ctoncamping","url":"https:\/\/martegaou.eldapps.com\/","logo":{"@type":"ImageObject","inLanguage":"de","@id":"https:\/\/martegaou.eldapps.com\/#\/schema\/logo\/image\/","url":"https:\/\/martegaou.eldapps.com\/wp-content\/uploads\/2022\/03\/logo-alt-ctoncamping.png","contentUrl":"https:\/\/martegaou.eldapps.com\/wp-content\/uploads\/2022\/03\/logo-alt-ctoncamping.png","width":402,"height":72,"caption":"Ctoncamping"},"image":{"@id":"https:\/\/martegaou.eldapps.com\/#\/schema\/logo\/image\/"}}]}},"_links":{"self":[{"href":"https:\/\/martegaou.eldapps.com\/de\/wp-json\/wp\/v2\/pages\/5738","targetHints":{"allow":["GET"]}}],"collection":[{"href":"https:\/\/martegaou.eldapps.com\/de\/wp-json\/wp\/v2\/pages"}],"about":[{"href":"https:\/\/martegaou.eldapps.com\/de\/wp-json\/wp\/v2\/types\/page"}],"author":[{"embeddable":true,"href":"https:\/\/martegaou.eldapps.com\/de\/wp-json\/wp\/v2\/users\/1"}],"replies":[{"embeddable":true,"href":"https:\/\/martegaou.eldapps.com\/de\/wp-json\/wp\/v2\/comments?post=5738"}],"version-history":[{"count":0,"href":"https:\/\/martegaou.eldapps.com\/de\/wp-json\/wp\/v2\/pages\/5738\/revisions"}],"wp:featuredmedia":[{"embeddable":true,"href":"https:\/\/martegaou.eldapps.com\/de\/wp-json\/wp\/v2\/media\/5740"}],"wp:attachment":[{"href":"https:\/\/martegaou.eldapps.com\/de\/wp-json\/wp\/v2\/media?parent=5738"}],"wp:term":[{"taxonomy":"sujet","embeddable":true,"href":"https:\/\/martegaou.eldapps.com\/de\/wp-json\/wp\/v2\/sujet?post=5738"}],"curies":[{"name":"wp","href":"https:\/\/api.w.org\/{rel}","templated":true}]}}